{"id":2976,"date":"2016-05-27T10:53:25","date_gmt":"2016-05-27T09:53:25","guid":{"rendered":"http:\/\/agora.xtec.cat\/ceipulldevent\/?page_id=2976"},"modified":"2025-09-09T22:34:04","modified_gmt":"2025-09-09T20:34:04","slug":"ampa","status":"publish","type":"page","link":"https:\/\/agora.xtec.cat\/ceipulldevent\/serveis\/ampa\/","title":{"rendered":"AFA"},"content":{"rendered":"<h1 style=\"text-align: center;\"><span style=\"color: #800080;\"><strong><span style=\"color: #3366ff;\"><i>US INFORMEM QUE EL NOU CORREU DE L&#8217;AFA \u00c9S:<\/i><\/span><\/strong><\/span><\/h1>\n<h2><strong>\u00a0 \u00a0 \u00a0 \u00a0 \u00a0 \u00a0 \u00a0 \u00a0 \u00a0 \u00a0 \u00a0 \u00a0 \u00a0 \u00a0 \u00a0 \u00a0 \u00a0afa<\/strong><strong><span class=\"\"><span class=\"\">@ulldevent.<\/span>cat<\/span><\/strong><\/h2>\n<p><strong>Ser soci\/a de l&#8217;Afa dona dret a:<\/strong><\/p>\n<ul>\n<li>Acc\u00e9s als serveis de Bon Dia, Benvinguts\/des.<\/li>\n<li>Activitats Extraescolars.<\/li>\n<li>Participar en el programa de reutilitzaci\u00f3 de llibres a trav\u00e9s d&#8217;Iddink.<\/li>\n<li>Possibilitat de rebre subvenci\u00f3 a l&#8217;excursi\u00f3 final o col\u00f2nies.<\/li>\n<li>Kit de benvinguda d&#8217;I3.<\/li>\n<li>Descompte en la compra de la samarreta de l&#8217;escola.<\/li>\n<\/ul>\n<p><strong>PREUS I HORARIS DELS SERVEIS<\/strong><\/p>\n<p><a href=\"https:\/\/agora.xtec.cat\/ceipulldevent\/wp-content\/uploads\/usu242\/2025\/09\/1757449709701.jpg\"><img loading=\"lazy\" decoding=\"async\" class=\"aligncenter  wp-image-11272\" src=\"https:\/\/agora.xtec.cat\/ceipulldevent\/wp-content\/uploads\/usu242\/2025\/09\/1757449709701-807x1024.jpg\" alt=\"\" width=\"283\" height=\"359\" srcset=\"https:\/\/agora.xtec.cat\/ceipulldevent\/wp-content\/uploads\/usu242\/2025\/09\/1757449709701-807x1024.jpg 807w, https:\/\/agora.xtec.cat\/ceipulldevent\/wp-content\/uploads\/usu242\/2025\/09\/1757449709701-236x300.jpg 236w, https:\/\/agora.xtec.cat\/ceipulldevent\/wp-content\/uploads\/usu242\/2025\/09\/1757449709701-768x974.jpg 768w, https:\/\/agora.xtec.cat\/ceipulldevent\/wp-content\/uploads\/usu242\/2025\/09\/1757449709701.jpg 964w\" sizes=\"auto, (max-width: 283px) 100vw, 283px\" \/><\/a><\/p>\n<p><strong>INFORMACI\u00d3 IMPORTANT<\/strong><\/p>\n<ul>\n<li>Totes les gestions s&#8217;han de fer a l&#8217;APP de la Ballaruga.<\/li>\n<li>Per a qualsevol dubte o aclariment, contacteu amb el tel\u00e8fon de la Ballaruga <strong>977.94.42.28<\/strong> o al correu electr\u00f2nic <span style=\"color: #0000ff;\"><strong>laballaruga@fundesplai.org\u00a0<\/strong><\/span><\/li>\n<\/ul>\n<p>&nbsp;<\/p>\n<p>&nbsp;<\/p>\n<p>&nbsp;<\/p>\n<p>&nbsp;<\/p>\n<p>&nbsp;<\/p>\n<p>&nbsp;<\/p>\n<p>&nbsp;<\/p>\n<p>&nbsp;<\/p>\n<p>&nbsp;<\/p>\n<p>&nbsp;<\/p>\n<p>&nbsp;<\/p>\n","protected":false},"excerpt":{"rendered":"<p>US INFORMEM QUE EL NOU CORREU DE L&#8217;AFA \u00c9S:<br \/>\n\u00a0 \u00a0 \u00a0 \u00a0 \u00a0 \u00a0 \u00a0 \u00a0 \u00a0 \u00a0 \u00a0 \u00a0 \u00a0 \u00a0 \u00a0 \u00a0 \u00a0afa@ulldevent.cat<br \/>\nSer soci\/a de l&#8217;Afa dona dret a:<\/p>\n<ul>\n<li>Acc\u00e9s als serveis de Bon Dia, Benvinguts\/des.<\/li>\n<li>Activitats Extraescolars.<\/li>\n<li>Participar en el programa de reutilitzaci\u00f3 de llibres&hellip;  <a href=\"https:\/\/agora.xtec.cat\/ceipulldevent\/serveis\/ampa\/\" title=\"Read AFA\">Llegeix m\u00e9s\u00bb<\/a><br \/>\n","protected":false},"author":1,"featured_media":0,"parent":66,"menu_order":0,"comment_status":"closed","ping_status":"closed","template":"page-templates\/side-menu.php","meta":{"_bbp_topic_count":0,"_bbp_reply_count":0,"_bbp_total_topic_count":0,"_bbp_total_reply_count":0,"_bbp_voice_count":0,"_bbp_anonymous_reply_count":0,"_bbp_topic_count_hidden":0,"_bbp_reply_count_hidden":0,"_bbp_forum_subforum_count":0,"footnotes":""},"class_list":["post-2976","page","type-page","status-publish","hentry"],"post_mailing_queue_ids":[],"_links":{"self":[{"href":"https:\/\/agora.xtec.cat\/ceipulldevent\/wp-json\/wp\/v2\/pages\/2976","targetHints":{"allow":["GET"]}}],"collection":[{"href":"https:\/\/agora.xtec.cat\/ceipulldevent\/wp-json\/wp\/v2\/pages"}],"about":[{"href":"https:\/\/agora.xtec.cat\/ceipulldevent\/wp-json\/wp\/v2\/types\/page"}],"author":[{"embeddable":true,"href":"https:\/\/agora.xtec.cat\/ceipulldevent\/wp-json\/wp\/v2\/users\/1"}],"replies":[{"embeddable":true,"href":"https:\/\/agora.xtec.cat\/ceipulldevent\/wp-json\/wp\/v2\/comments?post=2976"}],"version-history":[{"count":6,"href":"https:\/\/agora.xtec.cat\/ceipulldevent\/wp-json\/wp\/v2\/pages\/2976\/revisions"}],"predecessor-version":[{"id":11273,"href":"https:\/\/agora.xtec.cat\/ceipulldevent\/wp-json\/wp\/v2\/pages\/2976\/revisions\/11273"}],"up":[{"embeddable":true,"href":"https:\/\/agora.xtec.cat\/ceipulldevent\/wp-json\/wp\/v2\/pages\/66"}],"wp:attachment":[{"href":"https:\/\/agora.xtec.cat\/ceipulldevent\/wp-json\/wp\/v2\/media?parent=2976"}],"curies":[{"name":"wp","href":"https:\/\/api.w.org\/{rel}","templated":true}]}}