{"id":265,"date":"2015-11-06T12:13:09","date_gmt":"2015-11-06T11:13:09","guid":{"rendered":"http:\/\/agora.xtec.cat\/ceipulldevent\/?page_id=265"},"modified":"2016-01-15T12:27:56","modified_gmt":"2016-01-15T11:27:56","slug":"carta-de-compromis-educatiu","status":"publish","type":"page","link":"https:\/\/agora.xtec.cat\/ceipulldevent\/projecte-educatiu\/carta-de-compromis-educatiu\/","title":{"rendered":"Carta de comprom\u00eds educatiu"},"content":{"rendered":"<p style=\"text-align: right;\"><b><i>Escola Ull d<img loading=\"lazy\" decoding=\"async\" class=\"  alignright wp-image-201\" src=\"http:\/\/agora.xtec.cat\/ceipulldevent\/wp-content\/uploads\/usu242\/2015\/10\/Anagrama-951x1024.jpg\" alt=\"Anagrama\" width=\"91\" height=\"98\" srcset=\"https:\/\/agora.xtec.cat\/ceipulldevent\/wp-content\/uploads\/usu242\/2015\/10\/Anagrama-951x1024.jpg 951w, https:\/\/agora.xtec.cat\/ceipulldevent\/wp-content\/uploads\/usu242\/2015\/10\/Anagrama-279x300.jpg 279w, https:\/\/agora.xtec.cat\/ceipulldevent\/wp-content\/uploads\/usu242\/2015\/10\/Anagrama.jpg 2034w\" sizes=\"auto, (max-width: 91px) 100vw, 91px\" \/>e Vent<\/i><\/b><\/p>\n<p style=\"text-align: right;\"><em>La Bisbal del Pened\u00e8s<\/em><\/p>\n<p>&nbsp;<\/p>\n<p><strong>Per part del centre<\/strong><br \/>\n1. Facilitar una formaci\u00f3 integral que contribueixi al desenvolupament de la personalitat<br \/>\nde l\u2019alumne o alumna.<br \/>\n2. Vetllar per fer efectius els drets de l\u2019alumne o alumna en l\u2019\u00e0mbit escolar.<br \/>\n3. Respectar les conviccions religioses, morals i ideol\u00f2giques de la fam\u00edlia i de<br \/>\nl\u2019alumne o alumna, aix\u00ed com protegir la intimitat de l\u2019alumne\/a. Per aquest motiu<br \/>\nsol\u00b7licitarem autoritzaci\u00f3 per l\u2019\u00fas d\u2019imatges i publicaci\u00f3 de material elaborat.<br \/>\n4. Informar la fam\u00edlia i l\u2019alumne\/a de les normes d\u2019organitzaci\u00f3 i funcionament del<br \/>\ncentre mitjan\u00e7ant les corresponents circulars i en la reuni\u00f3 d\u2019inici de curs.<br \/>\n5. Mantenir comunicaci\u00f3 regular amb la fam\u00edlia per informar-la de l\u2019evoluci\u00f3<br \/>\nacad\u00e8mica i personal de l\u2019alumne o l\u2019alumna. En el cas d\u2019Educaci\u00f3 Infantil amb un<br \/>\nm\u00ednim d\u2019una entrevista anual i dos informes (al segon i tercer trimestre). En el cas<br \/>\nd\u2019Educaci\u00f3 Prim\u00e0ria amb un m\u00ednim d\u2019una entrevista anual i tres informes (al final de<br \/>\ncada un dels tres trimestres). Aix\u00ed mateix les fam\u00edlies rebran una c\u00f2pia de l\u2019acta<br \/>\ncorresponent a l\u2019avaluaci\u00f3 de cada un dels tres cicles d\u2019Educaci\u00f3 Prim\u00e0ria.<br \/>\n6. Adoptar les mesures educatives alternatives o complement\u00e0ries adients per atendre<br \/>\nles necessitats espec\u00edfiques de cada l\u2019alumne\/a i mantenir-ne informada la fam\u00edlia.<br \/>\n7. Comunicar a la fam\u00edlia qualsevol circumst\u00e0ncia que sigui rellevant per al<br \/>\ndesenvolupament acad\u00e8mic i personal de l\u2019alumne\/a, com poden ser les faltes no<br \/>\njustificades al centre.<br \/>\n8. Atendre en un termini m\u00e0xim de 15 dies les peticions d\u2019entrevista o de comunicaci\u00f3<br \/>\nque formuli la fam\u00edlia, conciliant l\u2019horari laboral de la fam\u00edlia amb l\u2019horari d\u2019atenci\u00f3<br \/>\ndel mestre\/a.<br \/>\n9. Revisar conjuntament amb la fam\u00edlia el compliment d\u2019aquests compromisos de<br \/>\nforma anual.<br \/>\n10. Assumir com a propis els compromisos adoptats per l\u2019escola dins dels projectes<br \/>\nd\u2019Escoles Verdes i Escoles Associades a la UNESCO.<br \/>\n11. Contribuir de manera especial en el foment i gust per la lectura com a mitj\u00e0 per<br \/>\nassolir un major nivell d\u2019autonomia.<br \/>\n12. Fomentar un \u00fas racional dels llibres de text com a mesura medio-ambiental,<br \/>\nd\u2019estalvi econ\u00f2mic i de foment de valors.<\/p>\n<p>&nbsp;<\/p>\n<p><strong>Per part de la fam\u00edlia<\/strong><br \/>\n1. Respectar el car\u00e0cter propi del centre i recon\u00e8ixer l\u2019autoritat del professorat, de la<br \/>\nresta de treballadors del centre i, m\u00e9s espec\u00edficament, la de l\u2019equip directiu.<br \/>\n2. Compartir amb el centre l\u2019educaci\u00f3 del fill o filla i desenvolupar i afavorir les<br \/>\ncomplicitats que s\u00f3n necess\u00e0ries per aplicar el projecte educatiu del centre.<br \/>\n3. Instar el fill o filla a respectar les normes espec\u00edfiques de funcionament del centre,<br \/>\nen particular, les que afecten la conviv\u00e8ncia escolar i el desenvolupament normal<br \/>\nde les classes.<br \/>\n4. Vetllar perqu\u00e8 el fill o filla compleixi el deure b\u00e0sic de l\u2019estudi i d\u2019assist\u00e8ncia regular i<br \/>\npuntual a les activitats acad\u00e8miques, i tamb\u00e9 perqu\u00e8 faci les tasques<br \/>\nencomanades a casa pel professorat.<br \/>\n5. Ajudar el nostre fill o filla a organitzar el temps d\u2019estudi a casa i a preparar el<br \/>\nmaterial per a l\u2019activitat escolar.<br \/>\n6. Adre\u00e7ar-se directament al centre per contrastar les discrep\u00e0ncies, coincid\u00e8ncies o<br \/>\nsuggeriments en relaci\u00f3 amb l\u2019aplicaci\u00f3 del projecte educatiu en la formaci\u00f3 del fill<br \/>\no filla.<br \/>\n7. Facilitar al centre les informacions del fill o filla que siguin rellevants per al proc\u00e9s<br \/>\nd\u2019aprenentatge.<br \/>\n8. Atendre en un termini de 15 dies les peticions d\u2019entrevista o de comunicaci\u00f3 que<br \/>\nformuli el centre, conciliant l\u2019horari laboral de la fam\u00edlia amb l\u2019horari d\u2019atenci\u00f3 del<br \/>\nmestre\/a.<br \/>\n9. Adoptar criteris i mesures que puguin afavorir el rendiment escolar del fill o filla.<br \/>\n10. Informar el fill o filla del contingut d\u2019aquests compromisos.<br \/>\n11. Revisar conjuntament amb el centre educatiu el compliment dels compromisos de<br \/>\nla carta i, si escau, el contingut de forma anual.<br \/>\n12. Assistir a les reunions convocades pel centre per tal de vetllar pel correcte<br \/>\nseguiment de l\u2019alumne\/a i col\u00b7laborar amb els i les mestres procurant ser<br \/>\nconseq\u00fcents amb els acords adoptats.<br \/>\n13. Assumir com a propis els compromisos adoptats per l\u2019escola dins dels projectes<br \/>\nd\u2019Escoles Verdes i Escoles Associades a la UNESCO.<br \/>\n14. Facilitar al fill\/a tot el material necessari per realitzar les activitats del centre.<br \/>\n15. Contribuir de manera especial en el foment i gust per la lectura com a mitj\u00e0 per<br \/>\nassolir un major nivell d\u2019autonomia.<br \/>\n16. Fomentar un \u00fas racional dels llibres de text com a mesura medio-ambiental,<br \/>\nd\u2019estalvi econ\u00f2mic i de foment de valors.<\/p>\n","protected":false},"excerpt":{"rendered":"<p>Escola Ull de Vent<br \/>\nLa Bisbal del Pened\u00e8s<br \/>\n&nbsp;<br \/>\nPer part del centre<br \/>\n1. Facilitar una formaci\u00f3 integral que contribueixi al desenvolupament de la personalitat<br \/>\nde l\u2019alumne o alumna.<br \/>\n2. Vetllar per fer efectius els drets de l\u2019alumne o alumna en l\u2019\u00e0mbit escolar.<br \/>\n3. Respectar les conviccions religioses, morals i ideol\u00f2giques de&hellip;  <a href=\"https:\/\/agora.xtec.cat\/ceipulldevent\/projecte-educatiu\/carta-de-compromis-educatiu\/\" title=\"Read Carta de comprom\u00eds educatiu\">Llegeix m\u00e9s\u00bb<\/a><\/p>\n","protected":false},"author":1,"featured_media":0,"parent":64,"menu_order":0,"comment_status":"closed","ping_status":"closed","template":"","meta":{"_bbp_topic_count":0,"_bbp_reply_count":0,"_bbp_total_topic_count":0,"_bbp_total_reply_count":0,"_bbp_voice_count":0,"_bbp_anonymous_reply_count":0,"_bbp_topic_count_hidden":0,"_bbp_reply_count_hidden":0,"_bbp_forum_subforum_count":0,"footnotes":""},"class_list":["post-265","page","type-page","status-publish","hentry"],"post_mailing_queue_ids":[],"_links":{"self":[{"href":"https:\/\/agora.xtec.cat\/ceipulldevent\/wp-json\/wp\/v2\/pages\/265","targetHints":{"allow":["GET"]}}],"collection":[{"href":"https:\/\/agora.xtec.cat\/ceipulldevent\/wp-json\/wp\/v2\/pages"}],"about":[{"href":"https:\/\/agora.xtec.cat\/ceipulldevent\/wp-json\/wp\/v2\/types\/page"}],"author":[{"embeddable":true,"href":"https:\/\/agora.xtec.cat\/ceipulldevent\/wp-json\/wp\/v2\/users\/1"}],"replies":[{"embeddable":true,"href":"https:\/\/agora.xtec.cat\/ceipulldevent\/wp-json\/wp\/v2\/comments?post=265"}],"version-history":[{"count":3,"href":"https:\/\/agora.xtec.cat\/ceipulldevent\/wp-json\/wp\/v2\/pages\/265\/revisions"}],"predecessor-version":[{"id":297,"href":"https:\/\/agora.xtec.cat\/ceipulldevent\/wp-json\/wp\/v2\/pages\/265\/revisions\/297"}],"up":[{"embeddable":true,"href":"https:\/\/agora.xtec.cat\/ceipulldevent\/wp-json\/wp\/v2\/pages\/64"}],"wp:attachment":[{"href":"https:\/\/agora.xtec.cat\/ceipulldevent\/wp-json\/wp\/v2\/media?parent=265"}],"curies":[{"name":"wp","href":"https:\/\/api.w.org\/{rel}","templated":true}]}}