{"id":26,"date":"2014-09-18T12:24:32","date_gmt":"2014-09-18T12:24:32","guid":{"rendered":"http:\/\/agora.xtec.cat\/ceipulldevent\/?page_id=26"},"modified":"2022-11-24T09:54:35","modified_gmt":"2022-11-24T08:54:35","slug":"historia","status":"publish","type":"page","link":"https:\/\/agora.xtec.cat\/ceipulldevent\/lescola\/historia\/","title":{"rendered":"Hist\u00f2ria"},"content":{"rendered":"<p style=\"text-align: center;\"><strong>CRONOLOGIA DE L\u2019ESCOLA<\/strong><\/p>\n<p>&nbsp;<\/p>\n<p><strong>1920.-<\/strong> La Diputaci\u00f3 Provincial obre un concurs per als pobles de menys de 2000 habitants per subvencionar, si ho desitgen, la construcci\u00f3 o l\u2019arrendament d\u2019escoles. S\u2019acorda participar en tal concurs i, en necessitar uns locals millors, es confia el projecte a l\u2019arquitecte Antoni Pons i Dominguez. Es presenten mem\u00f2ria, pl\u00e0nols i un pressupost de 80.910,92 pessetes.<\/p>\n<p>La Diputaci\u00f3 Provincial insta a l\u2019Ajuntament de la Bisbal del Pened\u00e8s a pagar un deute de 277\u201992 pessetes amb la Mancomunitat de Catalunya per poder rebre la subvenci\u00f3.<\/p>\n<p><strong>1921.-<\/strong> El 17 de mar\u00e7 s\u2019autoritza a una representaci\u00f3 de l\u2019Ajuntament per a que, en nom seu, compri els terrenys on s\u2019han de construir les Escoles.<\/p>\n<p>Un cop rebuda la subvenci\u00f3, l\u2019Ajuntament acorda que es venguin la resta d\u2019edificis que posseeix, per completar la quantitat necess\u00e0ria i poder comen\u00e7ar les obres.<\/p>\n<p><strong>1922.-<\/strong> El 2 de mar\u00e7 s\u2019acaben totes les gestions necess\u00e0ries i comencen les obres de construcci\u00f3. El mestre d\u2019obra \u00e9s el paleta Pere Batet Galofr\u00e9, ve\u00ed de la Bisbal. L\u2019Ajuntament nomena una comissi\u00f3 formada pels regidors; Gabriel Ma\u00f1\u00e9, Josep Mir\u00f3 i Jaume Batet que seran els encarregats de vetllar pel bon desenvolupament de l\u2019obra.<\/p>\n<p><strong>1923.-<\/strong> El diumenge 8 de juliol s\u2019inauguren amb total solemnitat els edificis de les Escoles Nacionals de nens i nenes. Assisteixen a l\u2019acte les autoritats locals i provincials i els mestres Jaume Trujols i Carolina Roig. Acabat l\u2019acte inaugural es realitza un festival amb la participaci\u00f3 dels alumnes de l\u2019escola i de l\u2019Orfeo Bisbalenc.<\/p>\n<p><strong>1932.-<\/strong> A inst\u00e0ncia de l\u2019Ajuntament i per Decret del Govern de la Rep\u00fablica, amb data de 1 de juny, es crearan dues escoles m\u00e9s (aules) a la Bisbal.<\/p>\n<p>S\u2019acorda crear l\u2019Escola de P\u00e0rvuls, per la qual cosa es realitza un expedient pel Ministeri d\u2019Educaci\u00f3.<\/p>\n<p><strong>1965.-<\/strong> S\u2019amplia el recinte escolar amb la construcci\u00f3 d\u2019una unitat escolar i 3 habitatges per a mestres, que es fan en un terreny al costat mateix.<\/p>\n<p><strong>1966.-<\/strong> Es modifica altra vegada l\u2019interior de les escoles. De les 3 aules se\u2019n fan 4 i es tanca el pati amb una porta de ferro.<\/p>\n<p><strong>1990.-<\/strong> Es presenten els pl\u00e0nols de la reforma de l\u2019escola. S\u2019elimina el porxo, es fan dos pisos i es fan 8 aules.<\/p>\n<p><strong>1992.-<\/strong> El 6 d\u2019abril es distribueixen els grups als m\u00f2duls prefabricats.<\/p>\n<p><strong>1993.-<\/strong>\u00a0 Trasllat dels alumnes de 1r a 8\u00e8 curs a l\u2019edifici reformat.<\/p>\n<p><strong>1995.-<\/strong> Es deshabita la primera casa de mestres (actual aula multiusos)<\/p>\n<p><strong>1994.-<\/strong> Es deshabita la segona casa de mestres<\/p>\n<p><strong>1997.-<\/strong> Es deshabita l\u2019\u00faltima de casa de mestres (actual aula de 6\u00e8 B).<\/p>\n<p><strong>2006.- <\/strong>Inauguraci\u00f3 de l\u2019Edifici Nou que des de llavors acull els alumnes de Cicle Infantil i Inicial.<\/p>\n<div id=\"18186\" style=\"width: 600px; height: 400px; display: none;\"><img decoding=\"async\" src=\"https:\/\/lh3.googleusercontent.com\/3tULAkyUJ_5819Flcl7EUNejzorS937UAgwL0PDXJx7AMfxDxzac_lKOnC5BqShOj-thtfbC4QroeWdSLw3pEQzttS9xsQE3dlEXI6SPaT7ttw6Q4h2xEuXZPWIDkeyUak9VJr17XXef79uNewby3NrgjtjK8Sj-92XN2Y1SaAc8h8HfBH5j-KCQazYudSzBsneJEx7DdgDnYIWjPkNDoory_WQENTrYsXl-bkLDEaqNssiKY7hCRce8gyroc5XE8r2FyZ9ustDvFHEU7YP2Xz-ATPGn7I3pNwUa076gbhwv8REga1_6pGTMnSWUcbNi9K1agFqCxXGQS6oLRRlyfWPDRHTdb4qv4sZbWJ9QIbaQ7r3UHKcFvHIirtuePdnJuqvixr6V9JrGj37gg9zXMgCME9fTxGYF6yt8dfwg4rfcYbrSvrnE8QDbimFiRageBZkS_1pnRr6elPnzvVS7CF4SQAzWlxSlHvcmC4eoISFTSiUTGQC7sZ9Zq9e2j9V7k2BJVxyB_Tp4R9nb4DSCgy2fdN2x6a79Nyrzox6vEfwnIAOvhrj8qatZmh1vgeElZw0eDVY6jGE91HNWdKWBYnRlWxH2cf-tK6bvqqs0fZD1NgkA=w800-h600-no\" data-link=\"https:\/\/photos.google.com\/album\/AF1QipPfyaKwx7kW6P0-y0wOe1WSfOMYySSoYnW0YWJd\/photo\/AF1QipOCx2bCoqCdtXtoCUV7AvpSNUKRNOl0WjrNUg1V\" \/><br \/>\n<img decoding=\"async\" src=\"https:\/\/lh3.googleusercontent.com\/9PXn1ZDDwnfYZE8v461IZDrmEipKLxqKhdw9odhh158oVmmBKlJkTdLzUr0p5cxca8k8uMh6ow8Y0pSXt6d99NL0P88vVKIyZ0CvCGMgBESRGERA-ZFx__8gxTamxnbyR1fWwNd6AsRPClPghMfC46qC9DuUdfa4ivtu_HFc_hhmTrAgFw0s4ekkGmE6ByRxZqQ3raPsTEcbGaU4-i9ooTLtfScWMqXT9Jal7IeTW4-vynojFCU5hXEz790AtMKBGt859M6iarh8w3fIThK20jsqKfYT3pjEQahsRqSozJ6oB2NpnsHh9d0NLIp0XBxmXY7JwVNKl3LA9rchw7FnkQGveEYtaVIcnduhj82vcLbcN5OfO1DQnYMogVQi9mPxNsA6j7dBIfg1IMtA7stbrXp4VediYSLW9JC68wpSByU18vNdgx5h48tsSQ3SQqyusFKgA4soE0leEbFV2mCoxpTcrWN7KZX8e-kGFvLe5KOWRc8zS23BexO7TlIi4cK872mdafTk_pXG6pURbnXOsAhTr612Hk8MUUofvDGaOOJFVwvRoD5yptJx0vUCYYnIjXUsko7BG89Bi0jhOMRDUTBLOlGBeoJiylvvJHGntW1DoCSp=w800-h600-no\" data-link=\"https:\/\/photos.google.com\/album\/AF1QipPfyaKwx7kW6P0-y0wOe1WSfOMYySSoYnW0YWJd\/photo\/AF1QipNg8EnFBLHIsKYBRgJebMMtqSoVvHqRxqf-_5ep\" \/><br \/>\n<img decoding=\"async\" src=\"https:\/\/lh3.googleusercontent.com\/4y93e-kJ0R9lnPcYEVJadRDqYPpbBFjoOH6QgFmzuDdXmhgyiNJsbrden-l3cVxHBaMHNJUobGD9f1XpPuob42bG9GTJ9bGly0gsLkRdiVkgmX2PnKJnKiikErilcuaQvuErs82SHHQEC_VUF5vwIfQkUwTgdq_19MuBZeYwDvfmYH4H_Q2Te6q5LsqHKQCtPQCbVbindcXNuMWmebuzSL1lC2_sRhiBVwdnde6gZ1zVLUY6n_r_kDqZ5gDHmao2-OItzOB_DD3kpHqnh18c5zKNsXO5EMWQPQrjrI6ChilrR3gap1NjgwR8k4rvhsyRd8_kiv3wXER4K64MMgls_xVy55ev5ltXnAJI30TL6xmifjx5RXfEfAzhoWfxr9UEDq_YDOXqikKk2qXYrpt1hZ3pG7eyHrL6HKcI5PJWzvZVUYbNFJfWKdBcYHDhBm5ANdhk2UrugoCSPe4irTeihwqVTV5nsVJviouEATLkIlrb1iP6dAx_aeEeP82aQzMZzbNf8Vb9ifw7GGjq6r-aJjaFcMXD2Z_vU0xqUk9FowRX8i8Fn6129zR2xw1prIR0B4imqQNRbtj4b5MTjPvbd3Md9OZ4OJ1uEv1pGPw9u05C_Yt6=w800-h600-no\" data-link=\"https:\/\/photos.google.com\/album\/AF1QipPfyaKwx7kW6P0-y0wOe1WSfOMYySSoYnW0YWJd\/photo\/AF1QipO6sh1XBkqI4WSUumJBGwLaVwQUyFuQnYcaPw9q\" \/><br \/>\n<img decoding=\"async\" src=\"https:\/\/lh3.googleusercontent.com\/6DDXkNI4B_V-CXYuRUAYznV1L6ipmfNJ2nSdSWlMTGspY_1DoPiUQEqKYE_8_zkvbr9LXIajADYkNcoksCJJy_nUKVJSFj792cNalFN3xJLkfmzaZuLbcl1J1s7sglvdh5eKmg8RUph5Ayc-5vvZVT90GlKyHd0bsQHyewlOFRImdy10LjVtyTRUhTlpgzvG0-FKmRFXS9n0N1f92HMehlKelSKUpgFpl2LZgdM4Clxd6Zc4FQ0BgRGH1yIKtCje0PfrtzO8BXMeoEfbuzs010ZVLhOi7ax_Ez_B-WT-T-Wx8Pb1ZgsFDRNB_gIgP2iS_YuKC4eVYR_Mt6QnWjBGXkqCOPttdiQBhilZth1BzgClE5U4-3ONQEkzdDq49la9_hL_PkB5d-j8hYU2cmGpaU-I4nyCwt1CrmOnDKGTyN7uf9n9RF2FaJ530cKfngXyzS_Bnso6ZtI0fozEx90_ZJJ_PRAPiJeLXZfEM5FjKreV1b6FThPMWS2X1mWgdeBKqZxsIBL6NTkyH4iArBajgUYjyTbgeqBGmDp-efvaLuKToTgM8dNI8vZNY9ttAaudc7D6aeSPiQzk-qHSflSZgK5b2syae4GSnRCS1LohyBimo9IC=w800-h600-no\" data-link=\"https:\/\/photos.google.com\/album\/AF1QipPfyaKwx7kW6P0-y0wOe1WSfOMYySSoYnW0YWJd\/photo\/AF1QipMP5BL3XmLI_ICD__flMZN1geNQ5Rh_2rETYoTt\" \/><br \/>\n<img decoding=\"async\" src=\"https:\/\/lh3.googleusercontent.com\/ZOi7wAeMNktz12xnljiqReRob7uPxHlr9hb6z5ZKB9XUEW9LIzi6QS-Y7VGr67fio2g9dHWBudx4DHGxBsekas67oRGUVvZ7yJhSLWvlwtk740uqybcn_E1dWXjXtxs03oXOPsqnLK5wLLlVHp5hJwbvoXsT4kfDH-7oq7x8YiZphPVay2e_BAse0V-31ELYxmNqrIN6TvEac-pbDo-rCIge7h-wmYe_Iz0AO8IenV4VGjpE17BbAjg7-shDzacVt1Dtm7kPaSD07SiHXgGTGJdiTvcOwU8N1Jp4NwZ6qTeI8sf9ZT3U1SEttqyQegY7ZU-99ArxxBzUz3dlb9zdAXSfzLVbB5GHP6clqrNydjrc-rpUxFPxkkLiiMM9mD96UZKOJJIIiGCEcYs8RN1namxe7Xokanhb8d9mwXRqX8bM_3ochpBaaeorJGYzku1VIB0Ust9lwQ-qFIpbpj4kk49rc17Q6UqjurRQrRQs9LYZgEoV31-dkImYHRo1M5iSms3pE20RxvE9NFJw0FUEeR50WwuMZDsMjSV6kATwr6Aq2U8mOqNU17XQP07PENU_dddvPe0STlzvS_tL77zTD5qpqq0Jl4Bu5uaB6hLL2tGCBMS6=w800-h600-no\" data-link=\"https:\/\/photos.google.com\/album\/AF1QipPfyaKwx7kW6P0-y0wOe1WSfOMYySSoYnW0YWJd\/photo\/AF1QipMBBMgq5ZGwoULJIteWgY-rzjiUia3dDWUMLM1w\" \/><br \/>\n<img decoding=\"async\" src=\"https:\/\/lh3.googleusercontent.com\/t43KC9K5C4KrPlP2SRiXyIUrggwV3ZD9EOmyMczk7uICgWV2BuVQsSAZajpzO3dCjf5iPD4lRXw5YoDDwWe69rlhrc-H2eGmMRTFuDsrFcdGj1nWylwGQLbpdUn1uBNFYKx4bw1uWvGjn-RdP0LPtJ8VktvWr296ULRMc21FiOgbKu3DslfgjTIvq7712IwN9tV9UDYyz1toltoidtrn5Yn1KoC3PukkBjkFaqRfWnluFYZMydGbjmsgJskdqeQHgObyCWwUyIvbRpO7_O1yrJSqd3ZCBT7SsSa6n0o_SZBsyZWnmdfxkLRcDhqc8wcCutQgvHQRSFigMP6_1ltsP2UbN2U4tSEA-5L7w94LsTgoSuZOyiX73k-iu9etpOlPrRtMzhmFEI5mVZWWxQSHSmYaOa9vZttMBWENoG8ouJtirpR4ujtwrNBD-7IF68E-cK2Zx3KEYj51OWDuxC5YuO-_vEOQWgIeq07_To6G155e-2ah8wgpu_01iLZc0Aa2SIOHg7BM5jhWH6eRvlDWEmBFEdVXglCK0d6K-0PdoRW7ueV9uxfyTzLrJyrNuGgIWXpwtRk_qQ9PJahaVtL8ACUQ8tmlR6bdSgL8Y1qCP0uSoQS4=w800-h600-no\" data-link=\"https:\/\/photos.google.com\/album\/AF1QipPfyaKwx7kW6P0-y0wOe1WSfOMYySSoYnW0YWJd\/photo\/AF1QipOZhJ7nQakS7bWe291wR4BkEO6srw1xb6M-_MpJ\" \/><br \/>\n<img decoding=\"async\" src=\"https:\/\/lh3.googleusercontent.com\/8dYdYiu3HQhuwDDUVbUCMKqYYc7JOkt1boRiLA69nV5MrRSubhyBEPgD8TkPtudHU9bk2SYo3s77cnkXdtRP5_TQ6M9_9q9I_3bxyvCYrzIW_bBiZs3TVqvi7r32UEos4p4ncF8XOnfCuq4bRo8fJgO5BHqP9qKz5_hYRWcWfXD8xwXFK6vMpLv9PIpgFbI5Id2rqa4p4l7rWLfaHMvH_LGLpi50ezrWAlTdlxv8Iim8zaZTj5yjGWOigcC8DpCA_0CJgHiAC48H-6V9sP_CCrjIgl0DCWKm7GKBdpsadiAym7mBqwWsx6YowboC6a7vIJAO-KppqXbOoYmIQXyk7gMNz-16VNuoXteW8dKo-osCQD-eEjdT5bZ1d9-dThQHMXGhSbCtKhtlVyVsUdzB75H5cRHKGwGF86SxYs0Je16sbSS2ZEyW-66OZGNgv5Ry-MPvFXo3Tu9Cl7DnLILeZlHQL0T5DBzdSeR5C4dbStISfG5pQOgySRuEcLaCz7AweEwGUYo5G4ApV8_YZJ5YDDtWe4i--scrkELkYrBFUgGlvPU2R-S-w_SSzQSJT37FKK7RcMD65Br3ZcaDzShluGFcx7XNO324UDlu5TK1Q9rco4Ih=w800-h600-no\" data-link=\"https:\/\/photos.google.com\/album\/AF1QipPfyaKwx7kW6P0-y0wOe1WSfOMYySSoYnW0YWJd\/photo\/AF1QipPchp78Pgv5vm-x9CtddEZABcJMdV4PVNDt2xRr\" \/><br \/>\n<img decoding=\"async\" src=\"https:\/\/lh3.googleusercontent.com\/mUpQPfeYbsYMEQReAaq76ThDRrUlMAZwL1mH5KseDNh_sYt2ahiCETw-SrTqruiPg33xyna2_NdIOSqtFy3DIrYXeWIoDnOUk0rmOpbRaq2gxJSYTbEXXKg8w9DGbENQ6RMiDVZebh4B67qnsHqNhEEUdLmqSqU1EwMNVwXFbJDq--mvQfxF7jO3Mcsd4Q8rW_wnfhSEok2kOFA_1WhNkOJ0Ck8aN5v2YSrX0YuoOZLJ7oIdb43tcHBwSuD8tuLRc0qDifuIDb1-DblX0iNrOZEtllh2lUSjVO_z37gJ_MpSXSya_mg1-pZfNXQ3i1oq6VrGts5rQUwE_vacEMij8OpVzZNRgqnAdaoiEtrDRK_jVCFYctK7OSYYqoxtlVkhmMcOzOL3HU_AiVxV1p3fqQ5HfSANTFv5Z0hLTinPu-_vGHP7z2fz-0VWtEb6zMUa2E6kFvmeH5Jx9apUsTzCUgTLmhVKxeD62Qboy22Hx-xAHB4lLe7CNUyADPQc7p_K-LYZaqJN8DcxmwGrAwzS7w1sZ3xb28ypspQnV--LklUymRu2Q_gW3DfMDv8TvPztrRanGhQwzLPdTViSZPrF4yrMHjrwAp8F8jL1x1H6DGJxuyoh=w800-h600-no\" data-link=\"https:\/\/photos.google.com\/album\/AF1QipPfyaKwx7kW6P0-y0wOe1WSfOMYySSoYnW0YWJd\/photo\/AF1QipNmegq4y-DSVKhCXIEBX-D_IzKIwo3PHc4WFrHf\" \/><br \/>\n<img decoding=\"async\" src=\"https:\/\/lh3.googleusercontent.com\/-m61mVhn5XY2VKbvH_KPZCOfd8L65WslI1j71zHKFYUhWYxnn7CH4oCyRoz9wtvVuOmoHMsqY7IuOEyTjuDx41to2-j-hMdPiFEMf3u5A97itbbt-yxiCivUqoSOKWeJtc9J6Wfd_p2shltsdaZojmc3hihs8UGX3h4tGhCWit3ZD12L53vR3YMtUBcKUSSj-WAnmAgOPTWzC7iv11kIFTEpvQM_SFVNn26_UmR5tj8OruSth9jEKiPnDKCjUk4fHXa-jVrtp7L9FncjgRiiV4icqXBv44aHFQVr6Bdrl4M2T1RNzJ4i03vQdqPV6ow6Pjycq5RfvY4JiX62lqWLmRygytEnyvjcGEWXMx4vceihX_KB7J7gHP3eAVftrcvOxUOEEbWJ_iJm8Fra8Bt7Q8omcKgLbfcdFWPgsEKson5Uykco47x_ui3KW-esumIY8BpuCgqK8kOgFRfR-oPtjj_X17hVCBupvh4T6L4NmoZNvYNZbQqXphjzVi8m6vKeQ2ZA6E5IBDxcAzFoN8NUHpqgvo1SJBJYbqY8T-U0-cY6z0IVXCMiHLVInBV6CtjH6GIhx7H7Bt4omvayoi9Z_Dmq28u1E95l6m13ddbJb5IGelMr=w800-h600-no\" data-link=\"https:\/\/photos.google.com\/album\/AF1QipPfyaKwx7kW6P0-y0wOe1WSfOMYySSoYnW0YWJd\/photo\/AF1QipP4IHXXjL3mgnw8DogKG4YttXgARzLK6UP_eL8g\" \/><br \/>\n<img decoding=\"async\" src=\"https:\/\/lh3.googleusercontent.com\/EBo4QcZwIn_aoMFKQaiKVV9jFJSBh6pSgHKKp2uEUMMX97hyuIry_qXpYFXPbQVZvvcZdmjN8dqtOvqV1sz8FTiZZJig06l0fo6DW7NzILZUJHkGSHm45lKHsmG6nqdfcsakCfuXXV2Lfz9KEwLCeMirnW8h7sH2nAG1aF0kvdU346ahc_pyIiuccksqNDCqZzsoZM38k9aYP0A2BPCq0eiWILDO_uis3Up3rmygATIuntlKNeIM8-8v5jgdx8MyHNine7-4TJWAwVA4ugADZQi4TgijRR0rn71FvDoerD9zPd05GQoTVKO6_HKFBcHvsh5MMstCOvqFaN8crBSdC_OULvHs-7D2QJWMS44gN7PVFIuBTIVRW3_M5cqhJibdXIyjqd31AZijBMcsbsjSCzx5rMmjn9OcxJAbEGnX_-KV7RZcaY3yfrTeiwRACyKDw7CcbVjddQWefTvMkaTt5ZL1syxDy4dPonUXa1sLNYqjwXDpSIBGZI2udCPknMdc_SFCLPKP5q5nA0i-p4y4fceLsazQwBZZ5WY61sEaXEgCpwpGv7qduvFHn9Tdf9lXp5A7_8B-WurzEAVi3UCjkExmFb-Jg1Q8irV7pFX6AbiLPQK4=w800-h600-no\" data-link=\"https:\/\/photos.google.com\/album\/AF1QipPfyaKwx7kW6P0-y0wOe1WSfOMYySSoYnW0YWJd\/photo\/AF1QipOrGWgsxEp_DfkeWGq3XQaPmOj8GYGAyRS_pH3d\" \/><br \/>\n<img decoding=\"async\" src=\"https:\/\/lh3.googleusercontent.com\/HrxAVd3ekxSauo0SUi-D4YARGt6CUuWSDZcUKfCYwQm2lTw2ffdsbgLoszaGaLF4rcUdQa7fmhaCteRxQuWsj35ZN3_Z1Qg9hp3-p9GJ_B3x4HJN6W-z2HnnIJIwjH39bcBlmyGOizYPH5iUra8POvyNRcGY-IDdAMoFwpEc22PML9F2zQLeDV9C_Gq8kq7QMPcx6i5hXVA3WVir5HzEa-ssfpfdAOF9DjB21RrEKUBkve8NM4nClwf4VYg55kPq0W7lsELyK5tctAVzHLmMhOb0hSQGkApb7Af7QRWoeDciAmYVrnVa2PcES-Zn1pidPKpV9Bp_U0VD21jmVN_10_9K9g35AObMXYWgczv-NRUx85Uphn92tNcOTPgMpRJq3CYVz7_p_RB5mPumQ6AKzpoGIa96a7jFG0aj2yD_ih1m7ap9kxVHy8vEkZA0CxF_7-QUvM2vGfM0f22XuPgD_5Z_YhE6rbHbNXe0Y5hmcksUGLezp-GnASiyaEr5pY1dWjlw337IxC2mGUWwZWr70_0_nEA1LScao0-IElY_uapRhWdD1GmdBSODuiD9VIPSjvk9svBvW_iUR6u3uEUi72JoQ6TNmcD5zS6FSuBw75LVuQ9I=w800-h600-no\" data-link=\"https:\/\/photos.google.com\/album\/AF1QipPfyaKwx7kW6P0-y0wOe1WSfOMYySSoYnW0YWJd\/photo\/AF1QipMAxhPJ-QAu07yoEug3Tp46bgr4eh3YnDHbApHz\" \/><\/div>\n<p><a href=\"https:\/\/photos.app.goo.gl\/NZ2SBANtLStwdYBJA\" target=\"_blank\" rel=\"noopener\">https:\/\/photos.app.goo.gl\/NZ2SBANtLStwdYBJA<\/a><\/p>\n","protected":false},"excerpt":{"rendered":"<p>CRONOLOGIA DE L\u2019ESCOLA<br \/>\n&nbsp;<br \/>\n1920.- La Diputaci\u00f3 Provincial obre un concurs per als pobles de menys de 2000 habitants per subvencionar, si ho desitgen, la construcci\u00f3 o l\u2019arrendament d\u2019escoles. S\u2019acorda participar en tal concurs i, en necessitar uns locals millors, es confia el projecte a l\u2019arquitecte Antoni&hellip;  <a href=\"https:\/\/agora.xtec.cat\/ceipulldevent\/lescola\/historia\/\" title=\"Read Hist\u00f2ria\">Llegeix m\u00e9s\u00bb<\/a><\/p>\n","protected":false},"author":2,"featured_media":0,"parent":22,"menu_order":20,"comment_status":"closed","ping_status":"closed","template":"page-templates\/side-menu.php","meta":{"_bbp_topic_count":0,"_bbp_reply_count":0,"_bbp_total_topic_count":0,"_bbp_total_reply_count":0,"_bbp_voice_count":0,"_bbp_anonymous_reply_count":0,"_bbp_topic_count_hidden":0,"_bbp_reply_count_hidden":0,"_bbp_forum_subforum_count":0,"footnotes":""},"class_list":["post-26","page","type-page","status-publish","hentry"],"post_mailing_queue_ids":[],"_links":{"self":[{"href":"https:\/\/agora.xtec.cat\/ceipulldevent\/wp-json\/wp\/v2\/pages\/26","targetHints":{"allow":["GET"]}}],"collection":[{"href":"https:\/\/agora.xtec.cat\/ceipulldevent\/wp-json\/wp\/v2\/pages"}],"about":[{"href":"https:\/\/agora.xtec.cat\/ceipulldevent\/wp-json\/wp\/v2\/types\/page"}],"author":[{"embeddable":true,"href":"https:\/\/agora.xtec.cat\/ceipulldevent\/wp-json\/wp\/v2\/users\/2"}],"replies":[{"embeddable":true,"href":"https:\/\/agora.xtec.cat\/ceipulldevent\/wp-json\/wp\/v2\/comments?post=26"}],"version-history":[{"count":3,"href":"https:\/\/agora.xtec.cat\/ceipulldevent\/wp-json\/wp\/v2\/pages\/26\/revisions"}],"predecessor-version":[{"id":10203,"href":"https:\/\/agora.xtec.cat\/ceipulldevent\/wp-json\/wp\/v2\/pages\/26\/revisions\/10203"}],"up":[{"embeddable":true,"href":"https:\/\/agora.xtec.cat\/ceipulldevent\/wp-json\/wp\/v2\/pages\/22"}],"wp:attachment":[{"href":"https:\/\/agora.xtec.cat\/ceipulldevent\/wp-json\/wp\/v2\/media?parent=26"}],"curies":[{"name":"wp","href":"https:\/\/api.w.org\/{rel}","templated":true}]}}