{"id":231,"date":"2015-10-27T14:27:26","date_gmt":"2015-10-27T13:27:26","guid":{"rendered":"http:\/\/agora.xtec.cat\/ceipulldevent\/?page_id=231"},"modified":"2025-10-21T11:05:55","modified_gmt":"2025-10-21T09:05:55","slug":"linies-dactuacio","status":"publish","type":"page","link":"https:\/\/agora.xtec.cat\/ceipulldevent\/curs-2015-2016\/linies-dactuacio\/","title":{"rendered":"L\u00ednies d&#8217;actuaci\u00f3"},"content":{"rendered":"<hr \/>\n<h3 style=\"text-align: center;\"><span style=\"color: #cc99ff;\"><em>L\u00cdNIES D\u2019ACTUACI\u00d3 2025-2026<\/em><\/span><\/h3>\n<p>&nbsp;<\/p>\n<p>Els <strong>objectius<\/strong> prioritaris del sistema educatiu catal\u00e0 s\u00f3n <strong>l\u2019\u00e8xit escolar<\/strong> i <strong>l\u2019excel\u00b7l\u00e8ncia educativa<\/strong>, desenvolupant al m\u00e0xim les capacitats <strong>de tots<\/strong> i cadascun dels alumnes com a principi fonamentador de l\u2019equitat i garantia\u00a0 de la cohesi\u00f3 social.<\/p>\n<p>Tenint en compte aquest principi, el Projecte Educatiu i el Projecte de Direcci\u00f3 per aquest curs l\u2019escola vol prioritzar:<\/p>\n<ul>\n<li>Continuar el proc\u00e9s d\u2019adaptaci\u00f3 als nous curr\u00edculums d\u2019Infantil i Prim\u00e0ria (programacions d&#8217;aula).<\/li>\n<li>Consolidar els acords i les mesures recollides en el Projecte d&#8217;\u00c0rea Ling\u00fc\u00edstica.<\/li>\n<li>Participar a la Xarxa ULAE (Usos Ling\u00fc\u00edstics en l&#8217;\u00c0mbit Educatiu) per a les escoles del Baix Pened\u00e8s.<\/li>\n<li>Consolidar els acords i les mesures recollides en el Projecte d&#8217;Educaci\u00f3 Art\u00edstica, fomentant les ODS (Objectius de Desenvolupament Sostenible).<\/li>\n<li>Reduir l\u2019absentisme que s\u2019ha incrementat significativament en els darrers cursos i suposa una dificultat afegida en l\u2019adequat progr\u00e9s i seguiment de l\u2019alumnat.<\/li>\n<li>Definir estrat\u00e8gies, recollides en el pla de conviv\u00e8ncia, per capacitar tot l\u2019alumnat\u00a0 i la resta de la comunitat escolar en la conviv\u00e8ncia i la gesti\u00f3 positiva dels conflictes.<\/li>\n<li>Enfortir el vincle amb les fam\u00edlies amb propostes participatives i que les vinculi m\u00e9s amb els objectius del Projecte de Direcci\u00f3.<\/li>\n<\/ul>\n","protected":false},"excerpt":{"rendered":"<p>L\u00cdNIES D\u2019ACTUACI\u00d3 2025-2026<br \/>\n&nbsp;<br \/>\nEls objectius prioritaris del sistema educatiu catal\u00e0 s\u00f3n l\u2019\u00e8xit escolar i l\u2019excel\u00b7l\u00e8ncia educativa, desenvolupant al m\u00e0xim les capacitats de tots i cadascun dels alumnes com a principi fonamentador de l\u2019equitat i garantia\u00a0 de la cohesi\u00f3 social.<br \/>\nTenint en compte aquest principi, el Projecte Educatiu&hellip;  <a href=\"https:\/\/agora.xtec.cat\/ceipulldevent\/curs-2015-2016\/linies-dactuacio\/\" title=\"Read L\u00ednies d&#8217;actuaci\u00f3\">Llegeix m\u00e9s\u00bb<\/a><\/p>\n","protected":false},"author":1,"featured_media":0,"parent":272,"menu_order":1,"comment_status":"closed","ping_status":"closed","template":"page-templates\/side-menu.php","meta":{"_bbp_topic_count":0,"_bbp_reply_count":0,"_bbp_total_topic_count":0,"_bbp_total_reply_count":0,"_bbp_voice_count":0,"_bbp_anonymous_reply_count":0,"_bbp_topic_count_hidden":0,"_bbp_reply_count_hidden":0,"_bbp_forum_subforum_count":0,"footnotes":""},"class_list":["post-231","page","type-page","status-publish","hentry"],"post_mailing_queue_ids":[],"_links":{"self":[{"href":"https:\/\/agora.xtec.cat\/ceipulldevent\/wp-json\/wp\/v2\/pages\/231","targetHints":{"allow":["GET"]}}],"collection":[{"href":"https:\/\/agora.xtec.cat\/ceipulldevent\/wp-json\/wp\/v2\/pages"}],"about":[{"href":"https:\/\/agora.xtec.cat\/ceipulldevent\/wp-json\/wp\/v2\/types\/page"}],"author":[{"embeddable":true,"href":"https:\/\/agora.xtec.cat\/ceipulldevent\/wp-json\/wp\/v2\/users\/1"}],"replies":[{"embeddable":true,"href":"https:\/\/agora.xtec.cat\/ceipulldevent\/wp-json\/wp\/v2\/comments?post=231"}],"version-history":[{"count":6,"href":"https:\/\/agora.xtec.cat\/ceipulldevent\/wp-json\/wp\/v2\/pages\/231\/revisions"}],"predecessor-version":[{"id":11349,"href":"https:\/\/agora.xtec.cat\/ceipulldevent\/wp-json\/wp\/v2\/pages\/231\/revisions\/11349"}],"up":[{"embeddable":true,"href":"https:\/\/agora.xtec.cat\/ceipulldevent\/wp-json\/wp\/v2\/pages\/272"}],"wp:attachment":[{"href":"https:\/\/agora.xtec.cat\/ceipulldevent\/wp-json\/wp\/v2\/media?parent=231"}],"curies":[{"name":"wp","href":"https:\/\/api.w.org\/{rel}","templated":true}]}}