{"id":77,"date":"2014-09-18T14:05:08","date_gmt":"2014-09-18T13:05:08","guid":{"rendered":"http:\/\/agora.xtec.cat\/ceipulldecona\/?page_id=77"},"modified":"2022-09-07T13:55:10","modified_gmt":"2022-09-07T11:55:10","slug":"acollida","status":"publish","type":"page","link":"https:\/\/agora.xtec.cat\/ceipulldecona\/serveis\/acollida\/","title":{"rendered":"Acollida"},"content":{"rendered":"<p>Per tal de facilitar la conciliaci\u00f3 de la vida laboral amb els horaris escolars, la Fundaci\u00f3 Ulldecona posa a la vostra disposici\u00f3 un servei d\u2019acollida matinal previ a l\u2019inici de les classes, des de les 7:45h fins a les 9.00 h, durant tots els dies lectius.<\/p>\n<p>Aquest servei est\u00e0 pensat per a les fam\u00edlies on els pares, mares o tutors comencen a treballar molt d\u2019hora al mat\u00ed i necessiten que els xiquets i les xiquetes estiguin atesos mentre no comencen les classes, oferint un espai agradable i l\u00fadic.<\/p>\n<p>El servei es pot utilitzar de manera espor\u00e0dica i puntual.<\/p>\n<p style=\"padding-left: 40px;\">Horari: 7:45h a 9h<br \/>\nPreu mensual horari complet: 30\u20ac<br \/>\nPreu mensual a partir de les 8:30h: 20\u20ac<br \/>\nPreu dia espor\u00e0dic horari complet: 3\u20ac<br \/>\nPreu dia espor\u00e0dic a partir de les 8:30h: 2\u20ac<\/p>\n<p>Inscripcions:<\/p>\n<p style=\"padding-left: 40px;\"><strong>Fundaci\u00f3 Ulldecona<\/strong><br \/>\nC\/Maestrat,1<br \/>\nTel\u00e8fon: 977721529<br \/>\nCorreu electr\u00f2nic:<br \/>\ninfo@fundacioulldecona.com<\/p>\n","protected":false},"excerpt":{"rendered":"<p>Per tal de facilitar la conciliaci\u00f3 de la vida laboral amb els horaris escolars, la Fundaci\u00f3 Ulldecona posa a la vostra disposici\u00f3 un servei d\u2019acollida matinal previ a l\u2019inici de les classes, des de les 7:45h fins a les 9.00 h, durant tots els dies&hellip;  <a href=\"https:\/\/agora.xtec.cat\/ceipulldecona\/serveis\/acollida\/\" title=\"Read Acollida\">Llegeix m\u00e9s\u00bb<\/a><\/p>\n","protected":false},"author":1,"featured_media":0,"parent":66,"menu_order":20,"comment_status":"closed","ping_status":"closed","template":"page-templates\/side-menu.php","meta":{"_bbp_topic_count":0,"_bbp_reply_count":0,"_bbp_total_topic_count":0,"_bbp_total_reply_count":0,"_bbp_voice_count":0,"_bbp_anonymous_reply_count":0,"_bbp_topic_count_hidden":0,"_bbp_reply_count_hidden":0,"_bbp_forum_subforum_count":0,"footnotes":""},"class_list":["post-77","page","type-page","status-publish","hentry"],"post_mailing_queue_ids":[],"_links":{"self":[{"href":"https:\/\/agora.xtec.cat\/ceipulldecona\/wp-json\/wp\/v2\/pages\/77","targetHints":{"allow":["GET"]}}],"collection":[{"href":"https:\/\/agora.xtec.cat\/ceipulldecona\/wp-json\/wp\/v2\/pages"}],"about":[{"href":"https:\/\/agora.xtec.cat\/ceipulldecona\/wp-json\/wp\/v2\/types\/page"}],"author":[{"embeddable":true,"href":"https:\/\/agora.xtec.cat\/ceipulldecona\/wp-json\/wp\/v2\/users\/1"}],"replies":[{"embeddable":true,"href":"https:\/\/agora.xtec.cat\/ceipulldecona\/wp-json\/wp\/v2\/comments?post=77"}],"version-history":[{"count":4,"href":"https:\/\/agora.xtec.cat\/ceipulldecona\/wp-json\/wp\/v2\/pages\/77\/revisions"}],"predecessor-version":[{"id":17372,"href":"https:\/\/agora.xtec.cat\/ceipulldecona\/wp-json\/wp\/v2\/pages\/77\/revisions\/17372"}],"up":[{"embeddable":true,"href":"https:\/\/agora.xtec.cat\/ceipulldecona\/wp-json\/wp\/v2\/pages\/66"}],"wp:attachment":[{"href":"https:\/\/agora.xtec.cat\/ceipulldecona\/wp-json\/wp\/v2\/media?parent=77"}],"curies":[{"name":"wp","href":"https:\/\/api.w.org\/{rel}","templated":true}]}}