{"id":71,"date":"2014-09-18T12:44:56","date_gmt":"2014-09-18T11:44:56","guid":{"rendered":"http:\/\/agora.xtec.cat\/ceipulldecona\/?page_id=71"},"modified":"2018-03-05T08:40:06","modified_gmt":"2018-03-05T07:40:06","slug":"serveis-digitals","status":"publish","type":"page","link":"https:\/\/agora.xtec.cat\/ceipulldecona\/serveis\/serveis-digitals\/","title":{"rendered":"Serveis digitals"},"content":{"rendered":"<p>L\u2019oferta de\u00a0<strong>serveis\u00a0digitals<\/strong>\u00a0constitueix un element\u00a0molt important del nostre centre.<\/p>\n<p>L&#8217;escola compta amb dues aules d&#8217;inform\u00e0tica: una d&#8217;infantil i l&#8217;altra de prim\u00e0ria. La majoria de les aules ordin\u00e0ries tenen pissarres digitals o canons. Aquest curs 2017-18 amb\u00a0l&#8217;ajuda de l&#8217;AMPA es volen comprar monitors t\u00e0ctils per a les aules que no tenen cap suport digital.<\/p>\n","protected":false},"excerpt":{"rendered":"<p>L\u2019oferta de\u00a0serveis\u00a0digitals\u00a0constitueix un element\u00a0molt important del nostre centre.<br \/>\nL&#8217;escola compta amb dues aules d&#8217;inform\u00e0tica: una d&#8217;infantil i l&#8217;altra de prim\u00e0ria. La majoria de les aules ordin\u00e0ries tenen pissarres digitals o canons. Aquest curs 2017-18 amb\u00a0l&#8217;ajuda de l&#8217;AMPA es volen comprar monitors t\u00e0ctils per a les aules&hellip;  <a href=\"https:\/\/agora.xtec.cat\/ceipulldecona\/serveis\/serveis-digitals\/\" title=\"Read Serveis digitals\">Llegeix m\u00e9s\u00bb<\/a><\/p>\n","protected":false},"author":1,"featured_media":0,"parent":66,"menu_order":10,"comment_status":"closed","ping_status":"closed","template":"page-templates\/side-menu.php","meta":{"_bbp_topic_count":0,"_bbp_reply_count":0,"_bbp_total_topic_count":0,"_bbp_total_reply_count":0,"_bbp_voice_count":0,"_bbp_anonymous_reply_count":0,"_bbp_topic_count_hidden":0,"_bbp_reply_count_hidden":0,"_bbp_forum_subforum_count":0,"footnotes":""},"class_list":["post-71","page","type-page","status-publish","hentry"],"post_mailing_queue_ids":[],"_links":{"self":[{"href":"https:\/\/agora.xtec.cat\/ceipulldecona\/wp-json\/wp\/v2\/pages\/71","targetHints":{"allow":["GET"]}}],"collection":[{"href":"https:\/\/agora.xtec.cat\/ceipulldecona\/wp-json\/wp\/v2\/pages"}],"about":[{"href":"https:\/\/agora.xtec.cat\/ceipulldecona\/wp-json\/wp\/v2\/types\/page"}],"author":[{"embeddable":true,"href":"https:\/\/agora.xtec.cat\/ceipulldecona\/wp-json\/wp\/v2\/users\/1"}],"replies":[{"embeddable":true,"href":"https:\/\/agora.xtec.cat\/ceipulldecona\/wp-json\/wp\/v2\/comments?post=71"}],"version-history":[{"count":3,"href":"https:\/\/agora.xtec.cat\/ceipulldecona\/wp-json\/wp\/v2\/pages\/71\/revisions"}],"predecessor-version":[{"id":1953,"href":"https:\/\/agora.xtec.cat\/ceipulldecona\/wp-json\/wp\/v2\/pages\/71\/revisions\/1953"}],"up":[{"embeddable":true,"href":"https:\/\/agora.xtec.cat\/ceipulldecona\/wp-json\/wp\/v2\/pages\/66"}],"wp:attachment":[{"href":"https:\/\/agora.xtec.cat\/ceipulldecona\/wp-json\/wp\/v2\/media?parent=71"}],"curies":[{"name":"wp","href":"https:\/\/api.w.org\/{rel}","templated":true}]}}