{"id":64,"date":"2014-09-18T12:39:08","date_gmt":"2014-09-18T11:39:08","guid":{"rendered":"http:\/\/agora.xtec.cat\/ceipulldecona\/?page_id=64"},"modified":"2017-11-14T12:07:50","modified_gmt":"2017-11-14T11:07:50","slug":"projecte-educatiu","status":"publish","type":"page","link":"https:\/\/agora.xtec.cat\/ceipulldecona\/projecte-educatiu\/","title":{"rendered":"Projecte educatiu"},"content":{"rendered":"<p>L\u2019equip docent, \u00a0com a professionals de l&#8217;ensenyament, ens proposem durant aquest curs<b> educa<\/b>r als nostres xiquets\/es, en el sentit m\u00e9s ample de la paraula , per tal d&#8217;afavorir no sols l&#8217;assoliment d&#8217;aprenentatges, sin\u00f3 principalment l&#8217;adquisici\u00f3 de <b>capacitats i aptituds<\/b> que els permetin desenvolupar-se d&#8217;una manera <b>integral<\/b> com a <b>persones<\/b>, adaptant-se harm\u00f2nicament a l&#8217;entorn del qual formen part. Tenint en compte la nostra realitat actual, pensem que \u00e9s prioritari que els\/les \u00a0nostres alumnes \u00a0&#8220;<b>aprenguen a aprendre , aprenguen a ser \u00a0i aprenguen a estar&#8221;.<\/b><\/p>\n<p>Ens esfor\u00e7arem perque totes les actuacions educatives que portessin a terme estiguin en perfecta sintonia amb una<b> educaci\u00f3 \u00a0tolerant,<\/b> <b>pluriling\u00fce, intercultural<\/b>, <b>pacifista<\/b>, <b>solid\u00e0ria<\/b>, <b>integradora<\/b>,<b> respectuosa amb l&#8217;entorn<\/b>,<b> no consumista<\/b>, <b>coeducadora<\/b>, valoradora de la<b> pr\u00f2pia identitat <\/b>i de tota la riquesa que ens aporta la <b>diversitat<\/b>.<\/p>\n<p>Pensem que aix\u00f2 \u00e9s una<b> labor conjunta<\/b> :<b> escola \/ fam\u00edlia \/societat,<\/b> en la que cada estament t\u00e9 la seua funci\u00f3. Hem de treballar, per tant coordinats, sense contradiccions i sobretot amb respecte els uns cap als altres.<\/p>\n","protected":false},"excerpt":{"rendered":"<p>L\u2019equip docent, \u00a0com a professionals de l&#8217;ensenyament, ens proposem durant aquest curs educar als nostres xiquets\/es, en el sentit m\u00e9s ample de la paraula , per tal d&#8217;afavorir no sols l&#8217;assoliment d&#8217;aprenentatges, sin\u00f3 principalment l&#8217;adquisici\u00f3 de capacitats i aptituds que els permetin desenvolupar-se d&#8217;una manera&hellip;  <a href=\"https:\/\/agora.xtec.cat\/ceipulldecona\/projecte-educatiu\/\" title=\"Read Projecte educatiu\">Llegeix m\u00e9s\u00bb<\/a><\/p>\n","protected":false},"author":1,"featured_media":0,"parent":0,"menu_order":0,"comment_status":"closed","ping_status":"closed","template":"page-templates\/side-menu.php","meta":{"_bbp_topic_count":0,"_bbp_reply_count":0,"_bbp_total_topic_count":0,"_bbp_total_reply_count":0,"_bbp_voice_count":0,"_bbp_anonymous_reply_count":0,"_bbp_topic_count_hidden":0,"_bbp_reply_count_hidden":0,"_bbp_forum_subforum_count":0,"footnotes":""},"class_list":["post-64","page","type-page","status-publish","hentry"],"post_mailing_queue_ids":[],"_links":{"self":[{"href":"https:\/\/agora.xtec.cat\/ceipulldecona\/wp-json\/wp\/v2\/pages\/64","targetHints":{"allow":["GET"]}}],"collection":[{"href":"https:\/\/agora.xtec.cat\/ceipulldecona\/wp-json\/wp\/v2\/pages"}],"about":[{"href":"https:\/\/agora.xtec.cat\/ceipulldecona\/wp-json\/wp\/v2\/types\/page"}],"author":[{"embeddable":true,"href":"https:\/\/agora.xtec.cat\/ceipulldecona\/wp-json\/wp\/v2\/users\/1"}],"replies":[{"embeddable":true,"href":"https:\/\/agora.xtec.cat\/ceipulldecona\/wp-json\/wp\/v2\/comments?post=64"}],"version-history":[{"count":3,"href":"https:\/\/agora.xtec.cat\/ceipulldecona\/wp-json\/wp\/v2\/pages\/64\/revisions"}],"predecessor-version":[{"id":529,"href":"https:\/\/agora.xtec.cat\/ceipulldecona\/wp-json\/wp\/v2\/pages\/64\/revisions\/529"}],"wp:attachment":[{"href":"https:\/\/agora.xtec.cat\/ceipulldecona\/wp-json\/wp\/v2\/media?parent=64"}],"curies":[{"name":"wp","href":"https:\/\/api.w.org\/{rel}","templated":true}]}}