{"id":34,"date":"2014-09-18T12:32:18","date_gmt":"2014-09-18T11:32:18","guid":{"rendered":"http:\/\/agora.xtec.cat\/ceipulldecona\/?page_id=34"},"modified":"2025-02-27T09:54:20","modified_gmt":"2025-02-27T08:54:20","slug":"oferta-educativa","status":"publish","type":"page","link":"https:\/\/agora.xtec.cat\/ceipulldecona\/lescola\/oferta-educativa\/","title":{"rendered":"Oferta educativa"},"content":{"rendered":"<p>La nostra escola la formem, a part dels m\u00e9s de 450 alumnes, <b>mestres<\/b>,<strong> a<\/strong><b>uxiliars d\u2019Educaci\u00f3 Especial<\/b>, una <strong>e<\/strong><b>ducadora en Educaci\u00f3 Especial,<\/b> una<b>\u00a0T\u00e8cnica en Educaci\u00f3 Infantil,<\/b> un<b>\u00a0T\u00e8cnic en Integraci\u00f3 Social<\/b>, una educadora, <b>1 administrativa<\/b> i <b>1 bidell.<\/b><\/p>\n<p>Actualment tenim 7 grups a Educaci\u00f3 Infantil. A Educaci\u00f3 Prim\u00e0ria hi ha dos grups a 1r, 4t i 5\u00e8 i tres a 2n, 3r i 6\u00e8. Aquest curs 24-25 tenim un total de 22 grups classe.<\/p>\n<p>&nbsp;<\/p>\n","protected":false},"excerpt":{"rendered":"<p>La nostra escola la formem, a part dels m\u00e9s de 450 alumnes, mestres, auxiliars d\u2019Educaci\u00f3 Especial, una educadora en Educaci\u00f3 Especial, una\u00a0T\u00e8cnica en Educaci\u00f3 Infantil, un\u00a0T\u00e8cnic en Integraci\u00f3 Social, una educadora, 1 administrativa i 1 bidell.<br \/>\nActualment tenim 7 grups a Educaci\u00f3 Infantil. A Educaci\u00f3 Prim\u00e0ria&hellip;  <a href=\"https:\/\/agora.xtec.cat\/ceipulldecona\/lescola\/oferta-educativa\/\" title=\"Read Oferta educativa\">Llegeix m\u00e9s\u00bb<\/a><\/p>\n","protected":false},"author":1,"featured_media":0,"parent":22,"menu_order":60,"comment_status":"closed","ping_status":"closed","template":"page-templates\/side-menu.php","meta":{"_bbp_topic_count":0,"_bbp_reply_count":0,"_bbp_total_topic_count":0,"_bbp_total_reply_count":0,"_bbp_voice_count":0,"_bbp_anonymous_reply_count":0,"_bbp_topic_count_hidden":0,"_bbp_reply_count_hidden":0,"_bbp_forum_subforum_count":0,"footnotes":""},"class_list":["post-34","page","type-page","status-publish","hentry"],"post_mailing_queue_ids":[],"_links":{"self":[{"href":"https:\/\/agora.xtec.cat\/ceipulldecona\/wp-json\/wp\/v2\/pages\/34","targetHints":{"allow":["GET"]}}],"collection":[{"href":"https:\/\/agora.xtec.cat\/ceipulldecona\/wp-json\/wp\/v2\/pages"}],"about":[{"href":"https:\/\/agora.xtec.cat\/ceipulldecona\/wp-json\/wp\/v2\/types\/page"}],"author":[{"embeddable":true,"href":"https:\/\/agora.xtec.cat\/ceipulldecona\/wp-json\/wp\/v2\/users\/1"}],"replies":[{"embeddable":true,"href":"https:\/\/agora.xtec.cat\/ceipulldecona\/wp-json\/wp\/v2\/comments?post=34"}],"version-history":[{"count":4,"href":"https:\/\/agora.xtec.cat\/ceipulldecona\/wp-json\/wp\/v2\/pages\/34\/revisions"}],"predecessor-version":[{"id":19403,"href":"https:\/\/agora.xtec.cat\/ceipulldecona\/wp-json\/wp\/v2\/pages\/34\/revisions\/19403"}],"up":[{"embeddable":true,"href":"https:\/\/agora.xtec.cat\/ceipulldecona\/wp-json\/wp\/v2\/pages\/22"}],"wp:attachment":[{"href":"https:\/\/agora.xtec.cat\/ceipulldecona\/wp-json\/wp\/v2\/media?parent=34"}],"curies":[{"name":"wp","href":"https:\/\/api.w.org\/{rel}","templated":true}]}}