{"id":28,"date":"2014-09-18T12:29:35","date_gmt":"2014-09-18T11:29:35","guid":{"rendered":"http:\/\/agora.xtec.cat\/ceipulldecona\/?page_id=28"},"modified":"2025-02-27T09:44:28","modified_gmt":"2025-02-27T08:44:28","slug":"consell-escolar","status":"publish","type":"page","link":"https:\/\/agora.xtec.cat\/ceipulldecona\/lescola\/consell-escolar\/","title":{"rendered":"Consell escolar"},"content":{"rendered":"<p>El Consell Escolar de l\u2019escola Ram\u00f3n y Cajal est\u00e0 format pels seg\u00fcents membres:<\/p>\n<ul>\n<li>El director o directora, que el presideix.<\/li>\n<li>El cap o la cap d&#8217;estudis.<\/li>\n<li>Un o una representant de l&#8217;ajuntament de la localitat.<\/li>\n<li>El secretari o secret\u00e0ria del centre que assisteix amb veu i sense vot i exerceix la secretaria del consell.<\/li>\n<li>6 representants del professorat elegits pel claustre.<\/li>\n<li>6 representants dels pares i mares o tutors, elegits respectivament per ells i entre ells. Una de les persones representants dels progenitors la designa l&#8217;associaci\u00f3 de pares i mares.<\/li>\n<li>Un o una representant del personal d&#8217;administraci\u00f3 i serveis, elegit per i entre aquest personal.<\/li>\n<li>Un o una representant del personal d\u2019atenci\u00f3 educativa (TEI, TIS o EEE) pel fet de tenir unitat d\u2019educaci\u00f3 especial al centre. La representaci\u00f3 d&#8217;aquest personal no t\u00e9 la consideraci\u00f3 de representaci\u00f3 del professorat als efectes de determinar la composici\u00f3 del consell escolar.<\/li>\n<\/ul>\n<p style=\"text-align: left;\">Actualment el Consell el formen les seg\u00fcents persones:<\/p>\n<p style=\"text-align: left;\"><strong><u>\u00d2RGANS UNIPERSONALS<\/u><\/strong><\/p>\n<p>Robert Andr\u00e9s<\/p>\n<p>Marta Ortiz<\/p>\n<p>Joan Valls<\/p>\n<p style=\"text-align: left;\"><strong><u>SECTOR MESTRES<\/u><\/strong><\/p>\n<p><span style=\"font-family: inherit; font-size: 1em;\">Laura Buend\u00eda<\/span><\/p>\n<p>Mariate Paris<\/p>\n<p>Yolanda F\u00e9rn\u00e1ndez<\/p>\n<p>S\u00edlvia Franch<\/p>\n<p>Soraya Garcia<\/p>\n<p>S\u00f2nia Bel<\/p>\n<p><strong><u>SECTOR PARES I MARES ALUMNES<\/u><\/strong><\/p>\n<p><span style=\"font-family: inherit; font-size: 1em;\">Lobna Chelli<\/span><\/p>\n<p><span data-sheets-value=\"{&quot;1&quot;:2,&quot;2&quot;:&quot;Mireia Juan-Camps&quot;}\" data-sheets-userformat=\"{&quot;2&quot;:14399,&quot;3&quot;:{&quot;1&quot;:0,&quot;3&quot;:1},&quot;4&quot;:{&quot;1&quot;:3,&quot;3&quot;:2},&quot;5&quot;:{&quot;1&quot;:[{&quot;1&quot;:2,&quot;2&quot;:0,&quot;5&quot;:{&quot;1&quot;:0}},{&quot;1&quot;:0,&quot;2&quot;:0,&quot;3&quot;:3},{&quot;1&quot;:1,&quot;2&quot;:0,&quot;4&quot;:1}]},&quot;6&quot;:{&quot;1&quot;:[{&quot;1&quot;:2,&quot;2&quot;:0,&quot;5&quot;:{&quot;1&quot;:2,&quot;2&quot;:0}},{&quot;1&quot;:0,&quot;2&quot;:0,&quot;3&quot;:3},{&quot;1&quot;:1,&quot;2&quot;:0,&quot;4&quot;:1}]},&quot;7&quot;:{&quot;1&quot;:[{&quot;1&quot;:2,&quot;2&quot;:0,&quot;5&quot;:{&quot;1&quot;:2,&quot;2&quot;:0}},{&quot;1&quot;:0,&quot;2&quot;:0,&quot;3&quot;:3},{&quot;1&quot;:1,&quot;2&quot;:0,&quot;4&quot;:1}]},&quot;8&quot;:{&quot;1&quot;:[{&quot;1&quot;:2,&quot;2&quot;:0,&quot;5&quot;:{&quot;1&quot;:2,&quot;2&quot;:0}},{&quot;1&quot;:0,&quot;2&quot;:0,&quot;3&quot;:3},{&quot;1&quot;:1,&quot;2&quot;:0,&quot;4&quot;:1}]},&quot;14&quot;:{&quot;1&quot;:3,&quot;3&quot;:1},&quot;15&quot;:&quot;Calibri&quot;,&quot;16&quot;:9}\">Mireia Juan-Camps<\/span><\/p>\n<p>Anna Red\u00f3<\/p>\n<p>Maria Bordes<\/p>\n<p>Anna Julian<\/p>\n<p style=\"text-align: left;\"><strong><u>REPRESENTANT PERSONAL ADMINISTRACI\u00d3 I SERVEIS<\/u><\/strong><\/p>\n<p><span style=\"font-family: inherit; font-size: 1em;\">Carme V\u00e9lez<\/span><\/p>\n<p style=\"text-align: left;\"><strong><u>REPRESENTANT PERSONAL D\u2019ATENCI\u00d3 EDUCATIVA<\/u><\/strong><\/p>\n<p style=\"text-align: left;\">Maite Flores<\/p>\n<p style=\"text-align: left;\"><strong><u>REPRESENTANT DE L\u2019AJUNTAMENT<\/u><\/strong><\/p>\n<p style=\"text-align: left;\">Cati Brusca Campos<\/p>\n<p style=\"text-align: left;\"><strong><u>REPRESENTANT DE L\u2019AFA<\/u><\/strong><\/p>\n<p>Neus Guiu<\/p>\n<p>&nbsp;<\/p>\n<p>&nbsp;<\/p>\n<p style=\"text-align: left;\"><strong><u>COMISIONS<\/u><\/strong><\/p>\n<p style=\"text-align: left;\">Els membres que formen part de la Comissi\u00f3 Econ\u00f2mica s\u00f3n:<\/p>\n<table class=\" aligncenter\" style=\"height: 183px; width: 76.4002%;\">\n<tbody>\n<tr style=\"height: 31px;\">\n<td style=\"height: 31px; width: 20.5946%;\">Robert Andr\u00e9s Sansixto<\/td>\n<td style=\"height: 31px; width: 19.942%;\">Presidenta (directora del centre)<\/td>\n<\/tr>\n<tr style=\"height: 31px;\">\n<td style=\"height: 31px; width: 20.5946%;\">Anna Julian<\/td>\n<td style=\"height: 31px; width: 19.942%;\">Representant pares i mares<\/td>\n<\/tr>\n<tr style=\"height: 31px;\">\n<td style=\"height: 31px; width: 20.5946%;\">Sonia Ble<\/td>\n<td style=\"height: 31px; width: 19.942%;\">Representant mestres<\/td>\n<\/tr>\n<tr style=\"height: 31px;\">\n<td style=\"height: 31px; width: 20.5946%;\">Cati Brusca Campos<\/td>\n<td style=\"height: 31px; width: 19.942%;\">Representant ajuntament<\/td>\n<\/tr>\n<tr style=\"height: 31px;\">\n<td style=\"height: 31px; width: 20.5946%;\">Joan Valls Yvars<\/td>\n<td style=\"height: 31px; width: 19.942%;\">Secretari (secretari del centre)<\/td>\n<\/tr>\n<\/tbody>\n<\/table>\n<p>&nbsp;<\/p>\n<p style=\"text-align: left;\">Els membres que formen part de la Comissi\u00f3 de Conviv\u00e8ncia s\u00f3n:<\/p>\n<table class=\" aligncenter\" style=\"width: 41.0312%; height: 178px;\">\n<tbody>\n<tr>\n<td width=\"284\">Robert Andr\u00e9s Sansixto<\/td>\n<td width=\"275\">Presidenta (directora del centre)<\/td>\n<\/tr>\n<tr>\n<td width=\"284\"><\/td>\n<td width=\"275\">Representant pares i mares<\/td>\n<\/tr>\n<tr>\n<td width=\"284\"><\/td>\n<td width=\"275\">Representant mestres<\/td>\n<\/tr>\n<tr>\n<td width=\"284\">Cati Brusca Campos<\/td>\n<td width=\"275\">Representant ajuntament<\/td>\n<\/tr>\n<tr>\n<td width=\"284\">Joan Valls Yvars<\/td>\n<td width=\"275\">Secretari (secretari del centre)<\/td>\n<\/tr>\n<\/tbody>\n<\/table>\n<p>&nbsp;<\/p>\n<p>&nbsp;<\/p>\n<p style=\"text-align: left;\"><strong><u>Representants del Consell en coeducaci\u00f3:<\/u><\/strong><\/p>\n<p style=\"text-align: left;\">\n<p>&nbsp;<\/p>\n<p>&nbsp;<\/p>\n","protected":false},"excerpt":{"rendered":"<p>El Consell Escolar de l\u2019escola Ram\u00f3n y Cajal est\u00e0 format pels seg\u00fcents membres:<\/p>\n<ul>\n<li>El director o directora, que el presideix.<\/li>\n<li>El cap o la cap d&#8217;estudis.<\/li>\n<li>Un o una representant de l&#8217;ajuntament de la localitat.<\/li>\n<li>El secretari o secret\u00e0ria del centre que assisteix amb veu i sense vot i&hellip;  <a href=\"https:\/\/agora.xtec.cat\/ceipulldecona\/lescola\/consell-escolar\/\" title=\"Read Consell escolar\">Llegeix m\u00e9s\u00bb<\/a><br \/>\n","protected":false},"author":1,"featured_media":0,"parent":22,"menu_order":30,"comment_status":"closed","ping_status":"closed","template":"page-templates\/side-menu.php","meta":{"_bbp_topic_count":0,"_bbp_reply_count":0,"_bbp_total_topic_count":0,"_bbp_total_reply_count":0,"_bbp_voice_count":0,"_bbp_anonymous_reply_count":0,"_bbp_topic_count_hidden":0,"_bbp_reply_count_hidden":0,"_bbp_forum_subforum_count":0,"footnotes":""},"class_list":["post-28","page","type-page","status-publish","hentry"],"post_mailing_queue_ids":[],"_links":{"self":[{"href":"https:\/\/agora.xtec.cat\/ceipulldecona\/wp-json\/wp\/v2\/pages\/28","targetHints":{"allow":["GET"]}}],"collection":[{"href":"https:\/\/agora.xtec.cat\/ceipulldecona\/wp-json\/wp\/v2\/pages"}],"about":[{"href":"https:\/\/agora.xtec.cat\/ceipulldecona\/wp-json\/wp\/v2\/types\/page"}],"author":[{"embeddable":true,"href":"https:\/\/agora.xtec.cat\/ceipulldecona\/wp-json\/wp\/v2\/users\/1"}],"replies":[{"embeddable":true,"href":"https:\/\/agora.xtec.cat\/ceipulldecona\/wp-json\/wp\/v2\/comments?post=28"}],"version-history":[{"count":5,"href":"https:\/\/agora.xtec.cat\/ceipulldecona\/wp-json\/wp\/v2\/pages\/28\/revisions"}],"predecessor-version":[{"id":19399,"href":"https:\/\/agora.xtec.cat\/ceipulldecona\/wp-json\/wp\/v2\/pages\/28\/revisions\/19399"}],"up":[{"embeddable":true,"href":"https:\/\/agora.xtec.cat\/ceipulldecona\/wp-json\/wp\/v2\/pages\/22"}],"wp:attachment":[{"href":"https:\/\/agora.xtec.cat\/ceipulldecona\/wp-json\/wp\/v2\/media?parent=28"}],"curies":[{"name":"wp","href":"https:\/\/api.w.org\/{rel}","templated":true}]}}