{"id":26,"date":"2017-09-13T12:24:32","date_gmt":"2017-09-13T10:24:32","guid":{"rendered":"http:\/\/agora.xtec.cat\/ceipulldecona\/?page_id=26"},"modified":"2018-02-20T11:08:14","modified_gmt":"2018-02-20T10:08:14","slug":"historia","status":"publish","type":"page","link":"https:\/\/agora.xtec.cat\/ceipulldecona\/lescola\/historia\/","title":{"rendered":"Hist\u00f2ria"},"content":{"rendered":"<p>L&#8217;escola &#8220;Ram\u00f3n y Cajal&#8221; neix, com a tal, per la fusi\u00f3 en un sol centre i amb direcci\u00f3 \u00fanica, de les escoles de p\u00e0rvuls i graduades de nois i noies existents en la poblaci\u00f3.L&#8217;edifici m\u00e9s antic fou constru\u00eft per aquest motiu l&#8217;any 1.932 i el primer curs amb funcionament complert fou el 1933-34. (informaci\u00f3 donada per l\u2019ex-alumne Sr. Minguet).<\/p>\n<p>Com a conseq\u00fc\u00e8ncia del tancament del col\u00b7legi de Monges Carmelites l&#8217;any 1971 es crea la necessitat de fer una ampliaci\u00f3, per tal d&#8217;acollir a les alumnes d&#8217;aquest col\u00b7legi. Provisionalment s&#8217;ocupen unes aules del centre homologat de BUP mentre es construeix un m\u00f2dul de 8 aules al costat de l&#8217;edifici vell.<\/p>\n<p>Amb la reforma de la Llei d\u2019Educaci\u00f3 de l\u2019any 1970, se suprimeixen aix\u00ed mateix les escoles dels barris de Valentins, Castell, Sant Joan del Pas i Ventalles, posant-se en funcionament el servei de Transport Escolar des d\u2019aquestes localitats.<\/p>\n<p>M\u00e9s tard s&#8217;integren tamb\u00e9 en aquest Centre els alumnes de Segona Etapa dels pobles ve\u00efns de Sant Rafel del Riu (Castell\u00f3), Godall i La Galera. Per acomodar tots aquests alumnes es van construir noves aules, quedant el Centre, estructurat en quatre edificis ocupats respectivament per P\u00e0rvuls, Cicle Inicial, Cicle Mitj\u00e0 i Cicle Superior.<\/p>\n<p>En cursos posteriors i com a conseq\u00fc\u00e8ncia de la davallada de la natalitat, la supressi\u00f3 del transport escolar de Godall i La Galera i,\u00a0 per tant, la no assist\u00e8ncia al centre dels alumnes de Segona Etapa d\u2019aquestes dues poblacions, la implantaci\u00f3 de l&#8217;ESO,\u00a0 la construcci\u00f3 de noves depend\u00e8ncies, com ara les aules de laboratori, audiovisuals, pl\u00e0stica i un nou menjador escolar, aix\u00ed com una aula d\u2019usos m\u00faltiples i l\u2019any 2001 amb la remodelaci\u00f3 de l\u2019edifici vell, el Centre gaudeix d\u2019espai suficient per a totes les seves funcions.<\/p>\n","protected":false},"excerpt":{"rendered":"<p>L&#8217;escola &#8220;Ram\u00f3n y Cajal&#8221; neix, com a tal, per la fusi\u00f3 en un sol centre i amb direcci\u00f3 \u00fanica, de les escoles de p\u00e0rvuls i graduades de nois i noies existents en la poblaci\u00f3.L&#8217;edifici m\u00e9s antic fou constru\u00eft per aquest motiu l&#8217;any 1.932 i el&hellip;  <a href=\"https:\/\/agora.xtec.cat\/ceipulldecona\/lescola\/historia\/\" title=\"Read Hist\u00f2ria\">Llegeix m\u00e9s\u00bb<\/a><\/p>\n","protected":false},"author":1,"featured_media":0,"parent":22,"menu_order":20,"comment_status":"closed","ping_status":"closed","template":"page-templates\/side-menu.php","meta":{"_bbp_topic_count":0,"_bbp_reply_count":0,"_bbp_total_topic_count":0,"_bbp_total_reply_count":0,"_bbp_voice_count":0,"_bbp_anonymous_reply_count":0,"_bbp_topic_count_hidden":0,"_bbp_reply_count_hidden":0,"_bbp_forum_subforum_count":0,"footnotes":""},"class_list":["post-26","page","type-page","status-publish","hentry"],"post_mailing_queue_ids":[],"_links":{"self":[{"href":"https:\/\/agora.xtec.cat\/ceipulldecona\/wp-json\/wp\/v2\/pages\/26","targetHints":{"allow":["GET"]}}],"collection":[{"href":"https:\/\/agora.xtec.cat\/ceipulldecona\/wp-json\/wp\/v2\/pages"}],"about":[{"href":"https:\/\/agora.xtec.cat\/ceipulldecona\/wp-json\/wp\/v2\/types\/page"}],"author":[{"embeddable":true,"href":"https:\/\/agora.xtec.cat\/ceipulldecona\/wp-json\/wp\/v2\/users\/1"}],"replies":[{"embeddable":true,"href":"https:\/\/agora.xtec.cat\/ceipulldecona\/wp-json\/wp\/v2\/comments?post=26"}],"version-history":[{"count":4,"href":"https:\/\/agora.xtec.cat\/ceipulldecona\/wp-json\/wp\/v2\/pages\/26\/revisions"}],"predecessor-version":[{"id":620,"href":"https:\/\/agora.xtec.cat\/ceipulldecona\/wp-json\/wp\/v2\/pages\/26\/revisions\/620"}],"up":[{"embeddable":true,"href":"https:\/\/agora.xtec.cat\/ceipulldecona\/wp-json\/wp\/v2\/pages\/22"}],"wp:attachment":[{"href":"https:\/\/agora.xtec.cat\/ceipulldecona\/wp-json\/wp\/v2\/media?parent=26"}],"curies":[{"name":"wp","href":"https:\/\/api.w.org\/{rel}","templated":true}]}}