{"id":18775,"date":"2024-02-22T13:19:43","date_gmt":"2024-02-22T12:19:43","guid":{"rendered":"https:\/\/agora.xtec.cat\/ceipulldecona\/?page_id=18775"},"modified":"2026-03-02T15:42:38","modified_gmt":"2026-03-02T14:42:38","slug":"preinscripcio-i-matricula-curs-2024-2025","status":"publish","type":"page","link":"https:\/\/agora.xtec.cat\/ceipulldecona\/","title":{"rendered":"PREINSCRIPCI\u00d3 ESCOLAR &#8211; CURS 2026-2027"},"content":{"rendered":"<p><span style=\"font-family: inherit; font-size: 1em;\">En aquest espai podreu trobar tota la informaci\u00f3 sobre el proc\u00e9s\u00a0<\/span><span style=\"font-family: inherit; font-size: 1em;\">de preinscripci\u00f3 esc<\/span><span style=\"font-family: inherit; font-size: 1em;\">o<\/span><span style=\"font-family: inherit; font-size: 1em;\">lar <\/span><span style=\"font-family: inherit; font-size: 1em;\">per <\/span><span style=\"font-family: inherit; font-size: 1em;\">al c<\/span><span style=\"font-family: inherit; font-size: 1em;\">urs 2026-2027.<\/span><\/p>\n<h4 style=\"text-align: right;\"><span style=\"color: #ff6600;\"><strong>PORTES OBERTES <\/strong><\/span><\/h4>\n<h4 style=\"text-align: right;\"><span style=\"color: #ff6600;\"><strong>ESCOLA RAM\u00d3N Y CAJAL <\/strong><\/span><\/h4>\n<h4 style=\"text-align: right;\"><span style=\"color: #ff6600;\"><strong>4 DE MAR\u00c7 9:15 H.<\/strong><\/span><\/h4>\n<p><strong>Del 4 al 18 de mar\u00e7 de 2025 (a partir de les 9 hores):\u00a0 \u00a0Utilitza els\u00a0 seg\u00fcents enlla\u00e7os:<\/strong><\/p>\n<p><strong><a href=\"https:\/\/preinscripcio.gencat.cat\/ca\/estudis\/infantil-3-6\/inici\/\">TOTA LA INFORMACI\u00d3 DEL PROCEDIMENT<img loading=\"lazy\" decoding=\"async\" class=\"alignright size-medium wp-image-20054\" src=\"https:\/\/agora.xtec.cat\/ceipulldecona\/wp-content\/uploads\/usu1119\/2026\/02\/baner-web-preinscripcio-300x235.webp\" alt=\"\" width=\"300\" height=\"235\" srcset=\"https:\/\/agora.xtec.cat\/ceipulldecona\/wp-content\/uploads\/usu1119\/2026\/02\/baner-web-preinscripcio-300x235.webp 300w, https:\/\/agora.xtec.cat\/ceipulldecona\/wp-content\/uploads\/usu1119\/2026\/02\/baner-web-preinscripcio.webp 572w\" sizes=\"auto, (max-width: 300px) 100vw, 300px\" \/><\/a> <\/strong><\/p>\n<p><span style=\"color: #ff6600;\"><a style=\"color: #ff6600;\" href=\"https:\/\/preinscripcio.gencat.cat\/ca\/estudis\/infantil-3-6\/preinscriute\/sollicitud\/\"><strong>Presenta la sol\u00b7licitud<\/strong><\/a><\/span><\/p>\n<p><a href=\"https:\/\/drive.google.com\/file\/d\/1QlotbCGc6yr2RL5qwqFnNam0En73pUsq\/view?usp=sharing\">INFOGRAF\u00cdA DE LA PREINSCRIPCI\u00d3<\/a><\/p>\n<p><a href=\"https:\/\/preinscripcio.gencat.cat\/ca\/estudis\/infantil-3-6\/inici\/\">Web informativa del departament d&#8217;Educaci\u00f3:<\/a><\/p>\n<p><a href=\"https:\/\/drive.google.com\/file\/d\/1TdLRl0XnBy5T6OLtyUNRTpc4s-rvZUii\/view?usp=sharing\">TR\u00cdPTIC INFORMATIU DE L&#8217;ESCOLA<\/a><\/p>\n<p><a href=\"https:\/\/drive.google.com\/file\/d\/1Kd-4-_RkLpEjOYCfkHylOClDwWZJW9lD\/view?usp=sharing\">INFORMACI\u00d3 DEL SERVEI D&#8217;ACOLLIDA MATINAL I EL SERVEI DE MENJADOR<\/a><\/p>\n<p><span style=\"font-family: inherit; font-size: 1em;\">*La informaci\u00f3 s&#8217;anir\u00e0 actualitzant a mida que vagi avan\u00e7ant el proc\u00e9s.<\/span><\/p>\n","protected":false},"excerpt":{"rendered":"<p>En aquest espai podreu trobar tota la informaci\u00f3 sobre el proc\u00e9s\u00a0de preinscripci\u00f3 escolar per al curs 2026-2027.<br \/>\nPORTES OBERTES<br \/>\nESCOLA RAM\u00d3N Y CAJAL<br \/>\n4 DE MAR\u00c7 9:15 H.<br \/>\nDel 4 al 18 de mar\u00e7 de 2025 (a partir de les 9 hores):\u00a0 \u00a0Utilitza els\u00a0 seg\u00fcents enlla\u00e7os:<br \/>\n<a href=\"https:\/\/preinscripcio.gencat.cat\/ca\/estudis\/infantil-3-6\/inici\/\">TOTA&hellip;  <a href=\"https:\/\/agora.xtec.cat\/ceipulldecona\/\" title=\"Read PREINSCRIPCI\u00d3 ESCOLAR &#8211; CURS 2026-2027\">Llegeix m\u00e9s\u00bb<\/a><\/p>\n","protected":false},"author":1,"featured_media":0,"parent":0,"menu_order":0,"comment_status":"closed","ping_status":"closed","template":"","meta":{"_bbp_topic_count":0,"_bbp_reply_count":0,"_bbp_total_topic_count":0,"_bbp_total_reply_count":0,"_bbp_voice_count":0,"_bbp_anonymous_reply_count":0,"_bbp_topic_count_hidden":0,"_bbp_reply_count_hidden":0,"_bbp_forum_subforum_count":0,"footnotes":""},"class_list":["post-18775","page","type-page","status-publish","hentry"],"post_mailing_queue_ids":[],"_links":{"self":[{"href":"https:\/\/agora.xtec.cat\/ceipulldecona\/wp-json\/wp\/v2\/pages\/18775","targetHints":{"allow":["GET"]}}],"collection":[{"href":"https:\/\/agora.xtec.cat\/ceipulldecona\/wp-json\/wp\/v2\/pages"}],"about":[{"href":"https:\/\/agora.xtec.cat\/ceipulldecona\/wp-json\/wp\/v2\/types\/page"}],"author":[{"embeddable":true,"href":"https:\/\/agora.xtec.cat\/ceipulldecona\/wp-json\/wp\/v2\/users\/1"}],"replies":[{"embeddable":true,"href":"https:\/\/agora.xtec.cat\/ceipulldecona\/wp-json\/wp\/v2\/comments?post=18775"}],"version-history":[{"count":6,"href":"https:\/\/agora.xtec.cat\/ceipulldecona\/wp-json\/wp\/v2\/pages\/18775\/revisions"}],"predecessor-version":[{"id":20063,"href":"https:\/\/agora.xtec.cat\/ceipulldecona\/wp-json\/wp\/v2\/pages\/18775\/revisions\/20063"}],"wp:attachment":[{"href":"https:\/\/agora.xtec.cat\/ceipulldecona\/wp-json\/wp\/v2\/media?parent=18775"}],"curies":[{"name":"wp","href":"https:\/\/api.w.org\/{rel}","templated":true}]}}