{"id":17106,"date":"2022-02-28T17:12:02","date_gmt":"2022-02-28T16:12:02","guid":{"rendered":"https:\/\/agora.xtec.cat\/ceipulldecona\/?page_id=17106"},"modified":"2024-04-09T10:27:46","modified_gmt":"2024-04-09T08:27:46","slug":"comunicacio-amb-la-comunitat-educativa","status":"publish","type":"page","link":"https:\/\/agora.xtec.cat\/ceipulldecona\/comunicacio-amb-la-comunitat-educativa\/","title":{"rendered":"COMUNICACI\u00d3 AMB LA COMUNITAT EDUCATIVA"},"content":{"rendered":"<p>A l\u2019escola utilitzem l\u2019app Classdojo que \u00e9s una plataforma virtual per poder treballar a l\u2019aula juntament amb les fam\u00edlies.<\/p>\n<p>La utilitzem com a mitj\u00e0 de comunicaci\u00f3 ja que \u00e9s instant\u00e0nia. Els missatges que s\u2019envien poden ser personals, d\u2019aula o d\u2019escola. Nom\u00e9s cal instal\u00b7lar-se l\u2019app o entrar al web https:\/\/www.classdojo.com\/es-es\/, registrar-se i posar el codi que us facilita la mestra.<\/p>\n<p><a href=\"https:\/\/agora.xtec.cat\/ceipulldecona\/wp-content\/uploads\/usu1119\/2022\/03\/Classdojo.png\"><img loading=\"lazy\" decoding=\"async\" class=\"alignnone wp-image-17120\" src=\"https:\/\/agora.xtec.cat\/ceipulldecona\/wp-content\/uploads\/usu1119\/2022\/03\/Classdojo-150x150.png\" alt=\"\" width=\"87\" height=\"87\" srcset=\"https:\/\/agora.xtec.cat\/ceipulldecona\/wp-content\/uploads\/usu1119\/2022\/03\/Classdojo-150x150.png 150w, https:\/\/agora.xtec.cat\/ceipulldecona\/wp-content\/uploads\/usu1119\/2022\/03\/Classdojo-300x300.png 300w, https:\/\/agora.xtec.cat\/ceipulldecona\/wp-content\/uploads\/usu1119\/2022\/03\/Classdojo.png 512w\" sizes=\"auto, (max-width: 87px) 100vw, 87px\" \/><\/a><\/p>\n<p>Un altre mitj\u00e0 de comunicaci\u00f3 \u00e9s amb el WhatsApp. Els missatges s&#8217;envien per classes, cicles o a tots els contactes de l&#8217;escola.<\/p>\n<p><a href=\"https:\/\/agora.xtec.cat\/ceipulldecona\/wp-content\/uploads\/usu1119\/2022\/03\/whatsapp-logo-11.png\"><img loading=\"lazy\" decoding=\"async\" class=\"alignnone wp-image-17123\" src=\"https:\/\/agora.xtec.cat\/ceipulldecona\/wp-content\/uploads\/usu1119\/2022\/03\/whatsapp-logo-11-150x150.png\" alt=\"\" width=\"89\" height=\"89\" srcset=\"https:\/\/agora.xtec.cat\/ceipulldecona\/wp-content\/uploads\/usu1119\/2022\/03\/whatsapp-logo-11-150x150.png 150w, https:\/\/agora.xtec.cat\/ceipulldecona\/wp-content\/uploads\/usu1119\/2022\/03\/whatsapp-logo-11-300x300.png 300w, https:\/\/agora.xtec.cat\/ceipulldecona\/wp-content\/uploads\/usu1119\/2022\/03\/whatsapp-logo-11-1019x1024.png 1019w, https:\/\/agora.xtec.cat\/ceipulldecona\/wp-content\/uploads\/usu1119\/2022\/03\/whatsapp-logo-11-768x772.png 768w, https:\/\/agora.xtec.cat\/ceipulldecona\/wp-content\/uploads\/usu1119\/2022\/03\/whatsapp-logo-11-1529x1536.png 1529w, https:\/\/agora.xtec.cat\/ceipulldecona\/wp-content\/uploads\/usu1119\/2022\/03\/whatsapp-logo-11-2039x2048.png 2039w\" sizes=\"auto, (max-width: 89px) 100vw, 89px\" \/><\/a><\/p>\n<p><a href=\"https:\/\/drive.google.com\/file\/d\/1X0971ipuTeBtifV0FIAXHomnEaKlTkw3\/view?usp=drive_link\">PLA DE COMUNICACI\u00d3 DE CENTRE<\/a><\/p>\n","protected":false},"excerpt":{"rendered":"<p>A l\u2019escola utilitzem l\u2019app Classdojo que \u00e9s una plataforma virtual per poder treballar a l\u2019aula juntament amb les fam\u00edlies.<br \/>\nLa utilitzem com a mitj\u00e0 de comunicaci\u00f3 ja que \u00e9s instant\u00e0nia. Els missatges que s\u2019envien poden ser personals, d\u2019aula o d\u2019escola. Nom\u00e9s cal instal\u00b7lar-se l\u2019app o entrar&hellip;  <a href=\"https:\/\/agora.xtec.cat\/ceipulldecona\/comunicacio-amb-la-comunitat-educativa\/\" title=\"Read COMUNICACI\u00d3 AMB LA COMUNITAT EDUCATIVA\">Llegeix m\u00e9s\u00bb<\/a><\/p>\n","protected":false},"author":1,"featured_media":0,"parent":0,"menu_order":0,"comment_status":"closed","ping_status":"closed","template":"","meta":{"_bbp_topic_count":0,"_bbp_reply_count":0,"_bbp_total_topic_count":0,"_bbp_total_reply_count":0,"_bbp_voice_count":0,"_bbp_anonymous_reply_count":0,"_bbp_topic_count_hidden":0,"_bbp_reply_count_hidden":0,"_bbp_forum_subforum_count":0,"footnotes":""},"class_list":["post-17106","page","type-page","status-publish","hentry"],"post_mailing_queue_ids":[],"_links":{"self":[{"href":"https:\/\/agora.xtec.cat\/ceipulldecona\/wp-json\/wp\/v2\/pages\/17106","targetHints":{"allow":["GET"]}}],"collection":[{"href":"https:\/\/agora.xtec.cat\/ceipulldecona\/wp-json\/wp\/v2\/pages"}],"about":[{"href":"https:\/\/agora.xtec.cat\/ceipulldecona\/wp-json\/wp\/v2\/types\/page"}],"author":[{"embeddable":true,"href":"https:\/\/agora.xtec.cat\/ceipulldecona\/wp-json\/wp\/v2\/users\/1"}],"replies":[{"embeddable":true,"href":"https:\/\/agora.xtec.cat\/ceipulldecona\/wp-json\/wp\/v2\/comments?post=17106"}],"version-history":[{"count":5,"href":"https:\/\/agora.xtec.cat\/ceipulldecona\/wp-json\/wp\/v2\/pages\/17106\/revisions"}],"predecessor-version":[{"id":18880,"href":"https:\/\/agora.xtec.cat\/ceipulldecona\/wp-json\/wp\/v2\/pages\/17106\/revisions\/18880"}],"wp:attachment":[{"href":"https:\/\/agora.xtec.cat\/ceipulldecona\/wp-json\/wp\/v2\/media?parent=17106"}],"curies":[{"name":"wp","href":"https:\/\/api.w.org\/{rel}","templated":true}]}}