{"id":17099,"date":"2022-02-28T17:04:40","date_gmt":"2022-02-28T16:04:40","guid":{"rendered":"https:\/\/agora.xtec.cat\/ceipulldecona\/?page_id=17099"},"modified":"2022-05-09T17:38:28","modified_gmt":"2022-05-09T15:38:28","slug":"avaluacio","status":"publish","type":"page","link":"https:\/\/agora.xtec.cat\/ceipulldecona\/avaluacio\/","title":{"rendered":"AVALUACI\u00d3"},"content":{"rendered":"<p>Per a realitzar el retiment de comptes en finalitzar els tres anys d&#8217;estrat\u00e8gia digital hem elaborat aquest full de calcul on s&#8217;indica l&#8217;assoliment dels objectius mitjan\u00e7ant indicadors.<\/p>\n<p><iframe loading=\"lazy\" src=\"https:\/\/docs.google.com\/spreadsheets\/d\/e\/2PACX-1vSZWhlNglH5U4w18lzBbCSwhpJ9xzdIP3F60PrCoQJftrjtqRuOvYmL5DBbBwyoOu-7iEzZj-kneeeZ\/pubhtml?widget=true&amp;headers=false\" width=\"1200\" height=\"810\"><\/iframe> <\/p>\n","protected":false},"excerpt":{"rendered":"<p>Per a realitzar el retiment de comptes en finalitzar els tres anys d&#8217;estrat\u00e8gia digital hem elaborat aquest full de calcul on s&#8217;indica l&#8217;assoliment dels objectius mitjan\u00e7ant indicadors.<\/p>\n","protected":false},"author":1,"featured_media":0,"parent":0,"menu_order":0,"comment_status":"closed","ping_status":"closed","template":"","meta":{"_bbp_topic_count":0,"_bbp_reply_count":0,"_bbp_total_topic_count":0,"_bbp_total_reply_count":0,"_bbp_voice_count":0,"_bbp_anonymous_reply_count":0,"_bbp_topic_count_hidden":0,"_bbp_reply_count_hidden":0,"_bbp_forum_subforum_count":0,"footnotes":""},"class_list":["post-17099","page","type-page","status-publish","hentry"],"post_mailing_queue_ids":[],"_links":{"self":[{"href":"https:\/\/agora.xtec.cat\/ceipulldecona\/wp-json\/wp\/v2\/pages\/17099","targetHints":{"allow":["GET"]}}],"collection":[{"href":"https:\/\/agora.xtec.cat\/ceipulldecona\/wp-json\/wp\/v2\/pages"}],"about":[{"href":"https:\/\/agora.xtec.cat\/ceipulldecona\/wp-json\/wp\/v2\/types\/page"}],"author":[{"embeddable":true,"href":"https:\/\/agora.xtec.cat\/ceipulldecona\/wp-json\/wp\/v2\/users\/1"}],"replies":[{"embeddable":true,"href":"https:\/\/agora.xtec.cat\/ceipulldecona\/wp-json\/wp\/v2\/comments?post=17099"}],"version-history":[{"count":3,"href":"https:\/\/agora.xtec.cat\/ceipulldecona\/wp-json\/wp\/v2\/pages\/17099\/revisions"}],"predecessor-version":[{"id":17183,"href":"https:\/\/agora.xtec.cat\/ceipulldecona\/wp-json\/wp\/v2\/pages\/17099\/revisions\/17183"}],"wp:attachment":[{"href":"https:\/\/agora.xtec.cat\/ceipulldecona\/wp-json\/wp\/v2\/media?parent=17099"}],"curies":[{"name":"wp","href":"https:\/\/api.w.org\/{rel}","templated":true}]}}