{"id":795,"date":"2021-09-07T01:51:58","date_gmt":"2021-09-06T23:51:58","guid":{"rendered":"https:\/\/agora.xtec.cat\/ceipturodeguiera\/?page_id=795"},"modified":"2026-01-02T12:35:36","modified_gmt":"2026-01-02T11:35:36","slug":"qui-som","status":"publish","type":"page","link":"https:\/\/agora.xtec.cat\/ceipturodeguiera\/lescola\/qui-som\/","title":{"rendered":"Qui som"},"content":{"rendered":"<p>En aquesta p\u00e0gina trobareu el nom d&#8217;aquells que formem l&#8217;equip de mestres i personal de l&#8217;escola i que volem que el Tur\u00f3 sigui cada dia una escola millor.<\/p>\n<h2><strong>Equip Directiu<\/strong><\/h2>\n<p>Director &#8211;\u00a0 <strong>David Gombau<\/strong><\/p>\n<p>Cap d&#8217;Estudis &#8211; <strong>Teresa Garcia<\/strong><\/p>\n<p>Secret\u00e0ria &#8211;\u00a0\u00a0<strong>Elisabeth Blasco<\/strong><\/p>\n<h2><strong>Educaci\u00f3 Infantil<\/strong><\/h2>\n<p>EI 3 &#8211; <strong>Nadia Flores\/Olga Mesa\u00a0 \u00a0i Eul\u00e0lia Ferr\u00e9<\/strong><\/p>\n<p>EI 4 &#8211;\u00a0<strong>Mati Alonso i Cristina Cilleros<\/strong><\/p>\n<p>EI 5 &#8211; <strong>Maria Pilar Lacaba i Carmen Santamaria<\/strong><\/p>\n<p>Codoc\u00e8ncia &#8211; <strong>M\u00aa \u00c0ngels Arnal<\/strong><\/p>\n<p>TEI &#8211; <strong>Neus Santos i Virg\u00ednia Blanca<\/strong><\/p>\n<h2><strong>Educaci\u00f3 Prim\u00e0ria<\/strong><\/h2>\n<p>1r &#8211; <strong>Kevin Gamero i Cristina P\u00e9rez\/Hannah Cruz<\/strong><\/p>\n<p>2n &#8211; <strong>Ferran Rodr\u00edguez i Esther Mart\u00edn<\/strong><\/p>\n<p>3r &#8211; <strong>M\u00f2nica Mu\u00f1oz i Anna Oset<\/strong><\/p>\n<p>4t &#8211; <strong>Cinta Jim\u00e9nez i Quim Reyes<\/strong><\/p>\n<p>5\u00e8 &#8211;\u00a0<strong>Manel Navazo i S\u00f2nia Bordallo<\/strong><\/p>\n<p>6\u00e8 &#8211;\u00a0<strong>Carme Herraiz i Javi L\u00f3pez<\/strong><\/p>\n<p>Angl\u00e8s &#8211; <strong>Elisabeth Ramos, Cinta Jim\u00e9nez i Teresa Garcia<\/strong><\/p>\n<p>Educaci\u00f3 F\u00edsica &#8211;\u00a0<strong>Berta Monta\u00f1a i Borja Calvete<\/strong><\/p>\n<p>M\u00fasica &#8211;\u00a0<strong>Xavi Esparrach i Elisabeth Blasco<\/strong><\/p>\n<p>Biblioteca:\u00a0 \u00a0<strong>Maribel Lirio<\/strong><\/p>\n<p>Religi\u00f3 &#8211;\u00a0<strong>Lourdes Paredes<\/strong><\/p>\n<p>Aula Acollida &#8211; <strong>V\u00edctor S\u00e0nchez<\/strong><\/p>\n<p>Codoc\u00e8ncia &#8211; <strong>Olga Bigord\u00e0 i Laia L\u00f3pez<\/strong><\/p>\n<h2><strong>Atenci\u00f3 a la Diversitat<\/strong><\/h2>\n<p>Ed. Infantil &#8211; <strong>Rosa Fontanet<\/strong><\/p>\n<p>Cicle Inicial i 3r &#8211; <strong>Marta L\u00f3pez i Carina Llongueras<\/strong><\/p>\n<p>4t i Cicle Superior &#8211;\u00a0<strong>Eva Berbel i V\u00edctor S\u00e0nchez<\/strong><\/p>\n<p>SIEI<strong> &#8211; Marta L\u00f3pez\u00a0<\/strong><\/p>\n<p>Educadora &#8211; <b>Manoli Herencia<\/b><\/p>\n<h2><strong>Coordinadors<\/strong><\/h2>\n<p>Ed. Infantil &#8211;\u00a0 <strong>Eul\u00e0lia Ferr\u00e9<\/strong><\/p>\n<p>Cicle Inicial &#8211;\u00a0<strong>Esther Martin<\/strong><\/p>\n<p>Cicle Mitj\u00e0 &#8211;\u00a0 <strong>M\u00f2nica Mu\u00f1oz<\/strong><\/p>\n<p>Cicle Superior &#8211; <strong>Carme Herraiz<\/strong><\/p>\n<p>LIC &#8211; <strong>Eva Berbel<\/strong><\/p>\n<p>Digital &#8211;\u00a0<strong>Quim Reyes<\/strong><\/p>\n<p>Riscos Laborals &#8211; <strong>Borja Calvete<\/strong><\/p>\n<p>Psicopedagoga EAP<strong> &#8211; S\u00edlvia<\/strong><\/p>\n<h2><strong>PAS<\/strong><\/h2>\n<p>Secret\u00e0ria &#8211; <strong>Cristina\u00a0<\/strong><\/p>\n<p>Conserge &#8211; <strong>Juan<\/strong><\/p>\n","protected":false},"excerpt":{"rendered":"<p>En aquesta p\u00e0gina trobareu el nom d&#8217;aquells que formem l&#8217;equip de mestres i personal de l&#8217;escola i que volem que el Tur\u00f3 sigui cada dia una escola millor. Equip Directiu Director &#8211;\u00a0 David Gombau Cap d&#8217;Estudis &#8211; Teresa Garcia Secret\u00e0ria &#8211;\u00a0\u00a0Elisabeth Blasco Educaci\u00f3 Infantil EI 3 &#8211; Nadia Flores\/Olga Mesa\u00a0 \u00a0i Eul\u00e0lia Ferr\u00e9 EI 4 [&hellip;]<\/p>\n","protected":false},"author":1,"featured_media":0,"parent":22,"menu_order":15,"comment_status":"closed","ping_status":"closed","template":"","meta":{"_bbp_topic_count":0,"_bbp_reply_count":0,"_bbp_total_topic_count":0,"_bbp_total_reply_count":0,"_bbp_voice_count":0,"_bbp_anonymous_reply_count":0,"_bbp_topic_count_hidden":0,"_bbp_reply_count_hidden":0,"_bbp_forum_subforum_count":0,"site-sidebar-layout":"default","site-content-layout":"","ast-site-content-layout":"default","site-content-style":"default","site-sidebar-style":"default","ast-global-header-display":"","ast-banner-title-visibility":"","ast-main-header-display":"","ast-hfb-above-header-display":"","ast-hfb-below-header-display":"","ast-hfb-mobile-header-display":"","site-post-title":"","ast-breadcrumbs-content":"","ast-featured-img":"","footer-sml-layout":"","theme-transparent-header-meta":"","adv-header-id-meta":"","stick-header-meta":"","header-above-stick-meta":"","header-main-stick-meta":"","header-below-stick-meta":"","astra-migrate-meta-layouts":"set","ast-page-background-enabled":"default","ast-page-background-meta":{"desktop":{"background-color":"var(--ast-global-color-4)","background-image":"","background-repeat":"repeat","background-position":"center center","background-size":"auto","background-attachment":"scroll","background-type":"","background-media":"","overlay-type":"","overlay-color":"","overlay-opacity":"","overlay-gradient":""},"tablet":{"background-color":"","background-image":"","background-repeat":"repeat","background-position":"center center","background-size":"auto","background-attachment":"scroll","background-type":"","background-media":"","overlay-type":"","overlay-color":"","overlay-opacity":"","overlay-gradient":""},"mobile":{"background-color":"","background-image":"","background-repeat":"repeat","background-position":"center center","background-size":"auto","background-attachment":"scroll","background-type":"","background-media":"","overlay-type":"","overlay-color":"","overlay-opacity":"","overlay-gradient":""}},"ast-content-background-meta":{"desktop":{"background-color":"var(--ast-global-color-5)","background-image":"","background-repeat":"repeat","background-position":"center center","background-size":"auto","background-attachment":"scroll","background-type":"","background-media":"","overlay-type":"","overlay-color":"","overlay-opacity":"","overlay-gradient":""},"tablet":{"background-color":"var(--ast-global-color-5)","background-image":"","background-repeat":"repeat","background-position":"center center","background-size":"auto","background-attachment":"scroll","background-type":"","background-media":"","overlay-type":"","overlay-color":"","overlay-opacity":"","overlay-gradient":""},"mobile":{"background-color":"var(--ast-global-color-5)","background-image":"","background-repeat":"repeat","background-position":"center center","background-size":"auto","background-attachment":"scroll","background-type":"","background-media":"","overlay-type":"","overlay-color":"","overlay-opacity":"","overlay-gradient":""}},"footnotes":""},"class_list":["post-795","page","type-page","status-publish","hentry"],"post_mailing_queue_ids":[],"_links":{"self":[{"href":"https:\/\/agora.xtec.cat\/ceipturodeguiera\/wp-json\/wp\/v2\/pages\/795","targetHints":{"allow":["GET"]}}],"collection":[{"href":"https:\/\/agora.xtec.cat\/ceipturodeguiera\/wp-json\/wp\/v2\/pages"}],"about":[{"href":"https:\/\/agora.xtec.cat\/ceipturodeguiera\/wp-json\/wp\/v2\/types\/page"}],"author":[{"embeddable":true,"href":"https:\/\/agora.xtec.cat\/ceipturodeguiera\/wp-json\/wp\/v2\/users\/1"}],"replies":[{"embeddable":true,"href":"https:\/\/agora.xtec.cat\/ceipturodeguiera\/wp-json\/wp\/v2\/comments?post=795"}],"version-history":[{"count":2,"href":"https:\/\/agora.xtec.cat\/ceipturodeguiera\/wp-json\/wp\/v2\/pages\/795\/revisions"}],"predecessor-version":[{"id":12335,"href":"https:\/\/agora.xtec.cat\/ceipturodeguiera\/wp-json\/wp\/v2\/pages\/795\/revisions\/12335"}],"up":[{"embeddable":true,"href":"https:\/\/agora.xtec.cat\/ceipturodeguiera\/wp-json\/wp\/v2\/pages\/22"}],"wp:attachment":[{"href":"https:\/\/agora.xtec.cat\/ceipturodeguiera\/wp-json\/wp\/v2\/media?parent=795"}],"curies":[{"name":"wp","href":"https:\/\/api.w.org\/{rel}","templated":true}]}}