{"id":1232,"date":"2021-10-10T11:38:53","date_gmt":"2021-10-10T09:38:53","guid":{"rendered":"https:\/\/agora.xtec.cat\/ceipturodeguiera\/?page_id=1232"},"modified":"2021-10-10T11:38:53","modified_gmt":"2021-10-10T09:38:53","slug":"guia-dacords-per-a-families","status":"publish","type":"page","link":"https:\/\/agora.xtec.cat\/ceipturodeguiera\/projecte-educatiu\/guia-dacords-per-a-families\/","title":{"rendered":"Guia d&#8217;Acords per a fam\u00edlies"},"content":{"rendered":"<p>En aquesta p\u00e0gina trobareu una guia &#8211; resum dels principals acords de l&#8217;escola amb la fam\u00edlia.<\/p>\n<p><a href=\"https:\/\/agora.xtec.cat\/ceipturodeguiera\/wp-content\/uploads\/usu2627\/2021\/10\/GUIA-RAPIDA-DACORDS-DESCOLA-APART-DELS-DE-L-AGENDA_Pagina_1.jpg\"><img loading=\"lazy\" decoding=\"async\" class=\"alignnone size-large wp-image-1104\" src=\"https:\/\/agora.xtec.cat\/ceipturodeguiera\/wp-content\/uploads\/usu2627\/2021\/10\/GUIA-RAPIDA-DACORDS-DESCOLA-APART-DELS-DE-L-AGENDA_Pagina_1-724x1024.jpg\" alt=\"\" width=\"724\" height=\"1024\" srcset=\"https:\/\/agora.xtec.cat\/ceipturodeguiera\/wp-content\/uploads\/usu2627\/2021\/10\/GUIA-RAPIDA-DACORDS-DESCOLA-APART-DELS-DE-L-AGENDA_Pagina_1-724x1024.jpg 724w, https:\/\/agora.xtec.cat\/ceipturodeguiera\/wp-content\/uploads\/usu2627\/2021\/10\/GUIA-RAPIDA-DACORDS-DESCOLA-APART-DELS-DE-L-AGENDA_Pagina_1-212x300.jpg 212w, https:\/\/agora.xtec.cat\/ceipturodeguiera\/wp-content\/uploads\/usu2627\/2021\/10\/GUIA-RAPIDA-DACORDS-DESCOLA-APART-DELS-DE-L-AGENDA_Pagina_1-768x1086.jpg 768w, https:\/\/agora.xtec.cat\/ceipturodeguiera\/wp-content\/uploads\/usu2627\/2021\/10\/GUIA-RAPIDA-DACORDS-DESCOLA-APART-DELS-DE-L-AGENDA_Pagina_1-1086x1536.jpg 1086w, https:\/\/agora.xtec.cat\/ceipturodeguiera\/wp-content\/uploads\/usu2627\/2021\/10\/GUIA-RAPIDA-DACORDS-DESCOLA-APART-DELS-DE-L-AGENDA_Pagina_1-1448x2048.jpg 1448w, https:\/\/agora.xtec.cat\/ceipturodeguiera\/wp-content\/uploads\/usu2627\/2021\/10\/GUIA-RAPIDA-DACORDS-DESCOLA-APART-DELS-DE-L-AGENDA_Pagina_1.jpg 1654w\" sizes=\"auto, (max-width: 724px) 100vw, 724px\" \/><\/a> <a href=\"https:\/\/agora.xtec.cat\/ceipturodeguiera\/wp-content\/uploads\/usu2627\/2021\/10\/GUIA-RAPIDA-DACORDS-DESCOLA-APART-DELS-DE-L-AGENDA_Pagina_2.jpg\"><img loading=\"lazy\" decoding=\"async\" class=\"alignnone size-large wp-image-1105\" src=\"https:\/\/agora.xtec.cat\/ceipturodeguiera\/wp-content\/uploads\/usu2627\/2021\/10\/GUIA-RAPIDA-DACORDS-DESCOLA-APART-DELS-DE-L-AGENDA_Pagina_2-724x1024.jpg\" alt=\"\" width=\"724\" height=\"1024\" srcset=\"https:\/\/agora.xtec.cat\/ceipturodeguiera\/wp-content\/uploads\/usu2627\/2021\/10\/GUIA-RAPIDA-DACORDS-DESCOLA-APART-DELS-DE-L-AGENDA_Pagina_2-724x1024.jpg 724w, https:\/\/agora.xtec.cat\/ceipturodeguiera\/wp-content\/uploads\/usu2627\/2021\/10\/GUIA-RAPIDA-DACORDS-DESCOLA-APART-DELS-DE-L-AGENDA_Pagina_2-212x300.jpg 212w, https:\/\/agora.xtec.cat\/ceipturodeguiera\/wp-content\/uploads\/usu2627\/2021\/10\/GUIA-RAPIDA-DACORDS-DESCOLA-APART-DELS-DE-L-AGENDA_Pagina_2-768x1086.jpg 768w, https:\/\/agora.xtec.cat\/ceipturodeguiera\/wp-content\/uploads\/usu2627\/2021\/10\/GUIA-RAPIDA-DACORDS-DESCOLA-APART-DELS-DE-L-AGENDA_Pagina_2-1086x1536.jpg 1086w, https:\/\/agora.xtec.cat\/ceipturodeguiera\/wp-content\/uploads\/usu2627\/2021\/10\/GUIA-RAPIDA-DACORDS-DESCOLA-APART-DELS-DE-L-AGENDA_Pagina_2-1448x2048.jpg 1448w, https:\/\/agora.xtec.cat\/ceipturodeguiera\/wp-content\/uploads\/usu2627\/2021\/10\/GUIA-RAPIDA-DACORDS-DESCOLA-APART-DELS-DE-L-AGENDA_Pagina_2.jpg 1654w\" sizes=\"auto, (max-width: 724px) 100vw, 724px\" \/><\/a><\/p>\n","protected":false},"excerpt":{"rendered":"<p>En aquesta p\u00e0gina trobareu una guia &#8211; resum dels principals acords de l&#8217;escola amb la fam\u00edlia.<\/p>\n","protected":false},"author":1,"featured_media":0,"parent":64,"menu_order":50,"comment_status":"closed","ping_status":"closed","template":"","meta":{"_bbp_topic_count":0,"_bbp_reply_count":0,"_bbp_total_topic_count":0,"_bbp_total_reply_count":0,"_bbp_voice_count":0,"_bbp_anonymous_reply_count":0,"_bbp_topic_count_hidden":0,"_bbp_reply_count_hidden":0,"_bbp_forum_subforum_count":0,"site-sidebar-layout":"default","site-content-layout":"","ast-site-content-layout":"","site-content-style":"default","site-sidebar-style":"default","ast-global-header-display":"","ast-banner-title-visibility":"","ast-main-header-display":"","ast-hfb-above-header-display":"","ast-hfb-below-header-display":"","ast-hfb-mobile-header-display":"","site-post-title":"","ast-breadcrumbs-content":"","ast-featured-img":"","footer-sml-layout":"","theme-transparent-header-meta":"","adv-header-id-meta":"","stick-header-meta":"","header-above-stick-meta":"","header-main-stick-meta":"","header-below-stick-meta":"","astra-migrate-meta-layouts":"default","ast-page-background-enabled":"default","ast-page-background-meta":{"desktop":{"background-color":"var(--ast-global-color-4)","background-image":"","background-repeat":"repeat","background-position":"center center","background-size":"auto","background-attachment":"scroll","background-type":"","background-media":"","overlay-type":"","overlay-color":"","overlay-opacity":"","overlay-gradient":""},"tablet":{"background-color":"","background-image":"","background-repeat":"repeat","background-position":"center center","background-size":"auto","background-attachment":"scroll","background-type":"","background-media":"","overlay-type":"","overlay-color":"","overlay-opacity":"","overlay-gradient":""},"mobile":{"background-color":"","background-image":"","background-repeat":"repeat","background-position":"center center","background-size":"auto","background-attachment":"scroll","background-type":"","background-media":"","overlay-type":"","overlay-color":"","overlay-opacity":"","overlay-gradient":""}},"ast-content-background-meta":{"desktop":{"background-color":"var(--ast-global-color-5)","background-image":"","background-repeat":"repeat","background-position":"center center","background-size":"auto","background-attachment":"scroll","background-type":"","background-media":"","overlay-type":"","overlay-color":"","overlay-opacity":"","overlay-gradient":""},"tablet":{"background-color":"var(--ast-global-color-5)","background-image":"","background-repeat":"repeat","background-position":"center center","background-size":"auto","background-attachment":"scroll","background-type":"","background-media":"","overlay-type":"","overlay-color":"","overlay-opacity":"","overlay-gradient":""},"mobile":{"background-color":"var(--ast-global-color-5)","background-image":"","background-repeat":"repeat","background-position":"center center","background-size":"auto","background-attachment":"scroll","background-type":"","background-media":"","overlay-type":"","overlay-color":"","overlay-opacity":"","overlay-gradient":""}},"footnotes":""},"class_list":["post-1232","page","type-page","status-publish","hentry"],"post_mailing_queue_ids":[],"_links":{"self":[{"href":"https:\/\/agora.xtec.cat\/ceipturodeguiera\/wp-json\/wp\/v2\/pages\/1232","targetHints":{"allow":["GET"]}}],"collection":[{"href":"https:\/\/agora.xtec.cat\/ceipturodeguiera\/wp-json\/wp\/v2\/pages"}],"about":[{"href":"https:\/\/agora.xtec.cat\/ceipturodeguiera\/wp-json\/wp\/v2\/types\/page"}],"author":[{"embeddable":true,"href":"https:\/\/agora.xtec.cat\/ceipturodeguiera\/wp-json\/wp\/v2\/users\/1"}],"replies":[{"embeddable":true,"href":"https:\/\/agora.xtec.cat\/ceipturodeguiera\/wp-json\/wp\/v2\/comments?post=1232"}],"version-history":[{"count":0,"href":"https:\/\/agora.xtec.cat\/ceipturodeguiera\/wp-json\/wp\/v2\/pages\/1232\/revisions"}],"up":[{"embeddable":true,"href":"https:\/\/agora.xtec.cat\/ceipturodeguiera\/wp-json\/wp\/v2\/pages\/64"}],"wp:attachment":[{"href":"https:\/\/agora.xtec.cat\/ceipturodeguiera\/wp-json\/wp\/v2\/media?parent=1232"}],"curies":[{"name":"wp","href":"https:\/\/api.w.org\/{rel}","templated":true}]}}