{"id":7405,"date":"2022-06-18T19:45:09","date_gmt":"2022-06-18T17:45:09","guid":{"rendered":"https:\/\/agora.xtec.cat\/ceiptorresjonama\/?page_id=7405"},"modified":"2023-05-10T12:30:15","modified_gmt":"2023-05-10T10:30:15","slug":"documentacio-basica","status":"publish","type":"page","link":"https:\/\/agora.xtec.cat\/ceiptorresjonama\/estrategia-digital-de-centre\/cultura-digital\/documentacio-basica\/","title":{"rendered":"Descripcions de serveis"},"content":{"rendered":"<p style=\"text-align: justify;\"><span style=\"font-weight: 400;\">El centre compta actualment amb diferents serveis digitals que queden detallats dins l\u2019inventari que t\u00e9 el centre (acc\u00e9s nom\u00e9s pel personal autoritzat).<\/span><\/p>\n<p style=\"text-align: justify;\"><span style=\"font-weight: 400;\">Tenim ordinador i projector per aula, port\u00e0tils del PEDC per alumnat i docents, servidor d\u2019impressi\u00f3 i de dades, material de rob\u00f2tica, material digital, etc. La seva gesti\u00f3 est\u00e0 organitzada per l\u2019Equip Directiu, el Coordinador Digital i les mestres.<\/span><\/p>\n<p style=\"text-align: justify;\"><span style=\"font-weight: 400;\">Les comunicacions, pagaments i autoritzacions amb les fam\u00edlies l\u2019Escola s\u2019ha contractat un servei digital extern anomenat <\/span><i><span style=\"font-weight: 400;\">Comunicapp Edu <\/span><\/i><span style=\"font-weight: 400;\">(aplicaci\u00f3 d\u2019una empresa del Maresme).<\/span><\/p>\n<p style=\"text-align: justify;\"><span style=\"font-weight: 400;\">Disposem d\u2019un domini propi <\/span><i><span style=\"font-weight: 400;\">@etjmontras.cat<\/span><\/i><span style=\"font-weight: 400;\"> per gestionar les eines de Google Workspace, aplicacions educatives, entorn virtuals d\u2019aprenentatge que utilitzen l\u2019alumnat i les docents de la nostra escola.\u00a0<\/span><\/p>\n<p style=\"text-align: justify;\"><span style=\"font-weight: 400;\">Som un centre amb xarxa LAN transformada i WIFI (edu.gencat.cat) del Departament.<\/span><\/p>\n<p style=\"text-align: justify;\"><span style=\"font-weight: 400;\">El procediment d\u2019alta usuaris de les diferents plataformes que utilitzen l\u2019alumnat, mestres o fam\u00edlies s\u2019informa a trav\u00e9s de reunions presencials (formacions), a l\u2019apartat d\u2019Acolliment Digital o Comunicaci\u00f3 de la Comunitat Educativa de la web de l\u2019Escola o documentaci\u00f3 que lliurem a les fam\u00edlies per autoritzar l\u2019\u00fas d\u2019aquestes eines per part de l\u2019alumnat.<\/span><\/p>\n<p style=\"text-align: justify;\"><span style=\"font-weight: 400;\">Estem comen\u00e7ant l\u2019organitzaci\u00f3 de digitalitzar la documentaci\u00f3 del Centre.\u00a0<\/span><\/p>\n<p style=\"text-align: justify;\"><span style=\"font-weight: 400;\">La gesti\u00f3 dels dispositius o materials digitals estan assignats des del principi de curs per part de l\u2019Equip Directiu. Queda reflectit en l\u2019apartat de Portal web i Serveis Digitals de la web de l\u2019Escola.<\/span><\/p>\n","protected":false},"excerpt":{"rendered":"<p>El centre compta actualment amb diferents serveis digitals que queden detallats dins l\u2019inventari que t\u00e9 el centre (acc\u00e9s nom\u00e9s pel personal autoritzat).<br \/>\nTenim ordinador i projector per aula, port\u00e0tils del PEDC per alumnat i docents, servidor d\u2019impressi\u00f3 i de dades, material de rob\u00f2tica, material digital, etc.&hellip;  <a href=\"https:\/\/agora.xtec.cat\/ceiptorresjonama\/estrategia-digital-de-centre\/cultura-digital\/documentacio-basica\/\" title=\"Read Descripcions de serveis\">Llegeix m\u00e9s\u00bb<\/a><\/p>\n","protected":false},"author":3,"featured_media":0,"parent":7242,"menu_order":0,"comment_status":"closed","ping_status":"closed","template":"page-templates\/side-menu.php","meta":{"_bbp_topic_count":0,"_bbp_reply_count":0,"_bbp_total_topic_count":0,"_bbp_total_reply_count":0,"_bbp_voice_count":0,"_bbp_anonymous_reply_count":0,"_bbp_topic_count_hidden":0,"_bbp_reply_count_hidden":0,"_bbp_forum_subforum_count":0,"footnotes":""},"class_list":["post-7405","page","type-page","status-publish","hentry"],"post_mailing_queue_ids":[],"_links":{"self":[{"href":"https:\/\/agora.xtec.cat\/ceiptorresjonama\/wp-json\/wp\/v2\/pages\/7405","targetHints":{"allow":["GET"]}}],"collection":[{"href":"https:\/\/agora.xtec.cat\/ceiptorresjonama\/wp-json\/wp\/v2\/pages"}],"about":[{"href":"https:\/\/agora.xtec.cat\/ceiptorresjonama\/wp-json\/wp\/v2\/types\/page"}],"author":[{"embeddable":true,"href":"https:\/\/agora.xtec.cat\/ceiptorresjonama\/wp-json\/wp\/v2\/users\/3"}],"replies":[{"embeddable":true,"href":"https:\/\/agora.xtec.cat\/ceiptorresjonama\/wp-json\/wp\/v2\/comments?post=7405"}],"version-history":[{"count":3,"href":"https:\/\/agora.xtec.cat\/ceiptorresjonama\/wp-json\/wp\/v2\/pages\/7405\/revisions"}],"predecessor-version":[{"id":7935,"href":"https:\/\/agora.xtec.cat\/ceiptorresjonama\/wp-json\/wp\/v2\/pages\/7405\/revisions\/7935"}],"up":[{"embeddable":true,"href":"https:\/\/agora.xtec.cat\/ceiptorresjonama\/wp-json\/wp\/v2\/pages\/7242"}],"wp:attachment":[{"href":"https:\/\/agora.xtec.cat\/ceiptorresjonama\/wp-json\/wp\/v2\/media?parent=7405"}],"curies":[{"name":"wp","href":"https:\/\/api.w.org\/{rel}","templated":true}]}}