{"id":7397,"date":"2022-09-22T20:21:03","date_gmt":"2022-09-22T18:21:03","guid":{"rendered":"https:\/\/agora.xtec.cat\/ceiptorresjonama\/?page_id=7397"},"modified":"2025-09-13T12:57:08","modified_gmt":"2025-09-13T10:57:08","slug":"galeria","status":"publish","type":"page","link":"https:\/\/agora.xtec.cat\/ceiptorresjonama\/galeria\/","title":{"rendered":"GALERIA"},"content":{"rendered":"<p><em>Nota: s&#8217;est\u00e0 treballant per a la millora de la privacitat de dades de l&#8217;alumnat a trav\u00e9s del sistema de compartir carpetes de drive. <a href=\"https:\/\/agora.xtec.cat\/ceiptorresjonama\/?p=7451&amp;preview=true\" target=\"_blank\" rel=\"noopener\">M\u00e9s informaci\u00f3 en aquest article.<\/a><\/em><\/p>\n<p><strong>A partir del curs 2022-23 les fam\u00edlies podreu accedir a les fotografies (l&#8217;<\/strong><strong style=\"font-family: inherit; font-size: 1em;\">acc\u00e9s est\u00e0 restringit a les fam\u00edlies del centre) <\/strong><strong>dels vostres nens i nenes de 2 maneres:<\/strong><\/p>\n<ol>\n<li>A trav\u00e9s d&#8217;aquesta p\u00e0gina web de l&#8217;escola amb acc\u00e9s restringit a les fam\u00edlies.<strong>\u00a0<\/strong><\/li>\n<li>A trav\u00e9s de l&#8217;enlla\u00e7 que us haurem enviat al vostre correu electr\u00f2nic <strong>gmail<\/strong> que ens vau facilitar. Us portar\u00e0 cap el vostre\u00a0<strong>drive<\/strong> on sempre podreu consultar o descarregar les imatges.<\/li>\n<\/ol>\n<p>Recordeu que, per q\u00fcestions de privacitat i drets d\u2019imatge,\u00a0<strong>la visualitzaci\u00f3 i desc\u00e0rrega \u00e9s estrictament personal i familiar<\/strong>. Preguem no en feu redifusi\u00f3 sense autorizaci\u00f3 de les persones implicades.<\/p>\n<table style=\"border-collapse: collapse; width: 100%; height: 149px;\">\n<tbody>\n<tr style=\"height: 96px;\">\n<td style=\"text-align: center; height: 53px; width: 33.2663%;\"><a href=\"https:\/\/agora.xtec.cat\/ceiptorresjonama\/wp-content\/uploads\/usu279\/2020\/04\/ESCOLA-usar-dia-08-de-fev-642x336-c\u00f2pia.jpg\"><img loading=\"lazy\" decoding=\"async\" class=\"aligncenter wp-image-4144\" src=\"https:\/\/agora.xtec.cat\/ceiptorresjonama\/wp-content\/uploads\/usu279\/2020\/04\/ESCOLA-usar-dia-08-de-fev-642x336-c\u00f2pia-150x150.jpg\" alt=\"\" width=\"83\" height=\"83\" \/><\/a><a href=\"https:\/\/drive.google.com\/drive\/folders\/1G56QewitzrvdITU8QSvO9y3ox8iNLq0t?usp=sharing\" target=\"_blank\" rel=\"noopener\"><strong>FESTES I ACTIVITATS CONJUNTES<\/strong><\/a><\/td>\n<td style=\"text-align: center; width: 33.2663%; height: 53px;\"><\/td>\n<td style=\"text-align: center; width: 33.2663%; height: 53px;\"><a href=\"https:\/\/agora.xtec.cat\/ceiptorresjonama\/wp-content\/uploads\/usu279\/2022\/09\/Biblio.jpg\"><img loading=\"lazy\" decoding=\"async\" class=\"aligncenter wp-image-7492\" src=\"https:\/\/agora.xtec.cat\/ceiptorresjonama\/wp-content\/uploads\/usu279\/2022\/09\/Biblio-300x97.jpg\" alt=\"\" width=\"300\" height=\"97\" srcset=\"https:\/\/agora.xtec.cat\/ceiptorresjonama\/wp-content\/uploads\/usu279\/2022\/09\/Biblio-300x97.jpg 300w, https:\/\/agora.xtec.cat\/ceiptorresjonama\/wp-content\/uploads\/usu279\/2022\/09\/Biblio.jpg 584w\" sizes=\"auto, (max-width: 300px) 100vw, 300px\" \/><\/a><\/p>\n<p><a href=\"https:\/\/drive.google.com\/drive\/folders\/1PsrLdsJ3JL7gDGoQl1-Y8FfgTcpNlGGF?usp=sharing\" target=\"_blank\" rel=\"noopener\"><strong>BIBLIOTECA<\/strong><\/a><\/td>\n<\/tr>\n<tr style=\"height: 32px;\">\n<td style=\"width: 33.2663%; text-align: center; height: 32px;\"><a href=\"https:\/\/agora.xtec.cat\/ceiptorresjonama\/wp-content\/uploads\/usu279\/2023\/09\/I4-curs-2023-24.jpg\"><img loading=\"lazy\" decoding=\"async\" class=\"aligncenter wp-image-8062\" src=\"https:\/\/agora.xtec.cat\/ceiptorresjonama\/wp-content\/uploads\/usu279\/2025\/09\/1r-1.jpg\" alt=\"\" width=\"179\" height=\"134\" \/><\/a><\/p>\n<p><a href=\"https:\/\/drive.google.com\/drive\/folders\/1HRcmWK1WIUwFMRY8377M58FYUrnPuJ8J?usp=sharing\" target=\"_blank\" rel=\"noopener\"><strong>PROMOCI\u00d3 2022-23 (1r)<\/strong><\/a><\/td>\n<td style=\"width: 33.2663%; text-align: center; height: 32px;\"><a href=\"https:\/\/agora.xtec.cat\/ceiptorresjonama\/wp-content\/uploads\/usu279\/2023\/09\/I5-curs-2023-24.jpg\"><img loading=\"lazy\" decoding=\"async\" class=\"aligncenter wp-image-8063\" src=\"https:\/\/agora.xtec.cat\/ceiptorresjonama\/wp-content\/uploads\/usu279\/2025\/09\/2n-1.jpg\" alt=\"\" width=\"183\" height=\"137\" \/><\/a><\/p>\n<p><a href=\"https:\/\/drive.google.com\/drive\/folders\/1SAU-Eg3_BeYoqQ78dvkfbR1HOCSSgUjk?usp=sharing\" target=\"_blank\" rel=\"noopener\"><strong>PROMOCI\u00d3 2021-22 (2n)<\/strong><\/a><\/td>\n<td style=\"width: 33.2663%; text-align: center; height: 32px;\"><a href=\"https:\/\/agora.xtec.cat\/ceiptorresjonama\/wp-content\/uploads\/usu279\/2023\/09\/1r-curs-2023-24.jpg\"><img loading=\"lazy\" decoding=\"async\" class=\"aligncenter wp-image-8055\" src=\"https:\/\/agora.xtec.cat\/ceiptorresjonama\/wp-content\/uploads\/usu279\/2025\/09\/3r-1.jpg\" alt=\"\" width=\"184\" height=\"138\" \/><\/a><\/p>\n<p><a href=\"https:\/\/drive.google.com\/drive\/folders\/1v51vq66lq198vkz59Uhr2i-Si4Xqb2M_?usp=sharing\" target=\"_blank\" rel=\"noopener\"><strong>PROMOCI\u00d3 2020-21 (3r)<\/strong><\/a><\/td>\n<\/tr>\n<tr style=\"height: 32px;\">\n<td style=\"width: 33.2663%; text-align: center; height: 32px;\"><a href=\"https:\/\/agora.xtec.cat\/ceiptorresjonama\/wp-content\/uploads\/usu279\/2023\/09\/2n-curs-23-24.jpg\"><img loading=\"lazy\" decoding=\"async\" class=\"aligncenter wp-image-8056\" src=\"https:\/\/agora.xtec.cat\/ceiptorresjonama\/wp-content\/uploads\/usu279\/2025\/09\/4t-1.jpg\" alt=\"\" width=\"180\" height=\"135\" \/><\/a><\/p>\n<p><a href=\"https:\/\/drive.google.com\/drive\/folders\/1xnK4a2TEisoip0t9fg_-3Kr2NYXVxEIa?usp=sharing\" target=\"_blank\" rel=\"noopener\"><strong>PROMOCI\u00d3 2019-20 (4t)<\/strong><\/a><\/td>\n<td style=\"width: 33.2663%; text-align: center; height: 32px;\"><a href=\"https:\/\/agora.xtec.cat\/ceiptorresjonama\/wp-content\/uploads\/usu279\/2023\/09\/3r-curs-2023-24.jpg\"><img loading=\"lazy\" decoding=\"async\" class=\"aligncenter wp-image-8057\" src=\"https:\/\/agora.xtec.cat\/ceiptorresjonama\/wp-content\/uploads\/usu279\/2025\/09\/5e-1.jpg\" alt=\"\" width=\"179\" height=\"134\" \/><\/a><\/p>\n<p><a href=\"https:\/\/drive.google.com\/drive\/folders\/1fZT6fAKG0QxRT14gBaisFFUxgydBC24B?usp=sharing\" target=\"_blank\" rel=\"noopener\"><strong>PROMOCI\u00d3 2018-19 (5\u00e8)<\/strong><\/a><\/td>\n<td style=\"width: 33.2663%; text-align: center; height: 32px;\"><a href=\"https:\/\/agora.xtec.cat\/ceiptorresjonama\/wp-content\/uploads\/usu279\/2023\/09\/4t-curs-2023-24.jpg\"><img loading=\"lazy\" decoding=\"async\" class=\"aligncenter wp-image-8058\" src=\"https:\/\/agora.xtec.cat\/ceiptorresjonama\/wp-content\/uploads\/usu279\/2025\/09\/6ejpg.jpg\" alt=\"\" width=\"180\" height=\"135\" \/><\/a><\/p>\n<p><a href=\"https:\/\/drive.google.com\/drive\/folders\/1kWtT3dQMba5D7Ab36i9DB_VhqWsYjtVF?usp=sharing\" target=\"_blank\" rel=\"noopener\"><strong>PROMOCI\u00d3 2017-18 (6\u00e8)<\/strong><\/a><\/td>\n<\/tr>\n<tr style=\"height: 32px;\">\n<td style=\"width: 33.2663%; text-align: center; height: 32px;\"><img loading=\"lazy\" decoding=\"async\" class=\"aligncenter wp-image-8061\" src=\"https:\/\/agora.xtec.cat\/ceiptorresjonama\/wp-content\/uploads\/usu279\/2025\/09\/I3-1.jpg\" alt=\"\" width=\"184\" height=\"138\" \/><\/p>\n<p><a href=\"https:\/\/drive.google.com\/drive\/folders\/1xkZj3dERqXhr1JNUFuKFA6TBRJywvXm1?usp=sharing\" target=\"_blank\" rel=\"noopener\"><strong>PROMOCI\u00d3 2025-26 (I3)<\/strong><\/a><\/td>\n<td style=\"width: 33.2663%; text-align: center; height: 32px;\"><a href=\"https:\/\/agora.xtec.cat\/ceiptorresjonama\/wp-content\/uploads\/usu279\/2024\/10\/I3.jpg\"><img loading=\"lazy\" decoding=\"async\" class=\"aligncenter wp-image-8389\" src=\"https:\/\/agora.xtec.cat\/ceiptorresjonama\/wp-content\/uploads\/usu279\/2025\/09\/I4-A.jpg\" alt=\"\" width=\"179\" height=\"134\" \/><img loading=\"lazy\" decoding=\"async\" class=\"aligncenter wp-image-8389\" src=\"https:\/\/agora.xtec.cat\/ceiptorresjonama\/wp-content\/uploads\/usu279\/2025\/09\/I4-B.jpg\" alt=\"\" width=\"179\" height=\"134\" \/><\/a><a href=\"https:\/\/drive.google.com\/drive\/folders\/1OhWO8AQ2dqLtDZ4N6YMMCKOaEAQXppYU?usp=sharing\" target=\"_blank\" rel=\"noopener\"><strong><br \/>\nPROMOCI\u00d3 2024-25 (I4)<\/strong><\/a><\/td>\n<td style=\"width: 33.2663%; text-align: center; height: 32px;\"><a href=\"https:\/\/agora.xtec.cat\/ceiptorresjonama\/wp-content\/uploads\/usu279\/2023\/09\/I3-curs-2023-24.jpg\"><img loading=\"lazy\" decoding=\"async\" class=\"aligncenter wp-image-8061\" src=\"https:\/\/agora.xtec.cat\/ceiptorresjonama\/wp-content\/uploads\/usu279\/2025\/09\/I5-1.jpg\" alt=\"\" width=\"184\" height=\"138\" \/><\/a><\/p>\n<p><strong><a href=\"https:\/\/drive.google.com\/drive\/folders\/1Wya_flpR5XZgQ8SvLa3V5mzlOdKWtFPP?usp=drive_link\" target=\"_blank\" rel=\"noopener\">PROMOCI\u00d3 2023-24 (I5)<\/a><\/strong><\/td>\n<\/tr>\n<\/tbody>\n<\/table>\n<p><em>Recordeu que l&#8217;any de la promoci\u00f3 fa refer\u00e8ncia al curs que va entrar el vostre fill\/a a l&#8217;escola a I3 d&#8217;Infantil.\u00a0<\/em><\/p>\n","protected":false},"excerpt":{"rendered":"<p>Nota: s&#8217;est\u00e0 treballant per a la millora de la privacitat de dades de l&#8217;alumnat a trav\u00e9s del sistema de compartir carpetes de drive. <a href=\"https:\/\/agora.xtec.cat\/ceiptorresjonama\/?p=7451&amp;preview=true\" target=\"_blank\" rel=\"noopener\">M\u00e9s informaci\u00f3 en aquest article.<\/a><br \/>\nA partir del curs 2022-23 les fam\u00edlies podreu accedir a les fotografies (l&#8217;acc\u00e9s est\u00e0 restringit&hellip;  <a href=\"https:\/\/agora.xtec.cat\/ceiptorresjonama\/galeria\/\" title=\"Read GALERIA\">Llegeix m\u00e9s\u00bb<\/a><\/p>\n","protected":false},"author":3,"featured_media":0,"parent":0,"menu_order":0,"comment_status":"closed","ping_status":"closed","template":"","meta":{"_bbp_topic_count":0,"_bbp_reply_count":0,"_bbp_total_topic_count":0,"_bbp_total_reply_count":0,"_bbp_voice_count":0,"_bbp_anonymous_reply_count":0,"_bbp_topic_count_hidden":0,"_bbp_reply_count_hidden":0,"_bbp_forum_subforum_count":0,"footnotes":""},"class_list":["post-7397","page","type-page","status-publish","hentry"],"post_mailing_queue_ids":[],"_links":{"self":[{"href":"https:\/\/agora.xtec.cat\/ceiptorresjonama\/wp-json\/wp\/v2\/pages\/7397","targetHints":{"allow":["GET"]}}],"collection":[{"href":"https:\/\/agora.xtec.cat\/ceiptorresjonama\/wp-json\/wp\/v2\/pages"}],"about":[{"href":"https:\/\/agora.xtec.cat\/ceiptorresjonama\/wp-json\/wp\/v2\/types\/page"}],"author":[{"embeddable":true,"href":"https:\/\/agora.xtec.cat\/ceiptorresjonama\/wp-json\/wp\/v2\/users\/3"}],"replies":[{"embeddable":true,"href":"https:\/\/agora.xtec.cat\/ceiptorresjonama\/wp-json\/wp\/v2\/comments?post=7397"}],"version-history":[{"count":6,"href":"https:\/\/agora.xtec.cat\/ceiptorresjonama\/wp-json\/wp\/v2\/pages\/7397\/revisions"}],"predecessor-version":[{"id":8521,"href":"https:\/\/agora.xtec.cat\/ceiptorresjonama\/wp-json\/wp\/v2\/pages\/7397\/revisions\/8521"}],"wp:attachment":[{"href":"https:\/\/agora.xtec.cat\/ceiptorresjonama\/wp-json\/wp\/v2\/media?parent=7397"}],"curies":[{"name":"wp","href":"https:\/\/api.w.org\/{rel}","templated":true}]}}