{"id":7236,"date":"2022-06-05T10:41:08","date_gmt":"2022-06-05T08:41:08","guid":{"rendered":"https:\/\/agora.xtec.cat\/ceiptorresjonama\/?page_id=7236"},"modified":"2023-05-22T13:52:49","modified_gmt":"2023-05-22T11:52:49","slug":"estrategia-digital-de-centre","status":"publish","type":"page","link":"https:\/\/agora.xtec.cat\/ceiptorresjonama\/estrategia-digital-de-centre\/","title":{"rendered":"Estrat\u00e8gia Digital de Centre"},"content":{"rendered":"<p><strong>La EDC (Estrat\u00e8gia Digital de Centre) \u00e9s un document que formar\u00e0 part del PEC (Projecte Educatiu de Centre) i vinculat amb les NOFC i la PGA.<\/strong><\/p>\n<p><strong>Cont\u00e9 2 apartats principals: Estrat\u00e8gia i Cultura Digital.<\/strong><\/p>\n","protected":false},"excerpt":{"rendered":"<p>La EDC (Estrat\u00e8gia Digital de Centre) \u00e9s un document que formar\u00e0 part del PEC (Projecte Educatiu de Centre) i vinculat amb les NOFC i la PGA.<br \/>\nCont\u00e9 2 apartats principals: Estrat\u00e8gia i Cultura Digital.<\/p>\n","protected":false},"author":3,"featured_media":0,"parent":0,"menu_order":0,"comment_status":"closed","ping_status":"closed","template":"page-templates\/side-menu.php","meta":{"_bbp_topic_count":0,"_bbp_reply_count":0,"_bbp_total_topic_count":0,"_bbp_total_reply_count":0,"_bbp_voice_count":0,"_bbp_anonymous_reply_count":0,"_bbp_topic_count_hidden":0,"_bbp_reply_count_hidden":0,"_bbp_forum_subforum_count":0,"footnotes":""},"class_list":["post-7236","page","type-page","status-publish","hentry"],"post_mailing_queue_ids":[],"_links":{"self":[{"href":"https:\/\/agora.xtec.cat\/ceiptorresjonama\/wp-json\/wp\/v2\/pages\/7236","targetHints":{"allow":["GET"]}}],"collection":[{"href":"https:\/\/agora.xtec.cat\/ceiptorresjonama\/wp-json\/wp\/v2\/pages"}],"about":[{"href":"https:\/\/agora.xtec.cat\/ceiptorresjonama\/wp-json\/wp\/v2\/types\/page"}],"author":[{"embeddable":true,"href":"https:\/\/agora.xtec.cat\/ceiptorresjonama\/wp-json\/wp\/v2\/users\/3"}],"replies":[{"embeddable":true,"href":"https:\/\/agora.xtec.cat\/ceiptorresjonama\/wp-json\/wp\/v2\/comments?post=7236"}],"version-history":[{"count":3,"href":"https:\/\/agora.xtec.cat\/ceiptorresjonama\/wp-json\/wp\/v2\/pages\/7236\/revisions"}],"predecessor-version":[{"id":7963,"href":"https:\/\/agora.xtec.cat\/ceiptorresjonama\/wp-json\/wp\/v2\/pages\/7236\/revisions\/7963"}],"wp:attachment":[{"href":"https:\/\/agora.xtec.cat\/ceiptorresjonama\/wp-json\/wp\/v2\/media?parent=7236"}],"curies":[{"name":"wp","href":"https:\/\/api.w.org\/{rel}","templated":true}]}}