{"id":6069,"date":"2020-06-25T18:12:16","date_gmt":"2020-06-25T16:12:16","guid":{"rendered":"https:\/\/agora.xtec.cat\/ceiptorresjonama\/?page_id=6069"},"modified":"2021-06-16T10:17:08","modified_gmt":"2021-06-16T08:17:08","slug":"acollida-2","status":"publish","type":"page","link":"https:\/\/agora.xtec.cat\/ceiptorresjonama\/lampa\/acollida-2\/","title":{"rendered":"Acollida"},"content":{"rendered":"<p style=\"text-align: center;\">Aquest servei d&#8217;acollida de 8h a 9h (tots els alumnes) i de 12h a 13h (Infantil) nom\u00e9s estar\u00e0 disponible per les fam\u00edlies que hagin pagat la quota de l&#8217;AMPA.<\/p>\n<table>\n<tbody>\n<tr>\n<td><iframe loading=\"lazy\" src=\"https:\/\/agora.xtec.cat\/ceiptorresjonama\/wp-content\/uploads\/usu279\/2020\/06\/ACOLLIDES-MATI-I-MIGDIA.pdf\" width=\"500\" height=\"400\"><span data-mce-type=\"bookmark\" style=\"display: inline-block; width: 0px; overflow: hidden; line-height: 0;\" class=\"mce_SELRES_start\">\ufeff<\/span><\/iframe><\/td>\n<td>Descarrega el document aqu\u00ed:<\/p>\n<p><a href=\"https:\/\/agora.xtec.cat\/ceiptorresjonama\/wp-content\/uploads\/usu279\/2020\/06\/ACOLLIDES-MATI-I-MIGDIA.pdf\" target=\"_blank\" rel=\"noopener noreferrer\">ACOLLIDES MATI I MIGDIA <\/a>(Pdf)<\/p>\n<p><a style=\"font-family: inherit; font-size: 1em;\" href=\"https:\/\/agora.xtec.cat\/ceiptorresjonama\/wp-content\/uploads\/usu279\/2020\/06\/ACOLLIDES-MATI-I-MIGDIA.docx\">ACOLLIDES MATI I MIGDIA\u00a0<\/a><span style=\"font-family: inherit; font-size: 1em;\">(Word)<\/span><\/td>\n<\/tr>\n<\/tbody>\n<\/table>\n","protected":false},"excerpt":{"rendered":"<p>Aquest servei d&#8217;acollida de 8h a 9h (tots els alumnes) i de 12h a 13h (Infantil) nom\u00e9s estar\u00e0 disponible per les fam\u00edlies que hagin pagat la quota de l&#8217;AMPA.<\/p>\n<p>\ufeff<br \/>\nDescarrega el document aqu\u00ed:<br \/>\n<a href=\"https:\/\/agora.xtec.cat\/ceiptorresjonama\/wp-content\/uploads\/usu279\/2020\/06\/ACOLLIDES-MATI-I-MIGDIA.pdf\" target=\"_blank\" rel=\"noopener noreferrer\">ACOLLIDES MATI I MIGDIA <\/a>(Pdf)<br \/>\n<a style=\"font-family: inherit; font-size: 1em;\" href=\"https:\/\/agora.xtec.cat\/ceiptorresjonama\/wp-content\/uploads\/usu279\/2020\/06\/ACOLLIDES-MATI-I-MIGDIA.docx\">ACOLLIDES&hellip;  <a href=\"https:\/\/agora.xtec.cat\/ceiptorresjonama\/lampa\/acollida-2\/\" title=\"Read Acollida\">Llegeix m\u00e9s\u00bb<\/a><\/p>\n","protected":false},"author":3,"featured_media":0,"parent":31,"menu_order":0,"comment_status":"closed","ping_status":"closed","template":"page-templates\/side-menu.php","meta":{"_bbp_topic_count":0,"_bbp_reply_count":0,"_bbp_total_topic_count":0,"_bbp_total_reply_count":0,"_bbp_voice_count":0,"_bbp_anonymous_reply_count":0,"_bbp_topic_count_hidden":0,"_bbp_reply_count_hidden":0,"_bbp_forum_subforum_count":0,"footnotes":""},"class_list":["post-6069","page","type-page","status-publish","hentry"],"post_mailing_queue_ids":[],"_links":{"self":[{"href":"https:\/\/agora.xtec.cat\/ceiptorresjonama\/wp-json\/wp\/v2\/pages\/6069","targetHints":{"allow":["GET"]}}],"collection":[{"href":"https:\/\/agora.xtec.cat\/ceiptorresjonama\/wp-json\/wp\/v2\/pages"}],"about":[{"href":"https:\/\/agora.xtec.cat\/ceiptorresjonama\/wp-json\/wp\/v2\/types\/page"}],"author":[{"embeddable":true,"href":"https:\/\/agora.xtec.cat\/ceiptorresjonama\/wp-json\/wp\/v2\/users\/3"}],"replies":[{"embeddable":true,"href":"https:\/\/agora.xtec.cat\/ceiptorresjonama\/wp-json\/wp\/v2\/comments?post=6069"}],"version-history":[{"count":3,"href":"https:\/\/agora.xtec.cat\/ceiptorresjonama\/wp-json\/wp\/v2\/pages\/6069\/revisions"}],"predecessor-version":[{"id":6377,"href":"https:\/\/agora.xtec.cat\/ceiptorresjonama\/wp-json\/wp\/v2\/pages\/6069\/revisions\/6377"}],"up":[{"embeddable":true,"href":"https:\/\/agora.xtec.cat\/ceiptorresjonama\/wp-json\/wp\/v2\/pages\/31"}],"wp:attachment":[{"href":"https:\/\/agora.xtec.cat\/ceiptorresjonama\/wp-json\/wp\/v2\/media?parent=6069"}],"curies":[{"name":"wp","href":"https:\/\/api.w.org\/{rel}","templated":true}]}}