{"id":6005,"date":"2020-06-15T13:27:10","date_gmt":"2020-06-15T11:27:10","guid":{"rendered":"https:\/\/agora.xtec.cat\/ceiptorresjonama\/?page_id=6005"},"modified":"2025-06-27T13:32:34","modified_gmt":"2025-06-27T11:32:34","slug":"xandalls","status":"publish","type":"page","link":"https:\/\/agora.xtec.cat\/ceiptorresjonama\/lampa\/xandalls\/","title":{"rendered":"Xandalls"},"content":{"rendered":"<p><strong>Els xandalls es podran comprar els dies 2 i 4 de setembre de 16 a 18 h al quartet de l\u2019AFA.\u00a0El pagament es far\u00e0 al mateix moment a trav\u00e9s del Ticketerum que accepta pagament en targeta o a trav\u00e9s de bizum.<\/strong><\/p>\n","protected":false},"excerpt":{"rendered":"<p>Els xandalls es podran comprar els dies 2 i 4 de setembre de 16 a 18 h al quartet de l\u2019AFA.\u00a0El pagament es far\u00e0 al mateix moment a trav\u00e9s del Ticketerum que accepta pagament en targeta o a trav\u00e9s de bizum.<\/p>\n","protected":false},"author":3,"featured_media":0,"parent":31,"menu_order":0,"comment_status":"closed","ping_status":"closed","template":"page-templates\/side-menu.php","meta":{"_bbp_topic_count":0,"_bbp_reply_count":0,"_bbp_total_topic_count":0,"_bbp_total_reply_count":0,"_bbp_voice_count":0,"_bbp_anonymous_reply_count":0,"_bbp_topic_count_hidden":0,"_bbp_reply_count_hidden":0,"_bbp_forum_subforum_count":0,"footnotes":""},"class_list":["post-6005","page","type-page","status-publish","hentry"],"post_mailing_queue_ids":[],"_links":{"self":[{"href":"https:\/\/agora.xtec.cat\/ceiptorresjonama\/wp-json\/wp\/v2\/pages\/6005","targetHints":{"allow":["GET"]}}],"collection":[{"href":"https:\/\/agora.xtec.cat\/ceiptorresjonama\/wp-json\/wp\/v2\/pages"}],"about":[{"href":"https:\/\/agora.xtec.cat\/ceiptorresjonama\/wp-json\/wp\/v2\/types\/page"}],"author":[{"embeddable":true,"href":"https:\/\/agora.xtec.cat\/ceiptorresjonama\/wp-json\/wp\/v2\/users\/3"}],"replies":[{"embeddable":true,"href":"https:\/\/agora.xtec.cat\/ceiptorresjonama\/wp-json\/wp\/v2\/comments?post=6005"}],"version-history":[{"count":6,"href":"https:\/\/agora.xtec.cat\/ceiptorresjonama\/wp-json\/wp\/v2\/pages\/6005\/revisions"}],"predecessor-version":[{"id":8479,"href":"https:\/\/agora.xtec.cat\/ceiptorresjonama\/wp-json\/wp\/v2\/pages\/6005\/revisions\/8479"}],"up":[{"embeddable":true,"href":"https:\/\/agora.xtec.cat\/ceiptorresjonama\/wp-json\/wp\/v2\/pages\/31"}],"wp:attachment":[{"href":"https:\/\/agora.xtec.cat\/ceiptorresjonama\/wp-json\/wp\/v2\/media?parent=6005"}],"curies":[{"name":"wp","href":"https:\/\/api.w.org\/{rel}","templated":true}]}}