{"id":5998,"date":"2020-06-15T13:18:51","date_gmt":"2020-06-15T11:18:51","guid":{"rendered":"https:\/\/agora.xtec.cat\/ceiptorresjonama\/?page_id=5998"},"modified":"2025-06-23T13:22:51","modified_gmt":"2025-06-23T11:22:51","slug":"llistes-de-material-i-llibres","status":"publish","type":"page","link":"https:\/\/agora.xtec.cat\/ceiptorresjonama\/informacions-centre\/llistes-de-material-i-llibres\/","title":{"rendered":"Llibres i material escolar 2025-26"},"content":{"rendered":"<table style=\"width: 67.844%; border-collapse: collapse; background-color: #a1ed72;\">\n<tbody>\n<tr>\n<td style=\"width: 22.5131%;\"><a href=\"https:\/\/agora.xtec.cat\/ceiptorresjonama\/wp-content\/uploads\/usu279\/2023\/04\/Material-escolar.jpg\"><img loading=\"lazy\" decoding=\"async\" class=\"aligncenter size-full wp-image-7850\" src=\"https:\/\/agora.xtec.cat\/ceiptorresjonama\/wp-content\/uploads\/usu279\/2023\/04\/Material-escolar.jpg\" alt=\"\" width=\"266\" height=\"189\" \/><\/a><\/td>\n<td style=\"width: 45.3317%; text-align: justify;\"><strong>En aquest apartat (men\u00fa de l&#8217;esquerra) teniu totes les llistes de llibres i material escolar de Prim\u00e0ria que es necessita per comen\u00e7ar el curs escolar 2025-26.\u00a0<\/strong><\/td>\n<\/tr>\n<\/tbody>\n<\/table>\n","protected":false},"excerpt":{"rendered":"<p><a href=\"https:\/\/agora.xtec.cat\/ceiptorresjonama\/wp-content\/uploads\/usu279\/2023\/04\/Material-escolar.jpg\"><\/a><br \/>\nEn aquest apartat (men\u00fa de l&#8217;esquerra) teniu totes les llistes de llibres i material escolar de Prim\u00e0ria que es necessita per comen\u00e7ar el curs escolar 2025-26.\u00a0<\/p>\n","protected":false},"author":3,"featured_media":0,"parent":7818,"menu_order":2,"comment_status":"closed","ping_status":"closed","template":"page-templates\/side-menu.php","meta":{"_bbp_topic_count":0,"_bbp_reply_count":0,"_bbp_total_topic_count":0,"_bbp_total_reply_count":0,"_bbp_voice_count":0,"_bbp_anonymous_reply_count":0,"_bbp_topic_count_hidden":0,"_bbp_reply_count_hidden":0,"_bbp_forum_subforum_count":0,"footnotes":""},"class_list":["post-5998","page","type-page","status-publish","hentry"],"post_mailing_queue_ids":[],"_links":{"self":[{"href":"https:\/\/agora.xtec.cat\/ceiptorresjonama\/wp-json\/wp\/v2\/pages\/5998","targetHints":{"allow":["GET"]}}],"collection":[{"href":"https:\/\/agora.xtec.cat\/ceiptorresjonama\/wp-json\/wp\/v2\/pages"}],"about":[{"href":"https:\/\/agora.xtec.cat\/ceiptorresjonama\/wp-json\/wp\/v2\/types\/page"}],"author":[{"embeddable":true,"href":"https:\/\/agora.xtec.cat\/ceiptorresjonama\/wp-json\/wp\/v2\/users\/3"}],"replies":[{"embeddable":true,"href":"https:\/\/agora.xtec.cat\/ceiptorresjonama\/wp-json\/wp\/v2\/comments?post=5998"}],"version-history":[{"count":7,"href":"https:\/\/agora.xtec.cat\/ceiptorresjonama\/wp-json\/wp\/v2\/pages\/5998\/revisions"}],"predecessor-version":[{"id":8454,"href":"https:\/\/agora.xtec.cat\/ceiptorresjonama\/wp-json\/wp\/v2\/pages\/5998\/revisions\/8454"}],"up":[{"embeddable":true,"href":"https:\/\/agora.xtec.cat\/ceiptorresjonama\/wp-json\/wp\/v2\/pages\/7818"}],"wp:attachment":[{"href":"https:\/\/agora.xtec.cat\/ceiptorresjonama\/wp-json\/wp\/v2\/media?parent=5998"}],"curies":[{"name":"wp","href":"https:\/\/api.w.org\/{rel}","templated":true}]}}