{"id":87,"date":"2014-09-18T14:28:12","date_gmt":"2014-09-18T13:28:12","guid":{"rendered":"http:\/\/agora.xtec.cat\/ceiptorresjonama-palafrugell\/?page_id=87"},"modified":"2021-09-02T19:56:55","modified_gmt":"2021-09-02T17:56:55","slug":"nivells","status":"publish","type":"page","link":"https:\/\/agora.xtec.cat\/ceiptorresjonama-palafrugell\/nivells\/","title":{"rendered":"Nivells"},"content":{"rendered":"<p>De P3 a 6\u00e8 cada nivell t\u00e9 una p\u00e0gina pr\u00f2pia, on s&#8217;anir\u00e0 penjant tota la informaci\u00f3 corresponent a aquest.<\/p>\n<p>Si voleu rebre un correu electr\u00f2nic cada vegada que es fa una publicaci\u00f3 en aquest apartat, aneu a l&#8217;inici del web i introdu\u00efu la vostra adre\u00e7a electr\u00f2nica en l&#8217;apartat &#8220;<strong>Subscripci\u00f3 de correu<\/strong>&#8220;.<\/p>\n","protected":false},"excerpt":{"rendered":"<p>De P3 a 6\u00e8 cada nivell t\u00e9 una p\u00e0gina pr\u00f2pia, on s&#8217;anir\u00e0 penjant tota la informaci\u00f3 corresponent a aquest.<br \/>\nSi voleu rebre un correu electr\u00f2nic cada vegada que es fa una publicaci\u00f3 en aquest apartat, aneu a l&#8217;inici del web i introdu\u00efu la vostra adre\u00e7a electr\u00f2nica&hellip;  <a href=\"https:\/\/agora.xtec.cat\/ceiptorresjonama-palafrugell\/nivells\/\" title=\"Read Nivells\">Llegeix m\u00e9s\u00bb<\/a><\/p>\n","protected":false},"author":1,"featured_media":0,"parent":0,"menu_order":0,"comment_status":"closed","ping_status":"closed","template":"page-templates\/side-menu.php","meta":{"_bbp_topic_count":0,"_bbp_reply_count":0,"_bbp_total_topic_count":0,"_bbp_total_reply_count":0,"_bbp_voice_count":0,"_bbp_anonymous_reply_count":0,"_bbp_topic_count_hidden":0,"_bbp_reply_count_hidden":0,"_bbp_forum_subforum_count":0,"footnotes":""},"class_list":["post-87","page","type-page","status-publish","hentry"],"post_mailing_queue_ids":[],"_links":{"self":[{"href":"https:\/\/agora.xtec.cat\/ceiptorresjonama-palafrugell\/wp-json\/wp\/v2\/pages\/87","targetHints":{"allow":["GET"]}}],"collection":[{"href":"https:\/\/agora.xtec.cat\/ceiptorresjonama-palafrugell\/wp-json\/wp\/v2\/pages"}],"about":[{"href":"https:\/\/agora.xtec.cat\/ceiptorresjonama-palafrugell\/wp-json\/wp\/v2\/types\/page"}],"author":[{"embeddable":true,"href":"https:\/\/agora.xtec.cat\/ceiptorresjonama-palafrugell\/wp-json\/wp\/v2\/users\/1"}],"replies":[{"embeddable":true,"href":"https:\/\/agora.xtec.cat\/ceiptorresjonama-palafrugell\/wp-json\/wp\/v2\/comments?post=87"}],"version-history":[{"count":2,"href":"https:\/\/agora.xtec.cat\/ceiptorresjonama-palafrugell\/wp-json\/wp\/v2\/pages\/87\/revisions"}],"predecessor-version":[{"id":831,"href":"https:\/\/agora.xtec.cat\/ceiptorresjonama-palafrugell\/wp-json\/wp\/v2\/pages\/87\/revisions\/831"}],"wp:attachment":[{"href":"https:\/\/agora.xtec.cat\/ceiptorresjonama-palafrugell\/wp-json\/wp\/v2\/media?parent=87"}],"curies":[{"name":"wp","href":"https:\/\/api.w.org\/{rel}","templated":true}]}}