{"id":84,"date":"2014-09-18T14:11:31","date_gmt":"2014-09-18T13:11:31","guid":{"rendered":"http:\/\/agora.xtec.cat\/ceiptorresjonama-palafrugell\/?page_id=84"},"modified":"2023-11-06T11:09:38","modified_gmt":"2023-11-06T10:09:38","slug":"activitats-extraescolars","status":"publish","type":"page","link":"https:\/\/agora.xtec.cat\/ceiptorresjonama-palafrugell\/serveis\/activitats-extraescolars\/","title":{"rendered":"Activitats extraescolars"},"content":{"rendered":"<p>&nbsp;<\/p>\n<p>_____________________________________________________________________<\/p>\n<p><strong>INSCRIPCIONS<\/strong><\/p>\n<div>\n<div style=\"text-align: justify;\">A continuaci\u00f3 hi ha els fulls d&#8217;inscripcions per a les activitats extraescolars <strong>2021-2022:<\/strong><\/div>\n<div style=\"text-align: justify;\"><\/div>\n<ul>\n<li style=\"text-align: justify;\"><a href=\"https:\/\/forms.gle\/xY7BXMPp2j5XrqRX7\">Inscripci\u00f3 de Psicomotricitat i Multiesports<\/a><\/li>\n<li style=\"text-align: justify;\"><a href=\"https:\/\/docs.google.com\/forms\/d\/e\/1FAIpQLSdLQu9Y57PJpFvSsIHGkEP_aaELGW5NS4C8xrK6N9e7Rrvr_g\/viewform\">Inscripci\u00f3 de Mecanografia per ordinador<\/a><\/li>\n<li style=\"text-align: justify;\"><a href=\"https:\/\/forms.gle\/H2Yc49DnFtMcSVmBA\">Inscripci\u00f3 de Pastisseria i Cuina<\/a><\/li>\n<li style=\"text-align: justify;\"><a href=\"https:\/\/forms.gle\/yhkgg5qugrPTM9W49\">Inscripci\u00f3 de Dibuix (dimarts)<\/a><\/li>\n<li style=\"text-align: justify;\"><a href=\"https:\/\/forms.gle\/6Zq1mod363f8mK618\">Inscripci\u00f3 de Dibuix (dimecres)<\/a><\/li>\n<li style=\"text-align: justify;\"><a href=\"https:\/\/forms.gle\/d5Gi1fUbMt3kuitJ7\">Inscripci\u00f3 de Dibuix (dijous)<\/a><\/li>\n<li style=\"text-align: justify;\"><a href=\"https:\/\/docs.google.com\/forms\/d\/e\/1FAIpQLSeX0tsfV99DdUkohrC4ofTxIdoUNH3JmrROKh5VQylOziJIww\/viewform?gxids=7628\">Inscripci\u00f3 de Rob\u00f2tica<\/a><\/li>\n<li style=\"text-align: justify;\"><a href=\"https:\/\/forms.gle\/cHzfmAYmYJkQH1GC8\">Inscripci\u00f3 de Tennis<\/a><\/li>\n<li style=\"text-align: justify;\"><a href=\"https:\/\/forms.gle\/HKvHrF9468hrcysSA\">Inscripci\u00f3 de Teatre<\/a><\/li>\n<li style=\"text-align: justify;\"><a href=\"https:\/\/forms.gle\/PAocgMtoc62sdjra7\">Inscripci\u00f3 de New Dance (Infantil)<\/a><\/li>\n<li style=\"text-align: justify;\"><a href=\"https:\/\/forms.gle\/CCrnTMgiBiADL3NV7\">Inscripci\u00f3 de New Dance (Prim\u00e0ria)<\/a><\/li>\n<li style=\"text-align: justify;\"><a href=\"https:\/\/forms.gle\/99Lv4bp5QMvbRTHY7\">Inscripci\u00f3 de B\u00e0squet<\/a><\/li>\n<li style=\"text-align: justify;\"><a href=\"https:\/\/forms.gle\/fCu7geMF3oLcSKEu8\">Inscripci\u00f3 d&#8217;Angl\u00e8s<\/a><\/li>\n<\/ul>\n<div style=\"text-align: justify;\"><\/div>\n<\/div>\n<div style=\"text-align: justify;\">Podeu consultar el cat\u00e0leg complet en l&#8217;enlla\u00e7 seg\u00fcent:\u00a0<a href=\"https:\/\/drive.google.com\/file\/d\/1MWql9B47pTxv20_aHDm_IJ2H4ju15gv0\/view?usp=sharing\" target=\"_blank\" rel=\"noopener\">Cat\u00e0leg extraescolars 2021-2022<\/a><\/div>\n","protected":false},"excerpt":{"rendered":"<p>&nbsp;<br \/>\n_____________________________________________________________________<br \/>\nINSCRIPCIONS<\/p>\n<p>A continuaci\u00f3 hi ha els fulls d&#8217;inscripcions per a les activitats extraescolars 2021-2022:<\/p>\n<ul>\n<li style=\"text-align: justify;\"><a href=\"https:\/\/forms.gle\/xY7BXMPp2j5XrqRX7\">Inscripci\u00f3 de Psicomotricitat i Multiesports<\/a><\/li>\n<li style=\"text-align: justify;\"><a href=\"https:\/\/docs.google.com\/forms\/d\/e\/1FAIpQLSdLQu9Y57PJpFvSsIHGkEP_aaELGW5NS4C8xrK6N9e7Rrvr_g\/viewform\">Inscripci\u00f3 de Mecanografia per ordinador<\/a><\/li>\n<li style=\"text-align: justify;\"><a href=\"https:\/\/forms.gle\/H2Yc49DnFtMcSVmBA\">Inscripci\u00f3 de Pastisseria i Cuina<\/a><\/li>\n<li style=\"text-align: justify;\"><a href=\"https:\/\/forms.gle\/yhkgg5qugrPTM9W49\">Inscripci\u00f3 de Dibuix (dimarts)<\/a><\/li>\n<li style=\"text-align: justify;\"><a href=\"https:\/\/forms.gle\/6Zq1mod363f8mK618\">Inscripci\u00f3 de Dibuix&hellip;  <a href=\"https:\/\/agora.xtec.cat\/ceiptorresjonama-palafrugell\/serveis\/activitats-extraescolars\/\" title=\"Read Activitats extraescolars\">Llegeix m\u00e9s\u00bb<\/a><br \/>\n","protected":false},"author":1,"featured_media":0,"parent":66,"menu_order":60,"comment_status":"closed","ping_status":"closed","template":"page-templates\/side-menu.php","meta":{"_bbp_topic_count":0,"_bbp_reply_count":0,"_bbp_total_topic_count":0,"_bbp_total_reply_count":0,"_bbp_voice_count":0,"_bbp_anonymous_reply_count":0,"_bbp_topic_count_hidden":0,"_bbp_reply_count_hidden":0,"_bbp_forum_subforum_count":0,"footnotes":""},"class_list":["post-84","page","type-page","status-publish","hentry"],"post_mailing_queue_ids":[],"_links":{"self":[{"href":"https:\/\/agora.xtec.cat\/ceiptorresjonama-palafrugell\/wp-json\/wp\/v2\/pages\/84","targetHints":{"allow":["GET"]}}],"collection":[{"href":"https:\/\/agora.xtec.cat\/ceiptorresjonama-palafrugell\/wp-json\/wp\/v2\/pages"}],"about":[{"href":"https:\/\/agora.xtec.cat\/ceiptorresjonama-palafrugell\/wp-json\/wp\/v2\/types\/page"}],"author":[{"embeddable":true,"href":"https:\/\/agora.xtec.cat\/ceiptorresjonama-palafrugell\/wp-json\/wp\/v2\/users\/1"}],"replies":[{"embeddable":true,"href":"https:\/\/agora.xtec.cat\/ceiptorresjonama-palafrugell\/wp-json\/wp\/v2\/comments?post=84"}],"version-history":[{"count":4,"href":"https:\/\/agora.xtec.cat\/ceiptorresjonama-palafrugell\/wp-json\/wp\/v2\/pages\/84\/revisions"}],"predecessor-version":[{"id":2121,"href":"https:\/\/agora.xtec.cat\/ceiptorresjonama-palafrugell\/wp-json\/wp\/v2\/pages\/84\/revisions\/2121"}],"up":[{"embeddable":true,"href":"https:\/\/agora.xtec.cat\/ceiptorresjonama-palafrugell\/wp-json\/wp\/v2\/pages\/66"}],"wp:attachment":[{"href":"https:\/\/agora.xtec.cat\/ceiptorresjonama-palafrugell\/wp-json\/wp\/v2\/media?parent=84"}],"curies":[{"name":"wp","href":"https:\/\/api.w.org\/{rel}","templated":true}]}}