{"id":806,"date":"2021-08-15T17:48:33","date_gmt":"2021-08-15T15:48:33","guid":{"rendered":"https:\/\/agora.xtec.cat\/ceiptorresjonama-palafrugell\/?page_id=806"},"modified":"2026-05-10T17:27:34","modified_gmt":"2026-05-10T15:27:34","slug":"musica-de-la-setmana","status":"publish","type":"page","link":"https:\/\/agora.xtec.cat\/ceiptorresjonama-palafrugell\/serveis\/musica-de-la-setmana\/","title":{"rendered":"M\u00fasica de la setmana"},"content":{"rendered":"<p style=\"text-align: center;\"><strong><span style=\"text-decoration: underline;\">M\u00daSICA DE LA SETMANA<\/span><\/strong><\/p>\n<p style=\"text-align: justify;\">A la nostra escola a l&#8217;hora d&#8217;entrar i sortir i a les hores del pati, no s&#8217;escolta el cl\u00e0ssic Riiiiiiiiinnnnnnngggg! El que escoltem \u00e9s m\u00fasica, m\u00fasica de tot tipus: pop, rock, jazz, swing, reggae, etc.<br \/>\nLa finalitat \u00e9s donar a con\u00e8ixer als vostres fills i filles la diversitat de m\u00fasics i m\u00fasiques que hi ha, per\u00f2 la m\u00fasica que sona no \u00e9s perqu\u00e8 s\u00ed.<\/p>\n<p style=\"text-align: justify;\">Cada setmana escoltem uns temes musicals concrets per alguna ra\u00f3. Normalment, s\u00f3n efem\u00e8rides de grups i cantants que varen treure un disc per aquelles dates o varen estar reconeguts per algun fet, la defunci\u00f3 d&#8217;algun cantant de renom, etc.<\/p>\n<p style=\"text-align: justify;\">Altres setmanes la m\u00fasica que escoltem fa refer\u00e8ncia a l&#8217;\u00e8poca que ens trobem, com \u00a0can\u00e7ons de grups i cantants catalans la primera setmana d&#8217;escola (acabem de passar l&#8217;onze de setembre), jazz pel festival de jazz de la Costa Brava, nadales per les festes Nadalenques, can\u00e7ons d&#8217;Eurovisi\u00f3 per les dates \u00a0que se celebra el festival, m\u00fasiques de pel\u2022l\u00edcules pels Oscars, \u00e8xits de l&#8217;estiu l&#8217;\u00faltima setmana de curs, etc.<\/p>\n<p style=\"text-align: justify;\">I a m\u00e9s cada setmana les m\u00fasiques que sonen en sortir al pati s\u00f3n proposades pels alumnes de 3r fins a 6\u00e8 i alguna setmana de tant en tant pels mestres.<\/p>\n<p><a href=\"https:\/\/agora.xtec.cat\/ceiptorresjonama-palafrugell\/wp-content\/uploads\/usu2626\/2021\/08\/musicasetmana.jpg\"><img loading=\"lazy\" decoding=\"async\" class=\"aligncenter wp-image-808 \" src=\"https:\/\/agora.xtec.cat\/ceiptorresjonama-palafrugell\/wp-content\/uploads\/usu2626\/2021\/08\/musicasetmana.jpg\" alt=\"\" width=\"334\" height=\"188\" srcset=\"https:\/\/agora.xtec.cat\/ceiptorresjonama-palafrugell\/wp-content\/uploads\/usu2626\/2021\/08\/musicasetmana.jpg 1000w, https:\/\/agora.xtec.cat\/ceiptorresjonama-palafrugell\/wp-content\/uploads\/usu2626\/2021\/08\/musicasetmana-300x169.jpg 300w, https:\/\/agora.xtec.cat\/ceiptorresjonama-palafrugell\/wp-content\/uploads\/usu2626\/2021\/08\/musicasetmana-768x432.jpg 768w\" sizes=\"auto, (max-width: 334px) 100vw, 334px\" \/><\/a><\/p>\n<p><span style=\"text-decoration: underline;\"><em>CURS 2025-2026<\/em><\/span><\/p>\n<ul style=\"list-style-type: disc;\">\n<li>Setmana 8-12 de setembre &#8211; \u00c8xits en catal\u00e0<\/li>\n<li>Setmana 15-19 de setembre &#8211; Donna Summer<\/li>\n<li>Setmana 22-26 de setembre &#8211; Amaral<\/li>\n<li>Setmana 29-03 d&#8217;octubre &#8211; Els Catarres<\/li>\n<li>Setmana 6-10 d&#8217;octubre &#8211; Jazz<\/li>\n<li>Setmana 13-17 d&#8217;octubre &#8211; Destiny&#8217;s child<\/li>\n<li>Setmana 20-24 d&#8217;octubre &#8211; Cliff Richard<\/li>\n<li>Setmana 27-31 d&#8217;octubre &#8211; Aitana<\/li>\n<li>Setmana 04-07 de novembre &#8211; Bryan Adams<\/li>\n<li>Setmana 10-14 de novembre &#8211; Simon Webbe<\/li>\n<li>Setmana 17-21 de novembre &#8211; Txarango amb&#8230;<\/li>\n<li>Setmana 24-28 de novembre &#8211; Roy Orbison<\/li>\n<li>Setmana 01-05 de desembre &#8211; Rod Stewart<\/li>\n<li>Setmana 08-12 de desembre &#8211; Billboard Music Awards<\/li>\n<li>Setmana 15-19 de desembre &#8211; Nadales<\/li>\n<li>Setmana 08-09 de gener &#8211; George Michael<\/li>\n<li>Setmana 12-16 de gener &#8211; Shania Twain<\/li>\n<li>Setmana 19-23 de gener &#8211; Miquel Abras<\/li>\n<li>Setmana 26-30 de gener &#8211; Dia Escolar de la No Viol\u00e8ncia i la Pau<\/li>\n<li>Setmana 2-6 de febrer &#8211; La Uni\u00f3n<\/li>\n<li>Setmana 9-12 de febrer &#8211; Carnestoltes<\/li>\n<li>Setmana 17-20 de febrer &#8211; Love of Lesbian<\/li>\n<li>Setmana 23-27 de febrer &#8211; Bon Jovi<\/li>\n<li>Setmana 2-6 de mar\u00e7 &#8211; 8M<\/li>\n<li>Setmana 9-13 de mar\u00e7 &#8211; M\u00fasica de pel\u00b7l\u00edcules<\/li>\n<li>Setmana 16-20 de mar\u00e7 &#8211; Whitney Houston<\/li>\n<li>Setmana 23-27 de mar\u00e7 &#8211; Doctor Prats<\/li>\n<li>Setmana 7-10 d&#8217;abril &#8211; Virginia Maestro<\/li>\n<li>Setmana 13-17 d&#8217;abril &#8211; Diana Ross<\/li>\n<li>Setmana 20-24 d&#8217;abril &#8211; Gertrudis<\/li>\n<li>Setmana 27-30 d&#8217;abril &#8211; Duran Duran<\/li>\n<li>Setmana 5-8 de maig &#8211; Stevie Wonder<\/li>\n<li>Setmana 11-15 de maig &#8211; Eurovisi\u00f3<\/li>\n<\/ul>\n<p><a href=\"https:\/\/agora.xtec.cat\/ceiptorresjonama-palafrugell\/wp-content\/uploads\/usu2626\/2026\/05\/f.elconfidencial.com_original_753_f7c_386_753f7c38624e37b05cb8a0f776da4fa2.jpg\"><img loading=\"lazy\" decoding=\"async\" class=\"aligncenter wp-image-3103 \" src=\"https:\/\/agora.xtec.cat\/ceiptorresjonama-palafrugell\/wp-content\/uploads\/usu2626\/2026\/05\/f.elconfidencial.com_original_753_f7c_386_753f7c38624e37b05cb8a0f776da4fa2-300x225.jpg\" alt=\"\" width=\"229\" height=\"172\" srcset=\"https:\/\/agora.xtec.cat\/ceiptorresjonama-palafrugell\/wp-content\/uploads\/usu2626\/2026\/05\/f.elconfidencial.com_original_753_f7c_386_753f7c38624e37b05cb8a0f776da4fa2-300x225.jpg 300w, https:\/\/agora.xtec.cat\/ceiptorresjonama-palafrugell\/wp-content\/uploads\/usu2626\/2026\/05\/f.elconfidencial.com_original_753_f7c_386_753f7c38624e37b05cb8a0f776da4fa2-1024x768.jpg 1024w, https:\/\/agora.xtec.cat\/ceiptorresjonama-palafrugell\/wp-content\/uploads\/usu2626\/2026\/05\/f.elconfidencial.com_original_753_f7c_386_753f7c38624e37b05cb8a0f776da4fa2-768x576.jpg 768w, https:\/\/agora.xtec.cat\/ceiptorresjonama-palafrugell\/wp-content\/uploads\/usu2626\/2026\/05\/f.elconfidencial.com_original_753_f7c_386_753f7c38624e37b05cb8a0f776da4fa2-200x150.jpg 200w, https:\/\/agora.xtec.cat\/ceiptorresjonama-palafrugell\/wp-content\/uploads\/usu2626\/2026\/05\/f.elconfidencial.com_original_753_f7c_386_753f7c38624e37b05cb8a0f776da4fa2.jpg 1200w\" sizes=\"auto, (max-width: 229px) 100vw, 229px\" \/><\/a><\/p>\n<p><a href=\"https:\/\/agora.xtec.cat\/ceiptorresjonama-palafrugell\/wp-content\/uploads\/usu2626\/2026\/05\/Setmana-del-11-al-15-de-maig.jpg\"><img loading=\"lazy\" decoding=\"async\" class=\"aligncenter wp-image-3104 size-large\" src=\"https:\/\/agora.xtec.cat\/ceiptorresjonama-palafrugell\/wp-content\/uploads\/usu2626\/2026\/05\/Setmana-del-11-al-15-de-maig-1024x579.jpg\" alt=\"\" width=\"1024\" height=\"579\" srcset=\"https:\/\/agora.xtec.cat\/ceiptorresjonama-palafrugell\/wp-content\/uploads\/usu2626\/2026\/05\/Setmana-del-11-al-15-de-maig-1024x579.jpg 1024w, https:\/\/agora.xtec.cat\/ceiptorresjonama-palafrugell\/wp-content\/uploads\/usu2626\/2026\/05\/Setmana-del-11-al-15-de-maig-300x170.jpg 300w, https:\/\/agora.xtec.cat\/ceiptorresjonama-palafrugell\/wp-content\/uploads\/usu2626\/2026\/05\/Setmana-del-11-al-15-de-maig-768x434.jpg 768w, https:\/\/agora.xtec.cat\/ceiptorresjonama-palafrugell\/wp-content\/uploads\/usu2626\/2026\/05\/Setmana-del-11-al-15-de-maig.jpg 1347w\" sizes=\"auto, (max-width: 1024px) 100vw, 1024px\" \/><\/a><\/p>\n","protected":false},"excerpt":{"rendered":"<p>M\u00daSICA DE LA SETMANA<br \/>\nA la nostra escola a l&#8217;hora d&#8217;entrar i sortir i a les hores del pati, no s&#8217;escolta el cl\u00e0ssic Riiiiiiiiinnnnnnngggg! El que escoltem \u00e9s m\u00fasica, m\u00fasica de tot tipus: pop, rock, jazz, swing, reggae, etc.<br \/>\nLa finalitat \u00e9s donar a con\u00e8ixer als vostres&hellip;  <a href=\"https:\/\/agora.xtec.cat\/ceiptorresjonama-palafrugell\/serveis\/musica-de-la-setmana\/\" title=\"Read M\u00fasica de la setmana\">Llegeix m\u00e9s\u00bb<\/a><\/p>\n","protected":false},"author":1,"featured_media":0,"parent":66,"menu_order":0,"comment_status":"closed","ping_status":"closed","template":"page-templates\/side-menu.php","meta":{"_bbp_topic_count":0,"_bbp_reply_count":0,"_bbp_total_topic_count":0,"_bbp_total_reply_count":0,"_bbp_voice_count":0,"_bbp_anonymous_reply_count":0,"_bbp_topic_count_hidden":0,"_bbp_reply_count_hidden":0,"_bbp_forum_subforum_count":0,"footnotes":""},"class_list":["post-806","page","type-page","status-publish","hentry"],"post_mailing_queue_ids":[],"_links":{"self":[{"href":"https:\/\/agora.xtec.cat\/ceiptorresjonama-palafrugell\/wp-json\/wp\/v2\/pages\/806","targetHints":{"allow":["GET"]}}],"collection":[{"href":"https:\/\/agora.xtec.cat\/ceiptorresjonama-palafrugell\/wp-json\/wp\/v2\/pages"}],"about":[{"href":"https:\/\/agora.xtec.cat\/ceiptorresjonama-palafrugell\/wp-json\/wp\/v2\/types\/page"}],"author":[{"embeddable":true,"href":"https:\/\/agora.xtec.cat\/ceiptorresjonama-palafrugell\/wp-json\/wp\/v2\/users\/1"}],"replies":[{"embeddable":true,"href":"https:\/\/agora.xtec.cat\/ceiptorresjonama-palafrugell\/wp-json\/wp\/v2\/comments?post=806"}],"version-history":[{"count":7,"href":"https:\/\/agora.xtec.cat\/ceiptorresjonama-palafrugell\/wp-json\/wp\/v2\/pages\/806\/revisions"}],"predecessor-version":[{"id":3105,"href":"https:\/\/agora.xtec.cat\/ceiptorresjonama-palafrugell\/wp-json\/wp\/v2\/pages\/806\/revisions\/3105"}],"up":[{"embeddable":true,"href":"https:\/\/agora.xtec.cat\/ceiptorresjonama-palafrugell\/wp-json\/wp\/v2\/pages\/66"}],"wp:attachment":[{"href":"https:\/\/agora.xtec.cat\/ceiptorresjonama-palafrugell\/wp-json\/wp\/v2\/media?parent=806"}],"curies":[{"name":"wp","href":"https:\/\/api.w.org\/{rel}","templated":true}]}}