{"id":767,"date":"2021-08-15T16:55:57","date_gmt":"2021-08-15T14:55:57","guid":{"rendered":"https:\/\/agora.xtec.cat\/ceiptorresjonama-palafrugell\/?page_id=767"},"modified":"2023-10-18T11:34:44","modified_gmt":"2023-10-18T09:34:44","slug":"qui-som","status":"publish","type":"page","link":"https:\/\/agora.xtec.cat\/ceiptorresjonama-palafrugell\/qui-som\/","title":{"rendered":"Qui som?"},"content":{"rendered":"<p style=\"text-align: justify;\">Som un grup de pares i mares que estem compromesos en la educaci\u00f3 dels nostres fills i en la millora de la Comunitat Educativa. Considerem que formar part de la Junta Directiva de l\u2019AMPA significa involucrar-nos encara m\u00e9s, en el proc\u00e9s d\u2019aprenentatge dels nostres fills que \u00e9s essencial en aquesta etapa i en conseq\u00fc\u00e8ncia, en la seva educaci\u00f3.<\/p>\n<p style=\"text-align: justify;\">Actualment, la Junta est\u00e0 formada per:<\/p>\n<p style=\"text-align: justify;\">President: Ra\u00fal Villatoro<br \/>\nSecretari: Santi D\u00edaz<br \/>\nTresorera: Yolanda \u00c0vila<br \/>\nVocals: Maria Asencio i Marta Moncayo<\/p>\n","protected":false},"excerpt":{"rendered":"<p>Som un grup de pares i mares que estem compromesos en la educaci\u00f3 dels nostres fills i en la millora de la Comunitat Educativa. Considerem que formar part de la Junta Directiva de l\u2019AMPA significa involucrar-nos encara m\u00e9s, en el proc\u00e9s d\u2019aprenentatge dels nostres fills&hellip;  <a href=\"https:\/\/agora.xtec.cat\/ceiptorresjonama-palafrugell\/qui-som\/\" title=\"Read Qui som?\">Llegeix m\u00e9s\u00bb<\/a><\/p>\n","protected":false},"author":1,"featured_media":0,"parent":0,"menu_order":0,"comment_status":"closed","ping_status":"closed","template":"page-templates\/side-menu.php","meta":{"_bbp_topic_count":0,"_bbp_reply_count":0,"_bbp_total_topic_count":0,"_bbp_total_reply_count":0,"_bbp_voice_count":0,"_bbp_anonymous_reply_count":0,"_bbp_topic_count_hidden":0,"_bbp_reply_count_hidden":0,"_bbp_forum_subforum_count":0,"footnotes":""},"class_list":["post-767","page","type-page","status-publish","hentry"],"post_mailing_queue_ids":[],"_links":{"self":[{"href":"https:\/\/agora.xtec.cat\/ceiptorresjonama-palafrugell\/wp-json\/wp\/v2\/pages\/767","targetHints":{"allow":["GET"]}}],"collection":[{"href":"https:\/\/agora.xtec.cat\/ceiptorresjonama-palafrugell\/wp-json\/wp\/v2\/pages"}],"about":[{"href":"https:\/\/agora.xtec.cat\/ceiptorresjonama-palafrugell\/wp-json\/wp\/v2\/types\/page"}],"author":[{"embeddable":true,"href":"https:\/\/agora.xtec.cat\/ceiptorresjonama-palafrugell\/wp-json\/wp\/v2\/users\/1"}],"replies":[{"embeddable":true,"href":"https:\/\/agora.xtec.cat\/ceiptorresjonama-palafrugell\/wp-json\/wp\/v2\/comments?post=767"}],"version-history":[{"count":2,"href":"https:\/\/agora.xtec.cat\/ceiptorresjonama-palafrugell\/wp-json\/wp\/v2\/pages\/767\/revisions"}],"predecessor-version":[{"id":2087,"href":"https:\/\/agora.xtec.cat\/ceiptorresjonama-palafrugell\/wp-json\/wp\/v2\/pages\/767\/revisions\/2087"}],"wp:attachment":[{"href":"https:\/\/agora.xtec.cat\/ceiptorresjonama-palafrugell\/wp-json\/wp\/v2\/media?parent=767"}],"curies":[{"name":"wp","href":"https:\/\/api.w.org\/{rel}","templated":true}]}}