{"id":764,"date":"2021-08-15T16:53:21","date_gmt":"2021-08-15T14:53:21","guid":{"rendered":"https:\/\/agora.xtec.cat\/ceiptorresjonama-palafrugell\/?page_id=764"},"modified":"2022-01-29T10:44:55","modified_gmt":"2022-01-29T09:44:55","slug":"introduccio","status":"publish","type":"page","link":"https:\/\/agora.xtec.cat\/ceiptorresjonama-palafrugell\/introduccio\/","title":{"rendered":"Introducci\u00f3"},"content":{"rendered":"<p style=\"text-align: justify;\">L&#8217;AFA de l\u2019Escola Torres Jonama de Palafrugell \u00e9s una entitat sense \u00e0nim de lucre formada per tots els pares i mares dels alumnes de l\u2019Escola que hi vulguin pert\u00e0nyer.<\/p>\n<p style=\"text-align: justify;\">L\u2019objectiu principal \u00e9s el benestar de tots els alumnes de l\u2019Escola. El funcionament es basa en el di\u00e0leg i el treball conjunt amb la Direcci\u00f3, el professorat i l\u2019equip t\u00e8cnic.<\/p>\n<p style=\"text-align: justify;\">Els \u00f2rgans de l&#8217;AMPA s\u00f3n l&#8217;Assemblea General i la Junta Directiva. Per tal de guanyar operativitat en l\u2019assoliment dels objectius que l\u2019AMPA defineix per a cada curs, el treball dins de la Junta s\u2019organitza mitjan\u00e7ant comissions integrades per tots els membres de l\u2019Associaci\u00f3 que hi vulguin participar.<\/p>\n<p style=\"text-align: justify;\">Us convidem a tenir un paper actiu en el projecte Educatiu de l\u2019Escola, i con\u00e8ixer de prop qu\u00e8 fan els nostres fills i filles. La nostra associaci\u00f3 \u00e9s de car\u00e0cter obert i participatiu i est\u00e0 sempre oberta a noves incorporacions.<\/p>\n","protected":false},"excerpt":{"rendered":"<p>L&#8217;AFA de l\u2019Escola Torres Jonama de Palafrugell \u00e9s una entitat sense \u00e0nim de lucre formada per tots els pares i mares dels alumnes de l\u2019Escola que hi vulguin pert\u00e0nyer.<br \/>\nL\u2019objectiu principal \u00e9s el benestar de tots els alumnes de l\u2019Escola. El funcionament es basa en el&hellip;  <a href=\"https:\/\/agora.xtec.cat\/ceiptorresjonama-palafrugell\/introduccio\/\" title=\"Read Introducci\u00f3\">Llegeix m\u00e9s\u00bb<\/a><\/p>\n","protected":false},"author":1,"featured_media":0,"parent":0,"menu_order":0,"comment_status":"closed","ping_status":"closed","template":"page-templates\/side-menu.php","meta":{"_bbp_topic_count":0,"_bbp_reply_count":0,"_bbp_total_topic_count":0,"_bbp_total_reply_count":0,"_bbp_voice_count":0,"_bbp_anonymous_reply_count":0,"_bbp_topic_count_hidden":0,"_bbp_reply_count_hidden":0,"_bbp_forum_subforum_count":0,"footnotes":""},"class_list":["post-764","page","type-page","status-publish","hentry"],"post_mailing_queue_ids":[],"_links":{"self":[{"href":"https:\/\/agora.xtec.cat\/ceiptorresjonama-palafrugell\/wp-json\/wp\/v2\/pages\/764","targetHints":{"allow":["GET"]}}],"collection":[{"href":"https:\/\/agora.xtec.cat\/ceiptorresjonama-palafrugell\/wp-json\/wp\/v2\/pages"}],"about":[{"href":"https:\/\/agora.xtec.cat\/ceiptorresjonama-palafrugell\/wp-json\/wp\/v2\/types\/page"}],"author":[{"embeddable":true,"href":"https:\/\/agora.xtec.cat\/ceiptorresjonama-palafrugell\/wp-json\/wp\/v2\/users\/1"}],"replies":[{"embeddable":true,"href":"https:\/\/agora.xtec.cat\/ceiptorresjonama-palafrugell\/wp-json\/wp\/v2\/comments?post=764"}],"version-history":[{"count":2,"href":"https:\/\/agora.xtec.cat\/ceiptorresjonama-palafrugell\/wp-json\/wp\/v2\/pages\/764\/revisions"}],"predecessor-version":[{"id":1137,"href":"https:\/\/agora.xtec.cat\/ceiptorresjonama-palafrugell\/wp-json\/wp\/v2\/pages\/764\/revisions\/1137"}],"wp:attachment":[{"href":"https:\/\/agora.xtec.cat\/ceiptorresjonama-palafrugell\/wp-json\/wp\/v2\/media?parent=764"}],"curies":[{"name":"wp","href":"https:\/\/api.w.org\/{rel}","templated":true}]}}