{"id":73,"date":"2014-09-18T14:01:51","date_gmt":"2014-09-18T13:01:51","guid":{"rendered":"http:\/\/agora.xtec.cat\/ceiptorresjonama-palafrugell\/?page_id=73"},"modified":"2026-04-29T12:05:58","modified_gmt":"2026-04-29T10:05:58","slug":"menjador-escolar","status":"publish","type":"page","link":"https:\/\/agora.xtec.cat\/ceiptorresjonama-palafrugell\/serveis\/menjador-escolar\/","title":{"rendered":"Menjador escolar"},"content":{"rendered":"<p>&nbsp;<\/p>\n<p style=\"text-align: center;\"><a href=\"https:\/\/www.baixemporda.cat\/ca\/arees\/ensenyament\/menus-escolars\/escola-torres-jonama\/\">MEN\u00da MENSUAL (CURS 25-26)<\/a><\/p>\n<p><a href=\"https:\/\/agora.xtec.cat\/ceiptorresjonama-palafrugell\/wp-content\/uploads\/usu2626\/2026\/04\/maig.png\"><img loading=\"lazy\" decoding=\"async\" class=\"aligncenter wp-image-3098 size-large\" src=\"https:\/\/agora.xtec.cat\/ceiptorresjonama-palafrugell\/wp-content\/uploads\/usu2626\/2026\/04\/maig-1024x695.png\" alt=\"\" width=\"1024\" height=\"695\" srcset=\"https:\/\/agora.xtec.cat\/ceiptorresjonama-palafrugell\/wp-content\/uploads\/usu2626\/2026\/04\/maig-1024x695.png 1024w, https:\/\/agora.xtec.cat\/ceiptorresjonama-palafrugell\/wp-content\/uploads\/usu2626\/2026\/04\/maig-300x204.png 300w, https:\/\/agora.xtec.cat\/ceiptorresjonama-palafrugell\/wp-content\/uploads\/usu2626\/2026\/04\/maig-768x521.png 768w, https:\/\/agora.xtec.cat\/ceiptorresjonama-palafrugell\/wp-content\/uploads\/usu2626\/2026\/04\/maig.png 1092w\" sizes=\"auto, (max-width: 1024px) 100vw, 1024px\" \/><\/a><\/p>\n<p>Us informem que podeu consultar la programaci\u00f3 dels men\u00fas de cada mes a trav\u00e9s de l&#8217;aplicaci\u00f3 m\u00f2bil SERHS Food Educa. Aquesta app \u00e9s el canal de comunicaci\u00f3 de l&#8217;empresa amb les fam\u00edlies on, a m\u00e9s de tenir informaci\u00f3 dels men\u00fas, trobareu tot el relacionat amb el servei de menjador.<\/p>\n<p>Els passos a seguir per descarregar-vos-la s\u00f3n els seg\u00fcents:<\/p>\n<ol>\n<li>Descarregueu l<strong>&#8216;APP SERHS Food Educa<\/strong> (per a m\u00f2bils Apple) o des del Google Play (per a m\u00f2bils Android).<\/li>\n<li>Si ja tens descarregada l\u2019app, entra-hi i fes clic a \u201cSol\u00b7licitud d\u2019alta\u201d.<\/li>\n<li>Ompliu el formulari amb:<\/li>\n<\/ol>\n<p>-El Codi del centre:<strong>50630<\/strong><\/p>\n<p>-Correu electr\u00f2nic: Molt important! Rebreu un correu de confirmaci\u00f3 en aquesta adre\u00e7a de correu electr\u00f2nic \u201cSol\u00b7licitud d\u2019alta en menjador\u201d comproveu tamb\u00e9 la carpeta de SPAM.<\/p>\n<ol start=\"4\">\n<li>Entreu i cliqueu \u201cConfirma el registre\u201d<\/li>\n<li>Si teniu algun problema per accedir o algun dubte per complimentar l\u2019alta, podeu posar-vos en contacte:<a href=\"mailto:serhsfoodeduca@grupserhs.com\">serhsfoodeduca@grupserhs.com<\/a><\/li>\n<\/ol>\n<p><img decoding=\"async\" class=\"aligncenter\" src=\"https:\/\/iara.serhsfoodeduca.com\/img\/serhsfoodeduca.jpg\" alt=\"SERHS food educa - iara\" \/><\/p>\n<p>&nbsp;<\/p>\n<p>Disposeu de tota la informaci\u00f3 a l&#8217;apartat de menjador escolar del web del Consell Comarcal, a trav\u00e9s de l\u2019enlla\u00e7 seg\u00fcent: <a href=\"https:\/\/www.baixemporda.cat\/ca\/carta-de-serveis\/ensenyament\/menjador-escolar\/\">Informaci\u00f3<\/a><\/p>\n<p>La tramitaci\u00f3 de les sol\u00b7licituds s\u2019haur\u00e0 de fer de manera telem\u00e0tica i, excepcionalment, de manera presencial a l\u2019Oficina d\u2019Assist\u00e8ncia en Mat\u00e8ria de Registre del Consell Comarcal (amb cita pr\u00e8via).<\/p>\n<p><a href=\"https:\/\/agora.xtec.cat\/ceiptorresjonama-palafrugell\/wp-content\/uploads\/usu2626\/2021\/08\/comedor-233x300-1.gif\"><img loading=\"lazy\" decoding=\"async\" class=\"aligncenter wp-image-735\" src=\"https:\/\/agora.xtec.cat\/ceiptorresjonama-palafrugell\/wp-content\/uploads\/usu2626\/2021\/08\/comedor-233x300-1.gif\" alt=\"\" width=\"133\" height=\"171\" \/><\/a><\/p>\n<div>\n<p style=\"text-align: justify;\">Us informem que el Consell Comarcal del Baix Empord\u00e0 cada any publica les bases reguladores de la convocat\u00f2ria per a la concessi\u00f3 d\u2019ajuts econ\u00f2mics individuals de menjador escolar per a l\u2019alumnat escolaritzat a la comarca.<\/p>\n<p style=\"text-align: justify;\">Trobareu tota la informaci\u00f3 al web del Consell Comarcal a trav\u00e9s de l\u2019enlla\u00e7 seg\u00fcent:<br \/>\n<a href=\"https:\/\/www.baixemporda.cat\/ca\/carta-de-serveis\/ensenyament\/ajuts-economics\/ajuts-menjador\/\">https:\/\/www.baixemporda.cat\/ca\/carta-de-serveis\/ensenyament\/ajuts-economics\/ajuts-menjador\/<\/a><\/p>\n<p style=\"text-align: justify;\"><span style=\"text-decoration: underline;\"><em><strong>PRESENTACI\u00d3 DE LES SOL.LICITUDS:<\/strong><\/em><\/span><\/p>\n<ul style=\"text-align: justify;\">\n<li><em><strong>TELEM\u00c0TICAMENT<\/strong><\/em>:<\/li>\n<\/ul>\n<p><strong>A la Seu electr\u00f2nica del Consell Comarcal del Baix Empord\u00e0.<\/strong><\/p>\n<p>\u00c9s necessari que us identifiqueu amb:<\/p>\n<ul>\n<li>IdCat M\u00f2bil<\/li>\n<li>Certificat digital<\/li>\n<li>Cl@ve<\/li>\n<li>DNI electr\u00f2nic<\/li>\n<\/ul>\n<ul style=\"text-align: justify;\">\n<li><em><strong>PRESENCIALMENT:<\/strong><\/em><\/li>\n<\/ul>\n<p style=\"text-align: justify;\"><span style=\"text-decoration: underline;\"><em>Oficina d\u2019Assist\u00e8ncia en Mat\u00e8ria de Registre<\/em><\/span> (d\u2019ara en endavant OAMR) del Consell Comarcal del Baix Empord\u00e0.<\/p>\n<p style=\"text-align: justify;\">Adre\u00e7a: c. Tarongers, 12. 17100 La Bisbal d\u2019Empord\u00e0<br \/>\nDies: de dilluns a divendres<br \/>\nHorari: de 9 a 14 h.<\/p>\n<p style=\"text-align: justify;\">\u00c9s imprescindible demanar cita pr\u00e8via. Per sol\u00b7licitar la cita a l\u2019OAMR heu d\u2019utilitzar els canals seg\u00fcents:<br \/>\n&#8211; <a href=\"https:\/\/baixemporda.eadministracio.cat\/citaprevia\">https:\/\/baixemporda.eadministracio.cat\/citaprevia<\/a>.<br \/>\n&#8211; Per tel\u00e8fon: 972 64 23 10<\/p>\n<p><a href=\"https:\/\/agora.xtec.cat\/ceiptorresjonama-palafrugell\/wp-content\/uploads\/usu2626\/2021\/08\/Restaurant-icon.png\"><img loading=\"lazy\" decoding=\"async\" class=\"aligncenter size-full wp-image-737\" src=\"https:\/\/agora.xtec.cat\/ceiptorresjonama-palafrugell\/wp-content\/uploads\/usu2626\/2021\/08\/Restaurant-icon.png\" alt=\"\" width=\"128\" height=\"128\" \/><\/a><\/p>\n<p><img loading=\"lazy\" decoding=\"async\" class=\"aligncenter wp-image-739\" src=\"https:\/\/agora.xtec.cat\/ceiptorresjonama-palafrugell\/wp-content\/uploads\/usu2626\/2021\/08\/Imatge1-288x300.jpg\" alt=\"\" width=\"233\" height=\"243\" srcset=\"https:\/\/agora.xtec.cat\/ceiptorresjonama-palafrugell\/wp-content\/uploads\/usu2626\/2021\/08\/Imatge1-288x300.jpg 288w, https:\/\/agora.xtec.cat\/ceiptorresjonama-palafrugell\/wp-content\/uploads\/usu2626\/2021\/08\/Imatge1.jpg 737w\" sizes=\"auto, (max-width: 233px) 100vw, 233px\" \/><\/p>\n<\/div>\n","protected":false},"excerpt":{"rendered":"<p>&nbsp;<br \/>\n<a href=\"https:\/\/www.baixemporda.cat\/ca\/arees\/ensenyament\/menus-escolars\/escola-torres-jonama\/\">MEN\u00da MENSUAL (CURS 25-26)<\/a><br \/>\n<a href=\"https:\/\/agora.xtec.cat\/ceiptorresjonama-palafrugell\/wp-content\/uploads\/usu2626\/2026\/04\/maig.png\"><\/a><br \/>\nUs informem que podeu consultar la programaci\u00f3 dels men\u00fas de cada mes a trav\u00e9s de l&#8217;aplicaci\u00f3 m\u00f2bil SERHS Food Educa. Aquesta app \u00e9s el canal de comunicaci\u00f3 de l&#8217;empresa amb les fam\u00edlies on, a m\u00e9s de tenir informaci\u00f3 dels men\u00fas,&hellip;  <a href=\"https:\/\/agora.xtec.cat\/ceiptorresjonama-palafrugell\/serveis\/menjador-escolar\/\" title=\"Read Menjador escolar\">Llegeix m\u00e9s\u00bb<\/a><\/p>\n","protected":false},"author":1,"featured_media":0,"parent":66,"menu_order":30,"comment_status":"closed","ping_status":"closed","template":"page-templates\/side-menu.php","meta":{"_bbp_topic_count":0,"_bbp_reply_count":0,"_bbp_total_topic_count":0,"_bbp_total_reply_count":0,"_bbp_voice_count":0,"_bbp_anonymous_reply_count":0,"_bbp_topic_count_hidden":0,"_bbp_reply_count_hidden":0,"_bbp_forum_subforum_count":0,"footnotes":""},"class_list":["post-73","page","type-page","status-publish","hentry"],"post_mailing_queue_ids":[],"_links":{"self":[{"href":"https:\/\/agora.xtec.cat\/ceiptorresjonama-palafrugell\/wp-json\/wp\/v2\/pages\/73","targetHints":{"allow":["GET"]}}],"collection":[{"href":"https:\/\/agora.xtec.cat\/ceiptorresjonama-palafrugell\/wp-json\/wp\/v2\/pages"}],"about":[{"href":"https:\/\/agora.xtec.cat\/ceiptorresjonama-palafrugell\/wp-json\/wp\/v2\/types\/page"}],"author":[{"embeddable":true,"href":"https:\/\/agora.xtec.cat\/ceiptorresjonama-palafrugell\/wp-json\/wp\/v2\/users\/1"}],"replies":[{"embeddable":true,"href":"https:\/\/agora.xtec.cat\/ceiptorresjonama-palafrugell\/wp-json\/wp\/v2\/comments?post=73"}],"version-history":[{"count":7,"href":"https:\/\/agora.xtec.cat\/ceiptorresjonama-palafrugell\/wp-json\/wp\/v2\/pages\/73\/revisions"}],"predecessor-version":[{"id":3099,"href":"https:\/\/agora.xtec.cat\/ceiptorresjonama-palafrugell\/wp-json\/wp\/v2\/pages\/73\/revisions\/3099"}],"up":[{"embeddable":true,"href":"https:\/\/agora.xtec.cat\/ceiptorresjonama-palafrugell\/wp-json\/wp\/v2\/pages\/66"}],"wp:attachment":[{"href":"https:\/\/agora.xtec.cat\/ceiptorresjonama-palafrugell\/wp-json\/wp\/v2\/media?parent=73"}],"curies":[{"name":"wp","href":"https:\/\/api.w.org\/{rel}","templated":true}]}}