{"id":71,"date":"2014-09-18T12:44:56","date_gmt":"2014-09-18T11:44:56","guid":{"rendered":"http:\/\/agora.xtec.cat\/ceiptorresjonama-palafrugell\/?page_id=71"},"modified":"2025-12-14T19:03:27","modified_gmt":"2025-12-14T18:03:27","slug":"serveis-digitals","status":"publish","type":"page","link":"https:\/\/agora.xtec.cat\/ceiptorresjonama-palafrugell\/serveis\/serveis-digitals\/","title":{"rendered":"Serveis digitals"},"content":{"rendered":"<p style=\"text-align: center;\"><span style=\"text-decoration: underline;\"><strong>INTERNET SEGURA<\/strong><\/span><\/p>\n<p>En aquest apartat, us proporcionem informaci\u00f3 sobre el programa\u00a0Internet Segura, el qual\u00a0dep\u00e8n del Centre de Seguretat de la Informaci\u00f3 de Catalunya (CESICAT) i est\u00e0 alineat amb el programa de la Comissi\u00f3 Europea\u00a0&#8220;<a href=\"https:\/\/digital-strategy.ec.europa.eu\/en\">Estrat\u00e8gia per un internet millor per a nens i nenes<\/a>&#8220;.<\/p>\n<p>Un dels grans objectius \u00e9s que els menors emprin les noves tecnologies de la manera m\u00e9s satisfact\u00f2ria i segura possible, a trav\u00e9s d\u2019una s\u00e8rie de recomanacions extretes de la p\u00e0gina web\u00a0<a href=\"https:\/\/internetsegura.cat\/\">https:\/\/internetsegura.cat\/<\/a>:<\/p>\n<div style=\"text-align: center;\"><iframe loading=\"lazy\" src=\"https:\/\/docs.google.com\/document\/d\/e\/2PACX-1vQZJOqfeh2CP38nX2YiUMIw9dblkESuMcYPPhep6JmtkCtwknPaurvTIrfJLuyyGqRlmDHmsIjmRiS3\/pub?embedded=true\" width=\"700\" height=\"600\"><span data-mce-type=\"bookmark\" style=\"display: inline-block; width: 0px; overflow: hidden; line-height: 0;\" class=\"mce_SELRES_start\">\ufeff<\/span><span data-mce-type=\"bookmark\" style=\"display: inline-block; width: 0px; overflow: hidden; line-height: 0;\" class=\"mce_SELRES_start\">\ufeff<\/span><\/iframe><\/div>\n<div>\n<table style=\"border-collapse: collapse; width: 100%;\">\n<tbody>\n<tr>\n<td style=\"width: 100%;\"><\/td>\n<\/tr>\n<\/tbody>\n<\/table>\n<\/div>\n<div><\/div>\n<div>A continuaci\u00f3, us proporcionem unes guies per acompanyar els infants amb l&#8217;\u00fas de les pantalles, produ\u00efdes per l&#8217;empresa Som Connexi\u00f3, per si s\u00f3n del vostre inter\u00e8s:<\/div>\n<div><\/div>\n<div style=\"text-align: left;\"><\/div>\n<div style=\"text-align: center;\"><\/div>\n<div><\/div>\n<div><\/div>\n<div><\/div>\n<div style=\"text-align: center;\"><iframe loading=\"lazy\" src=\"https:\/\/drive.google.com\/file\/d\/1H_4jI78nuH4fnI8sc3k_Fs70hbQo3Gfr\/preview\" width=\"640\" height=\"480\"><\/iframe><\/div>\n<div><\/div>\n<div>\n<p style=\"text-align: center;\"><iframe loading=\"lazy\" src=\"https:\/\/drive.google.com\/file\/d\/1CCqNUqQ0H8MPVfiakYe9jaB0bC3_KgvU\/preview\" width=\"640\" height=\"480\"><\/iframe><\/p>\n<p style=\"text-align: center;\"><iframe loading=\"lazy\" src=\"https:\/\/drive.google.com\/file\/d\/1_z1S_e7Nt2Oej78KFg9HqhrKZ2pyxb5e\/preview\" width=\"640\" height=\"480\"><\/iframe><\/p>\n<\/div>\n","protected":false},"excerpt":{"rendered":"<p>INTERNET SEGURA<br \/>\nEn aquest apartat, us proporcionem informaci\u00f3 sobre el programa\u00a0Internet Segura, el qual\u00a0dep\u00e8n del Centre de Seguretat de la Informaci\u00f3 de Catalunya (CESICAT) i est\u00e0 alineat amb el programa de la Comissi\u00f3 Europea\u00a0&#8220;<a href=\"https:\/\/digital-strategy.ec.europa.eu\/en\">Estrat\u00e8gia per un internet millor per a nens i nenes<\/a>&#8220;.<br \/>\nUn dels grans&hellip;  <a href=\"https:\/\/agora.xtec.cat\/ceiptorresjonama-palafrugell\/serveis\/serveis-digitals\/\" title=\"Read Serveis digitals\">Llegeix m\u00e9s\u00bb<\/a><\/p>\n","protected":false},"author":1,"featured_media":0,"parent":66,"menu_order":10,"comment_status":"closed","ping_status":"closed","template":"page-templates\/side-menu.php","meta":{"_bbp_topic_count":0,"_bbp_reply_count":0,"_bbp_total_topic_count":0,"_bbp_total_reply_count":0,"_bbp_voice_count":0,"_bbp_anonymous_reply_count":0,"_bbp_topic_count_hidden":0,"_bbp_reply_count_hidden":0,"_bbp_forum_subforum_count":0,"footnotes":""},"class_list":["post-71","page","type-page","status-publish","hentry"],"post_mailing_queue_ids":[],"_links":{"self":[{"href":"https:\/\/agora.xtec.cat\/ceiptorresjonama-palafrugell\/wp-json\/wp\/v2\/pages\/71","targetHints":{"allow":["GET"]}}],"collection":[{"href":"https:\/\/agora.xtec.cat\/ceiptorresjonama-palafrugell\/wp-json\/wp\/v2\/pages"}],"about":[{"href":"https:\/\/agora.xtec.cat\/ceiptorresjonama-palafrugell\/wp-json\/wp\/v2\/types\/page"}],"author":[{"embeddable":true,"href":"https:\/\/agora.xtec.cat\/ceiptorresjonama-palafrugell\/wp-json\/wp\/v2\/users\/1"}],"replies":[{"embeddable":true,"href":"https:\/\/agora.xtec.cat\/ceiptorresjonama-palafrugell\/wp-json\/wp\/v2\/comments?post=71"}],"version-history":[{"count":7,"href":"https:\/\/agora.xtec.cat\/ceiptorresjonama-palafrugell\/wp-json\/wp\/v2\/pages\/71\/revisions"}],"predecessor-version":[{"id":3007,"href":"https:\/\/agora.xtec.cat\/ceiptorresjonama-palafrugell\/wp-json\/wp\/v2\/pages\/71\/revisions\/3007"}],"up":[{"embeddable":true,"href":"https:\/\/agora.xtec.cat\/ceiptorresjonama-palafrugell\/wp-json\/wp\/v2\/pages\/66"}],"wp:attachment":[{"href":"https:\/\/agora.xtec.cat\/ceiptorresjonama-palafrugell\/wp-json\/wp\/v2\/media?parent=71"}],"curies":[{"name":"wp","href":"https:\/\/api.w.org\/{rel}","templated":true}]}}