{"id":684,"date":"2021-08-10T19:18:34","date_gmt":"2021-08-10T17:18:34","guid":{"rendered":"https:\/\/agora.xtec.cat\/ceiptorresjonama-palafrugell\/?page_id=684"},"modified":"2021-08-14T11:48:00","modified_gmt":"2021-08-14T09:48:00","slug":"rossinyol","status":"publish","type":"page","link":"https:\/\/agora.xtec.cat\/ceiptorresjonama-palafrugell\/lescola\/projectes-escola\/rossinyol\/","title":{"rendered":"Rossinyol"},"content":{"rendered":"<p style=\"text-align: center;\"><span style=\"text-decoration: underline;\"><strong>PROJECTE ROSSINYOL<\/strong><\/span><\/p>\n<p style=\"text-align: center;\"><a href=\"https:\/\/agora.xtec.cat\/ceiptorresjonama-palafrugell\/wp-content\/uploads\/usu2626\/2021\/08\/rossinyol.png\"><img loading=\"lazy\" decoding=\"async\" class=\"alignnone size-full wp-image-701\" src=\"https:\/\/agora.xtec.cat\/ceiptorresjonama-palafrugell\/wp-content\/uploads\/usu2626\/2021\/08\/rossinyol.png\" alt=\"\" width=\"127\" height=\"186\" \/><\/a><\/p>\n<p style=\"text-align: justify;\">El Projecte Rossinyol \u00e9s un programa que es basa en la relaci\u00f3 entre mentors (estudiants universitaris voluntaris) i els alumnes (de prim\u00e0ria i secund\u00e0ria d&#8217;origen estranger). Aix\u00ed, es pret\u00e9n establir una xarxa de relacions, un conjunt de pr\u00e0ctiques i de din\u00e0miques entre estudiants de diferents facultats de la UdG i alumnes d&#8217;origen estranger de les escoles i centres de secund\u00e0ria de les comarques de Girona.<\/p>\n<p style=\"text-align: justify;\">La finalitat del projecte \u00e9s afavorir la integraci\u00f3 cultural, social i ling\u00fc\u00edstica dels alumnes d&#8217;origen estranger i que la UdG i el conjunt d&#8217;institucions que hi participin contribueixin a la sensibilitzaci\u00f3 entorn de la igualtat i la inclusi\u00f3 social.<\/p>\n<p style=\"text-align: justify;\"><strong>CURS 2020-21<\/strong><\/p>\n<p style=\"text-align: justify;\">Enguany, de la nostra escola hi participa l\u2019Edili Vel\u00e1zquez, una alumna de 5\u00e8. El Projecte es va iniciar el dia 20 de novembre de 2020 al Centre Municipal d\u2019Educaci\u00f3, amb la presentaci\u00f3 dels mentors i mentores a l\u2019alumnat i les seves fam\u00edlies. Ha fet activitats amb la Souhaila per anar millorant l&#8217;aprenentatge de la llengua catalana. El divendres dia 28 de maig es va realitzar l&#8217;acte de cloenda del projecte.<\/p>\n<p style=\"text-align: center;\"><a href=\"https:\/\/agora.xtec.cat\/ceiptorresjonama-palafrugell\/wp-content\/uploads\/usu2626\/2021\/08\/edili2021.png\"><img loading=\"lazy\" decoding=\"async\" class=\"alignnone size-medium wp-image-702\" src=\"https:\/\/agora.xtec.cat\/ceiptorresjonama-palafrugell\/wp-content\/uploads\/usu2626\/2021\/08\/edili2021-300x225.png\" alt=\"\" width=\"300\" height=\"225\" srcset=\"https:\/\/agora.xtec.cat\/ceiptorresjonama-palafrugell\/wp-content\/uploads\/usu2626\/2021\/08\/edili2021-300x225.png 300w, https:\/\/agora.xtec.cat\/ceiptorresjonama-palafrugell\/wp-content\/uploads\/usu2626\/2021\/08\/edili2021-768x575.png 768w, https:\/\/agora.xtec.cat\/ceiptorresjonama-palafrugell\/wp-content\/uploads\/usu2626\/2021\/08\/edili2021-200x150.png 200w, https:\/\/agora.xtec.cat\/ceiptorresjonama-palafrugell\/wp-content\/uploads\/usu2626\/2021\/08\/edili2021.png 1023w\" sizes=\"auto, (max-width: 300px) 100vw, 300px\" \/><\/a><\/p>\n<p style=\"text-align: center;\"><a href=\"https:\/\/agora.xtec.cat\/ceiptorresjonama-palafrugell\/wp-content\/uploads\/usu2626\/2021\/08\/edili2.jpg\"><img loading=\"lazy\" decoding=\"async\" class=\"alignnone size-medium wp-image-704\" src=\"https:\/\/agora.xtec.cat\/ceiptorresjonama-palafrugell\/wp-content\/uploads\/usu2626\/2021\/08\/edili2-225x300.jpg\" alt=\"\" width=\"225\" height=\"300\" srcset=\"https:\/\/agora.xtec.cat\/ceiptorresjonama-palafrugell\/wp-content\/uploads\/usu2626\/2021\/08\/edili2-225x300.jpg 225w, https:\/\/agora.xtec.cat\/ceiptorresjonama-palafrugell\/wp-content\/uploads\/usu2626\/2021\/08\/edili2-768x1024.jpg 768w, https:\/\/agora.xtec.cat\/ceiptorresjonama-palafrugell\/wp-content\/uploads\/usu2626\/2021\/08\/edili2-1152x1536.jpg 1152w, https:\/\/agora.xtec.cat\/ceiptorresjonama-palafrugell\/wp-content\/uploads\/usu2626\/2021\/08\/edili2.jpg 1200w\" sizes=\"auto, (max-width: 225px) 100vw, 225px\" \/><\/a><\/p>\n<p>Aqu\u00ed podeu veure el v\u00eddeo amb les imatges de les activitats realitzades durant el Projecte:<\/p>\n<p style=\"text-align: center;\"><iframe loading=\"lazy\" src=\"\/\/www.youtube.com\/embed\/S84NBYrutv8\" width=\"560\" height=\"314\" allowfullscreen=\"allowfullscreen\"><\/iframe><\/p>\n","protected":false},"excerpt":{"rendered":"<p>PROJECTE ROSSINYOL<br \/>\n<a href=\"https:\/\/agora.xtec.cat\/ceiptorresjonama-palafrugell\/wp-content\/uploads\/usu2626\/2021\/08\/rossinyol.png\"><\/a><br \/>\nEl Projecte Rossinyol \u00e9s un programa que es basa en la relaci\u00f3 entre mentors (estudiants universitaris voluntaris) i els alumnes (de prim\u00e0ria i secund\u00e0ria d&#8217;origen estranger). Aix\u00ed, es pret\u00e9n establir una xarxa de relacions, un conjunt de pr\u00e0ctiques i de din\u00e0miques entre estudiants&hellip;  <a href=\"https:\/\/agora.xtec.cat\/ceiptorresjonama-palafrugell\/lescola\/projectes-escola\/rossinyol\/\" title=\"Read Rossinyol\">Llegeix m\u00e9s\u00bb<\/a><\/p>\n","protected":false},"author":1,"featured_media":0,"parent":2,"menu_order":0,"comment_status":"closed","ping_status":"closed","template":"page-templates\/side-menu.php","meta":{"_bbp_topic_count":0,"_bbp_reply_count":0,"_bbp_total_topic_count":0,"_bbp_total_reply_count":0,"_bbp_voice_count":0,"_bbp_anonymous_reply_count":0,"_bbp_topic_count_hidden":0,"_bbp_reply_count_hidden":0,"_bbp_forum_subforum_count":0,"footnotes":""},"class_list":["post-684","page","type-page","status-publish","hentry"],"post_mailing_queue_ids":[],"_links":{"self":[{"href":"https:\/\/agora.xtec.cat\/ceiptorresjonama-palafrugell\/wp-json\/wp\/v2\/pages\/684","targetHints":{"allow":["GET"]}}],"collection":[{"href":"https:\/\/agora.xtec.cat\/ceiptorresjonama-palafrugell\/wp-json\/wp\/v2\/pages"}],"about":[{"href":"https:\/\/agora.xtec.cat\/ceiptorresjonama-palafrugell\/wp-json\/wp\/v2\/types\/page"}],"author":[{"embeddable":true,"href":"https:\/\/agora.xtec.cat\/ceiptorresjonama-palafrugell\/wp-json\/wp\/v2\/users\/1"}],"replies":[{"embeddable":true,"href":"https:\/\/agora.xtec.cat\/ceiptorresjonama-palafrugell\/wp-json\/wp\/v2\/comments?post=684"}],"version-history":[{"count":3,"href":"https:\/\/agora.xtec.cat\/ceiptorresjonama-palafrugell\/wp-json\/wp\/v2\/pages\/684\/revisions"}],"predecessor-version":[{"id":730,"href":"https:\/\/agora.xtec.cat\/ceiptorresjonama-palafrugell\/wp-json\/wp\/v2\/pages\/684\/revisions\/730"}],"up":[{"embeddable":true,"href":"https:\/\/agora.xtec.cat\/ceiptorresjonama-palafrugell\/wp-json\/wp\/v2\/pages\/2"}],"wp:attachment":[{"href":"https:\/\/agora.xtec.cat\/ceiptorresjonama-palafrugell\/wp-json\/wp\/v2\/media?parent=684"}],"curies":[{"name":"wp","href":"https:\/\/api.w.org\/{rel}","templated":true}]}}