{"id":682,"date":"2021-08-10T19:18:13","date_gmt":"2021-08-10T17:18:13","guid":{"rendered":"https:\/\/agora.xtec.cat\/ceiptorresjonama-palafrugell\/?page_id=682"},"modified":"2021-08-10T20:02:39","modified_gmt":"2021-08-10T18:02:39","slug":"lecxit","status":"publish","type":"page","link":"https:\/\/agora.xtec.cat\/ceiptorresjonama-palafrugell\/lescola\/projectes-escola\/lecxit\/","title":{"rendered":"LECXIT"},"content":{"rendered":"<p style=\"text-align: center;\"><span style=\"text-decoration: underline;\"><strong>PROJECTE LECXIT<\/strong><\/span><\/p>\n<p style=\"text-align: center;\"><a href=\"https:\/\/agora.xtec.cat\/ceiptorresjonama-palafrugell\/wp-content\/uploads\/usu2626\/2021\/08\/lecxit.png\"><img loading=\"lazy\" decoding=\"async\" class=\"alignnone size-thumbnail wp-image-709\" src=\"https:\/\/agora.xtec.cat\/ceiptorresjonama-palafrugell\/wp-content\/uploads\/usu2626\/2021\/08\/lecxit-150x150.png\" alt=\"\" width=\"150\" height=\"150\" srcset=\"https:\/\/agora.xtec.cat\/ceiptorresjonama-palafrugell\/wp-content\/uploads\/usu2626\/2021\/08\/lecxit-150x150.png 150w, https:\/\/agora.xtec.cat\/ceiptorresjonama-palafrugell\/wp-content\/uploads\/usu2626\/2021\/08\/lecxit.png 298w\" sizes=\"auto, (max-width: 150px) 100vw, 150px\" \/><\/a><\/p>\n<p style=\"text-align: justify;\">TRETS DIFERENCIALS DE L\u2019ADAPTACI\u00d3\/R\u00c8PLICA DEL PROGRAMA LECXIT DE LA FUNDACI\u00d3 JOSEP PALLACH, A PARTIR DE L\u2019INICIAT PER LA FUNDACI\u00d3 J. BOFILL<\/p>\n<p style=\"text-align: justify;\">El programa LECXIT (Lectura per a l\u2019\u00e8xit educatiu) iniciat i promogut per la Fundaci\u00f3 Jaume Bofill t\u00e9 uns trets caracter\u00edstics: fomentar el gust per la lectura i millorar la comprensi\u00f3 lectora sobretot d\u2019aquells estudiants de 9 o 10 anys els quals no hi mostren massa inter\u00e8s. I per aix\u00f2 es facilita que entitats del territori (biblioteques, centres socials, esplais, AMPA\u2019s, escoles, grups diversos,\u2026) puguin dur-lo a terme.<\/p>\n<p style=\"text-align: justify;\">La Fundaci\u00f3 Josep Pallach, a partir dels seus trets fonamentals (fer xarxa) ha promogut un model propi. Es parteix de tres eixos:<\/p>\n<ol>\n<li style=\"text-align: justify;\">MUNICIPI. Implicaci\u00f3 m\u00e0xima de tots els agents del municipi: el propi ajuntament, biblioteca, fundacions, entitats,\u2026<\/li>\n<li style=\"text-align: justify;\">ESCOLES DEL MUNICIPI. Implicaci\u00f3 de tots els centres escolars: referents de centre, la pr\u00f2pia escola com a lloc habitual on fer les sessions del LECXIT fora d\u2019horari escolar, el centre fer la selecci\u00f3 dels possibles candidats, l\u2019escola proposar-ho a les fam\u00edlies com un ajut extern m\u00e9s i gratu\u00eft, lligams referent de cada escola amb el voluntari coordinador respectiu del LECXIT a l\u2019escola,\u2026<\/li>\n<li style=\"text-align: justify;\">EL VOLUNTARIAT. Implicaci\u00f3 m\u00e0xima de tots els que potencialment poden intervenir-hi, des dels 17 anys (estudiants de 1r de batxillerat) fins a persones potser molt grans en edat cronol\u00f2gica, per\u00f2 amb el denominador com\u00fa de ser entusiastes de la lectura i que tenen ganes de contagiar-ho als destinataris.<\/li>\n<\/ol>\n<p style=\"text-align: justify;\">La col\u00b7laboraci\u00f3, lligams, intercanvi, facilitats per a la formaci\u00f3 del voluntariat, etc. entre ambdues fundacions \u2013 la Bofill i la Pallach- s\u00f3n una constant. I pensem que el nostre lema \u201cTothom educa, s\u2019educa tothom; fem xarxa\u201d, amb un programa orientat com aquest es fa m\u00e9s pal\u00e8s que mai.<\/p>\n<p style=\"text-align: justify;\">Un objectiu compartit, din\u00e0miques totalment col\u00b7laboratives i una efic\u00e0cia evident, segons avaluaci\u00f3 dels resultats, avalen l\u2019orientaci\u00f3 del nostre model.<\/p>\n<p style=\"text-align: justify;\">\u201d Aquesta activitat ha estat subvencionada per la Diputaci\u00f3 de Girona\u201d<\/p>\n<p style=\"text-align: center;\"><a href=\"http:\/\/fundaciopallach.cat\/lecxit\/\">Web Programa Lecxit<\/a><\/p>\n<p style=\"text-align: justify;\">L\u00e8cxit \u00e9s un programa de lectura for\u00e7a peculiar. Es tracta d\u2019un 1&#215;1, \u00e9s a dir, un alumne de l\u2019Escola i un mentor extern es troben cada dijous, de 5 a 6, per llegir i parlar del que llegeixen. No \u00e9s una classe de refor\u00e7 ni un complement per alumnes avantatjats. Es tracta, simplement, d\u2019un intent d\u2019entusiasmar per la lectura alumnes que ja llegeixen habitualment.<\/p>\n<p>Aquest programa ha estat molt treballat a Barcelona per la Fundaci\u00f3 Jaume Bofill. Ells, amb la seva experi\u00e8ncia i els seus recursos materials i humans, van impartir un curset de formaci\u00f3 als voluntaris del a Fundaci\u00f3 Pallach, que s\u00f3n els actuals mentors dels nens de 4t de Prim\u00e0ria assignats per l\u2019Escola.<\/p>\n<p>\u00c9s d\u2019agrair la col.laboraci\u00f3 de la Biblioteca Municipal, la Fundaci\u00f3 Josep Pla, la Xarxa, l\u2019INS Frederic Mart\u00ed, amb la participaci\u00f3 espl\u00e8ndida d\u2019alumnes del Taller de Lectura, coordinats per una eficient professora de Catal\u00e0.<\/p>\n<p>Val a dir que hi participen totes les escoles de Palafrugell. Concretament, a l\u2019Escola Torres Jonama, cada dijous, 10 alumnes (6 de 4t i 4 de 5\u00e8) i 10 entusiastes mentors comparteixen, de 5 a 6 de la tarda, la seva passi\u00f3 lectora. Esperem que l\u2019experi\u00e8ncia sigui positiva i marqui precedents.<\/p>\n<p style=\"text-align: justify;\">\nF\u00e8lix P\u00e9rez<br \/>\nCoordinador del L\u00e8cxit a l\u2019Escola Torres Jonama (Curs 2013-2014)<\/p>\n<p>&nbsp;<\/p>\n<p><a href=\"https:\/\/drive.google.com\/file\/d\/13Va17wuC4kyys4LEb6oIES9jpgWE0TTV\/view\">* V\u00eddeo del projecte (curs 2019-20)<\/a><\/p>\n","protected":false},"excerpt":{"rendered":"<p>PROJECTE LECXIT<br \/>\n<a href=\"https:\/\/agora.xtec.cat\/ceiptorresjonama-palafrugell\/wp-content\/uploads\/usu2626\/2021\/08\/lecxit.png\"><\/a><br \/>\nTRETS DIFERENCIALS DE L\u2019ADAPTACI\u00d3\/R\u00c8PLICA DEL PROGRAMA LECXIT DE LA FUNDACI\u00d3 JOSEP PALLACH, A PARTIR DE L\u2019INICIAT PER LA FUNDACI\u00d3 J. BOFILL<br \/>\nEl programa LECXIT (Lectura per a l\u2019\u00e8xit educatiu) iniciat i promogut per la Fundaci\u00f3 Jaume Bofill t\u00e9 uns trets caracter\u00edstics: fomentar el gust&hellip;  <a href=\"https:\/\/agora.xtec.cat\/ceiptorresjonama-palafrugell\/lescola\/projectes-escola\/lecxit\/\" title=\"Read LECXIT\">Llegeix m\u00e9s\u00bb<\/a><\/p>\n","protected":false},"author":1,"featured_media":0,"parent":2,"menu_order":0,"comment_status":"closed","ping_status":"closed","template":"page-templates\/side-menu.php","meta":{"_bbp_topic_count":0,"_bbp_reply_count":0,"_bbp_total_topic_count":0,"_bbp_total_reply_count":0,"_bbp_voice_count":0,"_bbp_anonymous_reply_count":0,"_bbp_topic_count_hidden":0,"_bbp_reply_count_hidden":0,"_bbp_forum_subforum_count":0,"footnotes":""},"class_list":["post-682","page","type-page","status-publish","hentry"],"post_mailing_queue_ids":[],"_links":{"self":[{"href":"https:\/\/agora.xtec.cat\/ceiptorresjonama-palafrugell\/wp-json\/wp\/v2\/pages\/682","targetHints":{"allow":["GET"]}}],"collection":[{"href":"https:\/\/agora.xtec.cat\/ceiptorresjonama-palafrugell\/wp-json\/wp\/v2\/pages"}],"about":[{"href":"https:\/\/agora.xtec.cat\/ceiptorresjonama-palafrugell\/wp-json\/wp\/v2\/types\/page"}],"author":[{"embeddable":true,"href":"https:\/\/agora.xtec.cat\/ceiptorresjonama-palafrugell\/wp-json\/wp\/v2\/users\/1"}],"replies":[{"embeddable":true,"href":"https:\/\/agora.xtec.cat\/ceiptorresjonama-palafrugell\/wp-json\/wp\/v2\/comments?post=682"}],"version-history":[{"count":3,"href":"https:\/\/agora.xtec.cat\/ceiptorresjonama-palafrugell\/wp-json\/wp\/v2\/pages\/682\/revisions"}],"predecessor-version":[{"id":711,"href":"https:\/\/agora.xtec.cat\/ceiptorresjonama-palafrugell\/wp-json\/wp\/v2\/pages\/682\/revisions\/711"}],"up":[{"embeddable":true,"href":"https:\/\/agora.xtec.cat\/ceiptorresjonama-palafrugell\/wp-json\/wp\/v2\/pages\/2"}],"wp:attachment":[{"href":"https:\/\/agora.xtec.cat\/ceiptorresjonama-palafrugell\/wp-json\/wp\/v2\/media?parent=682"}],"curies":[{"name":"wp","href":"https:\/\/api.w.org\/{rel}","templated":true}]}}