{"id":678,"date":"2021-08-10T19:17:19","date_gmt":"2021-08-10T17:17:19","guid":{"rendered":"https:\/\/agora.xtec.cat\/ceiptorresjonama-palafrugell\/?page_id=678"},"modified":"2022-02-02T11:57:05","modified_gmt":"2022-02-02T10:57:05","slug":"escoltam","status":"publish","type":"page","link":"https:\/\/agora.xtec.cat\/ceiptorresjonama-palafrugell\/lescola\/projectes-escola\/escoltam\/","title":{"rendered":"Escolta&#8217;m"},"content":{"rendered":"<p style=\"text-align: center;\"><span style=\"text-decoration: underline;\"><strong>PROJECTE ESCOLTA&#8217;M<\/strong><\/span><\/p>\n<p style=\"text-align: center;\"><a href=\"https:\/\/agora.xtec.cat\/ceiptorresjonama-palafrugell\/wp-content\/uploads\/usu2626\/2021\/08\/escoltam.jpg\"><img loading=\"lazy\" decoding=\"async\" class=\"alignnone size-thumbnail wp-image-712\" src=\"https:\/\/agora.xtec.cat\/ceiptorresjonama-palafrugell\/wp-content\/uploads\/usu2626\/2021\/08\/escoltam-150x150.jpg\" alt=\"\" width=\"150\" height=\"150\" \/><\/a><\/p>\n<p style=\"text-align: center;\"><iframe loading=\"lazy\" src=\"https:\/\/drive.google.com\/file\/d\/17tU8Sk1JUBAJZAqpekh8ZcnjAh_cYX_l\/preview\" width=\"640\" height=\"480\"><\/iframe><\/p>\n<p dir=\"ltr\" style=\"text-align: justify;\">Escolta&#8217;m \u00e9s un projecte que s&#8217;estructura en l&#8217;\u00e0mbit de la intervenci\u00f3 educativa de l&#8217;acci\u00f3 tutorial, i que parteix de quatre eixos vertebradors: la intervenci\u00f3 prim\u00e0ria, l&#8217;escola inclusiva, l&#8217;alumne\/a com a persona i el suport al tutor\/a.<\/p>\n<p dir=\"ltr\" style=\"text-align: justify;\">El treball amb aquest \u00e0mbit implica un canvi de mirada respecte a les tasques tutorials, per tal de millorar les accions que s&#8217;hi duen a terme.<\/p>\n<div style=\"text-align: justify;\"><\/div>\n<p dir=\"ltr\" style=\"text-align: justify;\"><strong>Descripci\u00f3<\/strong>:<\/p>\n<p dir=\"ltr\" style=\"text-align: justify;\">El projecte Escolta&#8217;m es porta a terme a la nostra escola des del curs 2013\/2014, despr\u00e9s de rebre una formaci\u00f3 per part de la Lourdes Dalmau i l&#8217;Anna Vi\u00f1as.<\/p>\n<p dir=\"ltr\" style=\"text-align: justify;\">Aquest projecte es porta a terme a Cicle Mitj\u00e0 i Cicle Superior i consisteix en reunir sistem\u00e0ticament un cop per setmana un grup de 2 o 3 alumnes amb els quals crearem un espai de comunicaci\u00f3 i relaci\u00f3 entre ells\/elles i el tutor\/a, tant a nivell formal com informal. Es tracta de portar a terme un format de tutoria m\u00e9s \u00edntim i acollidor, on l&#8217;alumne\/a pugui desenvolupar habilitats de relaci\u00f3 i comunicaci\u00f3 entre iguals, i que pret\u00e9n millorar la cohesi\u00f3 social i l&#8217;aprenentatge del nostre alumnat.<\/p>\n<div style=\"text-align: justify;\"><\/div>\n<p dir=\"ltr\" style=\"text-align: justify;\"><strong>Aplicaci\u00f3<\/strong>:<\/p>\n<p dir=\"ltr\" style=\"text-align: justify;\">Es fa coincidir amb alguna sessi\u00f3 on hi hagi m\u00e9s d\u2019un docent alhora (Religi\u00f3\/Educaci\u00f3 en valors,\u00a0 sessions en que les tutores o tutors estan fent suport a l\u2019aula&#8230;) per tal de poder-los atendre.<\/p>\n<p dir=\"ltr\" style=\"text-align: justify;\">Cada tutor\/a pot treballar a l\u2019espai que es faci servir per fer l\u2019Escolta\u2019m (aquest curs preferentment a l\u2019exterior) amb alumnes de la seva classe. La sessi\u00f3 no hauria de durar m\u00e9s de 30\u2019.<\/p>\n<p dir=\"ltr\" style=\"text-align: justify;\"><strong>Objectius<\/strong>:<\/p>\n<ul style=\"text-align: justify;\">\n<li dir=\"ltr\">\n<p dir=\"ltr\">Centrar\u00a0 la mirada en els elements que afavoreixen el progr\u00e9s de l\u2019alumnat, m\u00e9s que en les causes dels seus problemes.<\/p>\n<\/li>\n<li dir=\"ltr\">\n<p dir=\"ltr\">Desenvolupar habilitats de comunicaci\u00f3 i relaci\u00f3 entre iguals.<\/p>\n<\/li>\n<li dir=\"ltr\">\n<p dir=\"ltr\">Donar respostes educatives a l\u2019alumnat per promoure factors que els facin cr\u00e9ixer de manera equilibrada i que els ajudi a tenir una motivaci\u00f3 m\u00e9s gran per aprendre.<\/p>\n<\/li>\n<li dir=\"ltr\">\n<p dir=\"ltr\">Promoure activitats educatives d&#8217;interacci\u00f3 positiva amb tot l&#8217;alumnat, en especial amb els que mostren mancances respecte a la seva capacitat de comunicaci\u00f3 i relaci\u00f3 social a partir de la solidaritat, de la resoluci\u00f3 de conflictes a trav\u00e9s del di\u00e0leg, del respecte a les difer\u00e8ncies individuals, d&#8217;una millor cohesi\u00f3 social, i en la cooperaci\u00f3 en les pr\u00e0ctiques educatives.<\/p>\n<\/li>\n<li dir=\"ltr\">\n<p dir=\"ltr\">Aconseguir una millor vinculaci\u00f3 educativa entre tutors i alumnes i entre l\u2019alumnat.<\/p>\n<\/li>\n<li dir=\"ltr\">\n<p dir=\"ltr\">Millorar les relacions entre el professorat, l&#8217;alumnat i les seves fam\u00edlies.<\/p>\n<\/li>\n<li dir=\"ltr\">\n<p dir=\"ltr\">Invertir m\u00e9s temps de qualitat en l&#8217;acci\u00f3 tutorial per treballar amb aprofundiment i tranquil\u00b7litat envers el grup classe.<\/p>\n<\/li>\n<\/ul>\n<div style=\"text-align: justify;\"><\/div>\n<p dir=\"ltr\" style=\"text-align: justify;\">\u00a0\u00a0<strong>Metodologia<\/strong>:<\/p>\n<p dir=\"ltr\" style=\"text-align: justify;\">Aquest tipus de tutoria\u00a0 pret\u00e9n copsar i detectar si alguns\/es alumnes m\u00e9s que d\u2019altres necessiten establir relacions properes d\u2019estima i respecte, encara que sigui \u201ccom a m\u00ednim amb un sol adult significatiu\u201d, i observar tamb\u00e9 la manera en que expressen la necessitat espont\u00e0nia o no d\u2019 establir relacions d\u2019harmonia i ajuda entre iguals.<\/p>\n<p dir=\"ltr\" style=\"text-align: justify;\">A l\u2019espai Escolta\u2019m hi ha d\u2019assistir tot l\u2019alumnat de la classe, de manera rotativa. Tenint present aquesta premissa el tutor\/a disposa de total flexibilitat per poder fer els agrupaments en funci\u00f3 de les necessitats del grup-classe. L\u2019espai d\u2019Escolta\u2019m no \u00e9s de cap manera un espai pensat per a treballar algun tipus de refor\u00e7 escolar o per amonestar a un nen\/a davant d\u2019una situaci\u00f3 determinada.<\/p>\n<p dir=\"ltr\" style=\"text-align: justify;\">Els temes tractats solen ser espontanis, els que en aquell moment l\u2019alumnat vol parlar i trobi la confian\u00e7a necess\u00e0ria per poder fer-ho. Els i les alumnes han de notar que s\u00f3n importants pel tutor\/a i que pot confiar en ell, que no est\u00e0 sol\/a.<\/p>\n<p dir=\"ltr\" style=\"text-align: justify;\">Aquesta metodologia de treball t\u00e9 com a objectiu millorar les relacions de comunicaci\u00f3 i estima m\u00fatua i observar, de retruc, com aquest format did\u00e0ctic tutorial repercuteix positivament en el clima emocional de l\u2019aula i en els aprenentatges quan el tutor\/a es dirigeix o interactua amb tot el grup-classe.<\/p>\n<p dir=\"ltr\" style=\"text-align: justify;\">Despr\u00e9s de cada sessi\u00f3 s\u2019emplena un full de registre on s\u2019indica l\u2019alumnat que ha assistit a l\u2019aula petita, els criteris d\u2019agrupament, els temes tractats, intervencions remarcables per part dels i les alumnes i del mestre\/a, a m\u00e9s a m\u00e9s d\u2019alguna possible consideraci\u00f3 a tenir present.<\/p>\n<p dir=\"ltr\" style=\"text-align: justify;\"><strong>Avaluaci\u00f3<\/strong>:<\/p>\n<p dir=\"ltr\" style=\"text-align: justify;\">L\u2019avaluaci\u00f3 es realitzar\u00e0 a partir dels fulls de registre\u00a0 i les anotacions (observacions) realitzades pel tutor\/a.<\/p>\n<p dir=\"ltr\" style=\"text-align: justify;\">Per poder valorar l\u2019efic\u00e0cia del projecte \u00e9s necessari fer una avaluaci\u00f3 directament a l\u2019alumnat que hagi viscut l\u2019impacte del projecte i saber en quina mesura ha estat el desencadenant de canvis que li hagin potenciat la resili\u00e8ncia.<\/p>\n","protected":false},"excerpt":{"rendered":"<p>PROJECTE ESCOLTA&#8217;M<br \/>\n<a href=\"https:\/\/agora.xtec.cat\/ceiptorresjonama-palafrugell\/wp-content\/uploads\/usu2626\/2021\/08\/escoltam.jpg\"><\/a><\/p>\n<p>Escolta&#8217;m \u00e9s un projecte que s&#8217;estructura en l&#8217;\u00e0mbit de la intervenci\u00f3 educativa de l&#8217;acci\u00f3 tutorial, i que parteix de quatre eixos vertebradors: la intervenci\u00f3 prim\u00e0ria, l&#8217;escola inclusiva, l&#8217;alumne\/a com a persona i el suport al tutor\/a.<br \/>\nEl treball amb aquest \u00e0mbit implica un canvi&hellip;  <a href=\"https:\/\/agora.xtec.cat\/ceiptorresjonama-palafrugell\/lescola\/projectes-escola\/escoltam\/\" title=\"Read Escolta&#8217;m\">Llegeix m\u00e9s\u00bb<\/a><\/p>\n","protected":false},"author":1,"featured_media":0,"parent":2,"menu_order":0,"comment_status":"closed","ping_status":"closed","template":"page-templates\/side-menu.php","meta":{"_bbp_topic_count":0,"_bbp_reply_count":0,"_bbp_total_topic_count":0,"_bbp_total_reply_count":0,"_bbp_voice_count":0,"_bbp_anonymous_reply_count":0,"_bbp_topic_count_hidden":0,"_bbp_reply_count_hidden":0,"_bbp_forum_subforum_count":0,"footnotes":""},"class_list":["post-678","page","type-page","status-publish","hentry"],"post_mailing_queue_ids":[],"_links":{"self":[{"href":"https:\/\/agora.xtec.cat\/ceiptorresjonama-palafrugell\/wp-json\/wp\/v2\/pages\/678","targetHints":{"allow":["GET"]}}],"collection":[{"href":"https:\/\/agora.xtec.cat\/ceiptorresjonama-palafrugell\/wp-json\/wp\/v2\/pages"}],"about":[{"href":"https:\/\/agora.xtec.cat\/ceiptorresjonama-palafrugell\/wp-json\/wp\/v2\/types\/page"}],"author":[{"embeddable":true,"href":"https:\/\/agora.xtec.cat\/ceiptorresjonama-palafrugell\/wp-json\/wp\/v2\/users\/1"}],"replies":[{"embeddable":true,"href":"https:\/\/agora.xtec.cat\/ceiptorresjonama-palafrugell\/wp-json\/wp\/v2\/comments?post=678"}],"version-history":[{"count":3,"href":"https:\/\/agora.xtec.cat\/ceiptorresjonama-palafrugell\/wp-json\/wp\/v2\/pages\/678\/revisions"}],"predecessor-version":[{"id":1145,"href":"https:\/\/agora.xtec.cat\/ceiptorresjonama-palafrugell\/wp-json\/wp\/v2\/pages\/678\/revisions\/1145"}],"up":[{"embeddable":true,"href":"https:\/\/agora.xtec.cat\/ceiptorresjonama-palafrugell\/wp-json\/wp\/v2\/pages\/2"}],"wp:attachment":[{"href":"https:\/\/agora.xtec.cat\/ceiptorresjonama-palafrugell\/wp-json\/wp\/v2\/media?parent=678"}],"curies":[{"name":"wp","href":"https:\/\/api.w.org\/{rel}","templated":true}]}}