{"id":676,"date":"2021-08-10T19:16:53","date_gmt":"2021-08-10T17:16:53","guid":{"rendered":"https:\/\/agora.xtec.cat\/ceiptorresjonama-palafrugell\/?page_id=676"},"modified":"2022-02-21T19:41:35","modified_gmt":"2022-02-21T18:41:35","slug":"gep","status":"publish","type":"page","link":"https:\/\/agora.xtec.cat\/ceiptorresjonama-palafrugell\/lescola\/projectes-escola\/gep\/","title":{"rendered":"GEP"},"content":{"rendered":"<p style=\"text-align: center;\"><span style=\"text-decoration: underline;\"><strong>PROJECTE GEP<\/strong><\/span><\/p>\n<p style=\"text-align: center;\"><em>Programa Generaci\u00f3 Pluriling\u00fce<\/em><\/p>\n<p style=\"text-align: center;\"><a href=\"https:\/\/agora.xtec.cat\/ceiptorresjonama-palafrugell\/wp-content\/uploads\/usu2626\/2021\/08\/gep.png\"><img loading=\"lazy\" decoding=\"async\" class=\"alignnone size-medium wp-image-714\" src=\"https:\/\/agora.xtec.cat\/ceiptorresjonama-palafrugell\/wp-content\/uploads\/usu2626\/2021\/08\/gep-300x185.png\" alt=\"\" width=\"300\" height=\"185\" srcset=\"https:\/\/agora.xtec.cat\/ceiptorresjonama-palafrugell\/wp-content\/uploads\/usu2626\/2021\/08\/gep-300x185.png 300w, https:\/\/agora.xtec.cat\/ceiptorresjonama-palafrugell\/wp-content\/uploads\/usu2626\/2021\/08\/gep-768x473.png 768w, https:\/\/agora.xtec.cat\/ceiptorresjonama-palafrugell\/wp-content\/uploads\/usu2626\/2021\/08\/gep.png 982w\" sizes=\"auto, (max-width: 300px) 100vw, 300px\" \/><\/a><\/p>\n<p style=\"text-align: justify;\">El nostre centre participa per tercer any en el programa d\u2019innovaci\u00f3 educativa Generaci\u00f3 Pluriling\u00fce (GEP).<\/p>\n<p style=\"text-align: center;\"><iframe loading=\"lazy\" src=\"https:\/\/drive.google.com\/file\/d\/1Ev8e-0weXgVEU6fd9wnp_DtllCrgA6oQ\/preview\" width=\"640\" height=\"480\"><\/iframe><\/p>\n<p style=\"text-align: justify;\">El GEP \u00e9s un programa que t\u00e9 com a objectiu augmentar la compet\u00e8ncia comunicativa de l\u2019alumnat en llengua estrangera i que consisteix en impartir mat\u00e8ries no ling\u00fc\u00edstiques en una llengua estrangera.<\/p>\n<p style=\"text-align: justify;\">Les accions del programa GEP s\u2019orienten, d\u2019una banda, a incrementar el temps d\u2019exposici\u00f3 de l\u2019alumnat a les lleng\u00fces estrangeres curriculars i, d\u2019una altra, a acompanyar els centres educatius en el proc\u00e9s de desplegament i consolidaci\u00f3 d\u2019un projecte ling\u00fc\u00edstic pluriling\u00fce propi.<\/p>\n<p style=\"text-align: justify;\">La durada del programa \u00e9s de tres cursos escolars. Durant aquest temps, docents dels centres participants amb una acreditaci\u00f3 suficient de coneixements de llengua estrangera reben formaci\u00f3. Els equips directius, al seu torn, reben orientacions per a la implementaci\u00f3 del programa en el centre, el disseny d\u2019un\u00a0pla d\u2019acci\u00f3\u00a0i l\u2019elaboraci\u00f3 d\u2019una\u00a0mem\u00f2ria final.<\/p>\n<p style=\"text-align: justify;\">Degut a la situaci\u00f3 sanit\u00e0ria en que ens trobem aquest curs, nom\u00e9s hem pogut mantenir la\u00a0 sessi\u00f3 d\u2019Educaci\u00f3 F\u00edsica en angl\u00e8s a Cicle Mitj\u00e0. Puntualment tamb\u00e9 es podr\u00e0 fer alguna sessi\u00f3 de Pl\u00e0stica en angl\u00e8s a Cicle Inicial (que lligarem a algun projecte concret).<\/p>\n<p style=\"text-align: justify;\">L\u2019escola ha apostat per participar en aquest programa perqu\u00e8 som conscients que per millorar els resultats educatius necessitem potenciar les habilitats ling\u00fc\u00edstiques i comunicatives.<\/p>\n<p style=\"text-align: center;\"><strong><span style=\"text-decoration: underline;\">Cicle Superior<\/span><\/strong><\/p>\n<table style=\"width: 100%; border-collapse: collapse; border-color: #f7f7f7;\">\n<tbody>\n<tr>\n<td style=\"width: 50%; text-align: center;\"><em><strong>English 5th graders Torres Jonama &#8211; <a href=\"https:\/\/sites.google.com\/xtec.cat\/english5thgraderstorresjonamap\/p%C3%A0gina-principal\" target=\"_blank\" rel=\"nofollow noopener\">Sites<\/a>\u00a0 <\/strong><\/em><\/td>\n<td style=\"width: 50%; text-align: center;\"><em><strong>English 6th graders Torres Jonama &#8211; <a href=\"https:\/\/sites.google.com\/xtec.cat\/beep-6-torres-jonama-palafruge\/p%C3%A0gina-principal\" target=\"_blank\" rel=\"nofollow noopener\">Sites<\/a><\/strong><\/em><\/td>\n<\/tr>\n<tr>\n<td style=\"width: 50%; text-align: center;\"><a href=\"https:\/\/agora.xtec.cat\/ceiptorresjonama-palafrugell\/wp-content\/uploads\/usu2626\/2021\/08\/gep5.png\"><img loading=\"lazy\" decoding=\"async\" class=\"alignnone size-medium wp-image-716\" src=\"https:\/\/agora.xtec.cat\/ceiptorresjonama-palafrugell\/wp-content\/uploads\/usu2626\/2021\/08\/gep5-300x125.png\" alt=\"\" width=\"300\" height=\"125\" srcset=\"https:\/\/agora.xtec.cat\/ceiptorresjonama-palafrugell\/wp-content\/uploads\/usu2626\/2021\/08\/gep5-300x125.png 300w, https:\/\/agora.xtec.cat\/ceiptorresjonama-palafrugell\/wp-content\/uploads\/usu2626\/2021\/08\/gep5-768x319.png 768w, https:\/\/agora.xtec.cat\/ceiptorresjonama-palafrugell\/wp-content\/uploads\/usu2626\/2021\/08\/gep5.png 849w\" sizes=\"auto, (max-width: 300px) 100vw, 300px\" \/><\/a><\/td>\n<td style=\"width: 50%; text-align: center;\"><a href=\"https:\/\/agora.xtec.cat\/ceiptorresjonama-palafrugell\/wp-content\/uploads\/usu2626\/2021\/08\/gep6.png\"><img loading=\"lazy\" decoding=\"async\" class=\"alignnone size-medium wp-image-717\" src=\"https:\/\/agora.xtec.cat\/ceiptorresjonama-palafrugell\/wp-content\/uploads\/usu2626\/2021\/08\/gep6-300x115.png\" alt=\"\" width=\"300\" height=\"115\" srcset=\"https:\/\/agora.xtec.cat\/ceiptorresjonama-palafrugell\/wp-content\/uploads\/usu2626\/2021\/08\/gep6-300x115.png 300w, https:\/\/agora.xtec.cat\/ceiptorresjonama-palafrugell\/wp-content\/uploads\/usu2626\/2021\/08\/gep6-768x295.png 768w, https:\/\/agora.xtec.cat\/ceiptorresjonama-palafrugell\/wp-content\/uploads\/usu2626\/2021\/08\/gep6.png 930w\" sizes=\"auto, (max-width: 300px) 100vw, 300px\" \/><\/a><\/td>\n<\/tr>\n<\/tbody>\n<\/table>\n<p style=\"text-align: center;\"><strong><span style=\"text-decoration: underline;\">Cicle Mitj\u00e0<\/span><\/strong><\/p>\n<p style=\"text-align: center;\"><a href=\"https:\/\/docs.google.com\/presentation\/d\/1wMyYnuPO36SXObxXQP8wd0_aVKo2HdLESO_UgXO0w-4\/edit?usp=sharing\">Instruments<\/a><\/p>\n<p style=\"text-align: center;\"><strong><span style=\"text-decoration: underline;\">Cicle Inicial<\/span><\/strong><\/p>\n<p style=\"text-align: center;\"><a href=\"https:\/\/docs.google.com\/presentation\/d\/1ipBCSPXDUZ4WjEu-02qiokT8goZLx0_Ca4zbYqvEB9A\/edit?usp=sharing\">Before<\/a><\/p>\n<p style=\"text-align: center;\"><a href=\"https:\/\/docs.google.com\/presentation\/d\/1oh6w9GVf9DNjf0pVadzIB7uJMFNnKYqLxRIqCzhElMY\/edit?usp=sharing\">Work Progress<\/a><\/p>\n","protected":false},"excerpt":{"rendered":"<p>PROJECTE GEP<br \/>\nPrograma Generaci\u00f3 Pluriling\u00fce<br \/>\n<a href=\"https:\/\/agora.xtec.cat\/ceiptorresjonama-palafrugell\/wp-content\/uploads\/usu2626\/2021\/08\/gep.png\"><\/a><br \/>\nEl nostre centre participa per tercer any en el programa d\u2019innovaci\u00f3 educativa Generaci\u00f3 Pluriling\u00fce (GEP).<\/p>\n<p>El GEP \u00e9s un programa que t\u00e9 com a objectiu augmentar la compet\u00e8ncia comunicativa de l\u2019alumnat en llengua estrangera i que consisteix en impartir mat\u00e8ries no ling\u00fc\u00edstiques&hellip;  <a href=\"https:\/\/agora.xtec.cat\/ceiptorresjonama-palafrugell\/lescola\/projectes-escola\/gep\/\" title=\"Read GEP\">Llegeix m\u00e9s\u00bb<\/a><\/p>\n","protected":false},"author":1,"featured_media":0,"parent":2,"menu_order":0,"comment_status":"closed","ping_status":"closed","template":"page-templates\/side-menu.php","meta":{"_bbp_topic_count":0,"_bbp_reply_count":0,"_bbp_total_topic_count":0,"_bbp_total_reply_count":0,"_bbp_voice_count":0,"_bbp_anonymous_reply_count":0,"_bbp_topic_count_hidden":0,"_bbp_reply_count_hidden":0,"_bbp_forum_subforum_count":0,"footnotes":""},"class_list":["post-676","page","type-page","status-publish","hentry"],"post_mailing_queue_ids":[],"_links":{"self":[{"href":"https:\/\/agora.xtec.cat\/ceiptorresjonama-palafrugell\/wp-json\/wp\/v2\/pages\/676","targetHints":{"allow":["GET"]}}],"collection":[{"href":"https:\/\/agora.xtec.cat\/ceiptorresjonama-palafrugell\/wp-json\/wp\/v2\/pages"}],"about":[{"href":"https:\/\/agora.xtec.cat\/ceiptorresjonama-palafrugell\/wp-json\/wp\/v2\/types\/page"}],"author":[{"embeddable":true,"href":"https:\/\/agora.xtec.cat\/ceiptorresjonama-palafrugell\/wp-json\/wp\/v2\/users\/1"}],"replies":[{"embeddable":true,"href":"https:\/\/agora.xtec.cat\/ceiptorresjonama-palafrugell\/wp-json\/wp\/v2\/comments?post=676"}],"version-history":[{"count":4,"href":"https:\/\/agora.xtec.cat\/ceiptorresjonama-palafrugell\/wp-json\/wp\/v2\/pages\/676\/revisions"}],"predecessor-version":[{"id":1189,"href":"https:\/\/agora.xtec.cat\/ceiptorresjonama-palafrugell\/wp-json\/wp\/v2\/pages\/676\/revisions\/1189"}],"up":[{"embeddable":true,"href":"https:\/\/agora.xtec.cat\/ceiptorresjonama-palafrugell\/wp-json\/wp\/v2\/pages\/2"}],"wp:attachment":[{"href":"https:\/\/agora.xtec.cat\/ceiptorresjonama-palafrugell\/wp-json\/wp\/v2\/media?parent=676"}],"curies":[{"name":"wp","href":"https:\/\/api.w.org\/{rel}","templated":true}]}}