{"id":672,"date":"2021-08-10T19:15:54","date_gmt":"2021-08-10T17:15:54","guid":{"rendered":"https:\/\/agora.xtec.cat\/ceiptorresjonama-palafrugell\/?page_id=672"},"modified":"2022-02-21T19:38:47","modified_gmt":"2022-02-21T18:38:47","slug":"experiencies-al-laboratori","status":"publish","type":"page","link":"https:\/\/agora.xtec.cat\/ceiptorresjonama-palafrugell\/lescola\/projectes-escola\/experiencies-al-laboratori\/","title":{"rendered":"Experi\u00e8ncies al laboratori"},"content":{"rendered":"<p style=\"text-align: center;\"><span style=\"text-decoration: underline;\"><strong>EXPERI\u00c8NCIES AL LABORATORI<\/strong><\/span><\/p>\n<p style=\"text-align: center;\"><a href=\"https:\/\/agora.xtec.cat\/ceiptorresjonama-palafrugell\/wp-content\/uploads\/usu2626\/2021\/08\/laboratoriweb.png\"><img loading=\"lazy\" decoding=\"async\" class=\"alignnone size-medium wp-image-723\" src=\"https:\/\/agora.xtec.cat\/ceiptorresjonama-palafrugell\/wp-content\/uploads\/usu2626\/2021\/08\/laboratoriweb-300x107.png\" alt=\"\" width=\"300\" height=\"107\" srcset=\"https:\/\/agora.xtec.cat\/ceiptorresjonama-palafrugell\/wp-content\/uploads\/usu2626\/2021\/08\/laboratoriweb-300x107.png 300w, https:\/\/agora.xtec.cat\/ceiptorresjonama-palafrugell\/wp-content\/uploads\/usu2626\/2021\/08\/laboratoriweb.png 474w\" sizes=\"auto, (max-width: 300px) 100vw, 300px\" \/><\/a><\/p>\n<p dir=\"ltr\" style=\"text-align: justify;\">Aquest projecte es va comen\u00e7ar el curs 2006-07. T\u00e9 la finalitat de ser un complement de la mat\u00e8ria de Coneixement del Medi que aplica, al laboratori i algunes vegades \u201cin vivo\u201d, els coneixements que els alumnes hauran adquirit pr\u00e8viament a la classe. Es tracta que, mitjan\u00e7ant una s\u00e8rie de pr\u00e0ctiques i experi\u00e8ncies, els alumnes aproximin m\u00e9s a la seva realitat all\u00f2 que han llegit i apr\u00e8s als llibres o a classe.<\/p>\n<p dir=\"ltr\" style=\"text-align: center;\"><iframe loading=\"lazy\" src=\"https:\/\/drive.google.com\/file\/d\/18RZJyAp7_HnbN0bbzEb8xf5F6ct0sc3d\/preview\" width=\"640\" height=\"480\"><\/iframe><\/p>\n<p dir=\"ltr\" style=\"text-align: justify;\">Aquestes sessions de laboratori pretenen:<\/p>\n<ul style=\"text-align: justify;\">\n<li dir=\"ltr\">\n<p dir=\"ltr\">Realitzar activitats que proposin la utilitzaci\u00f3 de procediments de diverses menes quan hagin de realitzar un treball experimental.<\/p>\n<\/li>\n<li dir=\"ltr\">\n<p dir=\"ltr\">Dedicar temps a les activitats experimentals, que fan possible la comprensi\u00f3 persistent dels conceptes i afavoreixen l\u2019adquisici\u00f3 de processos cient\u00edfics.<\/p>\n<\/li>\n<\/ul>\n<p dir=\"ltr\" style=\"text-align: justify;\">Per dur a terme el projecte s\u2019han tingut en compte els seg\u00fcents aspectes:<\/p>\n<ol style=\"text-align: justify;\">\n<li dir=\"ltr\">\n<p dir=\"ltr\">S\u2019aplica a tota l\u2019etapa de Prim\u00e0ria: de 1r a 6\u00e8.<\/p>\n<\/li>\n<li dir=\"ltr\">\n<p dir=\"ltr\">S\u2019intenta fer el m\u00e0xim de pr\u00e0ctiques possibles, d\u2019acord amb el temari de l\u2019\u00e0rea de Medi.<\/p>\n<\/li>\n<li dir=\"ltr\">\n<p dir=\"ltr\">Els grups s\u00f3n d\u2019entre 12 i 14 alumnes.<\/p>\n<\/li>\n<li dir=\"ltr\">\n<p dir=\"ltr\">Enguany les tutores i tutors s\u00f3n qui realitzen les pr\u00e0ctiques amb el seu grup bombolla.<\/p>\n<\/li>\n<li dir=\"ltr\">\n<p dir=\"ltr\">El material necessari el proporciona el mateix laboratori, les aportacions dels\/de les\u00a0 alumnes (ampolles buides, envasos de pl\u00e0stics, &#8230;) i\/o el que hagi de comprar l\u2019escola (amb diners de l\u2019escola\u00a0 i la quantitat que paga l\u2019alumne).<\/p>\n<\/li>\n<\/ol>\n<p dir=\"ltr\" style=\"text-align: justify;\">Algunes de les pr\u00e0ctiques seguiran les passes del\u00a0 M\u00e8tode Cient\u00edfic:<\/p>\n<ol style=\"text-align: justify;\">\n<li dir=\"ltr\">\n<p dir=\"ltr\">Con\u00e8ixer l\u2019experi\u00e8ncia a realitzar<\/p>\n<\/li>\n<li dir=\"ltr\">\n<p dir=\"ltr\">Preparaci\u00f3 del material necessari<\/p>\n<\/li>\n<li dir=\"ltr\">\n<p dir=\"ltr\">Explicaci\u00f3 del procediment a seguir<\/p>\n<\/li>\n<li dir=\"ltr\">\n<p dir=\"ltr\">Formulaci\u00f3 d\u2019hip\u00f2tesis<\/p>\n<\/li>\n<li dir=\"ltr\">\n<p dir=\"ltr\">Realitzaci\u00f3 de l\u2019experiment<\/p>\n<\/li>\n<li dir=\"ltr\">\n<p dir=\"ltr\">Recull dels resultats<\/p>\n<\/li>\n<li dir=\"ltr\">\n<p dir=\"ltr\">Elaboraci\u00f3 de les conclusions<\/p>\n<\/li>\n<\/ol>\n<p dir=\"ltr\" style=\"text-align: justify;\">Despr\u00e9s de l\u2019 experi\u00e8ncia l\u2019alumne omplir\u00e0 una fitxa que consta dels seg\u00fcents apartats<\/p>\n<ul style=\"text-align: justify;\">\n<li dir=\"ltr\">\n<p dir=\"ltr\">Nom, curs i data (a omplir)<\/p>\n<\/li>\n<li dir=\"ltr\">\n<p dir=\"ltr\">T\u00edtol de la pr\u00e0ctica (ja donat)<\/p>\n<\/li>\n<li dir=\"ltr\">\n<p dir=\"ltr\">Material (ja donat)<\/p>\n<\/li>\n<li dir=\"ltr\">\n<p dir=\"ltr\">Procediment (ja donat)<\/p>\n<\/li>\n<li dir=\"ltr\">\n<p dir=\"ltr\">Esquema o dibuix (per omplir)<\/p>\n<\/li>\n<li dir=\"ltr\">\n<p dir=\"ltr\">Conclusions (per omplir)<\/p>\n<\/li>\n<\/ul>\n<p dir=\"ltr\" style=\"text-align: justify;\">Altres pr\u00e0ctiques es basaran en propostes dels quaderns de medi i es recolliran els resultats en aquests.<\/p>\n<p dir=\"ltr\" style=\"text-align: justify;\">Amb aquest projecte ens volem assegurar que tot l\u2019alumnat realitzi algunes pr\u00e0ctiques espec\u00edfiques, conegui el funcionament de diferents instruments de laboratori i s\u2019acostumi a treballar d\u2019una manera diferent (treball en petit grup) i en un espai diferent a l\u2019aula ordin\u00e0ria: laboratori, patis, hort,&#8230;<\/p>\n","protected":false},"excerpt":{"rendered":"<p>EXPERI\u00c8NCIES AL LABORATORI<br \/>\n<a href=\"https:\/\/agora.xtec.cat\/ceiptorresjonama-palafrugell\/wp-content\/uploads\/usu2626\/2021\/08\/laboratoriweb.png\"><\/a><br \/>\nAquest projecte es va comen\u00e7ar el curs 2006-07. T\u00e9 la finalitat de ser un complement de la mat\u00e8ria de Coneixement del Medi que aplica, al laboratori i algunes vegades \u201cin vivo\u201d, els coneixements que els alumnes hauran adquirit pr\u00e8viament a la classe.&hellip;  <a href=\"https:\/\/agora.xtec.cat\/ceiptorresjonama-palafrugell\/lescola\/projectes-escola\/experiencies-al-laboratori\/\" title=\"Read Experi\u00e8ncies al laboratori\">Llegeix m\u00e9s\u00bb<\/a><\/p>\n","protected":false},"author":1,"featured_media":0,"parent":2,"menu_order":0,"comment_status":"closed","ping_status":"closed","template":"page-templates\/side-menu.php","meta":{"_bbp_topic_count":0,"_bbp_reply_count":0,"_bbp_total_topic_count":0,"_bbp_total_reply_count":0,"_bbp_voice_count":0,"_bbp_anonymous_reply_count":0,"_bbp_topic_count_hidden":0,"_bbp_reply_count_hidden":0,"_bbp_forum_subforum_count":0,"footnotes":""},"class_list":["post-672","page","type-page","status-publish","hentry"],"post_mailing_queue_ids":[],"_links":{"self":[{"href":"https:\/\/agora.xtec.cat\/ceiptorresjonama-palafrugell\/wp-json\/wp\/v2\/pages\/672","targetHints":{"allow":["GET"]}}],"collection":[{"href":"https:\/\/agora.xtec.cat\/ceiptorresjonama-palafrugell\/wp-json\/wp\/v2\/pages"}],"about":[{"href":"https:\/\/agora.xtec.cat\/ceiptorresjonama-palafrugell\/wp-json\/wp\/v2\/types\/page"}],"author":[{"embeddable":true,"href":"https:\/\/agora.xtec.cat\/ceiptorresjonama-palafrugell\/wp-json\/wp\/v2\/users\/1"}],"replies":[{"embeddable":true,"href":"https:\/\/agora.xtec.cat\/ceiptorresjonama-palafrugell\/wp-json\/wp\/v2\/comments?post=672"}],"version-history":[{"count":3,"href":"https:\/\/agora.xtec.cat\/ceiptorresjonama-palafrugell\/wp-json\/wp\/v2\/pages\/672\/revisions"}],"predecessor-version":[{"id":1188,"href":"https:\/\/agora.xtec.cat\/ceiptorresjonama-palafrugell\/wp-json\/wp\/v2\/pages\/672\/revisions\/1188"}],"up":[{"embeddable":true,"href":"https:\/\/agora.xtec.cat\/ceiptorresjonama-palafrugell\/wp-json\/wp\/v2\/pages\/2"}],"wp:attachment":[{"href":"https:\/\/agora.xtec.cat\/ceiptorresjonama-palafrugell\/wp-json\/wp\/v2\/media?parent=672"}],"curies":[{"name":"wp","href":"https:\/\/api.w.org\/{rel}","templated":true}]}}