{"id":66,"date":"2014-09-18T12:40:47","date_gmt":"2014-09-18T11:40:47","guid":{"rendered":"http:\/\/agora.xtec.cat\/ceiptorresjonama-palafrugell\/?page_id=66"},"modified":"2021-09-09T14:00:24","modified_gmt":"2021-09-09T12:00:24","slug":"serveis","status":"publish","type":"page","link":"https:\/\/agora.xtec.cat\/ceiptorresjonama-palafrugell\/serveis\/","title":{"rendered":"Serveis i recursos"},"content":{"rendered":"<p>Secci\u00f3 que ha d&#8217;informar a les fam\u00edlies dels serveis que ofereix el centre. La missi\u00f3 educativa no es limita a l&#8217;eix curricular, per aix\u00f2 \u00e9s imprescindible que aquest apartat del web estigui en un primer nivell de navegaci\u00f3. \u00c9s recomanable que s&#8217;introdueixi informaci\u00f3 relacionada amb:<\/p>\n<ul>\n<li>el menjador escolar<\/li>\n<li>l&#8217;acollida<\/li>\n<li>el transport escolar<\/li>\n<li>el casal d&#8217;estiu<\/li>\n<li>les activitats extraescolars<\/li>\n<li>altres serveis digitals (en cas que el centre\u00a0compti amb altres serveis digitals en l\u00ednia com ara Moodle, blogs, tutoria o gesti\u00f3 acad\u00e8mica, aplicacions m\u00f2bils&#8230;)<\/li>\n<\/ul>\n<p><a href=\"https:\/\/agora.xtec.cat\/ceiptorresjonama-palafrugell\/wp-content\/uploads\/usu2626\/2021\/08\/REUNIO-AMB-REGIDOTS-2-1024x256-1.png\"><img loading=\"lazy\" decoding=\"async\" class=\"aligncenter size-medium wp-image-744\" src=\"https:\/\/agora.xtec.cat\/ceiptorresjonama-palafrugell\/wp-content\/uploads\/usu2626\/2021\/08\/REUNIO-AMB-REGIDOTS-2-1024x256-1-300x75.png\" alt=\"\" width=\"300\" height=\"75\" srcset=\"https:\/\/agora.xtec.cat\/ceiptorresjonama-palafrugell\/wp-content\/uploads\/usu2626\/2021\/08\/REUNIO-AMB-REGIDOTS-2-1024x256-1-300x75.png 300w, https:\/\/agora.xtec.cat\/ceiptorresjonama-palafrugell\/wp-content\/uploads\/usu2626\/2021\/08\/REUNIO-AMB-REGIDOTS-2-1024x256-1-768x192.png 768w, https:\/\/agora.xtec.cat\/ceiptorresjonama-palafrugell\/wp-content\/uploads\/usu2626\/2021\/08\/REUNIO-AMB-REGIDOTS-2-1024x256-1.png 1024w\" sizes=\"auto, (max-width: 300px) 100vw, 300px\" \/><\/a><\/p>\n","protected":false},"excerpt":{"rendered":"<p>Secci\u00f3 que ha d&#8217;informar a les fam\u00edlies dels serveis que ofereix el centre. La missi\u00f3 educativa no es limita a l&#8217;eix curricular, per aix\u00f2 \u00e9s imprescindible que aquest apartat del web estigui en un primer nivell de navegaci\u00f3. \u00c9s recomanable que s&#8217;introdueixi informaci\u00f3 relacionada amb:<\/p>\n<ul>\n<li>el&hellip;  <a href=\"https:\/\/agora.xtec.cat\/ceiptorresjonama-palafrugell\/serveis\/\" title=\"Read Serveis i recursos\">Llegeix m\u00e9s\u00bb<\/a><br \/>\n","protected":false},"author":1,"featured_media":0,"parent":0,"menu_order":0,"comment_status":"closed","ping_status":"closed","template":"page-templates\/side-menu.php","meta":{"_bbp_topic_count":0,"_bbp_reply_count":0,"_bbp_total_topic_count":0,"_bbp_total_reply_count":0,"_bbp_voice_count":0,"_bbp_anonymous_reply_count":0,"_bbp_topic_count_hidden":0,"_bbp_reply_count_hidden":0,"_bbp_forum_subforum_count":0,"footnotes":""},"class_list":["post-66","page","type-page","status-publish","hentry"],"post_mailing_queue_ids":[],"_links":{"self":[{"href":"https:\/\/agora.xtec.cat\/ceiptorresjonama-palafrugell\/wp-json\/wp\/v2\/pages\/66","targetHints":{"allow":["GET"]}}],"collection":[{"href":"https:\/\/agora.xtec.cat\/ceiptorresjonama-palafrugell\/wp-json\/wp\/v2\/pages"}],"about":[{"href":"https:\/\/agora.xtec.cat\/ceiptorresjonama-palafrugell\/wp-json\/wp\/v2\/types\/page"}],"author":[{"embeddable":true,"href":"https:\/\/agora.xtec.cat\/ceiptorresjonama-palafrugell\/wp-json\/wp\/v2\/users\/1"}],"replies":[{"embeddable":true,"href":"https:\/\/agora.xtec.cat\/ceiptorresjonama-palafrugell\/wp-json\/wp\/v2\/comments?post=66"}],"version-history":[{"count":2,"href":"https:\/\/agora.xtec.cat\/ceiptorresjonama-palafrugell\/wp-json\/wp\/v2\/pages\/66\/revisions"}],"predecessor-version":[{"id":909,"href":"https:\/\/agora.xtec.cat\/ceiptorresjonama-palafrugell\/wp-json\/wp\/v2\/pages\/66\/revisions\/909"}],"wp:attachment":[{"href":"https:\/\/agora.xtec.cat\/ceiptorresjonama-palafrugell\/wp-json\/wp\/v2\/media?parent=66"}],"curies":[{"name":"wp","href":"https:\/\/api.w.org\/{rel}","templated":true}]}}