{"id":624,"date":"2021-08-10T14:57:16","date_gmt":"2021-08-10T12:57:16","guid":{"rendered":"https:\/\/agora.xtec.cat\/ceiptorresjonama-palafrugell\/?page_id=624"},"modified":"2021-08-10T14:57:16","modified_gmt":"2021-08-10T12:57:16","slug":"declaracio-responsable-covid-19","status":"publish","type":"page","link":"https:\/\/agora.xtec.cat\/ceiptorresjonama-palafrugell\/projecte-educatiu\/declaracio-responsable-covid-19\/","title":{"rendered":"Declaraci\u00f3 responsable COVID-19"},"content":{"rendered":"<p><a href=\"https:\/\/drive.google.com\/file\/d\/1u1Qmh1_MkVSNmfaxjNQw4SlKtFxiZWS5\/view\">Declaraci\u00f3 responsable Educaci\u00f3 Infantil.<\/a><\/p>\n<p><a href=\"https:\/\/drive.google.com\/file\/d\/1p0lTKpQPP4YYPzhmpB9dsKwvKJA4JoBY\/view\">Declaraci\u00f3 responsable Educaci\u00f3 Prim\u00e0ria.<\/a><\/p>\n","protected":false},"excerpt":{"rendered":"<p><a href=\"https:\/\/drive.google.com\/file\/d\/1u1Qmh1_MkVSNmfaxjNQw4SlKtFxiZWS5\/view\">Declaraci\u00f3 responsable Educaci\u00f3 Infantil.<\/a><br \/>\n<a href=\"https:\/\/drive.google.com\/file\/d\/1p0lTKpQPP4YYPzhmpB9dsKwvKJA4JoBY\/view\">Declaraci\u00f3 responsable Educaci\u00f3 Prim\u00e0ria.<\/a><\/p>\n","protected":false},"author":1,"featured_media":0,"parent":64,"menu_order":11,"comment_status":"closed","ping_status":"closed","template":"page-templates\/side-menu.php","meta":{"_bbp_topic_count":0,"_bbp_reply_count":0,"_bbp_total_topic_count":0,"_bbp_total_reply_count":0,"_bbp_voice_count":0,"_bbp_anonymous_reply_count":0,"_bbp_topic_count_hidden":0,"_bbp_reply_count_hidden":0,"_bbp_forum_subforum_count":0,"footnotes":""},"class_list":["post-624","page","type-page","status-publish","hentry"],"post_mailing_queue_ids":[],"_links":{"self":[{"href":"https:\/\/agora.xtec.cat\/ceiptorresjonama-palafrugell\/wp-json\/wp\/v2\/pages\/624","targetHints":{"allow":["GET"]}}],"collection":[{"href":"https:\/\/agora.xtec.cat\/ceiptorresjonama-palafrugell\/wp-json\/wp\/v2\/pages"}],"about":[{"href":"https:\/\/agora.xtec.cat\/ceiptorresjonama-palafrugell\/wp-json\/wp\/v2\/types\/page"}],"author":[{"embeddable":true,"href":"https:\/\/agora.xtec.cat\/ceiptorresjonama-palafrugell\/wp-json\/wp\/v2\/users\/1"}],"replies":[{"embeddable":true,"href":"https:\/\/agora.xtec.cat\/ceiptorresjonama-palafrugell\/wp-json\/wp\/v2\/comments?post=624"}],"version-history":[{"count":1,"href":"https:\/\/agora.xtec.cat\/ceiptorresjonama-palafrugell\/wp-json\/wp\/v2\/pages\/624\/revisions"}],"predecessor-version":[{"id":625,"href":"https:\/\/agora.xtec.cat\/ceiptorresjonama-palafrugell\/wp-json\/wp\/v2\/pages\/624\/revisions\/625"}],"up":[{"embeddable":true,"href":"https:\/\/agora.xtec.cat\/ceiptorresjonama-palafrugell\/wp-json\/wp\/v2\/pages\/64"}],"wp:attachment":[{"href":"https:\/\/agora.xtec.cat\/ceiptorresjonama-palafrugell\/wp-json\/wp\/v2\/media?parent=624"}],"curies":[{"name":"wp","href":"https:\/\/api.w.org\/{rel}","templated":true}]}}