{"id":32,"date":"2014-09-18T12:31:33","date_gmt":"2014-09-18T11:31:33","guid":{"rendered":"http:\/\/agora.xtec.cat\/ceiptorresjonama-palafrugell\/?page_id=32"},"modified":"2025-09-08T16:27:07","modified_gmt":"2025-09-08T14:27:07","slug":"calendari-del-curs","status":"publish","type":"page","link":"https:\/\/agora.xtec.cat\/ceiptorresjonama-palafrugell\/lescola\/curs-actual\/calendari-del-curs\/","title":{"rendered":"Calendari del curs"},"content":{"rendered":"<h4><strong>Inici de curs:<\/strong><\/h4>\n<p>08 de setembre de 2025<\/p>\n<h4><strong>Vacances:<\/strong><\/h4>\n<p>Del 20 de desembre de 2025 al 7 de gener de 2026 (ambd\u00f3s inclosos)<\/p>\n<p>Del 28 de mar\u00e7 al 06 d&#8217;abril de 2026 (ambd\u00f3s inclosos)<\/p>\n<p>A partir del 20 de juny de 2026<\/p>\n<h4><strong>Dies festius:<\/strong><\/h4>\n<p>1r trimestre: <strong>11 de setembre i 3 de novembre de 2025<\/strong><\/p>\n<p>2n trimestre: <strong>13 i 16 de febrer 2026<\/strong><\/p>\n<p>3r trimestre: <strong>4 de maig. 5 i 8 de juny de 2026<\/strong><\/p>\n<h4><strong>Jornada continuada:<\/strong><\/h4>\n<p>19 de desembre de 2025 i del 9 al 19 de juny de 2025 (ambd\u00f3s inclosos)<\/p>\n<p>L\u2019<b>horari lectiu<\/b> del centre \u00e9s de 8:30h a 12:30h i de 15:00h a 17:00h per a tot l&#8217;alumnat del centre. El dia 19 de desembre de 2025 i a partir del 09 de juny de 2026 es realitza horari compactat de 8:30 a 12:30h. (L&#8217;alumnat que utilitza el servei de menjador surt a les 15:00h.)<\/p>\n<p>Per a l&#8217;alumnat que inicia l\u2019escolaritzaci\u00f3 a I3 s\u2019organitza un breu per\u00edode d\u2019adaptaci\u00f3 que suposa una certa modificaci\u00f3 dels horaris dels primers dies de classe, i que es fa saber a les fam\u00edlies en les reunions pr\u00e8vies corresponents.<\/p>\n<p>&nbsp;<\/p>\n<div class=\"simcal-calendar simcal-default-calendar simcal-default-calendar-grid simcal-default-calendar-light\" data-calendar-id=\"490\" data-timezone=\"Europe\/Madrid\" data-offset=\"7200\" data-week-start=\"1\" data-calendar-start=\"1778623200\" data-calendar-end=\"1778623200\" data-events-first=\"0\" data-events-last=\"0\">\n\t\t\t\n            <table class=\"simcal-calendar-grid\"\n                   data-event-bubble-trigger=\"hover\">\n                <thead class=\"simcal-calendar-head\">\n                <tr>\n\t\t\t\t\t                        <th class=\"simcal-nav simcal-prev-wrapper\" colspan=\"1\">\n                            <button class=\"simcal-nav-button simcal-month-nav simcal-prev\" title=\"Mes anterior\"><i class=\"simcal-icon-left\"><\/i><\/button>\n                        <\/th>\n\t\t\t\t\t                    <th colspan=\"5\"\n                        class=\"simcal-nav simcal-current\"\n                        data-calendar-current=\"1778623200\">\n\t\t\t\t\t\t<h3> <span class=\"simcal-current-month\">maig<\/span>  <span class=\"simcal-current-year\">2026<\/span> <\/h3>                    <\/th>\n\t\t\t\t\t                        <th class=\"simcal-nav simcal-next-wrapper\" colspan=\"1\">\n                            <button class=\"simcal-nav-button simcal-month-nav simcal-next\" title=\"Mes seg\u00fcent\"><i class=\"simcal-icon-right\"><\/i><\/button>\n                        <\/th>\n\t\t\t\t\t                <\/tr>\n                <tr>\n\t\t\t\t\t\t<!--\n\t\/\/ XTEC ************ MODIFICAT - Change short week-day (to avoid show all \"d\" in Catalan)\n\t\/\/ 2016.06.27 @sarjona\n\t-->\n\t<th class=\"simcal-week-day simcal-week-day-1\"\n             data-screen-small=\"Dl\"\n             data-screen-medium=\"Dl\"\n             data-screen-large=\"Dilluns\">Dl<\/th>\n\t<!--\/\/************ ORIGINAL -->\n\t<!--\n                        <th class=\"simcal-week-day simcal-week-day-1\"\n                            data-screen-small=\"D\"\n                            data-screen-medium=\"Dl\"\n                            data-screen-large=\"Dilluns\">Dl<\/th>\n\n\t-->\n\t<!--\n\t\/\/************ FI\n\t-->\n\n\t\t\t\t\t\t\t<!--\n\t\/\/ XTEC ************ MODIFICAT - Change short week-day (to avoid show all \"d\" in Catalan)\n\t\/\/ 2016.06.27 @sarjona\n\t-->\n\t<th class=\"simcal-week-day simcal-week-day-2\"\n             data-screen-small=\"Dt\"\n             data-screen-medium=\"Dt\"\n             data-screen-large=\"Dimarts\">Dt<\/th>\n\t<!--\/\/************ ORIGINAL -->\n\t<!--\n                        <th class=\"simcal-week-day simcal-week-day-2\"\n                            data-screen-small=\"D\"\n                            data-screen-medium=\"Dt\"\n                            data-screen-large=\"Dimarts\">Dt<\/th>\n\n\t-->\n\t<!--\n\t\/\/************ FI\n\t-->\n\n\t\t\t\t\t\t\t<!--\n\t\/\/ XTEC ************ MODIFICAT - Change short week-day (to avoid show all \"d\" in Catalan)\n\t\/\/ 2016.06.27 @sarjona\n\t-->\n\t<th class=\"simcal-week-day simcal-week-day-3\"\n             data-screen-small=\"Dc\"\n             data-screen-medium=\"Dc\"\n             data-screen-large=\"Dimecres\">Dc<\/th>\n\t<!--\/\/************ ORIGINAL -->\n\t<!--\n                        <th class=\"simcal-week-day simcal-week-day-3\"\n                            data-screen-small=\"D\"\n                            data-screen-medium=\"Dc\"\n                            data-screen-large=\"Dimecres\">Dc<\/th>\n\n\t-->\n\t<!--\n\t\/\/************ FI\n\t-->\n\n\t\t\t\t\t\t\t<!--\n\t\/\/ XTEC ************ MODIFICAT - Change short week-day (to avoid show all \"d\" in Catalan)\n\t\/\/ 2016.06.27 @sarjona\n\t-->\n\t<th class=\"simcal-week-day simcal-week-day-4\"\n             data-screen-small=\"Dj\"\n             data-screen-medium=\"Dj\"\n             data-screen-large=\"Dijous\">Dj<\/th>\n\t<!--\/\/************ ORIGINAL -->\n\t<!--\n                        <th class=\"simcal-week-day simcal-week-day-4\"\n                            data-screen-small=\"D\"\n                            data-screen-medium=\"Dj\"\n                            data-screen-large=\"Dijous\">Dj<\/th>\n\n\t-->\n\t<!--\n\t\/\/************ FI\n\t-->\n\n\t\t\t\t\t\t\t<!--\n\t\/\/ XTEC ************ MODIFICAT - Change short week-day (to avoid show all \"d\" in Catalan)\n\t\/\/ 2016.06.27 @sarjona\n\t-->\n\t<th class=\"simcal-week-day simcal-week-day-5\"\n             data-screen-small=\"Dv\"\n             data-screen-medium=\"Dv\"\n             data-screen-large=\"Divendres\">Dv<\/th>\n\t<!--\/\/************ ORIGINAL -->\n\t<!--\n                        <th class=\"simcal-week-day simcal-week-day-5\"\n                            data-screen-small=\"D\"\n                            data-screen-medium=\"Dv\"\n                            data-screen-large=\"Divendres\">Dv<\/th>\n\n\t-->\n\t<!--\n\t\/\/************ FI\n\t-->\n\n\t\t\t\t\t\t\t<!--\n\t\/\/ XTEC ************ MODIFICAT - Change short week-day (to avoid show all \"d\" in Catalan)\n\t\/\/ 2016.06.27 @sarjona\n\t-->\n\t<th class=\"simcal-week-day simcal-week-day-6\"\n             data-screen-small=\"Ds\"\n             data-screen-medium=\"Ds\"\n             data-screen-large=\"Dissabte\">Ds<\/th>\n\t<!--\/\/************ ORIGINAL -->\n\t<!--\n                        <th class=\"simcal-week-day simcal-week-day-6\"\n                            data-screen-small=\"D\"\n                            data-screen-medium=\"Ds\"\n                            data-screen-large=\"Dissabte\">Ds<\/th>\n\n\t-->\n\t<!--\n\t\/\/************ FI\n\t-->\n\n\t\t\t\t\t\t\n\t\t<!--\n\t\t\/\/ XTEC ************ MODIFICAT - Change short week-day (to avoid show all \"d\" in Catalan)\n\t\t\/\/ 2016.06.27 @sarjona\n\t\t-->\n\t\t<th class=\"simcal-week-day simcal-week-day-0\"\n                data-screen-small=\"Dg\"\n                data-screen-medium=\"Dg\"\n                data-screen-large=\"Diumenge\">Dg<\/th>\n\t\t<!--\/\/ ************ ORIGINAL -->\n\t\t<!--\n                            <th class=\"simcal-week-day simcal-week-day-0\"\n                                data-screen-small=\"D\"\n                                data-screen-medium=\"Dg\"\n                                data-screen-large=\"Diumenge\">Dg<\/th>\n\n\t\t-->\n\t\t<!--\n\t\t\/\/ ************ FI\n\t\t-->\n\n\t\t\t\t\t\t\t                <\/tr>\n                <\/thead>\n\n\t\t\t\t<tbody class=\"simcal-month simcal-month-5\">\n\t<tr class=\"simcal-week simcal-week-18\"><td class=\"simcal-day simcal-day-void \"><\/td>\n<td class=\"simcal-day simcal-day-void \"><\/td>\n<td class=\"simcal-day simcal-day-void \"><\/td>\n<td class=\"simcal-day simcal-day-void simcal-day-void-last\"><\/td>\n<td class=\"simcal-day-1 simcal-weekday-5 simcal-past simcal-day\" data-events-count=\"0\">\n\t<div>\n\t\t<span class=\"simcal-day-label simcal-day-number\">1<\/span>\n\t\t<span class=\"simcal-no-events\"><\/span>\n\t\t<span class=\"simcal-events-dots\" style=\"display: none;\"><\/span>\n\t<\/div>\n<\/td>\n<td class=\"simcal-day-2 simcal-weekday-6 simcal-past simcal-day\" data-events-count=\"0\">\n\t<div>\n\t\t<span class=\"simcal-day-label simcal-day-number\">2<\/span>\n\t\t<span class=\"simcal-no-events\"><\/span>\n\t\t<span class=\"simcal-events-dots\" style=\"display: none;\"><\/span>\n\t<\/div>\n<\/td>\n<td class=\"simcal-day-3 simcal-weekday-0 simcal-past simcal-day\" data-events-count=\"0\">\n\t<div>\n\t\t<span class=\"simcal-day-label simcal-day-number\">3<\/span>\n\t\t<span class=\"simcal-no-events\"><\/span>\n\t\t<span class=\"simcal-events-dots\" style=\"display: none;\"><\/span>\n\t<\/div>\n<\/td>\n<\/tr><tr class=\"simcal-week simcal-week-18\">\n<td class=\"simcal-day-4 simcal-weekday-1 simcal-past simcal-day\" data-events-count=\"0\">\n\t<div>\n\t\t<span class=\"simcal-day-label simcal-day-number\">4<\/span>\n\t\t<span class=\"simcal-no-events\"><\/span>\n\t\t<span class=\"simcal-events-dots\" style=\"display: none;\"><\/span>\n\t<\/div>\n<\/td>\n<td class=\"simcal-day-5 simcal-weekday-2 simcal-past simcal-day\" data-events-count=\"0\">\n\t<div>\n\t\t<span class=\"simcal-day-label simcal-day-number\">5<\/span>\n\t\t<span class=\"simcal-no-events\"><\/span>\n\t\t<span class=\"simcal-events-dots\" style=\"display: none;\"><\/span>\n\t<\/div>\n<\/td>\n<td class=\"simcal-day-6 simcal-weekday-3 simcal-past simcal-day\" data-events-count=\"0\">\n\t<div>\n\t\t<span class=\"simcal-day-label simcal-day-number\">6<\/span>\n\t\t<span class=\"simcal-no-events\"><\/span>\n\t\t<span class=\"simcal-events-dots\" style=\"display: none;\"><\/span>\n\t<\/div>\n<\/td>\n<td class=\"simcal-day-7 simcal-weekday-4 simcal-past simcal-day\" data-events-count=\"0\">\n\t<div>\n\t\t<span class=\"simcal-day-label simcal-day-number\">7<\/span>\n\t\t<span class=\"simcal-no-events\"><\/span>\n\t\t<span class=\"simcal-events-dots\" style=\"display: none;\"><\/span>\n\t<\/div>\n<\/td>\n<td class=\"simcal-day-8 simcal-weekday-5 simcal-past simcal-day\" data-events-count=\"0\">\n\t<div>\n\t\t<span class=\"simcal-day-label simcal-day-number\">8<\/span>\n\t\t<span class=\"simcal-no-events\"><\/span>\n\t\t<span class=\"simcal-events-dots\" style=\"display: none;\"><\/span>\n\t<\/div>\n<\/td>\n<td class=\"simcal-day-9 simcal-weekday-6 simcal-past simcal-day\" data-events-count=\"0\">\n\t<div>\n\t\t<span class=\"simcal-day-label simcal-day-number\">9<\/span>\n\t\t<span class=\"simcal-no-events\"><\/span>\n\t\t<span class=\"simcal-events-dots\" style=\"display: none;\"><\/span>\n\t<\/div>\n<\/td>\n<td class=\"simcal-day-10 simcal-weekday-0 simcal-past simcal-day\" data-events-count=\"0\">\n\t<div>\n\t\t<span class=\"simcal-day-label simcal-day-number\">10<\/span>\n\t\t<span class=\"simcal-no-events\"><\/span>\n\t\t<span class=\"simcal-events-dots\" style=\"display: none;\"><\/span>\n\t<\/div>\n<\/td>\n<\/tr><tr class=\"simcal-week simcal-week-19\">\n<td class=\"simcal-day-11 simcal-weekday-1 simcal-past simcal-day\" data-events-count=\"0\">\n\t<div>\n\t\t<span class=\"simcal-day-label simcal-day-number\">11<\/span>\n\t\t<span class=\"simcal-no-events\"><\/span>\n\t\t<span class=\"simcal-events-dots\" style=\"display: none;\"><\/span>\n\t<\/div>\n<\/td>\n<td class=\"simcal-day-12 simcal-weekday-2 simcal-past simcal-day\" data-events-count=\"0\">\n\t<div>\n\t\t<span class=\"simcal-day-label simcal-day-number\">12<\/span>\n\t\t<span class=\"simcal-no-events\"><\/span>\n\t\t<span class=\"simcal-events-dots\" style=\"display: none;\"><\/span>\n\t<\/div>\n<\/td>\n<td class=\"simcal-day-13 simcal-weekday-3 simcal-today simcal-present simcal-day\" data-events-count=\"0\">\n\t<div style=\"border: 1px solid #ff3257;\">\n\t\t<span class=\"simcal-day-label simcal-day-number\" style=\"background-color: #ff3257; color: #ffffff\">13<\/span>\n\t\t<span class=\"simcal-no-events\"><\/span>\n\t\t<span class=\"simcal-events-dots\" style=\"display: none;\"><\/span>\n\t<\/div>\n<\/td>\n<td class=\"simcal-day-14 simcal-weekday-4 simcal-future simcal-day\" data-events-count=\"0\">\n\t<div>\n\t\t<span class=\"simcal-day-label simcal-day-number\">14<\/span>\n\t\t<span class=\"simcal-no-events\"><\/span>\n\t\t<span class=\"simcal-events-dots\" style=\"display: none;\"><\/span>\n\t<\/div>\n<\/td>\n<td class=\"simcal-day-15 simcal-weekday-5 simcal-future simcal-day\" data-events-count=\"0\">\n\t<div>\n\t\t<span class=\"simcal-day-label simcal-day-number\">15<\/span>\n\t\t<span class=\"simcal-no-events\"><\/span>\n\t\t<span class=\"simcal-events-dots\" style=\"display: none;\"><\/span>\n\t<\/div>\n<\/td>\n<td class=\"simcal-day-16 simcal-weekday-6 simcal-future simcal-day\" data-events-count=\"0\">\n\t<div>\n\t\t<span class=\"simcal-day-label simcal-day-number\">16<\/span>\n\t\t<span class=\"simcal-no-events\"><\/span>\n\t\t<span class=\"simcal-events-dots\" style=\"display: none;\"><\/span>\n\t<\/div>\n<\/td>\n<td class=\"simcal-day-17 simcal-weekday-0 simcal-future simcal-day\" data-events-count=\"0\">\n\t<div>\n\t\t<span class=\"simcal-day-label simcal-day-number\">17<\/span>\n\t\t<span class=\"simcal-no-events\"><\/span>\n\t\t<span class=\"simcal-events-dots\" style=\"display: none;\"><\/span>\n\t<\/div>\n<\/td>\n<\/tr><tr class=\"simcal-week simcal-week-20\">\n<td class=\"simcal-day-18 simcal-weekday-1 simcal-future simcal-day\" data-events-count=\"0\">\n\t<div>\n\t\t<span class=\"simcal-day-label simcal-day-number\">18<\/span>\n\t\t<span class=\"simcal-no-events\"><\/span>\n\t\t<span class=\"simcal-events-dots\" style=\"display: none;\"><\/span>\n\t<\/div>\n<\/td>\n<td class=\"simcal-day-19 simcal-weekday-2 simcal-future simcal-day\" data-events-count=\"0\">\n\t<div>\n\t\t<span class=\"simcal-day-label simcal-day-number\">19<\/span>\n\t\t<span class=\"simcal-no-events\"><\/span>\n\t\t<span class=\"simcal-events-dots\" style=\"display: none;\"><\/span>\n\t<\/div>\n<\/td>\n<td class=\"simcal-day-20 simcal-weekday-3 simcal-future simcal-day\" data-events-count=\"0\">\n\t<div>\n\t\t<span class=\"simcal-day-label simcal-day-number\">20<\/span>\n\t\t<span class=\"simcal-no-events\"><\/span>\n\t\t<span class=\"simcal-events-dots\" style=\"display: none;\"><\/span>\n\t<\/div>\n<\/td>\n<td class=\"simcal-day-21 simcal-weekday-4 simcal-future simcal-day\" data-events-count=\"0\">\n\t<div>\n\t\t<span class=\"simcal-day-label simcal-day-number\">21<\/span>\n\t\t<span class=\"simcal-no-events\"><\/span>\n\t\t<span class=\"simcal-events-dots\" style=\"display: none;\"><\/span>\n\t<\/div>\n<\/td>\n<td class=\"simcal-day-22 simcal-weekday-5 simcal-future simcal-day\" data-events-count=\"0\">\n\t<div>\n\t\t<span class=\"simcal-day-label simcal-day-number\">22<\/span>\n\t\t<span class=\"simcal-no-events\"><\/span>\n\t\t<span class=\"simcal-events-dots\" style=\"display: none;\"><\/span>\n\t<\/div>\n<\/td>\n<td class=\"simcal-day-23 simcal-weekday-6 simcal-future simcal-day\" data-events-count=\"0\">\n\t<div>\n\t\t<span class=\"simcal-day-label simcal-day-number\">23<\/span>\n\t\t<span class=\"simcal-no-events\"><\/span>\n\t\t<span class=\"simcal-events-dots\" style=\"display: none;\"><\/span>\n\t<\/div>\n<\/td>\n<td class=\"simcal-day-24 simcal-weekday-0 simcal-future simcal-day\" data-events-count=\"0\">\n\t<div>\n\t\t<span class=\"simcal-day-label simcal-day-number\">24<\/span>\n\t\t<span class=\"simcal-no-events\"><\/span>\n\t\t<span class=\"simcal-events-dots\" style=\"display: none;\"><\/span>\n\t<\/div>\n<\/td>\n<\/tr><tr class=\"simcal-week simcal-week-21\">\n<td class=\"simcal-day-25 simcal-weekday-1 simcal-future simcal-day\" data-events-count=\"0\">\n\t<div>\n\t\t<span class=\"simcal-day-label simcal-day-number\">25<\/span>\n\t\t<span class=\"simcal-no-events\"><\/span>\n\t\t<span class=\"simcal-events-dots\" style=\"display: none;\"><\/span>\n\t<\/div>\n<\/td>\n<td class=\"simcal-day-26 simcal-weekday-2 simcal-future simcal-day\" data-events-count=\"0\">\n\t<div>\n\t\t<span class=\"simcal-day-label simcal-day-number\">26<\/span>\n\t\t<span class=\"simcal-no-events\"><\/span>\n\t\t<span class=\"simcal-events-dots\" style=\"display: none;\"><\/span>\n\t<\/div>\n<\/td>\n<td class=\"simcal-day-27 simcal-weekday-3 simcal-future simcal-day\" data-events-count=\"0\">\n\t<div>\n\t\t<span class=\"simcal-day-label simcal-day-number\">27<\/span>\n\t\t<span class=\"simcal-no-events\"><\/span>\n\t\t<span class=\"simcal-events-dots\" style=\"display: none;\"><\/span>\n\t<\/div>\n<\/td>\n<td class=\"simcal-day-28 simcal-weekday-4 simcal-future simcal-day\" data-events-count=\"0\">\n\t<div>\n\t\t<span class=\"simcal-day-label simcal-day-number\">28<\/span>\n\t\t<span class=\"simcal-no-events\"><\/span>\n\t\t<span class=\"simcal-events-dots\" style=\"display: none;\"><\/span>\n\t<\/div>\n<\/td>\n<td class=\"simcal-day-29 simcal-weekday-5 simcal-future simcal-day\" data-events-count=\"0\">\n\t<div>\n\t\t<span class=\"simcal-day-label simcal-day-number\">29<\/span>\n\t\t<span class=\"simcal-no-events\"><\/span>\n\t\t<span class=\"simcal-events-dots\" style=\"display: none;\"><\/span>\n\t<\/div>\n<\/td>\n<td class=\"simcal-day-30 simcal-weekday-6 simcal-future simcal-day\" data-events-count=\"0\">\n\t<div>\n\t\t<span class=\"simcal-day-label simcal-day-number\">30<\/span>\n\t\t<span class=\"simcal-no-events\"><\/span>\n\t\t<span class=\"simcal-events-dots\" style=\"display: none;\"><\/span>\n\t<\/div>\n<\/td>\n<td class=\"simcal-day-31 simcal-weekday-0 simcal-future simcal-day\" data-events-count=\"0\">\n\t<div>\n\t\t<span class=\"simcal-day-label simcal-day-number\">31<\/span>\n\t\t<span class=\"simcal-no-events\"><\/span>\n\t\t<span class=\"simcal-events-dots\" style=\"display: none;\"><\/span>\n\t<\/div>\n<\/td>\n<\/tr><td class=\"simcal-day simcal-day-void \"><\/td>\n<td class=\"simcal-day simcal-day-void \"><\/td>\n<td class=\"simcal-day simcal-day-void \"><\/td>\n<td class=\"simcal-day simcal-day-void \"><\/td>\n<td class=\"simcal-day simcal-day-void \"><\/td>\n<td class=\"simcal-day simcal-day-void \"><\/td>\n<td class=\"simcal-day simcal-day-void simcal-day-void-last\"><\/td>\n\t<\/tr>\n<\/tbody>\n<script type=\"text\/javascript\">\n\t\tjQuery(\n\t\t\/\/ Handle only events originated on '.simcal-event-dots' (cells with dots)\n\t\tjQuery('.simcal-calendar').on('mouseenter', '.simcal-events-dots', function(){\n\n\t\t\t\/\/ Save the cell that originated the mouse event (assigned to 'this' by jQuery)\n\t\t\t\/\/ for future reference\n\t\t\tvar that = this;\n\n\t\t\t\/\/ Set a timeout handler that will trigger a 'click' on the cell\n\t\t\tvar timeoutId = setTimeout(function(){\n\t\t\tjQuery(that).removeData('simcalTimeoutId');\n\t\t\tjQuery(that).trigger('click');\n\t\t\t}, 500);\n\n\t\t\t\/\/ Save 'timeoutId' for future reference\n\t\t\tjQuery(this).data('simcalTimeoutId', timeoutId);\n\n\t\t}).on('mouseleave', '.simcal-events-dots', function(){\n\t\t\t\/\/ Clear timeout and remove reference\n\t\t\tvar timeoutId = jQuery(this).data('simcalTimeoutId');\n\t\t\tif(timeoutId) {\n\t\t\tclearTimeout(timeoutId);\n\t\t\tjQuery(this).removeData('simcalTimeoutId');\n\t\t\t}\n\t\t})\n\t\t);<\/script>\t \t\t\t\n            <\/table>\n\n\t\t\t<\/div>\n","protected":false},"excerpt":{"rendered":"<p>Inici de curs:<br \/>\n08 de setembre de 2025<br \/>\nVacances:<br \/>\nDel 20 de desembre de 2025 al 7 de gener de 2026 (ambd\u00f3s inclosos)<br \/>\nDel 28 de mar\u00e7 al 06 d&#8217;abril de 2026 (ambd\u00f3s inclosos)<br \/>\nA partir del 20 de juny de 2026<br \/>\nDies festius:<br \/>\n1r trimestre: 11 de setembre i 3 de&hellip;  <a href=\"https:\/\/agora.xtec.cat\/ceiptorresjonama-palafrugell\/lescola\/curs-actual\/calendari-del-curs\/\" title=\"Read Calendari del curs\">Llegeix m\u00e9s\u00bb<\/a><\/p>\n","protected":false},"author":1,"featured_media":0,"parent":80,"menu_order":50,"comment_status":"closed","ping_status":"closed","template":"page-templates\/side-menu.php","meta":{"_bbp_topic_count":0,"_bbp_reply_count":0,"_bbp_total_topic_count":0,"_bbp_total_reply_count":0,"_bbp_voice_count":0,"_bbp_anonymous_reply_count":0,"_bbp_topic_count_hidden":0,"_bbp_reply_count_hidden":0,"_bbp_forum_subforum_count":0,"footnotes":""},"class_list":["post-32","page","type-page","status-publish","hentry"],"post_mailing_queue_ids":[],"_links":{"self":[{"href":"https:\/\/agora.xtec.cat\/ceiptorresjonama-palafrugell\/wp-json\/wp\/v2\/pages\/32","targetHints":{"allow":["GET"]}}],"collection":[{"href":"https:\/\/agora.xtec.cat\/ceiptorresjonama-palafrugell\/wp-json\/wp\/v2\/pages"}],"about":[{"href":"https:\/\/agora.xtec.cat\/ceiptorresjonama-palafrugell\/wp-json\/wp\/v2\/types\/page"}],"author":[{"embeddable":true,"href":"https:\/\/agora.xtec.cat\/ceiptorresjonama-palafrugell\/wp-json\/wp\/v2\/users\/1"}],"replies":[{"embeddable":true,"href":"https:\/\/agora.xtec.cat\/ceiptorresjonama-palafrugell\/wp-json\/wp\/v2\/comments?post=32"}],"version-history":[{"count":6,"href":"https:\/\/agora.xtec.cat\/ceiptorresjonama-palafrugell\/wp-json\/wp\/v2\/pages\/32\/revisions"}],"predecessor-version":[{"id":2929,"href":"https:\/\/agora.xtec.cat\/ceiptorresjonama-palafrugell\/wp-json\/wp\/v2\/pages\/32\/revisions\/2929"}],"up":[{"embeddable":true,"href":"https:\/\/agora.xtec.cat\/ceiptorresjonama-palafrugell\/wp-json\/wp\/v2\/pages\/80"}],"wp:attachment":[{"href":"https:\/\/agora.xtec.cat\/ceiptorresjonama-palafrugell\/wp-json\/wp\/v2\/media?parent=32"}],"curies":[{"name":"wp","href":"https:\/\/api.w.org\/{rel}","templated":true}]}}