{"id":26,"date":"2014-09-18T12:24:32","date_gmt":"2014-09-18T11:24:32","guid":{"rendered":"http:\/\/agora.xtec.cat\/ceiptorresjonama-palafrugell\/?page_id=26"},"modified":"2022-01-21T14:02:01","modified_gmt":"2022-01-21T13:02:01","slug":"historia","status":"publish","type":"page","link":"https:\/\/agora.xtec.cat\/ceiptorresjonama-palafrugell\/lescola\/historia\/","title":{"rendered":"Hist\u00f2ria"},"content":{"rendered":"<p style=\"text-align: left;\"><span style=\"text-decoration: underline;\"><strong>FUNDACI\u00d3 DE L&#8217;ESCOLA<\/strong><\/span><\/p>\n<p>La hist\u00f2ria de la fundaci\u00f3 de l\u2019escola la trobem escrita en el llibre <em>&#8220;L\u2019ensenyament a Palafrugell&#8221;<\/em> de Josep Molero i Joan Busquets. <span style=\"font-family: inherit; font-size: 1em;\">Aqu\u00ed en teniu uns fragments:<\/span><\/p>\n<div style=\"text-align: left;\">\n<p>&#8220;Josep Torres i Jonama (1857-1946) despr\u00e9s d&#8217;acumular certa fortuna a Nova York, va seguir l&#8217;exemple dels rics llegendaris de Nord Am\u00e8rica que destinaven grans quantitats a fundacions de cultura i benefici\u00e8ncia. Sempre va recordar el seu poble natal, Palafrugell, sobretot el primer quart del s. XX, en qu\u00e8 la situaci\u00f3 de l&#8217;asil, l&#8217;hospital i les escoles era especialment delicada. Per millorar l&#8217;estat d&#8217;aquestes institucions va concedir importants ajuts econ\u00f2mics&#8221;.<\/p>\n<p>&#8220;Josep Torres Jonama va portar el projecte de les noves escoles directament d&#8217;Am\u00e8rica. El grup escolar va ser una imitaci\u00f3 dels que en aquell moment es realitzaven als Estats Units. Despr\u00e9s de comprar els terrenys, Torres Jonama va intentar, sense massa \u00e8xit, que d&#8217;altres industrials de la vila col\u00b7laboressin per tal de sufragar-ne les despeses de construcci\u00f3.&#8221;<\/p>\n<p>&#8220;El constructor va ser Josep Bries. L&#8217;escola constava de tres edificis d&#8217;una planta. Cadascun d&#8217;ells tenia una fa\u00e7ana amb grans finestrals, els quals donaven molta lluminositat a les aules. La part interior la formava un passad\u00eds amb les classes a un costat i els serveis a l&#8217;altre. Uns murs exteriors, arrebossats amb figuraci\u00f3 d&#8217;obra de rajola, feien de l&#8217;escola un edifici senzill i alhora fi. Un cop acabades les obres, Josep Torres va donar les escoles a l&#8217;ajuntament. El cost total va ser de 300.000 pessetes, i a m\u00e9s l&#8217;ajuntament hi va invertir a l&#8217;entorn de 50.000 pessetes per fer-hi una zona enjardinada&#8221;<\/p>\n<p>&#8220;Les escoles van ser inaugurades per Alfons XIII el 4 de juny de 1925 en un acte molt recordat a Palafrugell&#8221;.<\/p>\n<\/div>\n<p style=\"text-align: center;\"><a href=\"https:\/\/agora.xtec.cat\/ceiptorresjonama-palafrugell\/wp-content\/uploads\/usu2626\/2021\/07\/tjantic.png\"><img loading=\"lazy\" decoding=\"async\" class=\"alignnone size-full wp-image-499\" src=\"https:\/\/agora.xtec.cat\/ceiptorresjonama-palafrugell\/wp-content\/uploads\/usu2626\/2021\/07\/tjantic.png\" alt=\"\" width=\"327\" height=\"133\" srcset=\"https:\/\/agora.xtec.cat\/ceiptorresjonama-palafrugell\/wp-content\/uploads\/usu2626\/2021\/07\/tjantic.png 327w, https:\/\/agora.xtec.cat\/ceiptorresjonama-palafrugell\/wp-content\/uploads\/usu2626\/2021\/07\/tjantic-300x122.png 300w\" sizes=\"auto, (max-width: 327px) 100vw, 327px\" \/><\/a><\/p>\n<p><span style=\"text-decoration: underline;\"><strong>JOSEP TORRES I JONAMA<\/strong><\/span><\/p>\n<p><span style=\"font-size: medium;\"><i>Biografia de Josep Torres i Jonama. (Extreta del llibre de Joan Busquets Biarnes &#8220;L\u2019escola Torres Jonama i el seu temps&#8221;)<\/i><\/span><\/p>\n<p>Josep Torres i Jonama va n\u00e9ixer a Palafrugell el 26 de desembre de 1857. Els seus pares eren Pere Torres i Dolors Jonama. Josep va ser el gran de quatre germans: Maria (1859), Celina (1863) i Anna (1865).<br \/>\nEl seu pare, taper, va morir sobtadament als trenta-dos anys. Varen ser anys durs per a tots ells. La situaci\u00f3 es va complicar encara m\u00e9s amb la mort de la mare al cap de poc temps.<\/p>\n<p>Josep Torres es va fer soldat voluntari de les tropes carlines, coincidint amb la Tercera Guerra Carlina (1872-1876). En acabar la guerra va tornar a Palafrugell, on va intentar durant un temps fer de m\u00fasic i aprendre l\u2019ofici de barber.<\/p>\n<p>Al cap d\u2019uns mesos, impulsat per un esperit aventurer i descontent de la seva situaci\u00f3, va decidir trencar amb tot i marxar a les Am\u00e8riques. El 1877, amb vint anys, acabava d\u2019arribar a Nova York.<\/p>\n<p>Els inicis van ser dif\u00edcils, va comen\u00e7ar de zero recollint taps de suro usats en caf\u00e8s i altres locals, despr\u00e9s els tornava a preparar i els venia. Un cop iniciats amb \u00e8xit els negocis a Nova York es va casar amb S\u00edlvia Montovani i d\u2019aquesta uni\u00f3 naixerien dues filles: la Carme i l\u2019Anita.<\/p>\n<p>Va ser un dels creadors del tap corona. No va tardar gaires anys a muntar empresa a Palafrugell. En aquesta \u00e8poca va col\u00b7laborar a &#8220;La Cr\u00f2nica. Peri\u00f3dico de avisos y noticias&#8221;. Generalment hi aportava dades relacionades amb el m\u00f3n del suro. El 1921 tenia f\u00e0briques a Catalunya (Palafrugell), Extremadura (Badajoz), i als Estats Units ( Brooklyn, Nova York). Es t\u00e9 const\u00e0ncia que cada any (almenys des de 1902 fins al 1913) venia diverses setmanes d\u2019estiu a Palafrugell. Hi va haver una interrupci\u00f3 de les seves visites a Palafrugell motivada per l\u2019esclat de la I Guerra Mundial, no va tornar a terres europees fins a l\u2019estiu de 1921. Als Estats Units va arribar a portar a terme amb \u00e8xit importants inversions en borsa. La seva fortuna va arribar a ser considerable.<\/p>\n<p>A mitjans anys vint, Josep Torres, amb problemes de bronquitis, va deixar Nova York i es va instal\u00b7lar a la Costa Blava, a Ni\u00e7a.<\/p>\n<p>Josep Torres, tot i anar-se desvinculant progressivament dels negocis del suro, no va renunciar a altres tipus d&#8217;inversi\u00f3, com ho demostra l&#8217;obertura d\u2019un cinema a Ni\u00e7a. A Palafrugell, el juliol del 1927, Torres va donar d&#8217;alta una altra nova empresa. Es tractava d&#8217;un taller de construcci\u00f3 i reparaci\u00f3 de maquin\u00e0ria del sector surer. En aquesta \u00e8poca, Torres va tancar la f\u00e0brica de taps de Palafrugell i va anar venent tota la maquin\u00e0ria. A mitjan 1931 s&#8217;havia despr\u00e8s gaireb\u00e9 de tot.<\/p>\n<p>Torres va continuar realitzant importants inversions en borsa a Estats Units. Tamb\u00e9 va mantenir contactes, amb familiars i amics de Palafrugell entre els quals hi havia Ramon Jonama. Aquest va ser conserge de l&#8217;escola i encarregat del manteniment dels jardins, des de la seva inauguraci\u00f3 fins entrats els anys quaranta.<\/p>\n<p>Des que Josep Torres va fer fortuna a Nova York sempre va pensar com ajudar i contribuir a la millora del seu poble. Finalment, va decidir dedicar els seus esfor\u00e7os a fer importants aportacions a l\u2019asil i a l\u2019hospital de Palafrugell.<\/p>\n<p>El maig de 1905 Josep Torres, a trav\u00e9s de &#8220;La Cr\u00f3nica&#8221; va fer una oferta de 5.000 pessetes amb l\u2019objectiu de contribuir a la construcci\u00f3 d\u2019una nova escola p\u00fablica, l\u2019Ajuntament no veia gaire viable construir en aquells moments un edifici escolar. Fins al cap de vint anys, el Sr. Torres no va poder convertir en una realitat el seu desig de construir una nova escola per a la poblaci\u00f3.<\/p>\n<p>Entre 1911 i 1912 els seus ajuts econ\u00f2mics varen permetre fer obres de millora i modernitzaci\u00f3 de la infermeria i altres sales de l\u2019Hospital Municipal. Durant els anys que Torres va estar sense venir a Palafrugell(de 1914 fins a 1921) no va deixar mai \u2013tot i la dist\u00e0ncia- de col\u00b7laborar pel b\u00e9 del poble. L\u2019any 1914 Torres va contribuir a la millora d\u2019alguns carrers del poble. Arran d\u2019aquests ajuts, l\u2019Ajuntament va acordar, canviar el nom de carrer del Sol per carrer Torres Jonama.<\/p>\n<p>El novembre de 1918 Torres va fer arribar part del seu testament a l\u2019alcalde de Palafrugell, en el que disposava deixar a Palafrugell el 30% del capital que, un cop mort ell, result\u00e9s de la liquidaci\u00f3 dels seus b\u00e9ns. Una instituci\u00f3, anomenada Fons Torres, hauria de gestionar aquest capital a favor de la instrucci\u00f3 p\u00fablica, l\u2019asil i dels pobres de la poblaci\u00f3. L\u2019Ajuntament va convocar una sessi\u00f3 extraordin\u00e0ria per tractar d\u2019aquest tema i en ella es va decidir anomenar-lo fill predilecte de la vila.<\/p>\n<p>Despr\u00e9s de vuit anys d\u2019abs\u00e8ncia, el 21 de juliol de 1921, Josep Torres va tornar a Palafrugell acompanyat de la seva dona i d\u2019una de les seves filles. La rebuda a Palafrugell va ser espectacular. La gent va sortir al carrer a saludar-lo. El setembre de 1921 l\u2019Ajuntament va organitzar un homenatge a Torres, en el transcurs d\u2019aquest acte, va reiterar el seu inter\u00e8s per construir unes escoles noves a Palafrugell. L\u2019any 1922 Torres va fer importants aportacions per a la millora del clavegueram de la vila. El 1924 el Fons Torres fou dissolt per ell mateix en veure que no funcionava de la manera que ell havia imaginat.<\/p>\n<p>L&#8217;any 1925 va pagar les noves escoles de Palafrugell i va subvencionar, en part, la construcci\u00f3 de les de Pals, Regenc\u00f3s i Mont-Ras. L\u20191 de setem- bre de 1927 Josep Torres, rebia la Creu de Primera Classe de l\u2019Ordre de Benefic\u00e8ncia.<\/p>\n<p>Posteriorment, encara que en menor mesura, Torres seguiria col\u00b7laborant pel b\u00e9 del poble. Es t\u00e9 const\u00e0ncia que durant la Rep\u00fablica va contribuir a la millora de les instal\u00b7lacions de l\u2019escola.<\/p>\n<p>Josep Torres va morir a Ni\u00e7a el 15 de desembre de 1946 a l\u2019edat de vuitanta-vuit anys. El 22 d\u2019abril de 1947 les seves despulles van ser traslladades a Palafrugell tal com ell havia disposat. Palafrugell va viure una de les manifestacions de dol m\u00e9s impressionants que es recorden.<\/p>\n<p><a href=\"https:\/\/agora.xtec.cat\/ceiptorresjonama-palafrugell\/wp-content\/uploads\/usu2626\/2021\/07\/Josep_Torres_Jonama.jpg\"><img loading=\"lazy\" decoding=\"async\" class=\"size-full wp-image-500 aligncenter\" src=\"https:\/\/agora.xtec.cat\/ceiptorresjonama-palafrugell\/wp-content\/uploads\/usu2626\/2021\/07\/Josep_Torres_Jonama.jpg\" alt=\"\" width=\"142\" height=\"230\" \/><\/a><\/p>\n<p><span style=\"text-decoration: underline;\"><strong>75\u00e8 ANIVERSARI<\/strong><\/span><\/p>\n<p>L&#8217;any 1925 es van inaugurar les escoles de la Vila que actualment porten el nom d&#8217;Escola Torres Jonama.<\/p>\n<p>Per commemorar\u00a0 el 75\u00e8 aniversari de l&#8217;escola, l&#8217;any 2000, es van programar un seguit d&#8217;actes que tenien dos objectius: el record de la figura del Sr. Torres Jonama i el reconeixement als 75 anys d&#8217;activitat docent de l&#8217;Escola.<\/p>\n<p><a href=\"https:\/\/agora.xtec.cat\/ceiptorresjonama-palafrugell\/wp-content\/uploads\/usu2626\/2021\/07\/1dce1-7.-Escola-Torres-i-Jonama1.jpg\"><img loading=\"lazy\" decoding=\"async\" class=\"wp-image-502 aligncenter\" src=\"https:\/\/agora.xtec.cat\/ceiptorresjonama-palafrugell\/wp-content\/uploads\/usu2626\/2021\/07\/1dce1-7.-Escola-Torres-i-Jonama1.jpg\" alt=\"\" width=\"325\" height=\"183\" srcset=\"https:\/\/agora.xtec.cat\/ceiptorresjonama-palafrugell\/wp-content\/uploads\/usu2626\/2021\/07\/1dce1-7.-Escola-Torres-i-Jonama1.jpg 480w, https:\/\/agora.xtec.cat\/ceiptorresjonama-palafrugell\/wp-content\/uploads\/usu2626\/2021\/07\/1dce1-7.-Escola-Torres-i-Jonama1-300x169.jpg 300w\" sizes=\"auto, (max-width: 325px) 100vw, 325px\" \/><\/a><\/p>\n","protected":false},"excerpt":{"rendered":"<p>FUNDACI\u00d3 DE L&#8217;ESCOLA<br \/>\nLa hist\u00f2ria de la fundaci\u00f3 de l\u2019escola la trobem escrita en el llibre &#8220;L\u2019ensenyament a Palafrugell&#8221; de Josep Molero i Joan Busquets. Aqu\u00ed en teniu uns fragments:<\/p>\n<p>&#8220;Josep Torres i Jonama (1857-1946) despr\u00e9s d&#8217;acumular certa fortuna a Nova York, va seguir l&#8217;exemple dels rics&hellip;  <a href=\"https:\/\/agora.xtec.cat\/ceiptorresjonama-palafrugell\/lescola\/historia\/\" title=\"Read Hist\u00f2ria\">Llegeix m\u00e9s\u00bb<\/a><\/p>\n","protected":false},"author":1,"featured_media":0,"parent":22,"menu_order":20,"comment_status":"closed","ping_status":"closed","template":"page-templates\/side-menu.php","meta":{"_bbp_topic_count":0,"_bbp_reply_count":0,"_bbp_total_topic_count":0,"_bbp_total_reply_count":0,"_bbp_voice_count":0,"_bbp_anonymous_reply_count":0,"_bbp_topic_count_hidden":0,"_bbp_reply_count_hidden":0,"_bbp_forum_subforum_count":0,"footnotes":""},"class_list":["post-26","page","type-page","status-publish","hentry"],"post_mailing_queue_ids":[],"_links":{"self":[{"href":"https:\/\/agora.xtec.cat\/ceiptorresjonama-palafrugell\/wp-json\/wp\/v2\/pages\/26","targetHints":{"allow":["GET"]}}],"collection":[{"href":"https:\/\/agora.xtec.cat\/ceiptorresjonama-palafrugell\/wp-json\/wp\/v2\/pages"}],"about":[{"href":"https:\/\/agora.xtec.cat\/ceiptorresjonama-palafrugell\/wp-json\/wp\/v2\/types\/page"}],"author":[{"embeddable":true,"href":"https:\/\/agora.xtec.cat\/ceiptorresjonama-palafrugell\/wp-json\/wp\/v2\/users\/1"}],"replies":[{"embeddable":true,"href":"https:\/\/agora.xtec.cat\/ceiptorresjonama-palafrugell\/wp-json\/wp\/v2\/comments?post=26"}],"version-history":[{"count":4,"href":"https:\/\/agora.xtec.cat\/ceiptorresjonama-palafrugell\/wp-json\/wp\/v2\/pages\/26\/revisions"}],"predecessor-version":[{"id":1096,"href":"https:\/\/agora.xtec.cat\/ceiptorresjonama-palafrugell\/wp-json\/wp\/v2\/pages\/26\/revisions\/1096"}],"up":[{"embeddable":true,"href":"https:\/\/agora.xtec.cat\/ceiptorresjonama-palafrugell\/wp-json\/wp\/v2\/pages\/22"}],"wp:attachment":[{"href":"https:\/\/agora.xtec.cat\/ceiptorresjonama-palafrugell\/wp-json\/wp\/v2\/media?parent=26"}],"curies":[{"name":"wp","href":"https:\/\/api.w.org\/{rel}","templated":true}]}}