{"id":2226,"date":"2023-12-04T16:44:48","date_gmt":"2023-12-04T15:44:48","guid":{"rendered":"https:\/\/agora.xtec.cat\/ceiptorresjonama-palafrugell\/?page_id=2226"},"modified":"2024-03-18T09:07:39","modified_gmt":"2024-03-18T08:07:39","slug":"aula-dacollida","status":"publish","type":"page","link":"https:\/\/agora.xtec.cat\/ceiptorresjonama-palafrugell\/nivells\/aula-dacollida\/","title":{"rendered":"Aula d&#8217;Acollida"},"content":{"rendered":"<p>El \u201c<strong>P\u00f2dCA(s)T<\/strong>\u201d vol ser un projecte potenciador de la llengua catalana. \u00c9s un recurs pensat per desenvolupar amb l\u2019alumnat d\u2019aula d\u2019acollida, ja que es creu que aquest \u00e9s un vehicle motivador per treballar l\u2019adquisici\u00f3 de la llengua catalana i, al mateix temps, la r\u00e0dio.<\/p>\n<p>Els infants, a mida que van adquirint vocabulari, han de ser capa\u00e7os de crear situacions comunicatives, i fer-los part\u00edceps de la elaboraci\u00f3 de diferents p\u00f2dcasts ajudar\u00e0 a veure una finalitat a aquest proc\u00e9s. Al mateix temps, aquest projecte tamb\u00e9 vol aconseguir que els infants nouvinguts es sentin inclosos en el centre i tinguin el sentiment de pertinen\u00e7a de l\u2019escola, ja que aquest fet afavoreix les actituds participatives i de cooperaci\u00f3 envers la comunitat.<\/p>\n<p>La idea principal, com s\u2019ha dit anteriorment, \u00e9s la creaci\u00f3 de diferents p\u00f2dcasts relacionats amb l\u2019escola, els quals s\u2019aniran publicant al web del centre. La tem\u00e0tica d\u2019aquests pot ser diversa i anir\u00e0 en relaci\u00f3 amb tot all\u00f2 que s\u2019hagi treballat pr\u00e8viament amb l\u2019alumnat.<\/p>\n<p><a href=\"https:\/\/agora.xtec.cat\/ceiptorresjonama-palafrugell\/wp-content\/uploads\/usu2626\/2023\/12\/podcat.png\"><img loading=\"lazy\" decoding=\"async\" class=\"aligncenter wp-image-2227\" src=\"https:\/\/agora.xtec.cat\/ceiptorresjonama-palafrugell\/wp-content\/uploads\/usu2626\/2023\/12\/podcat.png\" alt=\"\" width=\"308\" height=\"308\" \/><\/a><\/p>\n<p><strong>CAP\u00cdTOL 1. ENS SALUDEM!<\/strong><\/p>\n<p style=\"text-align: left;\"><iframe loading=\"lazy\" src=\"https:\/\/widget.spreaker.com\/player?episode_id=57915381&amp;theme=light&amp;playlist=false\" width=\"100%\" height=\"200px\" frameborder=\"0\"><\/iframe><\/p>\n<p><strong>CAP\u00cdTOL 2. EL MEU PA\u00cdS!<\/strong><\/p>\n<p><iframe loading=\"lazy\" src=\"https:\/\/widget.spreaker.com\/player?episode_id=59084128&amp;theme=light&amp;playlist=false\" width=\"100%\" height=\"200px\" frameborder=\"0\"><\/iframe><\/p>\n","protected":false},"excerpt":{"rendered":"<p>El \u201cP\u00f2dCA(s)T\u201d vol ser un projecte potenciador de la llengua catalana. \u00c9s un recurs pensat per desenvolupar amb l\u2019alumnat d\u2019aula d\u2019acollida, ja que es creu que aquest \u00e9s un vehicle motivador per treballar l\u2019adquisici\u00f3 de la llengua catalana i, al mateix temps, la r\u00e0dio.<br \/>\nEls infants,&hellip;  <a href=\"https:\/\/agora.xtec.cat\/ceiptorresjonama-palafrugell\/nivells\/aula-dacollida\/\" title=\"Read Aula d&#8217;Acollida\">Llegeix m\u00e9s\u00bb<\/a><\/p>\n","protected":false},"author":1,"featured_media":0,"parent":87,"menu_order":0,"comment_status":"closed","ping_status":"closed","template":"","meta":{"_bbp_topic_count":0,"_bbp_reply_count":0,"_bbp_total_topic_count":0,"_bbp_total_reply_count":0,"_bbp_voice_count":0,"_bbp_anonymous_reply_count":0,"_bbp_topic_count_hidden":0,"_bbp_reply_count_hidden":0,"_bbp_forum_subforum_count":0,"footnotes":""},"class_list":["post-2226","page","type-page","status-publish","hentry"],"post_mailing_queue_ids":[],"_links":{"self":[{"href":"https:\/\/agora.xtec.cat\/ceiptorresjonama-palafrugell\/wp-json\/wp\/v2\/pages\/2226","targetHints":{"allow":["GET"]}}],"collection":[{"href":"https:\/\/agora.xtec.cat\/ceiptorresjonama-palafrugell\/wp-json\/wp\/v2\/pages"}],"about":[{"href":"https:\/\/agora.xtec.cat\/ceiptorresjonama-palafrugell\/wp-json\/wp\/v2\/types\/page"}],"author":[{"embeddable":true,"href":"https:\/\/agora.xtec.cat\/ceiptorresjonama-palafrugell\/wp-json\/wp\/v2\/users\/1"}],"replies":[{"embeddable":true,"href":"https:\/\/agora.xtec.cat\/ceiptorresjonama-palafrugell\/wp-json\/wp\/v2\/comments?post=2226"}],"version-history":[{"count":6,"href":"https:\/\/agora.xtec.cat\/ceiptorresjonama-palafrugell\/wp-json\/wp\/v2\/pages\/2226\/revisions"}],"predecessor-version":[{"id":2409,"href":"https:\/\/agora.xtec.cat\/ceiptorresjonama-palafrugell\/wp-json\/wp\/v2\/pages\/2226\/revisions\/2409"}],"up":[{"embeddable":true,"href":"https:\/\/agora.xtec.cat\/ceiptorresjonama-palafrugell\/wp-json\/wp\/v2\/pages\/87"}],"wp:attachment":[{"href":"https:\/\/agora.xtec.cat\/ceiptorresjonama-palafrugell\/wp-json\/wp\/v2\/media?parent=2226"}],"curies":[{"name":"wp","href":"https:\/\/api.w.org\/{rel}","templated":true}]}}