{"id":1176,"date":"2022-02-21T19:17:18","date_gmt":"2022-02-21T18:17:18","guid":{"rendered":"https:\/\/agora.xtec.cat\/ceiptorresjonama-palafrugell\/?page_id=1176"},"modified":"2022-09-04T17:13:35","modified_gmt":"2022-09-04T15:13:35","slug":"piscina","status":"publish","type":"page","link":"https:\/\/agora.xtec.cat\/ceiptorresjonama-palafrugell\/lescola\/projectes-escola\/piscina\/","title":{"rendered":"Piscina"},"content":{"rendered":"<div><img loading=\"lazy\" decoding=\"async\" class=\"size-large aligncenter\" src=\"data:image\/jpeg;base64,\/9j\/4AAQSkZJRgABAQAAAQABAAD\/2wCEAAoHCBQSERgWFRUSGBgaGBgZFhgcGBIcFBUcGhQZGRgVGBwcIS4mHB4rHxgWJjgmKy8xNTU1HCU7QDs0Py40NTEBDAwMEA8QHhISHzosJCU1PTQ0MTc2MTQ0PT02NDQxNjY2NDQ2NTQ0NDQ0NjQ0ND00NDE9NDQ0NDQ0NDQ0NDQ\/NP\/AABEIAOEA4QMBIgACEQEDEQH\/xAAbAAEAAwEBAQEAAAAAAAAAAAAABAUGAwIBB\/\/EAFEQAAIBAwAECQUKCQsDBQAAAAECAAMEEQUSITEGE0FRYXGBkaEUIlKxwTIzQlNUcoKS0dIVFiNilKKys8IHJDRjc5Oj0+Hw8YOE4yU1Q0R0\/8QAGQEBAAMBAQAAAAAAAAAAAAAAAAECAwQF\/8QAJBEBAQACAQQCAgMBAAAAAAAAAAECEQMSITFRBEEycRNh0SL\/2gAMAwEAAhEDEQA\/AP2aIiAiIgIiICIiAiIgIiICIiAiIgIiICIiAiIgIiICIiAiIgIiICIiAiIgIiICIiAiIgIiICIiAiIgIiICIiAiIgIiICIiAiIgIiICIiAiIgIiICIiAiIgJHr3dOmQHdFLHChmUFjzDJ2mSJ+UrokaX0jfF2YCkDTpbdisGZE+jmm5I5dYwP1aRb+9ShSaq5wiKWY8uAOQcp6Jmv5OLys9maddagajUamCwOSAAQuTvK5K9QE4\/wAqd3qaO1c++VEUjlwuanrpiBYcGeF9C\/ZkQOjqM6jauWXONZSpIOMjI5MzSz8y01oF7YWlzZhWrUlppUVSuX1UC6x28u1W6GHNP0MXqY2sM82\/HRsgSolbcactqfu61JPnMF9cgvwy0eu+6o9hJ9QgaCJnPx20f8oHYlY\/wT7+Oth8ef7q4+5A0UTO\/jrYfHn+6uPuQOGlh8f\/AIdf7kDRRM7+Olh8oUdaVR61nS24W2NR1RLmkzswVFyQWYnAUZG+BfREQEREBERAREQEREBERAREQOVaqqDLEATMNw8tD7gu\/NqpWP7KEeMkX1xrMzMwCgkDJAAH+9srE0zbtUFNa1N3JICq2sdgyc6uQN3LA7HhlrHzKF0eq3q+tsCZzgLXZK14usQ5qAtjlw9X2k981DOByzFpdpZ6Vqs7atOohbOCdpCtnA251lcdsnputo6pvTdPVY72Y9ZJmP8A5RE\/myNzVPWj\/ZJdThnaDc9RupHHrxKHhHwmo3NuaaLU1iyspKoF2Nt+ETuzyRJ22W99N9TfWUMOUA94zK250S1V2NSvWKZ82mh4tAOZmXzn7x1Rwfuw9pRJ38WgJ6VGqfEGL65uNfVopR1cDz3d9\/KNRV9st0ZelevH292+g7an7mhSzzlFZvrNkyclNV9yqjqAHqlLqXx316C\/Nos37Tz6La75bwDqt6f3pN4svROTH2vMxmUhtrr5YD\/21P7088Xejdc0j12\/2PInHlfovJj7XuYyZR5vh\/8AJaHrp1R6njyi+HwLNupq6+sGP48vR\/Jj7aBbhhud\/rGevKn9N+8zPi+vBvtqB6q7D9qnPQ0jcjfZP9GtQb14lbjZ5WmUvhfre1B8I9uD65Y2V\/rnVYDPIRuPR1zIfhioPdWd2Pmii3qeQE09i+DmneKq0MahpVCwY1QQ5Rc7MLgN1iQl+nxM4OGVnjLNWT59vdAd+piaIGB9iIgIiICIiAiIgJxuamojNzA\/6TtKXhTdcXa1G5kduxUJ9eIGK0HoihXp+UVaau9V3fL5YBS7BBqk49yF5JZaYqi1tXakiIQuECqoGs3mpsAx7oidtCUtS0orzUkB69QZ8cyBwmqZNvT9KqKhHOtIa5z0axSWwm8pFcrqWrCmCFGscnA1jznG098ynDOkqVKFZlDKG1HBAIYBgwUg78jXl5UvWIwBjpzt7JDvtHeV0Gp8aqPlWQPkISN+W26pwSN3LO3kwvTXHhnOqLFNF267Vo0R06lP14kTSrW\/EuhaihZHA2oNpU48cSo\/EasQNc1X+bqsvYSTskhOBFNEZqmuoCkrrMg1myMLgYO3bM92zxF+0+668Ca+taBfQd178P8AxzQkys0XolqKeYFpJnJLEgMefB2scCSWU1X1EbWXGXbVKqvOxydw6ZfGamrfCmV3dyeXpbtCcZ7eSdwc7pVXOrrnUzqbgTvOBtPacmc1YjcSJt07nZn1aq6nxmA3kDtEpy5O8nvM8x0HWt+OT0l7xPasDuIPbKWI6DrXcgXlZg+FZhs2gE4z\/vEjiu4GNYzmTEw9lz9L6xctTUk5O48+wkSBa7dIVz6NGgve1Rp90ZdBfMblPmnpOzE+aN23l2ebyde6kT\/FODmxuOVd3FlMsYnaOu3GlAhZivkvudY6oLV9hxuz5uO2bKYOxP8A6qeihRHfXczeTJoREQEREBERAREQEx\/D+t\/NaqjlQIOuoyr\/ABCbCYLhW+uaa+ndUh9FWLnwSBZImqAByADu2TM6SfjL5ualSVOpnOuf1Qk1Mxtg\/GGpV+Mquyn80HUTwUTfgx3nP6Y8+WsL\/aXERPRcCfx9Ae5StuHwwM9OwSEzecSMjbs25I27BnlnmJWYyFytdvKWLhmOsw9Lzu\/M6V7+o66pbC+ioVVPWANsixHTj6N32RESwREQOtCgznCKzHlwCcdckfgqv8W\/h9s906K0lDVGbWYAhFbDYO0F25AdmzfC06VXYmab\/BVnLK3QGO0N1zK5368e9NJjPvz+0F0ZThgQRvBBB7jPMn+VEfk66s2ruOcVE6ATvHQZ5e6QKVp0wMjBdjrOQebkXskzK+v8VuM9\/wCuNkuaijpz3bfZJGif6Tdn+spjut0nnRS5qZ5gT6h7Z60N7\/d\/2y\/uEnJ8q\/8Aev6dfxp\/zt6tTjSVU81Ch+8qGb6fn9D\/ANxq9NvR\/bqCbyk2VB5wD4TmdDpERAREQEREBERA4Xb6qE9GzrOweuYbSHnXlqnoitUP0UCL4uZrtMVMIF5z4D\/kTI2\/n6QqN8XRp0+o1HZ28FSBJ03dcVa1XG9UbV+cRqr+sRKGzocXTRPRVR2gbfGT+FT5WjS+MqqWHOlMF28QnfI07fiY+cnH8nLxCIidbmJ9VSTgb58kmwI19vNskW6iJN17pWR+EcdA3yUtug3KO3b651JkapeKN231d8y3lWusY9vbI3JjpGyQa1sydI5\/tk6jcK\/QeY+znnaJlcS4yoVra7NZh1D2mTcRIlS8AbAGRyn7I75U7Yx7e1Q8mOr7JGqWTDcQfAyUl2h5cdeyd8xvKGpUFNJ1QACVbG7WVWI7SMzhcXLVG1mOTjG4DA5gB1mea7AuSN2ZzmmOOM7yKW29rVjoddrHoA78\/ZPmhvf7v+3X9xTnbRA81j0+of6zhoj+kXY\/rUPfbpPP57vOu\/hmsIDZpI\/nWo\/Urn74m4smzSXqA7tnsmH0j5l5avyNxtI\/SQOvih75s9FNmkOgkeOfbMWqbERAREQEREBERApdLtlwOYeJP\/EzPB\/zxWq\/GV3KnnSnimn7B75Z8JL3iqdep6CsR1hcKPrYkfRFpxNvTp8qooPzsece8mBSaVfjL7HJSpAdT1Gyf1UXvn2RbOpxj1qvxlV9U86J5ieC+MlT0uDHpwjzubLedIiJszIiIHpnJ3knrJnmIgJIS7ccx65HiRZKiWxIqXbMMbAOiR4iJJC3ZGYiSkiIgXOiR5h+cfUJF0V\/S7sfn0T326\/ZJeive+0yJo7Ze3Q6Lc\/4bD2Ty+X869Li\/CHCfzbcVBvo1KdXsRwH\/UZpsNDn8mfnH1CZ6\/txUpOh+Gjr9ZSPbLDgRccZY0nO8omesKAfEGZrtDERAREQEREBEThdPqox\/NPq2QMPwjbjHo0vja4ZhzpT\/Kv4qg7ZL0vdcVb1KnKqMR87HmjvxIVP8ppBzyUaKoPn1W12\/URO+cuFT5p06XxlVAfmU81G\/YUdsmTd0i3U2rrChxdJE9FFB68bfHMkRJFlbcY+CdVQCzN6Kjeevk7Z6vbGfp5nfK\/t0XRdYqGCEggEYKnIIyNmZGqU2Q4ZWU8xBB8ZM8tpqcJQTHIWLlj0kg7DJVPStJl1KlNivNrFwOka21ewynXnPpfpxv2pok674gKeL12JxgtsCbdo\/OP2yDL45bm2eU1dEREsEREBETpRpazBQVGeViFUbM7SZFukTu5xJ34O561uPp\/YJOAop7hrYH0mL1G6x5oA7pneWTx3aTjt89lHEk3dNR5wqq7EnICFcZ252jG\/kEjTSXcUs1V1or3vtMiWWy\/uemnbn94PZJWij+T+kfUJFt9mkavTb0T3VKgnmcv539vR4vxi3E8\/ye7LPV9GpVXurOB4T3PHAD3iqOa5rj\/FaZtGriIgIiICIiAkLSrYp45yB7fZJsouFFzxdFm9FKj\/AFUJHtgZvg356VKvxteow+arcWg7k8ZD0q+veAclKl3PVf7lM98tNA0OLtKKcoppnrKgnxJlLQfXarU+MruF+ZSApp4hz2zXhm84z5rrCuk603YKyrnDYDADfg5HjPttTDPg7t5looxsE9DK67ODGb7qUjES6IzvnxUUbgB1ASOtPQrUtXPJjrnryJ+jvllEjrp0xW+Rv0d8eRv0d8sokddT0RTOhU4IxPMnX5BwBtPjiR0tXO5G7seuXmc1uqXG71HGJLTR1Q8gHWfszOy6KPK47ATK3mwn2vOHO\/SuiW66LTlLHuHsny4W3ojNRqafPcD1mUvycJ4Xnx86qZ7Smx3Kx6gZIXT1vuopUqn+qpMR9YgL4z35XeVPcW1OmORqtTJ+pTB9czvyvUXnxfdTdGU2VCGBHnZ29QkNdmkm6bVfCu32z5+Drmp75dso9GiiJ+u+s04W1qKN+ihqjZtqmWd2dyePQ7WPXunLll1ZWunHHpkjQTxwC96r\/wD6q\/71p7k7g9bpTDhFCgtrnftZyzM3aSZVZdREQEREBERATG8Pqn82rgfF6n1yB\/FNlMTwspPVpVFVSxZ6YwPRFZMnsUE9kD1f1xQt3f0EYj6K7B34mRstIUxSpU0FSoUppr6lOo\/nHLOcgbfOLbeibG\/tEr02pvnUbGtgkE4YNjI6hPVvapTA1FAwioDvbUT3KljtIGTvPKZbDO43cVyxmU1WXpXrqQVtrz+6YesiS30vUxstLsH5mfbNJE1vPlWc4MYzS6Yqctrd9lJvtM+nTT\/Jbz+6qewTSRI\/mp\/DiyraWdt9O7Uf2Fb2Cek0hT+F5Z+j1x7DNREXnzpOHFnU0rbDf5V20rr2LOyaftBy1B10bn2pLvMZlLnlfNXmGM8RTjhNafGEf9OsP4J9\/Gaz+OX6tT7st8xkyi6o\/Ga0+OB6kqH1LIWldPsyAWgqO+sMjiK58079UsAoO47TjfNJmMwKf8Cu\/v1zcvzqrLSQ\/RQA+M72ug7amcpRp59Jhrv16z5PjLKIHmeoiAlPc7NIUemjXHc9My4nB7VGdHI89A6ocnYH1dYY3HOqN8DvLPQo939H2yJZ2hqE7cAbzjwEuqFEIuF\/1J5zA7REQEREBERATDcJlanVt9pA8qQbzhldKgGefaRNzMvw9QeTU33alzbsT0ccqn9qAiVNXhDaqcccjnmTWdu5AZ5OngfcW14\/SKJVe9ysC4iVK6RuG9xY3B63oL\/EZ0WrfHdYN216Y9kCyiQVTSB\/+lTHXc0\/Ypn3idI\/JKP6SP8ALgTYkPidI\/JKH6V\/4584nSPySj+kj\/LgTYkMUtIfI6f6Un+XPQS+5bFey6p\/5cCVE4YvPkGf+7pfcnSk91rAHR2BkZPlVM4GdpxgZge55miWzpj4C9oz650Wko3Ko6gIGbVSdwJ6hOq2jn4DdxHrmjiBQLo+ofg46ys6rop+UoO8+yXUQKoaJ537l\/1nenoxBv1m6z9knRA8IgAwAAOYbp7iICIiAiIgIiICRru1p1kKVER1OMqyhlOCCMg7DggHskmIEela00XVRKagbgFUAdgE6hANwA7BPcQEREBERAREQEREBERAREQEREBERAREQEREBERAREQEREBERAREQEREBERAREQEREBERAREQEREBERAREQEREBERAREQEREBERAREQEREBERAREQEREBERAREQEREBERAREQEREBERA\/9k=\" width=\"225\" height=\"225\" \/><\/div>\n<div><\/div>\n<div style=\"text-align: center;\"><iframe loading=\"lazy\" src=\"https:\/\/drive.google.com\/file\/d\/1ZGxcEIi515H_S1yoccwnMDQ9gt7pfGtm\/preview\" width=\"640\" height=\"480\"><\/iframe><\/div>\n<p dir=\"ltr\">\n<p dir=\"ltr\">Aquest projecte es porta a terme mitjan\u00e7ant dues activitats:<\/p>\n<p dir=\"ltr\"><strong>1. &#8220;APR\u00c8N A NEDAR&#8221;: Adre\u00e7ada als alumnes de Segon de Prim\u00e0ria.<\/strong><\/p>\n<p dir=\"ltr\"><span style=\"font-size: medium;\">\u00a0<\/span>Amb l&#8217;objectiu general de possibilitar el coneixement i exploraci\u00f3 del medi aqu\u00e0tic es desenvolupen activitats amb dos ritmes, segons les necessitats i els coneixements previs dels alumnes: per aquells que no saben nedar, la campanya serveix perqu\u00e8 n&#8217;aprenguin i que assoleixin un domini del medi que els permeti fer-hi activitats lliurement; per als alumnes que ja saben nedar, la campanya els serveix per millorar el seu domini del medi i adquirir noves t\u00e8cniques de nataci\u00f3. Totes les activitats s\u00f3n realitzades de manera l\u00fadica i divertida.<\/p>\n<p dir=\"ltr\">\u00c9s una activitat subvencionada: 10 sessions aniran a c\u00e0rrec de l\u2019Ajuntament i 8 sessions subvencionades per la Diputaci\u00f3 de Girona dins del Programa Neda a l&#8217;Escola. Els beneficiaris, com cada curs, seran els alumnes de 2n curs de prim\u00e0ria de la nostra escola i ser\u00e0 gratu\u00efta per a les fam\u00edlies.<\/p>\n<p dir=\"ltr\"><em>L&#8217;activitat de piscina dels alumnes de 2n\u00a0 ha estat subvencionada per la Diputaci\u00f3 de Girona mitjan\u00e7ant el programa &#8220;Neda a l&#8217;escola&#8221;.<\/em><\/p>\n<p dir=\"ltr\">\n<p dir=\"ltr\">\n<p dir=\"ltr\"><strong>2. &#8221; ACTIVITATS L\u00daDIQUES A LA PISCINA&#8221;: Adre\u00e7ada als alumnes de Tercer fins a Sis\u00e8 de Prim\u00e0ria.<\/strong><\/p>\n<p dir=\"ltr\">Com a activitats complement\u00e0ries de l&#8217;\u00e0rea de l&#8217;Educaci\u00f3 F\u00edsica, l&#8217;escola organitza sessions a la piscina des de 3r fins a 6\u00e8 de Prim\u00e0ria. Aquestes activitats es realitzaran mitjan\u00e7ant jocs aqu\u00e0tics i de coneixen\u00e7a del medi; jocs d&#8217;experimentaci\u00f3 de noves sensacions i de diversos despla\u00e7aments dins l&#8217;aigua.<\/p>\n<p dir=\"ltr\">Aquesta activitat est\u00e0 realitzada pel personal t\u00e8cnic de la piscina amb la col\u00b7laboraci\u00f3 del \/la tutor\/a corresponent.<\/p>\n<p dir=\"ltr\"><a href=\"https:\/\/agora.xtec.cat\/ceiptorresjonama-palafrugell\/wp-content\/uploads\/usu2626\/2022\/09\/ajpalafrugell.jpg\"><img loading=\"lazy\" decoding=\"async\" class=\"size-medium wp-image-1517 alignleft\" src=\"https:\/\/agora.xtec.cat\/ceiptorresjonama-palafrugell\/wp-content\/uploads\/usu2626\/2022\/09\/ajpalafrugell-300x148.jpg\" alt=\"\" width=\"300\" height=\"148\" srcset=\"https:\/\/agora.xtec.cat\/ceiptorresjonama-palafrugell\/wp-content\/uploads\/usu2626\/2022\/09\/ajpalafrugell-300x148.jpg 300w, https:\/\/agora.xtec.cat\/ceiptorresjonama-palafrugell\/wp-content\/uploads\/usu2626\/2022\/09\/ajpalafrugell.jpg 640w\" sizes=\"auto, (max-width: 300px) 100vw, 300px\" \/><\/a><a href=\"https:\/\/agora.xtec.cat\/ceiptorresjonama-palafrugell\/wp-content\/uploads\/usu2626\/2022\/09\/baixa.png\"><img loading=\"lazy\" decoding=\"async\" class=\"size-medium wp-image-1523 alignleft\" src=\"https:\/\/agora.xtec.cat\/ceiptorresjonama-palafrugell\/wp-content\/uploads\/usu2626\/2022\/09\/baixa-300x92.png\" alt=\"\" width=\"300\" height=\"92\" srcset=\"https:\/\/agora.xtec.cat\/ceiptorresjonama-palafrugell\/wp-content\/uploads\/usu2626\/2022\/09\/baixa-300x92.png 300w, https:\/\/agora.xtec.cat\/ceiptorresjonama-palafrugell\/wp-content\/uploads\/usu2626\/2022\/09\/baixa.png 406w\" sizes=\"auto, (max-width: 300px) 100vw, 300px\" \/><\/a><\/p>\n","protected":false},"excerpt":{"rendered":"<p>Aquest projecte es porta a terme mitjan\u00e7ant dues activitats:<br \/>\n1. &#8220;APR\u00c8N A NEDAR&#8221;: Adre\u00e7ada als alumnes de Segon de Prim\u00e0ria.<br \/>\n\u00a0Amb l&#8217;objectiu general de possibilitar el coneixement i exploraci\u00f3 del medi aqu\u00e0tic es desenvolupen activitats amb dos ritmes, segons les necessitats i els coneixements previs dels alumnes:&hellip;  <a href=\"https:\/\/agora.xtec.cat\/ceiptorresjonama-palafrugell\/lescola\/projectes-escola\/piscina\/\" title=\"Read Piscina\">Llegeix m\u00e9s\u00bb<\/a><\/p>\n","protected":false},"author":1,"featured_media":0,"parent":2,"menu_order":9,"comment_status":"closed","ping_status":"closed","template":"","meta":{"_bbp_topic_count":0,"_bbp_reply_count":0,"_bbp_total_topic_count":0,"_bbp_total_reply_count":0,"_bbp_voice_count":0,"_bbp_anonymous_reply_count":0,"_bbp_topic_count_hidden":0,"_bbp_reply_count_hidden":0,"_bbp_forum_subforum_count":0,"footnotes":""},"class_list":["post-1176","page","type-page","status-publish","hentry"],"post_mailing_queue_ids":[],"_links":{"self":[{"href":"https:\/\/agora.xtec.cat\/ceiptorresjonama-palafrugell\/wp-json\/wp\/v2\/pages\/1176","targetHints":{"allow":["GET"]}}],"collection":[{"href":"https:\/\/agora.xtec.cat\/ceiptorresjonama-palafrugell\/wp-json\/wp\/v2\/pages"}],"about":[{"href":"https:\/\/agora.xtec.cat\/ceiptorresjonama-palafrugell\/wp-json\/wp\/v2\/types\/page"}],"author":[{"embeddable":true,"href":"https:\/\/agora.xtec.cat\/ceiptorresjonama-palafrugell\/wp-json\/wp\/v2\/users\/1"}],"replies":[{"embeddable":true,"href":"https:\/\/agora.xtec.cat\/ceiptorresjonama-palafrugell\/wp-json\/wp\/v2\/comments?post=1176"}],"version-history":[{"count":4,"href":"https:\/\/agora.xtec.cat\/ceiptorresjonama-palafrugell\/wp-json\/wp\/v2\/pages\/1176\/revisions"}],"predecessor-version":[{"id":1526,"href":"https:\/\/agora.xtec.cat\/ceiptorresjonama-palafrugell\/wp-json\/wp\/v2\/pages\/1176\/revisions\/1526"}],"up":[{"embeddable":true,"href":"https:\/\/agora.xtec.cat\/ceiptorresjonama-palafrugell\/wp-json\/wp\/v2\/pages\/2"}],"wp:attachment":[{"href":"https:\/\/agora.xtec.cat\/ceiptorresjonama-palafrugell\/wp-json\/wp\/v2\/media?parent=1176"}],"curies":[{"name":"wp","href":"https:\/\/api.w.org\/{rel}","templated":true}]}}