{"id":893,"date":"2018-11-21T09:44:19","date_gmt":"2018-11-21T08:44:19","guid":{"rendered":"http:\/\/agora.xtec.cat\/ceiptorreroja\/?page_id=893"},"modified":"2022-05-25T15:26:18","modified_gmt":"2022-05-25T13:26:18","slug":"olimpiades","status":"publish","type":"page","link":"https:\/\/agora.xtec.cat\/ceiptorreroja\/lescola\/festes\/olimpiades\/","title":{"rendered":"Jocs Ol\u00edmpics"},"content":{"rendered":"<h3><a href=\"https:\/\/agora.xtec.cat\/ceiptorreroja\/wp-content\/uploads\/usu1673\/2022\/04\/Disseny-sense-titol-1.png\"><img loading=\"lazy\" decoding=\"async\" class=\"wp-image-3872 alignright\" src=\"https:\/\/agora.xtec.cat\/ceiptorreroja\/wp-content\/uploads\/usu1673\/2022\/04\/Disseny-sense-titol-1-300x240.png\" alt=\"\" width=\"495\" height=\"396\" srcset=\"https:\/\/agora.xtec.cat\/ceiptorreroja\/wp-content\/uploads\/usu1673\/2022\/04\/Disseny-sense-titol-1-300x240.png 300w, https:\/\/agora.xtec.cat\/ceiptorreroja\/wp-content\/uploads\/usu1673\/2022\/04\/Disseny-sense-titol-1-1024x819.png 1024w, https:\/\/agora.xtec.cat\/ceiptorreroja\/wp-content\/uploads\/usu1673\/2022\/04\/Disseny-sense-titol-1-768x614.png 768w, https:\/\/agora.xtec.cat\/ceiptorreroja\/wp-content\/uploads\/usu1673\/2022\/04\/Disseny-sense-titol-1.png 1240w\" sizes=\"auto, (max-width: 495px) 100vw, 495px\" \/><\/a><\/h3>\n<p style=\"text-align: justify;\">Cada any fem els Jocs Ol\u00edmpics on competeixen tots els alumnes, des dels m\u00e9s grans fins els m\u00e9s petits, amb la finalitat b\u00e0sica de participar i passar-s&#8217;ho b\u00e9. Es dissenya una samarreta \u00fanica que porten tots i totes aquell dia. Aquests \u00faltims anys s&#8217;han dut a terme al Camp de Futbol Joan Nicolau.<\/p>\n<p style=\"text-align: justify;\">Les proves a realitzar s\u00f3n:<\/p>\n<ul>\n<li><span lang=\"CA\">Salt de longitud<\/span><\/li>\n<li><span lang=\"CA\">Salt d\u2019al\u00e7ada<\/span><\/li>\n<li><span lang=\"CA\">Llan\u00e7ament de javelina<\/span><\/li>\n<li><span lang=\"CA\">Llan\u00e7ament de pes<\/span><\/li>\n<li><span lang=\"CA\">Marxa atl\u00e8tica<\/span><\/li>\n<li><span lang=\"CA\">Cursa de velocitat<\/span><\/li>\n<\/ul>\n<p>&nbsp;<\/p>\n<p>&nbsp;<\/p>\n","protected":false},"excerpt":{"rendered":"<p><a href=\"https:\/\/agora.xtec.cat\/ceiptorreroja\/wp-content\/uploads\/usu1673\/2022\/04\/Disseny-sense-titol-1.png\"><\/a><br \/>\nCada any fem els Jocs Ol\u00edmpics on competeixen tots els alumnes, des dels m\u00e9s grans fins els m\u00e9s petits, amb la finalitat b\u00e0sica de participar i passar-s&#8217;ho b\u00e9. Es dissenya una samarreta \u00fanica que porten tots i totes aquell dia. Aquests \u00faltims anys s&#8217;han&hellip;  <a href=\"https:\/\/agora.xtec.cat\/ceiptorreroja\/lescola\/festes\/olimpiades\/\" title=\"Read Jocs Ol\u00edmpics\">Llegeix m\u00e9s\u00bb<\/a><\/p>\n","protected":false},"author":1,"featured_media":0,"parent":624,"menu_order":6,"comment_status":"closed","ping_status":"closed","template":"page-templates\/side-menu.php","meta":{"_bbp_topic_count":0,"_bbp_reply_count":0,"_bbp_total_topic_count":0,"_bbp_total_reply_count":0,"_bbp_voice_count":0,"_bbp_anonymous_reply_count":0,"_bbp_topic_count_hidden":0,"_bbp_reply_count_hidden":0,"_bbp_forum_subforum_count":0,"footnotes":""},"class_list":["post-893","page","type-page","status-publish","hentry"],"post_mailing_queue_ids":[],"_links":{"self":[{"href":"https:\/\/agora.xtec.cat\/ceiptorreroja\/wp-json\/wp\/v2\/pages\/893","targetHints":{"allow":["GET"]}}],"collection":[{"href":"https:\/\/agora.xtec.cat\/ceiptorreroja\/wp-json\/wp\/v2\/pages"}],"about":[{"href":"https:\/\/agora.xtec.cat\/ceiptorreroja\/wp-json\/wp\/v2\/types\/page"}],"author":[{"embeddable":true,"href":"https:\/\/agora.xtec.cat\/ceiptorreroja\/wp-json\/wp\/v2\/users\/1"}],"replies":[{"embeddable":true,"href":"https:\/\/agora.xtec.cat\/ceiptorreroja\/wp-json\/wp\/v2\/comments?post=893"}],"version-history":[{"count":4,"href":"https:\/\/agora.xtec.cat\/ceiptorreroja\/wp-json\/wp\/v2\/pages\/893\/revisions"}],"predecessor-version":[{"id":4182,"href":"https:\/\/agora.xtec.cat\/ceiptorreroja\/wp-json\/wp\/v2\/pages\/893\/revisions\/4182"}],"up":[{"embeddable":true,"href":"https:\/\/agora.xtec.cat\/ceiptorreroja\/wp-json\/wp\/v2\/pages\/624"}],"wp:attachment":[{"href":"https:\/\/agora.xtec.cat\/ceiptorreroja\/wp-json\/wp\/v2\/media?parent=893"}],"curies":[{"name":"wp","href":"https:\/\/api.w.org\/{rel}","templated":true}]}}