{"id":846,"date":"2018-11-20T12:29:19","date_gmt":"2018-11-20T11:29:19","guid":{"rendered":"http:\/\/agora.xtec.cat\/ceiptorreroja\/?page_id=846"},"modified":"2021-12-14T14:47:07","modified_gmt":"2021-12-14T13:47:07","slug":"projecte-conversa-dangles","status":"publish","type":"page","link":"https:\/\/agora.xtec.cat\/ceiptorreroja\/lescola\/projectes\/projecte-conversa-dangles\/","title":{"rendered":"Projecte Conversa d\u2019angl\u00e8s"},"content":{"rendered":"<p style=\"text-align: justify;\">Projecte, voluntari pels alumnes, amb una subvenci\u00f3 de l\u2019Ajuntament, AMPA i aportaci\u00f3 dels pares que permetr\u00e0 disposar d\u2019un auxiliar de conversa en angl\u00e8s que aportar\u00e0 un refor\u00e7 din\u00e0mic a la part de llengua oral anglesa.<\/p>\n","protected":false},"excerpt":{"rendered":"<p>Projecte, voluntari pels alumnes, amb una subvenci\u00f3 de l\u2019Ajuntament, AMPA i aportaci\u00f3 dels pares que permetr\u00e0 disposar d\u2019un auxiliar de conversa en angl\u00e8s que aportar\u00e0 un refor\u00e7 din\u00e0mic a la part de llengua oral anglesa.<\/p>\n","protected":false},"author":1,"featured_media":0,"parent":670,"menu_order":12,"comment_status":"closed","ping_status":"closed","template":"page-templates\/side-menu.php","meta":{"_bbp_topic_count":0,"_bbp_reply_count":0,"_bbp_total_topic_count":0,"_bbp_total_reply_count":0,"_bbp_voice_count":0,"_bbp_anonymous_reply_count":0,"_bbp_topic_count_hidden":0,"_bbp_reply_count_hidden":0,"_bbp_forum_subforum_count":0,"footnotes":""},"class_list":["post-846","page","type-page","status-publish","hentry"],"post_mailing_queue_ids":[],"_links":{"self":[{"href":"https:\/\/agora.xtec.cat\/ceiptorreroja\/wp-json\/wp\/v2\/pages\/846","targetHints":{"allow":["GET"]}}],"collection":[{"href":"https:\/\/agora.xtec.cat\/ceiptorreroja\/wp-json\/wp\/v2\/pages"}],"about":[{"href":"https:\/\/agora.xtec.cat\/ceiptorreroja\/wp-json\/wp\/v2\/types\/page"}],"author":[{"embeddable":true,"href":"https:\/\/agora.xtec.cat\/ceiptorreroja\/wp-json\/wp\/v2\/users\/1"}],"replies":[{"embeddable":true,"href":"https:\/\/agora.xtec.cat\/ceiptorreroja\/wp-json\/wp\/v2\/comments?post=846"}],"version-history":[{"count":2,"href":"https:\/\/agora.xtec.cat\/ceiptorreroja\/wp-json\/wp\/v2\/pages\/846\/revisions"}],"predecessor-version":[{"id":3469,"href":"https:\/\/agora.xtec.cat\/ceiptorreroja\/wp-json\/wp\/v2\/pages\/846\/revisions\/3469"}],"up":[{"embeddable":true,"href":"https:\/\/agora.xtec.cat\/ceiptorreroja\/wp-json\/wp\/v2\/pages\/670"}],"wp:attachment":[{"href":"https:\/\/agora.xtec.cat\/ceiptorreroja\/wp-json\/wp\/v2\/media?parent=846"}],"curies":[{"name":"wp","href":"https:\/\/api.w.org\/{rel}","templated":true}]}}