{"id":844,"date":"2018-11-20T12:28:32","date_gmt":"2018-11-20T11:28:32","guid":{"rendered":"http:\/\/agora.xtec.cat\/ceiptorreroja\/?page_id=844"},"modified":"2018-11-21T08:43:33","modified_gmt":"2018-11-21T07:43:33","slug":"projecte-bits","status":"publish","type":"page","link":"https:\/\/agora.xtec.cat\/ceiptorreroja\/lescola\/projectes\/projecte-bits\/","title":{"rendered":"Projecte BITS"},"content":{"rendered":"<p style=\"text-align: justify;\">A tots els cursos hem encetat una seq\u00fcenciaci\u00f3 de lectura de BITS en els tres idiomes a partit de 3r i en angl\u00e8s als cursos de 3, 4 i 5 anys.<\/p>\n","protected":false},"excerpt":{"rendered":"<p>A tots els cursos hem encetat una seq\u00fcenciaci\u00f3 de lectura de BITS en els tres idiomes a partit de 3r i en angl\u00e8s als cursos de 3, 4 i 5 anys.<\/p>\n","protected":false},"author":1,"featured_media":0,"parent":670,"menu_order":11,"comment_status":"closed","ping_status":"closed","template":"page-templates\/side-menu.php","meta":{"_bbp_topic_count":0,"_bbp_reply_count":0,"_bbp_total_topic_count":0,"_bbp_total_reply_count":0,"_bbp_voice_count":0,"_bbp_anonymous_reply_count":0,"_bbp_topic_count_hidden":0,"_bbp_reply_count_hidden":0,"_bbp_forum_subforum_count":0,"footnotes":""},"class_list":["post-844","page","type-page","status-publish","hentry"],"post_mailing_queue_ids":[],"_links":{"self":[{"href":"https:\/\/agora.xtec.cat\/ceiptorreroja\/wp-json\/wp\/v2\/pages\/844","targetHints":{"allow":["GET"]}}],"collection":[{"href":"https:\/\/agora.xtec.cat\/ceiptorreroja\/wp-json\/wp\/v2\/pages"}],"about":[{"href":"https:\/\/agora.xtec.cat\/ceiptorreroja\/wp-json\/wp\/v2\/types\/page"}],"author":[{"embeddable":true,"href":"https:\/\/agora.xtec.cat\/ceiptorreroja\/wp-json\/wp\/v2\/users\/1"}],"replies":[{"embeddable":true,"href":"https:\/\/agora.xtec.cat\/ceiptorreroja\/wp-json\/wp\/v2\/comments?post=844"}],"version-history":[{"count":2,"href":"https:\/\/agora.xtec.cat\/ceiptorreroja\/wp-json\/wp\/v2\/pages\/844\/revisions"}],"predecessor-version":[{"id":865,"href":"https:\/\/agora.xtec.cat\/ceiptorreroja\/wp-json\/wp\/v2\/pages\/844\/revisions\/865"}],"up":[{"embeddable":true,"href":"https:\/\/agora.xtec.cat\/ceiptorreroja\/wp-json\/wp\/v2\/pages\/670"}],"wp:attachment":[{"href":"https:\/\/agora.xtec.cat\/ceiptorreroja\/wp-json\/wp\/v2\/media?parent=844"}],"curies":[{"name":"wp","href":"https:\/\/api.w.org\/{rel}","templated":true}]}}