{"id":836,"date":"2018-11-20T12:13:03","date_gmt":"2018-11-20T11:13:03","guid":{"rendered":"http:\/\/agora.xtec.cat\/ceiptorreroja\/?page_id=836"},"modified":"2018-12-03T12:07:13","modified_gmt":"2018-12-03T11:07:13","slug":"conferencies","status":"publish","type":"page","link":"https:\/\/agora.xtec.cat\/ceiptorreroja\/lescola\/projectes\/conferencies\/","title":{"rendered":"Confer\u00e8ncies"},"content":{"rendered":"<h3 style=\"text-align: justify;\">P3 a 5\u00e8<\/h3>\n<p style=\"text-align: justify;\">Cada curs escolar els\/les alumnes es preparen una confer\u00e8ncia i l\u2019exposen a la seva aula davant els seus companys de classe (assemblea setmanal de classe)<\/p>\n<h3 style=\"text-align: justify;\">6\u00e8<\/h3>\n<p style=\"text-align: justify;\">El curs de 6\u00e8 es prepara les confer\u00e8ncies en grup, amb suport inform\u00e0tic i l\u2019exposa a l\u2019Assemblea General. Els\/les alumnes de 6\u00e8 s\u00f3n tamb\u00e9 els encarregats de dirigir-la.<\/p>\n","protected":false},"excerpt":{"rendered":"<p>P3 a 5\u00e8<br \/>\nCada curs escolar els\/les alumnes es preparen una confer\u00e8ncia i l\u2019exposen a la seva aula davant els seus companys de classe (assemblea setmanal de classe)<br \/>\n6\u00e8<br \/>\nEl curs de 6\u00e8 es prepara les confer\u00e8ncies en grup, amb suport inform\u00e0tic i l\u2019exposa a l\u2019Assemblea General. Els\/les&hellip;  <a href=\"https:\/\/agora.xtec.cat\/ceiptorreroja\/lescola\/projectes\/conferencies\/\" title=\"Read Confer\u00e8ncies\">Llegeix m\u00e9s\u00bb<\/a><\/p>\n","protected":false},"author":1,"featured_media":0,"parent":670,"menu_order":7,"comment_status":"closed","ping_status":"closed","template":"page-templates\/side-menu.php","meta":{"_bbp_topic_count":0,"_bbp_reply_count":0,"_bbp_total_topic_count":0,"_bbp_total_reply_count":0,"_bbp_voice_count":0,"_bbp_anonymous_reply_count":0,"_bbp_topic_count_hidden":0,"_bbp_reply_count_hidden":0,"_bbp_forum_subforum_count":0,"footnotes":""},"class_list":["post-836","page","type-page","status-publish","hentry"],"post_mailing_queue_ids":[],"_links":{"self":[{"href":"https:\/\/agora.xtec.cat\/ceiptorreroja\/wp-json\/wp\/v2\/pages\/836","targetHints":{"allow":["GET"]}}],"collection":[{"href":"https:\/\/agora.xtec.cat\/ceiptorreroja\/wp-json\/wp\/v2\/pages"}],"about":[{"href":"https:\/\/agora.xtec.cat\/ceiptorreroja\/wp-json\/wp\/v2\/types\/page"}],"author":[{"embeddable":true,"href":"https:\/\/agora.xtec.cat\/ceiptorreroja\/wp-json\/wp\/v2\/users\/1"}],"replies":[{"embeddable":true,"href":"https:\/\/agora.xtec.cat\/ceiptorreroja\/wp-json\/wp\/v2\/comments?post=836"}],"version-history":[{"count":3,"href":"https:\/\/agora.xtec.cat\/ceiptorreroja\/wp-json\/wp\/v2\/pages\/836\/revisions"}],"predecessor-version":[{"id":1077,"href":"https:\/\/agora.xtec.cat\/ceiptorreroja\/wp-json\/wp\/v2\/pages\/836\/revisions\/1077"}],"up":[{"embeddable":true,"href":"https:\/\/agora.xtec.cat\/ceiptorreroja\/wp-json\/wp\/v2\/pages\/670"}],"wp:attachment":[{"href":"https:\/\/agora.xtec.cat\/ceiptorreroja\/wp-json\/wp\/v2\/media?parent=836"}],"curies":[{"name":"wp","href":"https:\/\/api.w.org\/{rel}","templated":true}]}}