{"id":834,"date":"2018-11-20T12:09:46","date_gmt":"2018-11-20T11:09:46","guid":{"rendered":"http:\/\/agora.xtec.cat\/ceiptorreroja\/?page_id=834"},"modified":"2022-05-23T10:35:57","modified_gmt":"2022-05-23T08:35:57","slug":"el-projecte-artistic-de-lescola","status":"publish","type":"page","link":"https:\/\/agora.xtec.cat\/ceiptorreroja\/lescola\/projectes\/el-projecte-artistic-de-lescola\/","title":{"rendered":"El Projecte art\u00edstic de l\u2019escola"},"content":{"rendered":"<p style=\"text-align: justify;\">\u00c9s un projecte que engloba diferents dimensions com a objectiu de fomentar la part creativa dels nostres alumnes.<\/p>\n<p style=\"text-align: justify;\">Esmercem molts esfor\u00e7os en el text creatiu, els tallers d\u2019art, dansa, m\u00fasica, fotografia, en els projectes de classe, en l\u2019Educaci\u00f3 f\u00edsica o a l\u2019expressi\u00f3 corporal donant molta import\u00e0ncia al teatre, confer\u00e8ncies, lectures&#8230;<\/p>\n","protected":false},"excerpt":{"rendered":"<p>\u00c9s un projecte que engloba diferents dimensions com a objectiu de fomentar la part creativa dels nostres alumnes.<br \/>\nEsmercem molts esfor\u00e7os en el text creatiu, els tallers d\u2019art, dansa, m\u00fasica, fotografia, en els projectes de classe, en l\u2019Educaci\u00f3 f\u00edsica o a l\u2019expressi\u00f3 corporal donant molta import\u00e0ncia&hellip;  <a href=\"https:\/\/agora.xtec.cat\/ceiptorreroja\/lescola\/projectes\/el-projecte-artistic-de-lescola\/\" title=\"Read El Projecte art\u00edstic de l\u2019escola\">Llegeix m\u00e9s\u00bb<\/a><\/p>\n","protected":false},"author":1,"featured_media":0,"parent":670,"menu_order":6,"comment_status":"closed","ping_status":"closed","template":"page-templates\/side-menu.php","meta":{"_bbp_topic_count":0,"_bbp_reply_count":0,"_bbp_total_topic_count":0,"_bbp_total_reply_count":0,"_bbp_voice_count":0,"_bbp_anonymous_reply_count":0,"_bbp_topic_count_hidden":0,"_bbp_reply_count_hidden":0,"_bbp_forum_subforum_count":0,"footnotes":""},"class_list":["post-834","page","type-page","status-publish","hentry"],"post_mailing_queue_ids":[],"_links":{"self":[{"href":"https:\/\/agora.xtec.cat\/ceiptorreroja\/wp-json\/wp\/v2\/pages\/834","targetHints":{"allow":["GET"]}}],"collection":[{"href":"https:\/\/agora.xtec.cat\/ceiptorreroja\/wp-json\/wp\/v2\/pages"}],"about":[{"href":"https:\/\/agora.xtec.cat\/ceiptorreroja\/wp-json\/wp\/v2\/types\/page"}],"author":[{"embeddable":true,"href":"https:\/\/agora.xtec.cat\/ceiptorreroja\/wp-json\/wp\/v2\/users\/1"}],"replies":[{"embeddable":true,"href":"https:\/\/agora.xtec.cat\/ceiptorreroja\/wp-json\/wp\/v2\/comments?post=834"}],"version-history":[{"count":3,"href":"https:\/\/agora.xtec.cat\/ceiptorreroja\/wp-json\/wp\/v2\/pages\/834\/revisions"}],"predecessor-version":[{"id":4118,"href":"https:\/\/agora.xtec.cat\/ceiptorreroja\/wp-json\/wp\/v2\/pages\/834\/revisions\/4118"}],"up":[{"embeddable":true,"href":"https:\/\/agora.xtec.cat\/ceiptorreroja\/wp-json\/wp\/v2\/pages\/670"}],"wp:attachment":[{"href":"https:\/\/agora.xtec.cat\/ceiptorreroja\/wp-json\/wp\/v2\/media?parent=834"}],"curies":[{"name":"wp","href":"https:\/\/api.w.org\/{rel}","templated":true}]}}