{"id":650,"date":"2018-07-12T11:07:22","date_gmt":"2018-07-12T09:07:22","guid":{"rendered":"http:\/\/agora.xtec.cat\/ceiptorreroja\/?page_id=650"},"modified":"2021-12-14T12:09:11","modified_gmt":"2021-12-14T11:09:11","slug":"espai-de-trobada","status":"publish","type":"page","link":"https:\/\/agora.xtec.cat\/ceiptorreroja\/serveis\/espai-de-trobada\/","title":{"rendered":"Espai de trobada"},"content":{"rendered":"<p>L\u2019<strong>AMPA<\/strong> Torre Roja organitza, des de fa uns anys, l\u2019<strong>Espai de Trobada<\/strong> amb l\u2019objectiu de proposar als pares i mares una oferta informativa i\/o formativa sobre diversos temes d\u2019educaci\u00f3 amb la voluntat de respondre a les preocupacions, inquietuds i interessos que tenim envers els nostres fills i filles.<br \/>\nAquest espai de trobada s\u2019organitza coordinadament amb totes les AMPA dels centres educatius de prim\u00e0ria i secund\u00e0ria dels municipis de Sant Antoni de Vilamajor i Sant Pere de Vilamajor, i tamb\u00e9 amb la col\u00b7laboraci\u00f3 dels dos Ajuntaments.<\/p>\n<p>S&#8217;informa els pares d&#8217;aquestes trobades mitjan\u00e7ant el correu electr\u00f2nic, on s&#8217;adjunta la informaci\u00f3 que correspongui.<\/p>\n<p>Es tracta doncs d\u2019un projecte transversal que permet unificar esfor\u00e7os, idees i recursos amb l\u2019objectiu d\u2019organitzar una proposta atractiva, \u00e0mplia i de qualitat per a totes les fam\u00edlies.<\/p>\n","protected":false},"excerpt":{"rendered":"<p>L\u2019AMPA Torre Roja organitza, des de fa uns anys, l\u2019Espai de Trobada amb l\u2019objectiu de proposar als pares i mares una oferta informativa i\/o formativa sobre diversos temes d\u2019educaci\u00f3 amb la voluntat de respondre a les preocupacions, inquietuds i interessos que tenim envers els nostres&hellip;  <a href=\"https:\/\/agora.xtec.cat\/ceiptorreroja\/serveis\/espai-de-trobada\/\" title=\"Read Espai de trobada\">Llegeix m\u00e9s\u00bb<\/a><\/p>\n","protected":false},"author":1,"featured_media":0,"parent":66,"menu_order":6,"comment_status":"closed","ping_status":"closed","template":"","meta":{"_bbp_topic_count":0,"_bbp_reply_count":0,"_bbp_total_topic_count":0,"_bbp_total_reply_count":0,"_bbp_voice_count":0,"_bbp_anonymous_reply_count":0,"_bbp_topic_count_hidden":0,"_bbp_reply_count_hidden":0,"_bbp_forum_subforum_count":0,"footnotes":""},"class_list":["post-650","page","type-page","status-publish","hentry"],"post_mailing_queue_ids":[],"_links":{"self":[{"href":"https:\/\/agora.xtec.cat\/ceiptorreroja\/wp-json\/wp\/v2\/pages\/650","targetHints":{"allow":["GET"]}}],"collection":[{"href":"https:\/\/agora.xtec.cat\/ceiptorreroja\/wp-json\/wp\/v2\/pages"}],"about":[{"href":"https:\/\/agora.xtec.cat\/ceiptorreroja\/wp-json\/wp\/v2\/types\/page"}],"author":[{"embeddable":true,"href":"https:\/\/agora.xtec.cat\/ceiptorreroja\/wp-json\/wp\/v2\/users\/1"}],"replies":[{"embeddable":true,"href":"https:\/\/agora.xtec.cat\/ceiptorreroja\/wp-json\/wp\/v2\/comments?post=650"}],"version-history":[{"count":3,"href":"https:\/\/agora.xtec.cat\/ceiptorreroja\/wp-json\/wp\/v2\/pages\/650\/revisions"}],"predecessor-version":[{"id":3449,"href":"https:\/\/agora.xtec.cat\/ceiptorreroja\/wp-json\/wp\/v2\/pages\/650\/revisions\/3449"}],"up":[{"embeddable":true,"href":"https:\/\/agora.xtec.cat\/ceiptorreroja\/wp-json\/wp\/v2\/pages\/66"}],"wp:attachment":[{"href":"https:\/\/agora.xtec.cat\/ceiptorreroja\/wp-json\/wp\/v2\/media?parent=650"}],"curies":[{"name":"wp","href":"https:\/\/api.w.org\/{rel}","templated":true}]}}