{"id":2817,"date":"2021-11-23T09:47:17","date_gmt":"2021-11-23T08:47:17","guid":{"rendered":"https:\/\/agora.xtec.cat\/ceiptorreroja\/?page_id=2817"},"modified":"2025-09-03T17:22:28","modified_gmt":"2025-09-03T15:22:28","slug":"pagaments-menjador","status":"publish","type":"page","link":"https:\/\/agora.xtec.cat\/ceiptorreroja\/pagaments-menjador\/","title":{"rendered":"Pagaments menjador"},"content":{"rendered":"<p><strong>REBUTS DE MENJADOR<\/strong><\/p>\n<ul>\n<li>Els rebuts de menjador es passaran la primera setmana del mes seg\u00fcent mitjan\u00e7ant rebut bancari o ingr\u00e9s al compte corrent de l\u2019escola.<\/li>\n<li style=\"text-align: justify;\">Quan es tornen dos rebuts l&#8217;alumne\/a es donar\u00e0 de baixa del menjador fins que s&#8217;actualitzi el deute i, a partir d&#8217;aquell moment, pagar\u00e0 mitjan\u00e7ant transfer\u00e8ncia banc\u00e0ria i per avan\u00e7at.<\/li>\n<\/ul>\n<p><strong>ALUMNES ESPOR\u00c0DICS<\/strong><\/p>\n<ul>\n<li style=\"text-align: justify;\">Els alumnes espor\u00e0dics hauran d&#8217;avisar a trav\u00e9s de l&#8217;agenda.<\/li>\n<\/ul>\n<p><strong>DEVOLUCIONS<\/strong><\/p>\n<ul>\n<li style=\"text-align: justify;\">Els\/les alumnes fixes, que per qualsevol motiu no puguin assistir al menjador, hauran d&#8217;avisar abans de les 9:30 hores del mat\u00ed i se&#8217;ls retornar\u00e0 l&#8217;import del dinar (no aix\u00ed del monitor).<\/li>\n<li>La devoluci\u00f3 es far\u00e0 descomptant els diners al rebut de menjador.<\/li>\n<li style=\"text-align: justify;\">En cas de no avisar, no es far\u00e0 la devoluci\u00f3 d&#8217;aquest import.<\/li>\n<\/ul>\n<h6><\/h6>\n<h2 style=\"text-align: center;\"><a href=\"https:\/\/drive.google.com\/file\/d\/1uLa6XAslJjC2EjziAyBL1tVUx3U5iuC5\/view?usp=drive_link\" target=\"_blank\" rel=\"noopener\">PREUS MENJADOR 2025-26<\/a><\/h2>\n<h3 style=\"text-align: justify;\">Beques<\/h3>\n<p style=\"text-align: justify;\">En aquest moment, les beques estan gestionades pel Consell Comarcal a\u00a0trav\u00e9s dels Serveis Socials de l&#8217;Ajuntament. En cas d&#8217;estar interessats, cal\u00a0adre\u00e7ar-se als Serveis Socials del poble on l&#8217;alumne\/a est\u00e0 empadronat.<br \/>\nPodeu demanar informaci\u00f3 a la Secretaria de l&#8217;escola.<\/p>\n","protected":false},"excerpt":{"rendered":"<p>REBUTS DE MENJADOR<\/p>\n<ul>\n<li>Els rebuts de menjador es passaran la primera setmana del mes seg\u00fcent mitjan\u00e7ant rebut bancari o ingr\u00e9s al compte corrent de l\u2019escola.<\/li>\n<li style=\"text-align: justify;\">Quan es tornen dos rebuts l&#8217;alumne\/a es donar\u00e0 de baixa del menjador fins que s&#8217;actualitzi el deute i, a partir&hellip;  <a href=\"https:\/\/agora.xtec.cat\/ceiptorreroja\/pagaments-menjador\/\" title=\"Read Pagaments menjador\">Llegeix m\u00e9s\u00bb<\/a><br \/>\n","protected":false},"author":1,"featured_media":0,"parent":0,"menu_order":0,"comment_status":"closed","ping_status":"closed","template":"","meta":{"_bbp_topic_count":0,"_bbp_reply_count":0,"_bbp_total_topic_count":0,"_bbp_total_reply_count":0,"_bbp_voice_count":0,"_bbp_anonymous_reply_count":0,"_bbp_topic_count_hidden":0,"_bbp_reply_count_hidden":0,"_bbp_forum_subforum_count":0,"footnotes":""},"class_list":["post-2817","page","type-page","status-publish","hentry"],"post_mailing_queue_ids":[],"_links":{"self":[{"href":"https:\/\/agora.xtec.cat\/ceiptorreroja\/wp-json\/wp\/v2\/pages\/2817","targetHints":{"allow":["GET"]}}],"collection":[{"href":"https:\/\/agora.xtec.cat\/ceiptorreroja\/wp-json\/wp\/v2\/pages"}],"about":[{"href":"https:\/\/agora.xtec.cat\/ceiptorreroja\/wp-json\/wp\/v2\/types\/page"}],"author":[{"embeddable":true,"href":"https:\/\/agora.xtec.cat\/ceiptorreroja\/wp-json\/wp\/v2\/users\/1"}],"replies":[{"embeddable":true,"href":"https:\/\/agora.xtec.cat\/ceiptorreroja\/wp-json\/wp\/v2\/comments?post=2817"}],"version-history":[{"count":8,"href":"https:\/\/agora.xtec.cat\/ceiptorreroja\/wp-json\/wp\/v2\/pages\/2817\/revisions"}],"predecessor-version":[{"id":5273,"href":"https:\/\/agora.xtec.cat\/ceiptorreroja\/wp-json\/wp\/v2\/pages\/2817\/revisions\/5273"}],"wp:attachment":[{"href":"https:\/\/agora.xtec.cat\/ceiptorreroja\/wp-json\/wp\/v2\/media?parent=2817"}],"curies":[{"name":"wp","href":"https:\/\/api.w.org\/{rel}","templated":true}]}}