{"id":2794,"date":"2025-09-30T13:12:09","date_gmt":"2025-09-30T11:12:09","guid":{"rendered":"https:\/\/agora.xtec.cat\/ceiptorreroja\/?page_id=2794"},"modified":"2026-03-28T10:15:50","modified_gmt":"2026-03-28T09:15:50","slug":"menjador-escolar","status":"publish","type":"page","link":"https:\/\/agora.xtec.cat\/ceiptorreroja\/serveis\/menjador-escolar\/","title":{"rendered":"Menjador escolar"},"content":{"rendered":"<p>L\u2019escola ofereix a tots els alumnes del centre el servei de menjador. El menjador \u00e9s un servei que, a m\u00e9s de l&#8217;alimentaci\u00f3, ha de possibilitar l&#8217;adquisici\u00f3 d&#8217;h\u00e0bits personals i socials.<\/p>\n<p>Els men\u00fas de la nostra escola s&#8217;elaboren a la cuina del centre i es programen amb la supervisi\u00f3 d&#8217;un equip de dietistes i nutricionistes. La cuina est\u00e0 gestionada per l&#8217;empresa Focs i Violes, S.L. i ofereix men\u00fas adaptats en casos d&#8217;intoler\u00e0ncies o necessitats espec\u00edfiques, i tamb\u00e9 quan l&#8217;usuari\/\u00e0ria ho demana puntualment. Per a la seva elaboraci\u00f3 es prioritza el producte de temporada i de proximitat. Els men\u00fas es publiquen mensualment i els podeu consultar tant al web com als taulers d&#8217;anuncis de l&#8217;escola.<\/p>\n<p>El servei de menjador es pot utilitzar de manera continuada (fixes), o b\u00e9 de manera espor\u00e0dica. Podeu consultar els preus clicant en la imatge del marge esquerra.<\/p>\n<p>La utilitzaci\u00f3 del servei de menjador escolar suposar\u00e0 l&#8217;acceptaci\u00f3 de les <strong>normes d&#8217;organitzaci\u00f3 i funcionament de menjador.<\/strong><\/p>\n<table class=\" alignleft\" style=\"height: 583px; width: 98.4809%; border-collapse: collapse; background-color: #c4bebe;\">\n<tbody>\n<tr style=\"height: 32px;\">\n<td style=\"width: 23.8213%; height: 96px;\"><a href=\"https:\/\/agora.xtec.cat\/ceiptorreroja\/wp-content\/uploads\/usu1673\/2021\/02\/magenta.png\"><img loading=\"lazy\" decoding=\"async\" class=\"wp-image-4642 aligncenter\" src=\"https:\/\/agora.xtec.cat\/ceiptorreroja\/wp-content\/uploads\/usu1673\/2021\/02\/magenta.png\" alt=\"\" width=\"80\" height=\"80\" srcset=\"https:\/\/agora.xtec.cat\/ceiptorreroja\/wp-content\/uploads\/usu1673\/2021\/02\/magenta.png 512w, https:\/\/agora.xtec.cat\/ceiptorreroja\/wp-content\/uploads\/usu1673\/2021\/02\/magenta-300x300.png 300w, https:\/\/agora.xtec.cat\/ceiptorreroja\/wp-content\/uploads\/usu1673\/2021\/02\/magenta-150x150.png 150w\" sizes=\"auto, (max-width: 80px) 100vw, 80px\" \/><\/a><\/td>\n<td style=\"width: 25.349%; height: 96px;\">\n<ul style=\"list-style-type: circle;\">\n<li><strong><span style=\"color: #333333;\">\u00a0<a href=\"https:\/\/drive.google.com\/file\/d\/1R_NNF45tSVxBl6S_faDhpxb9p83vPsQo\/view?usp=drive_link\" target=\"_blank\" rel=\"noopener\">MEN\u00da GENERAL<\/a><\/span><\/strong><\/li>\n<\/ul>\n<\/td>\n<td style=\"width: 25.2889%; height: 96px;\"><a href=\"https:\/\/agora.xtec.cat\/ceiptorreroja\/wp-content\/uploads\/usu1673\/2021\/02\/rosa.png\"><img loading=\"lazy\" decoding=\"async\" class=\"wp-image-4644 aligncenter\" src=\"https:\/\/agora.xtec.cat\/ceiptorreroja\/wp-content\/uploads\/usu1673\/2021\/02\/rosa.png\" alt=\"\" width=\"80\" height=\"80\" srcset=\"https:\/\/agora.xtec.cat\/ceiptorreroja\/wp-content\/uploads\/usu1673\/2021\/02\/rosa.png 512w, https:\/\/agora.xtec.cat\/ceiptorreroja\/wp-content\/uploads\/usu1673\/2021\/02\/rosa-300x300.png 300w, https:\/\/agora.xtec.cat\/ceiptorreroja\/wp-content\/uploads\/usu1673\/2021\/02\/rosa-150x150.png 150w\" sizes=\"auto, (max-width: 80px) 100vw, 80px\" \/><\/a><\/td>\n<td style=\"width: 63.273%; height: 96px;\">\n<ul style=\"list-style-type: circle;\">\n<li><strong><span style=\"color: #333333;\"><a style=\"color: #333333;\" href=\"https:\/\/drive.google.com\/file\/d\/1abPKx6H_wUY0h4QS6DpV6HKOHwcZy4BN\/view?usp=drive_link\" target=\"_blank\" rel=\"noopener\">\u00a0SENSE SOJA<\/a><\/span><\/strong><\/li>\n<\/ul>\n<\/td>\n<\/tr>\n<tr style=\"height: 32px;\">\n<td style=\"width: 23.8213%; height: 96px;\"><a href=\"https:\/\/agora.xtec.cat\/ceiptorreroja\/wp-content\/uploads\/usu1673\/2021\/02\/carbassa.png\"><img loading=\"lazy\" decoding=\"async\" class=\"wp-image-4641 aligncenter\" src=\"https:\/\/agora.xtec.cat\/ceiptorreroja\/wp-content\/uploads\/usu1673\/2021\/02\/carbassa.png\" alt=\"\" width=\"80\" height=\"80\" srcset=\"https:\/\/agora.xtec.cat\/ceiptorreroja\/wp-content\/uploads\/usu1673\/2021\/02\/carbassa.png 512w, https:\/\/agora.xtec.cat\/ceiptorreroja\/wp-content\/uploads\/usu1673\/2021\/02\/carbassa-300x300.png 300w, https:\/\/agora.xtec.cat\/ceiptorreroja\/wp-content\/uploads\/usu1673\/2021\/02\/carbassa-150x150.png 150w\" sizes=\"auto, (max-width: 80px) 100vw, 80px\" \/><\/a><\/td>\n<td style=\"width: 25.349%; height: 96px;\">\n<ul style=\"list-style-type: circle;\">\n<li><strong><span style=\"color: #333333;\"><a style=\"color: #333333;\" href=\"https:\/\/drive.google.com\/file\/d\/1nmyE83wa9aidylsvaepXxlbvDIydxyVQ\/view?usp=drive_link\" target=\"_blank\" rel=\"noopener\">SENSE PROCESSATS<\/a><\/span><\/strong><\/li>\n<\/ul>\n<\/td>\n<td style=\"width: 25.2889%; height: 96px;\"><a href=\"https:\/\/agora.xtec.cat\/ceiptorreroja\/wp-content\/uploads\/usu1673\/2021\/02\/violeta.png\"><img loading=\"lazy\" decoding=\"async\" class=\"wp-image-4645 aligncenter\" src=\"https:\/\/agora.xtec.cat\/ceiptorreroja\/wp-content\/uploads\/usu1673\/2021\/02\/violeta.png\" alt=\"\" width=\"80\" height=\"80\" srcset=\"https:\/\/agora.xtec.cat\/ceiptorreroja\/wp-content\/uploads\/usu1673\/2021\/02\/violeta.png 512w, https:\/\/agora.xtec.cat\/ceiptorreroja\/wp-content\/uploads\/usu1673\/2021\/02\/violeta-300x300.png 300w, https:\/\/agora.xtec.cat\/ceiptorreroja\/wp-content\/uploads\/usu1673\/2021\/02\/violeta-150x150.png 150w\" sizes=\"auto, (max-width: 80px) 100vw, 80px\" \/><\/a><\/td>\n<td style=\"width: 63.273%; height: 96px;\">\n<ul style=\"list-style-type: circle;\">\n<li><strong><span style=\"color: #333333;\"><a style=\"font-family: inherit; font-size: 1em; color: #333333;\" href=\"https:\/\/drive.google.com\/file\/d\/1MYtU7fLdklDvMV-gqUGkdx2wcFYJWTtT\/view?usp=drive_link\" target=\"_blank\" rel=\"noopener\">SENSE PORC<\/a><\/span><\/strong><\/li>\n<\/ul>\n<\/td>\n<\/tr>\n<tr style=\"height: 32px;\">\n<td style=\"width: 23.8213%; height: 96px;\"><a href=\"https:\/\/agora.xtec.cat\/ceiptorreroja\/wp-content\/uploads\/usu1673\/2021\/02\/taronja.png\"><img loading=\"lazy\" decoding=\"async\" class=\"wp-image-4640 aligncenter\" src=\"https:\/\/agora.xtec.cat\/ceiptorreroja\/wp-content\/uploads\/usu1673\/2021\/02\/taronja.png\" alt=\"\" width=\"80\" height=\"80\" srcset=\"https:\/\/agora.xtec.cat\/ceiptorreroja\/wp-content\/uploads\/usu1673\/2021\/02\/taronja.png 512w, https:\/\/agora.xtec.cat\/ceiptorreroja\/wp-content\/uploads\/usu1673\/2021\/02\/taronja-300x300.png 300w, https:\/\/agora.xtec.cat\/ceiptorreroja\/wp-content\/uploads\/usu1673\/2021\/02\/taronja-150x150.png 150w\" sizes=\"auto, (max-width: 80px) 100vw, 80px\" \/><\/a><\/td>\n<td style=\"width: 25.349%; height: 96px;\">\n<ul style=\"list-style-type: circle;\">\n<li><strong><span style=\"color: #333333;\"><a style=\"color: #333333;\" href=\"https:\/\/drive.google.com\/file\/d\/1zoUOCiv2posaHTgGK5cdt6tb0JtbF_iW\/view?usp=drive_link\" target=\"_blank\" rel=\"noopener\">\u00a0SENSE OU<\/a><\/span><\/strong><\/li>\n<\/ul>\n<\/td>\n<td style=\"width: 25.2889%; height: 96px;\"><a href=\"https:\/\/agora.xtec.cat\/ceiptorreroja\/wp-content\/uploads\/usu1673\/2021\/02\/lila.png\"><img loading=\"lazy\" decoding=\"async\" class=\"wp-image-4646 aligncenter\" src=\"https:\/\/agora.xtec.cat\/ceiptorreroja\/wp-content\/uploads\/usu1673\/2021\/02\/lila.png\" alt=\"\" width=\"80\" height=\"80\" srcset=\"https:\/\/agora.xtec.cat\/ceiptorreroja\/wp-content\/uploads\/usu1673\/2021\/02\/lila.png 512w, https:\/\/agora.xtec.cat\/ceiptorreroja\/wp-content\/uploads\/usu1673\/2021\/02\/lila-300x300.png 300w, https:\/\/agora.xtec.cat\/ceiptorreroja\/wp-content\/uploads\/usu1673\/2021\/02\/lila-150x150.png 150w\" sizes=\"auto, (max-width: 80px) 100vw, 80px\" \/><\/a><\/td>\n<td style=\"width: 63.273%; height: 96px;\">\n<ul style=\"list-style-type: circle;\">\n<li><strong><span style=\"color: #333333;\"><a style=\"color: #333333;\" href=\"https:\/\/drive.google.com\/file\/d\/1QAipjao1WbcqFisAy6CsTHcZrirGXHDK\/view?usp=drive_link\" target=\"_blank\" rel=\"noopener\">\u00a0SENSE LACTOSA<\/a><\/span><\/strong><\/li>\n<\/ul>\n<\/td>\n<\/tr>\n<tr style=\"height: 32px;\">\n<td style=\"width: 23.8213%; height: 96px;\"><a href=\"https:\/\/agora.xtec.cat\/ceiptorreroja\/wp-content\/uploads\/usu1673\/2021\/02\/groc.png\"><img loading=\"lazy\" decoding=\"async\" class=\"aligncenter wp-image-4639\" src=\"https:\/\/agora.xtec.cat\/ceiptorreroja\/wp-content\/uploads\/usu1673\/2021\/02\/groc.png\" alt=\"\" width=\"80\" height=\"80\" srcset=\"https:\/\/agora.xtec.cat\/ceiptorreroja\/wp-content\/uploads\/usu1673\/2021\/02\/groc.png 512w, https:\/\/agora.xtec.cat\/ceiptorreroja\/wp-content\/uploads\/usu1673\/2021\/02\/groc-300x300.png 300w, https:\/\/agora.xtec.cat\/ceiptorreroja\/wp-content\/uploads\/usu1673\/2021\/02\/groc-150x150.png 150w\" sizes=\"auto, (max-width: 80px) 100vw, 80px\" \/><\/a><\/td>\n<td style=\"width: 25.349%; height: 96px;\">\n<ul style=\"list-style-type: circle;\">\n<li><strong><span style=\"color: #333333;\"><a style=\"color: #333333;\" href=\"https:\/\/drive.google.com\/file\/d\/1o-w4QPHfKiQpysMqkFzO_yHM0vh9eWF2\/view?usp=drive_link\" target=\"_blank\" rel=\"noopener\">\u00a0SENSE L\u00c0CTICS<\/a><\/span><\/strong><\/li>\n<\/ul>\n<\/td>\n<td style=\"width: 25.2889%; height: 96px;\"><a href=\"https:\/\/agora.xtec.cat\/ceiptorreroja\/wp-content\/uploads\/usu1673\/2021\/02\/blaucel.png\"><img loading=\"lazy\" decoding=\"async\" class=\"wp-image-4647 aligncenter\" src=\"https:\/\/agora.xtec.cat\/ceiptorreroja\/wp-content\/uploads\/usu1673\/2021\/02\/blaucel.png\" alt=\"\" width=\"80\" height=\"80\" srcset=\"https:\/\/agora.xtec.cat\/ceiptorreroja\/wp-content\/uploads\/usu1673\/2021\/02\/blaucel.png 512w, https:\/\/agora.xtec.cat\/ceiptorreroja\/wp-content\/uploads\/usu1673\/2021\/02\/blaucel-300x300.png 300w, https:\/\/agora.xtec.cat\/ceiptorreroja\/wp-content\/uploads\/usu1673\/2021\/02\/blaucel-150x150.png 150w\" sizes=\"auto, (max-width: 80px) 100vw, 80px\" \/><\/a><\/td>\n<td style=\"width: 63.273%; height: 96px;\">\n<ul style=\"list-style-type: circle;\">\n<li><strong><span style=\"color: #333333;\"><a style=\"color: #333333;\" href=\"https:\/\/drive.google.com\/file\/d\/1l1mmHg4oXeLK500RxZe6m76gGyiaamJ_\/view?usp=drive_link\" target=\"_blank\" rel=\"noopener\">\u00a0SENSE GLUTEN<\/a><\/span><\/strong><\/li>\n<\/ul>\n<\/td>\n<\/tr>\n<tr style=\"height: 32px;\">\n<td style=\"width: 23.8213%; height: 103px;\"><a href=\"https:\/\/agora.xtec.cat\/ceiptorreroja\/wp-content\/uploads\/usu1673\/2021\/02\/verd-1.png\"><img loading=\"lazy\" decoding=\"async\" class=\"aligncenter wp-image-4648\" src=\"https:\/\/agora.xtec.cat\/ceiptorreroja\/wp-content\/uploads\/usu1673\/2021\/02\/verd-1.png\" alt=\"\" width=\"80\" height=\"80\" srcset=\"https:\/\/agora.xtec.cat\/ceiptorreroja\/wp-content\/uploads\/usu1673\/2021\/02\/verd-1.png 512w, https:\/\/agora.xtec.cat\/ceiptorreroja\/wp-content\/uploads\/usu1673\/2021\/02\/verd-1-300x300.png 300w, https:\/\/agora.xtec.cat\/ceiptorreroja\/wp-content\/uploads\/usu1673\/2021\/02\/verd-1-150x150.png 150w\" sizes=\"auto, (max-width: 80px) 100vw, 80px\" \/><\/a><\/td>\n<td style=\"width: 25.349%; height: 103px;\">\n<ul style=\"list-style-type: circle;\">\n<li><strong><span style=\"color: #333333;\"><a style=\"color: #333333;\" href=\"https:\/\/drive.google.com\/file\/d\/1cazzyP2S_D75OH9LFkmnocnt3DqpnGCK\/view?usp=drive_link\" target=\"_blank\" rel=\"noopener\">SENSE FRUITS SECS<\/a><\/span><\/strong><\/li>\n<\/ul>\n<\/td>\n<td style=\"width: 25.2889%; height: 103px;\"><a href=\"https:\/\/agora.xtec.cat\/ceiptorreroja\/wp-content\/uploads\/usu1673\/2021\/02\/blau.png\"><img loading=\"lazy\" decoding=\"async\" class=\"wp-image-4649 aligncenter\" src=\"https:\/\/agora.xtec.cat\/ceiptorreroja\/wp-content\/uploads\/usu1673\/2021\/02\/blau.png\" alt=\"\" width=\"80\" height=\"80\" srcset=\"https:\/\/agora.xtec.cat\/ceiptorreroja\/wp-content\/uploads\/usu1673\/2021\/02\/blau.png 512w, https:\/\/agora.xtec.cat\/ceiptorreroja\/wp-content\/uploads\/usu1673\/2021\/02\/blau-300x300.png 300w, https:\/\/agora.xtec.cat\/ceiptorreroja\/wp-content\/uploads\/usu1673\/2021\/02\/blau-150x150.png 150w\" sizes=\"auto, (max-width: 80px) 100vw, 80px\" \/><\/a><\/td>\n<td style=\"width: 63.273%; height: 103px;\">\n<ul style=\"list-style-type: circle;\">\n<li><strong><span style=\"color: #333333;\"><a style=\"color: #333333;\" href=\"https:\/\/drive.google.com\/file\/d\/1Jbe1Jv4ITeg65F4h7WCnPsWV0H7Gzqsh\/view?usp=drive_link\" target=\"_blank\" rel=\"noopener\">SENSE CARN<\/a><\/span><\/strong><\/li>\n<\/ul>\n<\/td>\n<\/tr>\n<tr style=\"height: 32px;\">\n<td style=\"width: 23.8213%; height: 96px;\"><a href=\"https:\/\/agora.xtec.cat\/ceiptorreroja\/wp-content\/uploads\/usu1673\/2021\/02\/verd.png\"><img loading=\"lazy\" decoding=\"async\" class=\"aligncenter wp-image-4643\" src=\"https:\/\/agora.xtec.cat\/ceiptorreroja\/wp-content\/uploads\/usu1673\/2021\/02\/verd.png\" alt=\"\" width=\"80\" height=\"80\" srcset=\"https:\/\/agora.xtec.cat\/ceiptorreroja\/wp-content\/uploads\/usu1673\/2021\/02\/verd.png 512w, https:\/\/agora.xtec.cat\/ceiptorreroja\/wp-content\/uploads\/usu1673\/2021\/02\/verd-300x300.png 300w, https:\/\/agora.xtec.cat\/ceiptorreroja\/wp-content\/uploads\/usu1673\/2021\/02\/verd-150x150.png 150w\" sizes=\"auto, (max-width: 80px) 100vw, 80px\" \/><\/a><\/td>\n<td style=\"width: 25.349%; height: 96px;\">\n<ul style=\"list-style-type: circle;\">\n<li><strong><span style=\"color: #333333;\"><a style=\"color: #333333;\" href=\"https:\/\/drive.google.com\/file\/d\/1xipuFvOTNzP9gdtmPdOlK3DHI_d-0UkM\/view?usp=drive_link\" target=\"_blank\" rel=\"noopener\">\u00a0OVOLACTEOVEGETARI\u00c0<\/a><\/span><\/strong><\/li>\n<\/ul>\n<\/td>\n<td style=\"width: 25.2889%; height: 96px;\"><a href=\"https:\/\/agora.xtec.cat\/ceiptorreroja\/wp-content\/uploads\/usu1673\/2021\/02\/Menjador-sopars2.jpg\"><img loading=\"lazy\" decoding=\"async\" class=\"wp-image-4703 aligncenter\" src=\"https:\/\/agora.xtec.cat\/ceiptorreroja\/wp-content\/uploads\/usu1673\/2021\/02\/Menjador-sopars2.jpg\" alt=\"\" width=\"84\" height=\"84\" srcset=\"https:\/\/agora.xtec.cat\/ceiptorreroja\/wp-content\/uploads\/usu1673\/2021\/02\/Menjador-sopars2.jpg 154w, https:\/\/agora.xtec.cat\/ceiptorreroja\/wp-content\/uploads\/usu1673\/2021\/02\/Menjador-sopars2-150x150.jpg 150w\" sizes=\"auto, (max-width: 84px) 100vw, 84px\" \/><\/a><\/td>\n<td style=\"width: 63.273%; height: 96px;\">\n<ul style=\"list-style-type: circle;\">\n<li><strong><span style=\"color: #333333;\"><a style=\"color: #333333;\" href=\"https:\/\/drive.google.com\/file\/d\/1usgBf1aX2FM2ezYfpOYNpgP_7t2mITgc\/view?usp=drive_link\" target=\"_blank\" rel=\"noopener\">\u00a0PROPOSTA SOPARS<\/a><\/span><\/strong><\/li>\n<\/ul>\n<\/td>\n<\/tr>\n<\/tbody>\n<\/table>\n<p><a href=\"https:\/\/agora.xtec.cat\/ceiptorreroja\/serveis\/menjador-escolar\/attachment\/4403289\/\" rel=\"attachment wp-att-5317\"><img loading=\"lazy\" decoding=\"async\" class=\" wp-image-5317 alignleft\" src=\"https:\/\/agora.xtec.cat\/ceiptorreroja\/wp-content\/uploads\/usu1673\/2025\/09\/4403289-300x300.png\" alt=\"\" width=\"179\" height=\"179\" srcset=\"https:\/\/agora.xtec.cat\/ceiptorreroja\/wp-content\/uploads\/usu1673\/2025\/09\/4403289-300x300.png 300w, https:\/\/agora.xtec.cat\/ceiptorreroja\/wp-content\/uploads\/usu1673\/2025\/09\/4403289-150x150.png 150w, https:\/\/agora.xtec.cat\/ceiptorreroja\/wp-content\/uploads\/usu1673\/2025\/09\/4403289.png 512w\" sizes=\"auto, (max-width: 179px) 100vw, 179px\" \/><\/a><\/p>\n<p>Per a qualsevol consulta, comunicaci\u00f3 d&#8217;abs\u00e8ncies, adaptaci\u00f3 del men\u00fa, etc., podeu posar-vos en contacte directament amb la coordinadora.<\/p>\n<p><strong>Coordinadora menjador:<\/strong>\u00a0Neus Arqu\u00e9<\/p>\n<p><strong>Secretaria:<\/strong>\u00a0Yolanda Orri<\/p>\n<p><strong>Tel\u00e8fon contacte:<\/strong>\u00a093 845 24 70 (opci\u00f3 2)<\/p>\n<p><a href=\"https:\/\/agora.xtec.cat\/ceiptorreroja\/wp-content\/uploads\/usu1673\/2018\/07\/Menjador1.png\"><img loading=\"lazy\" decoding=\"async\" class=\"alignnone wp-image-590\" src=\"https:\/\/agora.xtec.cat\/ceiptorreroja\/wp-content\/uploads\/usu1673\/2018\/07\/Menjador1.png\" alt=\"\" width=\"322\" height=\"214\" srcset=\"https:\/\/agora.xtec.cat\/ceiptorreroja\/wp-content\/uploads\/usu1673\/2018\/07\/Menjador1.png 452w, https:\/\/agora.xtec.cat\/ceiptorreroja\/wp-content\/uploads\/usu1673\/2018\/07\/Menjador1-300x199.png 300w\" sizes=\"auto, (max-width: 322px) 100vw, 322px\" \/><\/a> \u00a0<a href=\"https:\/\/agora.xtec.cat\/ceiptorreroja\/wp-content\/uploads\/usu1673\/2021\/11\/image00008retallat2-scaled.jpg\"><img loading=\"lazy\" decoding=\"async\" class=\"alignnone wp-image-3082\" src=\"https:\/\/agora.xtec.cat\/ceiptorreroja\/wp-content\/uploads\/usu1673\/2021\/11\/image00008retallat2-scaled.jpg\" alt=\"\" width=\"352\" height=\"211\" srcset=\"https:\/\/agora.xtec.cat\/ceiptorreroja\/wp-content\/uploads\/usu1673\/2021\/11\/image00008retallat2-scaled.jpg 2560w, https:\/\/agora.xtec.cat\/ceiptorreroja\/wp-content\/uploads\/usu1673\/2021\/11\/image00008retallat2-300x180.jpg 300w, https:\/\/agora.xtec.cat\/ceiptorreroja\/wp-content\/uploads\/usu1673\/2021\/11\/image00008retallat2-1024x613.jpg 1024w, https:\/\/agora.xtec.cat\/ceiptorreroja\/wp-content\/uploads\/usu1673\/2021\/11\/image00008retallat2-768x460.jpg 768w, https:\/\/agora.xtec.cat\/ceiptorreroja\/wp-content\/uploads\/usu1673\/2021\/11\/image00008retallat2-1536x920.jpg 1536w, https:\/\/agora.xtec.cat\/ceiptorreroja\/wp-content\/uploads\/usu1673\/2021\/11\/image00008retallat2-2048x1227.jpg 2048w\" sizes=\"auto, (max-width: 352px) 100vw, 352px\" \/><\/a> \u00a0<a href=\"https:\/\/agora.xtec.cat\/ceiptorreroja\/wp-content\/uploads\/usu1673\/2021\/11\/image00003retallada-scaled.jpg\"><img loading=\"lazy\" decoding=\"async\" class=\"alignnone wp-image-3084\" src=\"https:\/\/agora.xtec.cat\/ceiptorreroja\/wp-content\/uploads\/usu1673\/2021\/11\/image00003retallada-scaled.jpg\" alt=\"\" width=\"302\" height=\"210\" srcset=\"https:\/\/agora.xtec.cat\/ceiptorreroja\/wp-content\/uploads\/usu1673\/2021\/11\/image00003retallada-scaled.jpg 2560w, https:\/\/agora.xtec.cat\/ceiptorreroja\/wp-content\/uploads\/usu1673\/2021\/11\/image00003retallada-300x208.jpg 300w, https:\/\/agora.xtec.cat\/ceiptorreroja\/wp-content\/uploads\/usu1673\/2021\/11\/image00003retallada-1024x710.jpg 1024w, https:\/\/agora.xtec.cat\/ceiptorreroja\/wp-content\/uploads\/usu1673\/2021\/11\/image00003retallada-768x533.jpg 768w, https:\/\/agora.xtec.cat\/ceiptorreroja\/wp-content\/uploads\/usu1673\/2021\/11\/image00003retallada-1536x1066.jpg 1536w, https:\/\/agora.xtec.cat\/ceiptorreroja\/wp-content\/uploads\/usu1673\/2021\/11\/image00003retallada-2048x1421.jpg 2048w\" sizes=\"auto, (max-width: 302px) 100vw, 302px\" \/><\/a><\/p>\n<p>\u26a0<strong>Els dies que els alumnes van d\u2019excursi\u00f3 no hi haur\u00e0 servei.<\/strong> Adjuntem una publicaci\u00f3 que us pot ajudar a l\u2019hora de preparar el p\u00edcnic del vostre fill\/a.<\/p>\n<p><a href=\"https:\/\/drive.google.com\/file\/d\/1rkSPCfUHZd2Qw1w46-bGnF2DuMGDP0_h\/view?usp=sharing\" target=\"_blank\" rel=\"noopener\"><img loading=\"lazy\" decoding=\"async\" class=\"wp-image-2801 size-full aligncenter\" src=\"https:\/\/agora.xtec.cat\/ceiptorreroja\/wp-content\/uploads\/usu1673\/2021\/11\/Boto-excursions-menjador-1.png\" alt=\"\" width=\"300\" height=\"170\" \/><\/a><\/p>\n","protected":false},"excerpt":{"rendered":"<p>L\u2019escola ofereix a tots els alumnes del centre el servei de menjador. El menjador \u00e9s un servei que, a m\u00e9s de l&#8217;alimentaci\u00f3, ha de possibilitar l&#8217;adquisici\u00f3 d&#8217;h\u00e0bits personals i socials.<br \/>\nEls men\u00fas de la nostra escola s&#8217;elaboren a la cuina del centre i es programen amb&hellip;  <a href=\"https:\/\/agora.xtec.cat\/ceiptorreroja\/serveis\/menjador-escolar\/\" title=\"Read Menjador escolar\">Llegeix m\u00e9s\u00bb<\/a><\/p>\n","protected":false},"author":1,"featured_media":0,"parent":66,"menu_order":1,"comment_status":"closed","ping_status":"closed","template":"","meta":{"_bbp_topic_count":0,"_bbp_reply_count":0,"_bbp_total_topic_count":0,"_bbp_total_reply_count":0,"_bbp_voice_count":0,"_bbp_anonymous_reply_count":0,"_bbp_topic_count_hidden":0,"_bbp_reply_count_hidden":0,"_bbp_forum_subforum_count":0,"footnotes":""},"class_list":["post-2794","page","type-page","status-publish","hentry"],"post_mailing_queue_ids":[],"_links":{"self":[{"href":"https:\/\/agora.xtec.cat\/ceiptorreroja\/wp-json\/wp\/v2\/pages\/2794","targetHints":{"allow":["GET"]}}],"collection":[{"href":"https:\/\/agora.xtec.cat\/ceiptorreroja\/wp-json\/wp\/v2\/pages"}],"about":[{"href":"https:\/\/agora.xtec.cat\/ceiptorreroja\/wp-json\/wp\/v2\/types\/page"}],"author":[{"embeddable":true,"href":"https:\/\/agora.xtec.cat\/ceiptorreroja\/wp-json\/wp\/v2\/users\/1"}],"replies":[{"embeddable":true,"href":"https:\/\/agora.xtec.cat\/ceiptorreroja\/wp-json\/wp\/v2\/comments?post=2794"}],"version-history":[{"count":6,"href":"https:\/\/agora.xtec.cat\/ceiptorreroja\/wp-json\/wp\/v2\/pages\/2794\/revisions"}],"predecessor-version":[{"id":5598,"href":"https:\/\/agora.xtec.cat\/ceiptorreroja\/wp-json\/wp\/v2\/pages\/2794\/revisions\/5598"}],"up":[{"embeddable":true,"href":"https:\/\/agora.xtec.cat\/ceiptorreroja\/wp-json\/wp\/v2\/pages\/66"}],"wp:attachment":[{"href":"https:\/\/agora.xtec.cat\/ceiptorreroja\/wp-json\/wp\/v2\/media?parent=2794"}],"curies":[{"name":"wp","href":"https:\/\/api.w.org\/{rel}","templated":true}]}}