{"id":2605,"date":"2021-04-16T13:08:31","date_gmt":"2021-04-16T11:08:31","guid":{"rendered":"http:\/\/agora.xtec.cat\/ceiptorreroja\/?page_id=2605"},"modified":"2022-05-16T14:19:12","modified_gmt":"2022-05-16T12:19:12","slug":"pressupost","status":"publish","type":"page","link":"https:\/\/agora.xtec.cat\/ceiptorreroja\/documentacio-dorganitzacio-del-centre\/pressupost\/","title":{"rendered":"Gesti\u00f3 econ\u00f2mica"},"content":{"rendered":"<p>El <em>pressupost<\/em> es pot definir com el document que recull de manera sistem\u00e0tica i quantificada totes les despeses que una entitat preveu de fer en un per\u00edode temporal determinat, juntament amb la previsi\u00f3 dels ingressos que ha d\u2019obtenir per finan\u00e7ar-les.<\/p>\n<p style=\"text-align: left;\"><strong><span style=\"text-decoration: underline;\">Pressupost 2022<\/span><\/strong><\/p>\n<ul>\n<li><a href=\"https:\/\/drive.google.com\/file\/d\/1rM3aU1dcGSCcnqZYmubpdwONAXU1kM0O\/view?usp=sharing\" target=\"_blank\" rel=\"noopener\">Pressupost <strong>general <\/strong>exercici 2022<\/a> (Ingressos i despeses) &#8211; Acc\u00e9s\u00a0document de l\u2019aplicatiu Esfera (Gesti\u00f3 Econ\u00f2mica)<\/li>\n<li><a href=\"https:\/\/drive.google.com\/file\/d\/1CbJm2OTey4n70m6uKuA24r24xzJ3hnBI\/view?usp=sharing\" target=\"_blank\" rel=\"noopener\">Pressupost <strong>menjador<\/strong> exercici 2022<\/a> (Ingressos i despeses) &#8211; Acc\u00e9s document de l\u2019aplicatiu Esfera (Gesti\u00f3 Econ\u00f2mica)<\/li>\n<\/ul>\n<p style=\"text-align: left;\"><strong><span style=\"text-decoration: underline;\">Liquidaci\u00f3 pressupost 2021<\/span><\/strong><\/p>\n<ul>\n<li><a href=\"https:\/\/drive.google.com\/file\/d\/1-86BkUjcJ_TjC1CRqMsc0EhakNgf5tOI\/view?usp=sharing\" target=\"_blank\" rel=\"noopener\">Liquidaci\u00f3 de pressupost <strong>general<\/strong> exercici 2021<\/a> &#8211; Acc\u00e9s document de l\u2019aplicatiu Esfera (Gesti\u00f3 Econ\u00f2mica)<\/li>\n<li><a href=\"https:\/\/drive.google.com\/file\/d\/1MBNC1KjQl6iWsosFCuOBi9RrKgNvO4kA\/view?usp=sharing\" target=\"_blank\" rel=\"noopener\">Liquidaci\u00f3 de pressupost <strong>menjador<\/strong> exercici 2021<\/a> &#8211; Acc\u00e9s document de l\u2019aplicatiu Esfera (Gesti\u00f3 Econ\u00f2mica)<\/li>\n<\/ul>\n<p><strong><span style=\"text-decoration: underline;\">Pressupost 2021<\/span><\/strong><\/p>\n<ul>\n<li><a href=\"https:\/\/drive.google.com\/file\/d\/1cOdmJCasWWb8NnA1r4YL5IegV-3no6rw\/view?usp=sharing\" target=\"_blank\" rel=\"noopener\">Pressupost <strong>general<\/strong> exercici 2021<\/a><\/li>\n<li><a href=\"https:\/\/drive.google.com\/file\/d\/11bcKQRZ_O4xmtNzWWr8W0HSWPHA7HkAH\/view?usp=sharing\" target=\"_blank\" rel=\"noopener\">Pressupost <strong>menjador<\/strong> exercici 2021<\/a><\/li>\n<\/ul>\n<p>&nbsp;<\/p>\n","protected":false},"excerpt":{"rendered":"<p>El pressupost es pot definir com el document que recull de manera sistem\u00e0tica i quantificada totes les despeses que una entitat preveu de fer en un per\u00edode temporal determinat, juntament amb la previsi\u00f3 dels ingressos que ha d\u2019obtenir per finan\u00e7ar-les.<br \/>\nPressupost 2022<\/p>\n<ul>\n<li><a href=\"https:\/\/drive.google.com\/file\/d\/1rM3aU1dcGSCcnqZYmubpdwONAXU1kM0O\/view?usp=sharing\" target=\"_blank\" rel=\"noopener\">Pressupost general&hellip;  <a href=\"https:\/\/agora.xtec.cat\/ceiptorreroja\/documentacio-dorganitzacio-del-centre\/pressupost\/\" title=\"Read Gesti\u00f3 econ\u00f2mica\">Llegeix m\u00e9s\u00bb<\/a><br \/>\n","protected":false},"author":1,"featured_media":0,"parent":643,"menu_order":120,"comment_status":"closed","ping_status":"closed","template":"page-templates\/side-menu.php","meta":{"_bbp_topic_count":0,"_bbp_reply_count":0,"_bbp_total_topic_count":0,"_bbp_total_reply_count":0,"_bbp_voice_count":0,"_bbp_anonymous_reply_count":0,"_bbp_topic_count_hidden":0,"_bbp_reply_count_hidden":0,"_bbp_forum_subforum_count":0,"footnotes":""},"class_list":["post-2605","page","type-page","status-publish","hentry"],"post_mailing_queue_ids":[],"_links":{"self":[{"href":"https:\/\/agora.xtec.cat\/ceiptorreroja\/wp-json\/wp\/v2\/pages\/2605","targetHints":{"allow":["GET"]}}],"collection":[{"href":"https:\/\/agora.xtec.cat\/ceiptorreroja\/wp-json\/wp\/v2\/pages"}],"about":[{"href":"https:\/\/agora.xtec.cat\/ceiptorreroja\/wp-json\/wp\/v2\/types\/page"}],"author":[{"embeddable":true,"href":"https:\/\/agora.xtec.cat\/ceiptorreroja\/wp-json\/wp\/v2\/users\/1"}],"replies":[{"embeddable":true,"href":"https:\/\/agora.xtec.cat\/ceiptorreroja\/wp-json\/wp\/v2\/comments?post=2605"}],"version-history":[{"count":3,"href":"https:\/\/agora.xtec.cat\/ceiptorreroja\/wp-json\/wp\/v2\/pages\/2605\/revisions"}],"predecessor-version":[{"id":4017,"href":"https:\/\/agora.xtec.cat\/ceiptorreroja\/wp-json\/wp\/v2\/pages\/2605\/revisions\/4017"}],"up":[{"embeddable":true,"href":"https:\/\/agora.xtec.cat\/ceiptorreroja\/wp-json\/wp\/v2\/pages\/643"}],"wp:attachment":[{"href":"https:\/\/agora.xtec.cat\/ceiptorreroja\/wp-json\/wp\/v2\/media?parent=2605"}],"curies":[{"name":"wp","href":"https:\/\/api.w.org\/{rel}","templated":true}]}}