{"id":2396,"date":"2021-01-18T11:22:19","date_gmt":"2021-01-18T10:22:19","guid":{"rendered":"http:\/\/agora.xtec.cat\/ceiptorreroja\/?page_id=2396"},"modified":"2025-10-09T11:41:43","modified_gmt":"2025-10-09T09:41:43","slug":"bates-i-xandalls","status":"publish","type":"page","link":"https:\/\/agora.xtec.cat\/ceiptorreroja\/serveis\/bates-i-xandalls\/","title":{"rendered":"Venda de bates i xandalls"},"content":{"rendered":"<h5><a href=\"https:\/\/drive.google.com\/file\/d\/1vKmhlnydW-QyeZWT7jxBOKK3l57Xqxi6\/view?usp=drive_link\"><strong><img loading=\"lazy\" decoding=\"async\" class=\" wp-image-5326 alignleft\" src=\"https:\/\/agora.xtec.cat\/ceiptorreroja\/wp-content\/uploads\/usu1673\/2025\/10\/Captura-264x300.jpg\" alt=\"\" width=\"206\" height=\"234\" srcset=\"https:\/\/agora.xtec.cat\/ceiptorreroja\/wp-content\/uploads\/usu1673\/2025\/10\/Captura-264x300.jpg 264w, https:\/\/agora.xtec.cat\/ceiptorreroja\/wp-content\/uploads\/usu1673\/2025\/10\/Captura.jpg 339w\" sizes=\"auto, (max-width: 206px) 100vw, 206px\" \/><\/strong><\/a><\/h5>\n<p>&nbsp;<\/p>\n<p>&nbsp;<\/p>\n<h6>L&#8217;AFA posa a disposici\u00f3 de les fam\u00edlies l&#8217;adquisici\u00f3 de les bates i els xandalls de l&#8217;escola.<\/h6>\n<p>&nbsp;<\/p>\n<h5><a href=\"https:\/\/drive.google.com\/file\/d\/1vKmhlnydW-QyeZWT7jxBOKK3l57Xqxi6\/view?usp=drive_link\">Aqu\u00ed en podeu consultar els <strong>PREUS.<\/strong><\/a><\/h5>\n<p>&nbsp;<\/p>\n<p>&nbsp;<\/p>\n","protected":false},"excerpt":{"rendered":"<p><a href=\"https:\/\/drive.google.com\/file\/d\/1vKmhlnydW-QyeZWT7jxBOKK3l57Xqxi6\/view?usp=drive_link\"><\/a><br \/>\n&nbsp;<br \/>\n&nbsp;<br \/>\nL&#8217;AFA posa a disposici\u00f3 de les fam\u00edlies l&#8217;adquisici\u00f3 de les bates i els xandalls de l&#8217;escola.<br \/>\n&nbsp;<br \/>\n<a href=\"https:\/\/drive.google.com\/file\/d\/1vKmhlnydW-QyeZWT7jxBOKK3l57Xqxi6\/view?usp=drive_link\">Aqu\u00ed en podeu consultar els PREUS.<\/a><br \/>\n&nbsp;<br \/>\n&nbsp;<\/p>\n","protected":false},"author":1,"featured_media":0,"parent":66,"menu_order":8,"comment_status":"closed","ping_status":"closed","template":"page-templates\/side-menu.php","meta":{"_bbp_topic_count":0,"_bbp_reply_count":0,"_bbp_total_topic_count":0,"_bbp_total_reply_count":0,"_bbp_voice_count":0,"_bbp_anonymous_reply_count":0,"_bbp_topic_count_hidden":0,"_bbp_reply_count_hidden":0,"_bbp_forum_subforum_count":0,"footnotes":""},"class_list":["post-2396","page","type-page","status-publish","hentry"],"post_mailing_queue_ids":[],"_links":{"self":[{"href":"https:\/\/agora.xtec.cat\/ceiptorreroja\/wp-json\/wp\/v2\/pages\/2396","targetHints":{"allow":["GET"]}}],"collection":[{"href":"https:\/\/agora.xtec.cat\/ceiptorreroja\/wp-json\/wp\/v2\/pages"}],"about":[{"href":"https:\/\/agora.xtec.cat\/ceiptorreroja\/wp-json\/wp\/v2\/types\/page"}],"author":[{"embeddable":true,"href":"https:\/\/agora.xtec.cat\/ceiptorreroja\/wp-json\/wp\/v2\/users\/1"}],"replies":[{"embeddable":true,"href":"https:\/\/agora.xtec.cat\/ceiptorreroja\/wp-json\/wp\/v2\/comments?post=2396"}],"version-history":[{"count":7,"href":"https:\/\/agora.xtec.cat\/ceiptorreroja\/wp-json\/wp\/v2\/pages\/2396\/revisions"}],"predecessor-version":[{"id":5331,"href":"https:\/\/agora.xtec.cat\/ceiptorreroja\/wp-json\/wp\/v2\/pages\/2396\/revisions\/5331"}],"up":[{"embeddable":true,"href":"https:\/\/agora.xtec.cat\/ceiptorreroja\/wp-json\/wp\/v2\/pages\/66"}],"wp:attachment":[{"href":"https:\/\/agora.xtec.cat\/ceiptorreroja\/wp-json\/wp\/v2\/media?parent=2396"}],"curies":[{"name":"wp","href":"https:\/\/api.w.org\/{rel}","templated":true}]}}