{"id":2227,"date":"2020-07-09T11:56:30","date_gmt":"2020-07-09T09:56:30","guid":{"rendered":"http:\/\/agora.xtec.cat\/ceiptorreroja\/?page_id=2227"},"modified":"2020-07-09T12:07:56","modified_gmt":"2020-07-09T10:07:56","slug":"angles-ei","status":"publish","type":"page","link":"https:\/\/agora.xtec.cat\/ceiptorreroja\/el-rebost\/angles\/angles-ei\/","title":{"rendered":"Angl\u00e8s &#8211; EI"},"content":{"rendered":"<hr \/>\n<p><a href=\"..\"><img loading=\"lazy\" decoding=\"async\" class=\"wp-image-1645 aligncenter\" src=\"https:\/\/agora.xtec.cat\/ceiptorreroja\/wp-content\/uploads\/usu1673\/2020\/02\/back-arrow_icon-icons.com_72866-150x150.png\" alt=\"\" width=\"100\" height=\"100\" srcset=\"https:\/\/agora.xtec.cat\/ceiptorreroja\/wp-content\/uploads\/usu1673\/2020\/02\/back-arrow_icon-icons.com_72866-150x150.png 150w, https:\/\/agora.xtec.cat\/ceiptorreroja\/wp-content\/uploads\/usu1673\/2020\/02\/back-arrow_icon-icons.com_72866-300x300.png 300w, https:\/\/agora.xtec.cat\/ceiptorreroja\/wp-content\/uploads\/usu1673\/2020\/02\/back-arrow_icon-icons.com_72866.png 512w\" sizes=\"auto, (max-width: 100px) 100vw, 100px\" \/><\/a><\/p>\n<hr \/>\n<h2 style=\"text-align: center;\">Good Morning Song<\/h2>\n<p style=\"text-align: center;\">Can\u00e7\u00f3 del bon dia en angl\u00e8s.<\/p>\n<p style=\"text-align: center;\"><iframe loading=\"lazy\" title=\"Good Morning Song For Children | Learn English Kids\" width=\"500\" height=\"281\" src=\"https:\/\/www.youtube.com\/embed\/U9Q7Y3t4m3g?feature=oembed\" frameborder=\"0\" allow=\"accelerometer; autoplay; clipboard-write; encrypted-media; gyroscope; picture-in-picture; web-share\" referrerpolicy=\"strict-origin-when-cross-origin\" allowfullscreen><\/iframe><\/p>\n<hr \/>\n<h2 style=\"text-align: center;\">Hello Song<\/h2>\n<p style=\"text-align: center;\">Can\u00e7\u00f3 de rutines en angl\u00e8s i expressions b\u00e0siques<\/p>\n<p style=\"text-align: center;\"><iframe loading=\"lazy\" title=\"Hello Song for Kids | Greeting Song for Kids | The Singing Walrus\" width=\"500\" height=\"281\" src=\"https:\/\/www.youtube.com\/embed\/gghDRJVxFxU?feature=oembed\" frameborder=\"0\" allow=\"accelerometer; autoplay; clipboard-write; encrypted-media; gyroscope; picture-in-picture; web-share\" referrerpolicy=\"strict-origin-when-cross-origin\" allowfullscreen><\/iframe><\/p>\n<hr \/>\n<h2 style=\"text-align: center;\">Count and Move<\/h2>\n<p style=\"text-align: center;\">Numeraci\u00f3 en angl\u00e8s<\/p>\n<p style=\"text-align: center;\"><iframe loading=\"lazy\" title=\"Count And Move (HD) | Counting Song for Kids! | Super Simple Songs\" width=\"500\" height=\"281\" src=\"https:\/\/www.youtube.com\/embed\/Aq4UAss33qA?feature=oembed\" frameborder=\"0\" allow=\"accelerometer; autoplay; clipboard-write; encrypted-media; gyroscope; picture-in-picture; web-share\" referrerpolicy=\"strict-origin-when-cross-origin\" allowfullscreen><\/iframe><\/p>\n<hr \/>\n<h2 style=\"text-align: center;\">My face<\/h2>\n<p style=\"text-align: center;\">Vocabulari en angl\u00e8s de les parts de la cara<\/p>\n<p style=\"text-align: center;\"><iframe loading=\"lazy\" title=\"My Face | Talking Flashcards\" width=\"500\" height=\"281\" src=\"https:\/\/www.youtube.com\/embed\/2Hmq74bQP6s?feature=oembed\" frameborder=\"0\" allow=\"accelerometer; autoplay; clipboard-write; encrypted-media; gyroscope; picture-in-picture; web-share\" referrerpolicy=\"strict-origin-when-cross-origin\" allowfullscreen><\/iframe><\/p>\n<hr \/>\n<h2 style=\"text-align: center;\">Learn Fruit Vocabulary<\/h2>\n<p style=\"text-align: center;\">Flashcards amb vocabulari en angl\u00e8s de peces de fruita<\/p>\n<p style=\"text-align: center;\"><iframe loading=\"lazy\" title=\"Learn Fruit Vocabulary | Talking Flashcards\" width=\"500\" height=\"281\" src=\"https:\/\/www.youtube.com\/embed\/zywh6LqC6dg?feature=oembed\" frameborder=\"0\" allow=\"accelerometer; autoplay; clipboard-write; encrypted-media; gyroscope; picture-in-picture; web-share\" referrerpolicy=\"strict-origin-when-cross-origin\" allowfullscreen><\/iframe><\/p>\n<hr \/>\n<h2 style=\"text-align: center;\">Head, Shoulders, Knees and Toes<\/h2>\n<p style=\"text-align: center;\">Can\u00e7\u00f3 que treballa vocabulari del cos en angl\u00e8s<\/p>\n<p style=\"text-align: center;\"><iframe loading=\"lazy\" title=\"Head Shoulders Knees &amp; Toes (Sing It) | Follow Along | Super Simple Songs\" width=\"500\" height=\"281\" src=\"https:\/\/www.youtube.com\/embed\/ZanHgPprl-0?feature=oembed\" frameborder=\"0\" allow=\"accelerometer; autoplay; clipboard-write; encrypted-media; gyroscope; picture-in-picture; web-share\" referrerpolicy=\"strict-origin-when-cross-origin\" allowfullscreen><\/iframe><\/p>\n<hr \/>\n<h2 style=\"text-align: center;\">Letters Song. Listen and Repeat<\/h2>\n<p style=\"text-align: center;\">Recull de can\u00e7ons en angl\u00e8s de les lletres de l&#8217;abecedari.<\/p>\n<p style=\"text-align: center;\"><iframe loading=\"lazy\" title=\"The Letter a Song - Listen &amp; Repeat |  Phonics Song | ESL for Kids | Fun Kids English\" width=\"500\" height=\"281\" src=\"https:\/\/www.youtube.com\/embed\/FQtXNFsE3D0?list=PLDuxenf8jCsTK4TCfqSisYbZ-IRgZa1p5\" frameborder=\"0\" allow=\"accelerometer; autoplay; clipboard-write; encrypted-media; gyroscope; picture-in-picture; web-share\" referrerpolicy=\"strict-origin-when-cross-origin\" allowfullscreen><\/iframe><\/p>\n<hr \/>\n<h2 style=\"text-align: center;\"><a href=\"https:\/\/clic.xtec.cat\/projects\/colours\/jclic.js\/index.html\" target=\"_blank\" rel=\"noopener noreferrer\">Joc dels colors en angl\u00e8s.<\/a><\/h2>\n<p><a href=\"https:\/\/clic.xtec.cat\/projects\/colours\/jclic.js\/index.html\" target=\"_blank\" rel=\"noopener noreferrer\"><img loading=\"lazy\" decoding=\"async\" class=\"aligncenter size-medium wp-image-2232\" src=\"https:\/\/agora.xtec.cat\/ceiptorreroja\/wp-content\/uploads\/usu1673\/2020\/07\/Joc-dels-colors-en-angl\u00e8s-300x188.png\" alt=\"\" width=\"300\" height=\"188\" srcset=\"https:\/\/agora.xtec.cat\/ceiptorreroja\/wp-content\/uploads\/usu1673\/2020\/07\/Joc-dels-colors-en-angl\u00e8s-300x188.png 300w, https:\/\/agora.xtec.cat\/ceiptorreroja\/wp-content\/uploads\/usu1673\/2020\/07\/Joc-dels-colors-en-angl\u00e8s-768x480.png 768w, https:\/\/agora.xtec.cat\/ceiptorreroja\/wp-content\/uploads\/usu1673\/2020\/07\/Joc-dels-colors-en-angl\u00e8s-1024x640.png 1024w, https:\/\/agora.xtec.cat\/ceiptorreroja\/wp-content\/uploads\/usu1673\/2020\/07\/Joc-dels-colors-en-angl\u00e8s.png 1440w\" sizes=\"auto, (max-width: 300px) 100vw, 300px\" \/><\/a><\/p>\n<hr \/>\n<h2 style=\"text-align: center;\">The Very Hungry Caterpillar Story<\/h2>\n<p style=\"text-align: center;\">Conte en angl\u00e8s<\/p>\n<p style=\"text-align: center;\"><iframe loading=\"lazy\" title=\"The Very Hungry Caterpillar - Animated Film\" width=\"500\" height=\"281\" src=\"https:\/\/www.youtube.com\/embed\/75NQK-Sm1YY?feature=oembed\" frameborder=\"0\" allow=\"accelerometer; autoplay; clipboard-write; encrypted-media; gyroscope; picture-in-picture; web-share\" referrerpolicy=\"strict-origin-when-cross-origin\" allowfullscreen><\/iframe><\/p>\n<hr \/>\n<h2 style=\"text-align: center;\">Moviment del cos, ball en angl\u00e8s<\/h2>\n<p style=\"text-align: center;\"><iframe loading=\"lazy\" title=\"Shake Break | Profe Danny |\" width=\"500\" height=\"281\" src=\"https:\/\/www.youtube.com\/embed\/ILcElLS9_gk?feature=oembed\" frameborder=\"0\" allow=\"accelerometer; autoplay; clipboard-write; encrypted-media; gyroscope; picture-in-picture; web-share\" referrerpolicy=\"strict-origin-when-cross-origin\" allowfullscreen><\/iframe><\/p>\n<hr \/>\n<h2 style=\"text-align: center;\">Ball en angl\u00e8s i recordar parts del cos en Angl\u00e8s<\/h2>\n<p style=\"text-align: center;\"><iframe loading=\"lazy\" title=\"Let&#039;s get fit | Profe Danny |\" width=\"500\" height=\"281\" src=\"https:\/\/www.youtube.com\/embed\/x-nNjD2nIvg?feature=oembed\" frameborder=\"0\" allow=\"accelerometer; autoplay; clipboard-write; encrypted-media; gyroscope; picture-in-picture; web-share\" referrerpolicy=\"strict-origin-when-cross-origin\" allowfullscreen><\/iframe><\/p>\n","protected":false},"excerpt":{"rendered":"<p><a href=\"..\"><\/a><\/p>\n<p>Good Morning Song<br \/>\nCan\u00e7\u00f3 del bon dia en angl\u00e8s.<\/p>\n<p>Hello Song<br \/>\nCan\u00e7\u00f3 de rutines en angl\u00e8s i expressions b\u00e0siques<\/p>\n<p>Count and Move<br \/>\nNumeraci\u00f3 en angl\u00e8s<\/p>\n<p>My face<br \/>\nVocabulari en angl\u00e8s de les parts de la cara<\/p>\n<p>Learn Fruit Vocabulary<br \/>\nFlashcards amb vocabulari en angl\u00e8s de peces de fruita<\/p>\n<p>Head, Shoulders, Knees and Toes<br \/>\nCan\u00e7\u00f3 que&hellip;  <a href=\"https:\/\/agora.xtec.cat\/ceiptorreroja\/el-rebost\/angles\/angles-ei\/\" title=\"Read Angl\u00e8s &#8211; EI\">Llegeix m\u00e9s\u00bb<\/a><\/p>\n","protected":false},"author":1,"featured_media":0,"parent":1527,"menu_order":0,"comment_status":"closed","ping_status":"closed","template":"page-templates\/side-menu.php","meta":{"_bbp_topic_count":0,"_bbp_reply_count":0,"_bbp_total_topic_count":0,"_bbp_total_reply_count":0,"_bbp_voice_count":0,"_bbp_anonymous_reply_count":0,"_bbp_topic_count_hidden":0,"_bbp_reply_count_hidden":0,"_bbp_forum_subforum_count":0,"footnotes":""},"class_list":["post-2227","page","type-page","status-publish","hentry"],"post_mailing_queue_ids":[],"_links":{"self":[{"href":"https:\/\/agora.xtec.cat\/ceiptorreroja\/wp-json\/wp\/v2\/pages\/2227","targetHints":{"allow":["GET"]}}],"collection":[{"href":"https:\/\/agora.xtec.cat\/ceiptorreroja\/wp-json\/wp\/v2\/pages"}],"about":[{"href":"https:\/\/agora.xtec.cat\/ceiptorreroja\/wp-json\/wp\/v2\/types\/page"}],"author":[{"embeddable":true,"href":"https:\/\/agora.xtec.cat\/ceiptorreroja\/wp-json\/wp\/v2\/users\/1"}],"replies":[{"embeddable":true,"href":"https:\/\/agora.xtec.cat\/ceiptorreroja\/wp-json\/wp\/v2\/comments?post=2227"}],"version-history":[{"count":3,"href":"https:\/\/agora.xtec.cat\/ceiptorreroja\/wp-json\/wp\/v2\/pages\/2227\/revisions"}],"predecessor-version":[{"id":2244,"href":"https:\/\/agora.xtec.cat\/ceiptorreroja\/wp-json\/wp\/v2\/pages\/2227\/revisions\/2244"}],"up":[{"embeddable":true,"href":"https:\/\/agora.xtec.cat\/ceiptorreroja\/wp-json\/wp\/v2\/pages\/1527"}],"wp:attachment":[{"href":"https:\/\/agora.xtec.cat\/ceiptorreroja\/wp-json\/wp\/v2\/media?parent=2227"}],"curies":[{"name":"wp","href":"https:\/\/api.w.org\/{rel}","templated":true}]}}